{"id":3,"date":"2023-11-25T11:41:12","date_gmt":"2023-11-25T10:41:12","guid":{"rendered":"https:\/\/ecoturbino.eu\/?page_id=3"},"modified":"2024-01-18T02:10:49","modified_gmt":"2024-01-18T01:10:49","slug":"privatlivets-fred","status":"publish","type":"page","link":"https:\/\/ecoturbino.world\/da\/privacy-cockpit\/privacy\/","title":{"rendered":"Fortrolighedspolitik i henhold til GDPR"},"content":{"rendered":"<div class=\"banner has-hover\" id=\"banner-209847465\">\n          <div class=\"banner-inner fill\">\n        <div class=\"banner-bg fill\" >\n            <img decoding=\"async\" width=\"2000\" height=\"230\" src=\"https:\/\/ecoturbino.world\/wp-content\/uploads\/2024\/01\/wasser-faq-2000-sw.webp\" class=\"bg attachment-original size-original\" alt=\"Vandhoved\" \/>                                    \n                    <\/div>\n\t\t\n        <div class=\"banner-layers container\">\n            <div class=\"fill banner-link\"><\/div>            \n   <div id=\"text-box-603574660\" class=\"text-box banner-layer x50 md-x50 lg-x50 y50 md-y50 lg-y50 res-text\">\n                                <div class=\"text-box-content text dark\">\n              \n              <div class=\"text-inner text-center\">\n                  \n<h1><span style=\"font-size: 100%;\">POLITIK FOR BESKYTTELSE AF PERSONLIGE OPLYSNINGER<\/span><\/h1>\n              <\/div>\n           <\/div>\n                            \n<style>\n#text-box-603574660 {\n  width: 60%;\n}\n#text-box-603574660 .text-box-content {\n  font-size: 100%;\n}\n<\/style>\n    <\/div>\n \n        <\/div>\n      <\/div>\n\n            \n<style>\n#banner-209847465 {\n  padding-top: 110px;\n}\n@media (min-width:550px) {\n  #banner-209847465 {\n    padding-top: 170px;\n  }\n}\n@media (min-width:850px) {\n  #banner-209847465 {\n    padding-top: 190px;\n  }\n}\n<\/style>\n  <\/div>\n\n\n<div class=\"row\"  id=\"row-1237081126\">\n\n\t<div id=\"col-671184613\" class=\"col small-12 large-12\"  >\n\t\t\t\t<div class=\"col-inner\"  >\n\t\t\t\n\t\t\t\n<h3>1. Navn og adresse p\u00e5 den ansvarlige part<\/h3>\n<p>Den ansvarlige part i henhold til den generelle databeskyttelsesforordning og andre nationale databeskyttelseslove i medlemslandene samt andre juridiske databeskyttelsesbestemmelser er:<\/p>\n<p>Ressourcen Saving GmbH<br \/>\nAlserbachstra\u00dfe 2<br \/>\nAT- 1090 Wien<\/p>\n<p>\ud83d\udcde <a href=\"tlf:+4369918180000\">+43 699 18180000<\/a><br \/>\n\ud83d\udce7 <a href=\"mailto:info@ecoturbino.eu\">info (at) ecoturbino.eu<\/a><\/p>\n<p>(ogs\u00e5 kaldet den ansvarlige part fra nu af).<\/p>\n<p>Den ansvarlige part driver f\u00f8lgende websted: https:\/\/ecoturbino.world.<\/p>\n<p>Beskyttelse af dine personlige oplysninger er et vigtigt emne for os. Derfor vil vi gerne vise dig, hvordan dine personlige oplysninger, der bruges til dette websted og vores tjenester, h\u00e5ndteres nedenfor.<\/p>\n<p>Vores privatlivspolitik vedr\u00f8rer kun brugen af webstedet https:\/\/en.ecoturbino.shop. Hvis du bliver omdirigeret til andre websteder fra vores sider, bedes du informere dig selv om den respektive h\u00e5ndtering af dine personlige oplysninger p\u00e5 det websted, du er blevet omdirigeret til.<\/p>\n<h3>2. Sp\u00f8rgsm\u00e5l om databeskyttelse<\/h3>\n<p>Send venligst dine sp\u00f8rgsm\u00e5l om databeskyttelse til <a href=\"mailto:privacy@ecoturbino.shop\">privacy@ecoturbino.shop<\/a>.<\/p>\n<h3>3. Generelle oplysninger om databehandling<\/h3>\n<p>Med personlige oplysninger mener vi alle oplysninger, der afsl\u00f8rer din identitet (f.eks. navn, adresse, e-mailadresse, telefonnummer). N\u00e5r du bruger vores digitale tjeneste, behandles dine personlige oplysninger kun i overensstemmelse med lovbestemmelserne. Dette omfatter DSGVO, TKG 2003 eller den nationale databeskyttelseslov. Dine personlige oplysninger vil kun blive indsamlet i henhold til politikkerne for undg\u00e5else og minimering af data, hvis det er n\u00f8dvendigt for dit \u00f8nskede form\u00e5l, eller hvis du frivilligt stiller dem til r\u00e5dighed for os.<\/p>\n<p>Vi vil gerne informere dig om, at vi ogs\u00e5 er ansvarlige for dine data, hvis vi bruger en tredjepart (databehandler) til at behandle en kontrakt.<\/p>\n<h3>4. Vi udf\u00f8rer f\u00f8lgende processer<\/h3>\n<p><strong>4.1. Sm\u00e5kager<\/strong><\/p>\n<p>For at g\u00f8re brugen af vores hjemmeside s\u00e5 brugervenlig og sikker som muligt og for at f\u00e5 visse funktioner til at fungere, bruger vi s\u00e5kaldte cookies. Det er sm\u00e5 tekstfiler, som l\u00e6gges i din browser. De fleste af de cookies, vi bruger, er s\u00e5kaldte sessionscookies, som automatisk slettes af din enhed, n\u00e5r du forlader vores hjemmeside. Andre cookies, kaldet langtidscookies, forbliver gemt p\u00e5 din enhed, indtil du sletter dem. Disse cookies g\u00f8r det muligt for os at genkende din browser ved dit n\u00e6ste bes\u00f8g. Du kan forhindre, at cookies gemmes, ved at v\u00e6lge de relevante indstillinger i din browser. Vi g\u00f8r dig dog opm\u00e6rksom p\u00e5, at du s\u00e5 ikke vil kunne bruge alle hjemmesidens funktioner fuldt ud.<\/p>\n<p>N\u00e5r du skriver en kommentar p\u00e5 vores hjemmeside, kan du godkende, at dit navn, din e-mailadresse og din hjemmeside gemmes i cookies. Dette er en komfortfunktion, s\u00e5 du ikke beh\u00f8ver at indtaste alle disse oplysninger igen, n\u00e6ste gang du skriver en kommentar. Disse cookies gemmes i et \u00e5r.<\/p>\n<p>Hvis du har en konto og logger ind p\u00e5 dette websted, indstiller vi en midlertidig cookie for at afg\u00f8re, om din browser accepterer cookies eller ej. Denne cookie indeholder ingen personlige oplysninger og slettes, n\u00e5r du lukker din browser.<\/p>\n<p>N\u00e5r du logger ind, konfigurerer vi nogle cookies for at gemme dine tilmeldingsoplysninger og visningsmuligheder. Tilmeldingscookies udl\u00f8ber efter to \u00e5r, og cookies til dine visningsmuligheder udl\u00f8ber efter et \u00e5r. Hvis du v\u00e6lger \"Forbliv logget ind\", n\u00e5r du logger ind, vil du forblive logget ind i to uger. N\u00e5r du logger af din konto, slettes tilmeldingscookies.<\/p>\n<p><strong>4.2. Sessionscookies<\/strong><\/p>\n<p>For at g\u00f8re det lettere for dig at bes\u00f8ge vores hjemmeside, indstiller vi et s\u00e5kaldt sessions-ID, som tildeles hver bes\u00f8gende, n\u00e5r de begynder at bruge vores hjemmeside. Dette sessions-ID g\u00f8r det muligt for vores server at genkende dig eller din computer\/browser som den samme bes\u00f8gende p\u00e5 trods af eventuelle \u00e6ndringer i IP-adressen mellem bes\u00f8gene. Dette sessions-id g\u00f8r det ogs\u00e5 muligt at tildele flere relaterede anmodninger fra en bruger i l\u00f8bet af en session. Den anvendte sessions-ID-cookie gemmes, indtil en session er afsluttet. Den slettes automatisk, n\u00e5r du lukker din browser.<\/p>\n<p><strong>4.3. Langsigtede cookies<\/strong><\/p>\n<p>Vores hjemmeside bruger ogs\u00e5 funktioner fra webanalysetjenesten Google Analytics, en tjeneste fra Google Inc. (\"Google\"), som har et privacy shield-certifikat.<\/p>\n<p>Google Analytics bruger ogs\u00e5 cookies, der bl.a. g\u00f8r det muligt at analysere, hvordan du bruger hjemmesiden. I forbindelse med brugen af Google Analytics via dette websted indsamles f\u00f8lgende oplysninger: IP-adresse, brugeradf\u00e6rd, browseroplysninger. Vi installerer kun Google Analytics med IP-anonymisering. Det betyder, at din IP-adresse forkortes af Google inden for EU's medlemsstater eller i andre kontraherende parter i Det Europ\u00e6iske \u00d8konomiske Samarbejdsomr\u00e5de. Den fulde IP-adresse vil kun i undtagelsestilf\u00e6lde blive overf\u00f8rt til en Google-server i USA og vil kun blive forkortet der. Google vil bruge disse oplysninger p\u00e5 vegne af operat\u00f8ren af dette websted for at evaluere din brug af webstedet, udarbejde rapporter om aktivitet p\u00e5 webstedet og levere yderligere tjenester relateret til brugen af webstedet og internettet til webstedsoperat\u00f8ren. Disse rapporter og tjenester vil blive brugt til konstant at forbedre dette websteds tilbud. Du kan forhindre Google i at indsamle de oplysninger, der genereres af disse cookies og opn\u00e5s gennem din brug af webstedet (inkl. IP-adresse) og behandle disse oplysninger ved at downloade og installere browser-plug-in'et fra Google, der er tilg\u00e6ngeligt p\u00e5 f\u00f8lgende link:\u00a0<a href=\"http:\/\/tools.google.com\/dlpage\/gaoptout?hl=de\" target=\"_blank\" rel=\"noopener noreferrer\">http:\/\/tools.google.com\/dlpage\/gaoptout?hl=de<\/a>. Andre lignende plug-ins fra andre udbydere er tilg\u00e6ngelige afh\u00e6ngigt af den anvendte browser. De personlige oplysninger, der er n\u00e6vnt ovenfor, gemmes i to \u00e5r.<\/p>\n<p><strong>4.4. Nyhedsbrev og push-beskeder<br \/>\n<\/strong><\/p>\n<p>Vi behandler dine personlige oplysninger, s\u00e5 vi kan sende dig nyhedsbreve og push-beskeder. Denne proces sker lovligt med dit samtykke. Vi giver dine personlige oplysninger til en tredjepart, s\u00e5 de kan sende beskeden for os. Dine personlige oplysninger behandles, indtil du annullerer behandlingen.<\/p>\n<p><strong>4.5. Bem\u00e6rkninger<\/strong><\/p>\n<p>N\u00e5r bes\u00f8gende efterlader kommentarer p\u00e5 hjemmesiden, indsamler vi de data, der vises i kommentarformularen, samt den bes\u00f8gendes IP-adresse og user agent string (for at identificere browseren) for at underst\u00f8tte genkendelse af spam.<\/p>\n<p>En anonymiseret tegnstreng (ogs\u00e5 kaldet hash) kan oprettes ud fra din e-mailadresse og gives til Gravatar for at kontrollere, om du bruger den. Du kan finde Gravatars privatlivspolitik her: <a href=\"https:\/\/automattic.com\/privacy\/\" target=\"_blank\" rel=\"noopener noreferrer\">https:\/\/automattic.com\/privacy\/<\/a>. N\u00e5r din kommentar er blevet godkendt, er dit profilbillede synligt i din kommentar.<\/p>\n<p><strong>4.6. Medier<\/strong><\/p>\n<p>Hvis du er en registreret bruger og uploader fotos til dette websted, b\u00f8r du undg\u00e5 at uploade fotos med en EXIF GPS-placering. Bes\u00f8gende p\u00e5 dette websted kan downloade fotos, der er gemt p\u00e5 dette websted, og udtr\u00e6kke oplysninger om det sted, hvor de blev taget.<\/p>\n<p><strong>4.7. Indlejret indhold fra andre hjemmesider<\/strong><\/p>\n<p>Bidrag p\u00e5 dette websted kan indeholde indlejret indhold (f.eks. videoer, billeder, artikler). Indlejret indhold fra andre hjemmesider fungerer p\u00e5 n\u00f8jagtig samme m\u00e5de, som hvis den bes\u00f8gende havde bes\u00f8gt de andre hjemmesider.<\/p>\n<p>Disse websteder kan indsamle oplysninger om dig, bruge cookies, indlejre yderligere sporingstjenester fra tredjeparter og registrere din interaktion med dette indlejrede indhold, herunder din interaktion med det, hvis du har en konto og er logget ind p\u00e5 dette websted.<\/p>\n<p><strong>4.8. Pr\u00e6sentation af anonymiserede foresp\u00f8rgsler og indk\u00f8b<\/strong><\/p>\n<p>Vi bruger en Cloud-tjeneste til information og pr\u00e6sentation af ofte efterspurgte og k\u00f8bte produkter og til at demonstrere sikkert k\u00f8b i vores online shop. Vi overf\u00f8rer anonymiserede data til denne tredjepart for at udf\u00f8re optimale pr\u00e6sentationer for websystemet.<\/p>\n<p><strong>4.9. Yderligere analysetjenester<\/strong><\/p>\n<p>Ud over Googles analysetjeneste (Google Anlytics) bruger vi yderligere tekniske analyseprocesser efter behov, hovedsageligt lige efter opdateringen af hjemmesiden og webshoppens driftssoftware. M\u00e5let er hurtigt at genkende tekniske fejl, som kan kompromittere brugerens browsingoplevelse og k\u00f8bsbehov. Eksempler p\u00e5 dette kan v\u00e6re \"Produktet kan ikke l\u00e6gges i indk\u00f8bskurven\", \"Betaling ikke mulig\", \"Kan ikke registrere en kundekonto\" osv. Registrerede personlige oplysninger gemmes anonymt og slettes efter deaktivering af unders\u00f8gelsen.<\/p>\n<p><strong>4.10. Beskyttelsessystem mod hacking, spam, malware og phishing<br \/>\n<\/strong><\/p>\n<p>For at beskytte personlige oplysninger og hele systemet bruger vi flere h\u00f8jtudviklede beskyttelsessystemer, som vi ikke opregner af hensyn til privatlivets fred og sikkerhed. Kommentarer efterladt af bes\u00f8gende kan blive unders\u00f8gt af en automatiseret tjeneste for spamgenkendelse. Hele hjemmesiden er krypteret med SSL for at garantere en sikker browseroplevelse.<\/p>\n<p>Dette websted er beskyttet af reCAPTCHA og Google <a href=\"https:\/\/policies.google.com\/privacy\" rel=\"nofollow noopener\" target=\"_blank\">Politik for beskyttelse af personlige oplysninger<\/a>\u00a0og <a href=\"https:\/\/policies.google.com\/terms\" rel=\"nofollow noopener\" target=\"_blank\">Vilk\u00e5r for service<\/a>\u00a0anvende.<\/p>\n<h3>5. Lagring og behandling af data p\u00e5 webshoppen<\/h3>\n<p><strong>5.1. Under dit bes\u00f8g p\u00e5 vores webshop registrerer vi:<\/strong><\/p>\n<ul>\n<li>Produkter, som du har set. Vi bruger denne optagelse til at vise dig produkter, som du allerede har set, som en p\u00e5mindelse.<\/li>\n<li>Placering, IP-adresse og browser. Vi bruger indstillingerne til automatisk at vise dig de korrekte skatter og forsendelsesomkostninger, for eksempel.<\/li>\n<li>Cookies og sessioner til at gemme indholdet af din indk\u00f8bskurv, n\u00e5r du surfer p\u00e5 webshoppen.<\/li>\n<\/ul>\n<p>N\u00e5r du k\u00f8ber produkter hos os, beder vi om dine personlige oplysninger for at kunne gennemf\u00f8re en ordre og sende produkterne. Disse oplysninger er dit navn, faktureringsadresse, leveringsadresse, e-mailadresse og telefonnummer. Hvis du opretter en kundekonto og ikke bestiller som g\u00e6st, vil vi ogs\u00e5 bede om dit \u00f8nskede brugernavn og din adgangskode. Betalingsoplysninger, der indtastes p\u00e5 shoppen, hverken indsamles eller gemmes af os. Gemning af disse finansielle oplysninger er op til den valgte betalingstjeneste (PayPal, kreditkort, \u00f8jeblikkelig overf\u00f8rsel osv.).<\/p>\n<p>Ud over at udfylde ordrer bruger vi dine personlige oplysninger til:<\/p>\n<ul>\n<li>Send ordren og kundens kontooplysninger via e-mail.<\/li>\n<li>Besvar eventuelle sp\u00f8rgsm\u00e5l i ordrekommentarerne.<\/li>\n<li>Gennemf\u00f8r din betaling og undg\u00e5 svindel.<\/li>\n<li>Opret din kundekonto<\/li>\n<li>Opfylde vores \u00f8konomiske opgaver, som f.eks. momsberegning for skattemyndighederne.<\/li>\n<li>Vi optimerer hele tiden vores shop for at g\u00f8re det endnu nemmere at k\u00f8be.<\/li>\n<li>Sende dig information, f.eks. vores nyhedsbrev, hvis du accepterer denne brug.<\/li>\n<\/ul>\n<p>Vi behandler dine personlige oplysninger for at kunne tilbyde dig en online shop. Denne behandling sker i henhold til aftalens juridiske grundlag. Vi giver dine personlige oplysninger til en datacenteroperat\u00f8r for at udf\u00f8re denne behandling for os. Desuden giver vi de personlige oplysninger til en betalingstjenesteudbyder samt en leveringstjeneste, s\u00e5 de kan behandle dine data med henblik p\u00e5 at behandle betalingen eller leveringen. Vi behandler dine personlige oplysninger, s\u00e5 l\u00e6nge det er n\u00f8dvendigt p\u00e5 grund af skattem\u00e6ssige opbevaringsperioder, og s\u00e5 l\u00e6nge vi ikke l\u00e6ngere har brug for dine personlige oplysninger til juridiske krav.<\/p>\n<p>Vi gemmer ogs\u00e5 produktanmeldelser og g\u00f8r dem offentlige, s\u00e5 andre, der er interesserede i produkterne, kan f\u00e5 adgang til dine erfaringer.<\/p>\n<p><strong>5.2. Adgang til personlige oplysninger<\/strong><\/p>\n<p>Vores kundeserviceteam har adgang til de oplysninger, du indtaster, n\u00e5r du bestiller. Dette inkluderer:<\/p>\n<ul>\n<li>Oplysninger om indholdet af ordren, hvorn\u00e5r den blev bestilt, og hvor den skal sendes hen<\/li>\n<li>Personlige oplysninger som navn, fakturerings- og leveringsadresse, e-mailadresse og telefonnummer.<\/li>\n<\/ul>\n<p>Denne adgang er n\u00f8dvendig for at g\u00f8re ordren klar til afsendelse, besvare dine sp\u00f8rgsm\u00e5l og behandle returneringer.<\/p>\n<h3>6. Den ber\u00f8rte persons rettigheder<\/h3>\n<p>Som ber\u00f8rt person har du f\u00f8lgende rettigheder over for den ansvarlige part:<\/p>\n<p><strong>6.1. Ret til information<\/strong><\/p>\n<p>Du kan kr\u00e6ve en bekr\u00e6ftelse fra den ansvarlige part, hvis de behandler personlige oplysninger om dig.<\/p>\n<p><strong>6.2. Ret til korrektion<\/strong><\/p>\n<p>Du har ret til berigtigelse eller supplering over for den ansvarlige part, hvis de personlige oplysninger, der behandles, er forkerte eller ufuldst\u00e6ndige. Den ansvarlige part skal straks foretage disse rettelser.<\/p>\n<p><strong>6.3. Ret til at begr\u00e6nse behandling<\/strong><\/p>\n<p>Du kan kr\u00e6ve begr\u00e6nsning af behandlingen af dine personlige oplysninger under f\u00f8lgende betingelser:<\/p>\n<p>(1) Hvis du ben\u00e6gter rigtigheden af de personlige oplysninger;<br \/>\n(2) hvis behandlingen er ulovlig;<br \/>\n(3) hvis den ansvarlige part ikke l\u00e6ngere har brug for de personlige oplysninger til behandling, men du har brug for dem til at h\u00e6vde, ud\u00f8ve eller forsvare et retskrav, eller<br \/>\n(4) hvis du har gjort indsigelse mod behandlingen og endnu ikke har afgjort, om den ansvarlige parts grunde vejer tungere end dine.<\/p>\n<p><strong>6.4. Ret til sletning<\/strong><\/p>\n<p>Du kan kr\u00e6ve, at den ansvarlige part straks sletter dine personlige oplysninger, og den ansvarlige part er forpligtet til at g\u00f8re det, hvis en af f\u00f8lgende grunde g\u00f8r sig g\u00e6ldende:<\/p>\n<p>(1) Dine personlige oplysninger er ikke l\u00e6ngere n\u00f8dvendige til de form\u00e5l, hvortil de er indsamlet eller behandlet p\u00e5 en bestemt m\u00e5de.<br \/>\n(2) Du tr\u00e6kker dit samtykke til behandling af dine personlige oplysninger tilbage, og der er ikke noget andet retsgrundlag for behandlingen af de p\u00e5g\u00e6ldende oplysninger.<br \/>\n(3) Du g\u00f8r indsigelse mod behandlingen af dine personlige oplysninger, og der er ingen tvingende grunde til den p\u00e5g\u00e6ldende behandling.<br \/>\n(4) Dine personlige oplysninger er blevet behandlet ulovligt.<\/p>\n<p><strong>6.5. Ret til h\u00f8ring<\/strong><\/p>\n<p>Hvis du har h\u00e5ndh\u00e6vet retten til rettelse, retten til sletning eller retten til at begr\u00e6nse behandlingen over for den ansvarlige part, er de forpligtet til at informere alle parter, som dine personlige oplysninger er blevet videregivet til, om denne rettelse, sletning eller begr\u00e6nsning af behandlingen, medmindre det viser sig at v\u00e6re umuligt eller kr\u00e6ver en uforholdsm\u00e6ssig stor indsats. Du har ret til at blive informeret om disse parter af den ansvarlige part.<\/p>\n<p><strong>6.6. Ret til dataportabilitet<\/strong><\/p>\n<p>Du har ret til at modtage de personlige oplysninger, som du har stillet til r\u00e5dighed for den ansvarlige part, i et struktureret, almindeligt og maskinl\u00e6sbart format. Desuden har du ret til at overf\u00f8re disse oplysninger til en anden ansvarlig part uden indblanding fra den ansvarlige part, som du har stillet dine personlige oplysninger til r\u00e5dighed for, hvis<\/p>\n<p>(1) behandlingen er baseret p\u00e5 samtykke eller en kontrakt, og<br \/>\n(2) behandlingen sker ved hj\u00e6lp af automatiserede processer.<\/p>\n<p>N\u00e5r du ud\u00f8ver denne ret, f\u00e5r du ogs\u00e5 ret til at f\u00e5 dine personlige oplysninger overf\u00f8rt fra en ansvarlig part til en anden ansvarlig part, s\u00e5 l\u00e6nge det er teknisk muligt. Andre menneskers frihed og rettigheder kan ikke kompromitteres gennem dette.<\/p>\n<p><strong>6.7. Ret til at appellere<\/strong><\/p>\n<p>Du har til enhver tid ret til at g\u00f8re indsigelse mod behandlingen af dine personlige oplysninger, der er udf\u00f8rt p\u00e5 grund af en offentlig interesse eller p\u00e5 grundlag af en legitim interesse hos den ansvarlige part.<\/p>\n<p>Hvis dine personlige oplysninger behandles med henblik p\u00e5 at drive direkte reklame, har du til enhver tid ret til at g\u00f8re indsigelse mod behandlingen af dine personlige oplysninger med henblik p\u00e5 denne form for reklame; dette g\u00e6lder ogs\u00e5 for profilering, s\u00e5 l\u00e6nge den er forbundet med denne type direkte reklame.<\/p>\n<p>Hvis du g\u00f8r indsigelse mod behandlingen af dine personlige oplysninger med henblik p\u00e5 direkte reklame, vil disse oplysninger ikke l\u00e6ngere blive behandlet til dette form\u00e5l.<\/p>\n<p><strong>6.8. Ret til at tilbagekalde samtykke til databeskyttelse<\/strong><\/p>\n<p>Du har til enhver tid ret til at tilbagekalde dit samtykke til databeskyttelse.<\/p>\n<p><strong>6.9. Automatiserede beslutninger i individuelle tilf\u00e6lde, herunder profilering<\/strong><\/p>\n<p>Du har ret til ikke at blive udsat for en beslutning, der udelukkende er baseret p\u00e5 en automatisk behandling af dine personlige oplysninger - herunder profilering - som har retsvirkninger eller p\u00e5 lignende m\u00e5de bringer dig i alvorlig fare.<\/p>\n<p><strong>6.10. Ret til at klage til et tilsynsorgan<\/strong><\/p>\n<p>Du har ret til at klage til et tilsynsorgan uanset andre administrative eller juridiske midler, is\u00e6r i den medlemsstat, hvor du bor, arbejder eller hvor den formodede overtr\u00e6delse finder sted, hvis behandlingen af dine personlige oplysninger overtr\u00e6der DSGVO.<\/p>\n<p>Hvis du vil sende en foresp\u00f8rgsel til os, skal du bruge formularen her.<\/p>\n<p>Hvis du mener, at dine rettigheder som person bliver kr\u00e6nket, kan du kontakte den \u00f8strigske databeskyttelsesmyndighed:<\/p>\n<p>Datenschutzbeh\u00f6rde<br \/>\nWickenburggasse 8<br \/>\n1080 Wien<\/p>\n<p>E-mail:\u00a0<a href=\"mailto:dsb@dsb.gv.at\">dsb@dsb.gv.at<\/a><br \/>\nTelefon: <a href=\"tel:+431521522569\">+43 1 521 52-25 69<\/a><\/p>\n<h3>7. Opdatering af privatlivspolitikken<\/h3>\n<p>Denne privatlivspolitik vil blive opdateret, n\u00e5r processerne \u00e6ndres, eller der foretages tekniske justeringer. Tjek altid den aktuelle version af vores privatlivspolitik.<\/p>\n<hr \/>\n<p>Fra og med: 01.01.2024<\/p>\n\t\t<\/div>\n\t\t\t\t\t<\/div>\n\n\t\n<\/div>","protected":false},"excerpt":{"rendered":"","protected":false},"author":1,"featured_media":0,"parent":2849,"menu_order":0,"comment_status":"closed","ping_status":"closed","template":"page-blank.php","meta":{"inline_featured_image":false,"footnotes":""},"class_list":["post-3","page","type-page","status-publish","hentry"],"_links":{"self":[{"href":"https:\/\/ecoturbino.world\/da\/wp-json\/wp\/v2\/pages\/3","targetHints":{"allow":["GET"]}}],"collection":[{"href":"https:\/\/ecoturbino.world\/da\/wp-json\/wp\/v2\/pages"}],"about":[{"href":"https:\/\/ecoturbino.world\/da\/wp-json\/wp\/v2\/types\/page"}],"author":[{"embeddable":true,"href":"https:\/\/ecoturbino.world\/da\/wp-json\/wp\/v2\/users\/1"}],"replies":[{"embeddable":true,"href":"https:\/\/ecoturbino.world\/da\/wp-json\/wp\/v2\/comments?post=3"}],"version-history":[{"count":0,"href":"https:\/\/ecoturbino.world\/da\/wp-json\/wp\/v2\/pages\/3\/revisions"}],"up":[{"embeddable":true,"href":"https:\/\/ecoturbino.world\/da\/wp-json\/wp\/v2\/pages\/2849"}],"wp:attachment":[{"href":"https:\/\/ecoturbino.world\/da\/wp-json\/wp\/v2\/media?parent=3"}],"curies":[{"name":"wp","href":"https:\/\/api.w.org\/{rel}","templated":true}]}}