{"id":2870,"date":"2024-01-18T01:59:26","date_gmt":"2024-01-18T00:59:26","guid":{"rendered":"https:\/\/ecoturbino.eu\/?page_id=2870"},"modified":"2024-01-18T02:07:39","modified_gmt":"2024-01-18T01:07:39","slug":"gtc","status":"publish","type":"page","link":"https:\/\/ecoturbino.world\/da\/gtc\/","title":{"rendered":"Vilk\u00e5r og betingelser"},"content":{"rendered":"<div class=\"banner has-hover\" id=\"banner-1715440084\">\n          <div class=\"banner-inner fill\">\n        <div class=\"banner-bg fill\" >\n            <img decoding=\"async\" width=\"2000\" height=\"230\" src=\"https:\/\/ecoturbino.world\/wp-content\/uploads\/2024\/01\/wasser-faq-2000-sw.webp\" class=\"bg attachment-original size-original\" alt=\"Vandhoved\" \/>                                    \n                    <\/div>\n\t\t\n        <div class=\"banner-layers container\">\n            <div class=\"fill banner-link\"><\/div>            \n   <div id=\"text-box-1157074337\" class=\"text-box banner-layer x50 md-x50 lg-x50 y50 md-y50 lg-y50 res-text\">\n                                <div class=\"text-box-content text dark\">\n              \n              <div class=\"text-inner text-center\">\n                  \n<h1>GTC<\/h1>\n              <\/div>\n           <\/div>\n                            \n<style>\n#text-box-1157074337 {\n  width: 100%;\n}\n#text-box-1157074337 .text-box-content {\n  font-size: 100%;\n}\n@media (min-width:550px) {\n  #text-box-1157074337 {\n    width: 71%;\n  }\n}\n@media (min-width:850px) {\n  #text-box-1157074337 {\n    width: 50%;\n  }\n}\n<\/style>\n    <\/div>\n \n        <\/div>\n      <\/div>\n\n            \n<style>\n#banner-1715440084 {\n  padding-top: 110px;\n}\n@media (min-width:550px) {\n  #banner-1715440084 {\n    padding-top: 170px;\n  }\n}\n@media (min-width:850px) {\n  #banner-1715440084 {\n    padding-top: 190px;\n  }\n}\n<\/style>\n  <\/div>\n\n\n<div class=\"row\"  id=\"row-297767150\">\n\n\t<div id=\"col-1228271214\" class=\"col small-12 large-12\"  >\n\t\t\t\t<div class=\"col-inner\"  >\n\t\t\t\n\t\t\t\n<h2>Generelle vilk\u00e5r og betingelser for ecoturbino\u00ae World<\/h2>\n<ol>\n<li><strong>Ansvarlighed<\/strong><br \/>Vi p\u00e5tager os intet ansvar for fejl eller tekniske problemer, der m\u00e5tte opst\u00e5 p\u00e5 internettet. \u00d8strigsk lov g\u00e6lder.<\/li>\n<li><strong>Ansvar for indhold<\/strong><br \/>Oplysningerne p\u00e5 dette websted er udelukkende til generel information og er ikke bindende.<\/li>\n<li><strong>Ansvarsfraskrivelse for indholdet af linkede sider<\/strong><br \/>Denne hjemmeside indeholder forskellige links til andre producenters sider osv. p\u00e5 internettet. Vi understreger udtrykkeligt, at vi ikke har nogen indflydelse p\u00e5 indholdet og udformningen af de sider, der linkes til. Derfor kan vi ikke garantere aktualiteten, n\u00f8jagtigheden eller fuldst\u00e6ndigheden af de oplysninger, der gives der. Vi tager udtrykkeligt afstand fra alt indhold p\u00e5 disse sider. Denne erkl\u00e6ring g\u00e6lder for alle links til eksterne sider p\u00e5 vores websted og alt indhold p\u00e5 disse sider, som linkene f\u00f8rer til.<\/li>\n<li><strong>Rettigheder til billeder<\/strong><br \/>Alle billedrettigheder til illustrationer i butikken ejes af Ressourcen Saving GmbH og Webdeals Shops GmbH. Brug uden vores udtrykkelige samtykke er ikke tilladt.<\/li>\n<li><strong>Politik for privatliv og fortrolighed<\/strong><br \/>Se venligst vores <a href=\"\/da\/privat-cockpit\/privatlivets-fred\/\">GDPR-aftale om beskyttelse af personlige oplysninger<\/a>.<\/li>\n<li><strong>Klausul om adskillelse \/ Diverse<\/strong><br \/>Ugyldigheden af enkelte bestemmelser i disse generelle vilk\u00e5r og betingelser eller k\u00f8bekontrakten p\u00e5virker ikke gyldigheden af de resterende bestemmelser. I stedet for den ugyldige bestemmelse g\u00e6lder den lovbestemte regulering.<\/li>\n<\/ol>\n\t\t<\/div>\n\t\t\t\t\t<\/div>\n\n\t\n<\/div>\n\t<div id=\"gap-1057066022\" class=\"gap-element clearfix\" style=\"display:block; height:auto;\">\n\t\t\n<style>\n#gap-1057066022 {\n  padding-top: 30px;\n}\n<\/style>\n\t<\/div>","protected":false},"excerpt":{"rendered":"","protected":false},"author":1,"featured_media":0,"parent":0,"menu_order":0,"comment_status":"closed","ping_status":"closed","template":"page-blank.php","meta":{"inline_featured_image":false,"footnotes":""},"class_list":["post-2870","page","type-page","status-publish","hentry"],"_links":{"self":[{"href":"https:\/\/ecoturbino.world\/da\/wp-json\/wp\/v2\/pages\/2870","targetHints":{"allow":["GET"]}}],"collection":[{"href":"https:\/\/ecoturbino.world\/da\/wp-json\/wp\/v2\/pages"}],"about":[{"href":"https:\/\/ecoturbino.world\/da\/wp-json\/wp\/v2\/types\/page"}],"author":[{"embeddable":true,"href":"https:\/\/ecoturbino.world\/da\/wp-json\/wp\/v2\/users\/1"}],"replies":[{"embeddable":true,"href":"https:\/\/ecoturbino.world\/da\/wp-json\/wp\/v2\/comments?post=2870"}],"version-history":[{"count":0,"href":"https:\/\/ecoturbino.world\/da\/wp-json\/wp\/v2\/pages\/2870\/revisions"}],"wp:attachment":[{"href":"https:\/\/ecoturbino.world\/da\/wp-json\/wp\/v2\/media?parent=2870"}],"curies":[{"name":"wp","href":"https:\/\/api.w.org\/{rel}","templated":true}]}}