{"id":1664,"date":"2024-01-03T21:12:41","date_gmt":"2024-01-03T20:12:41","guid":{"rendered":"https:\/\/ecoturbino.eu\/?page_id=1664"},"modified":"2025-12-29T22:43:21","modified_gmt":"2025-12-29T21:43:21","slug":"hygiejne-og-forebyggelse-af-kalk","status":"publish","type":"page","link":"https:\/\/ecoturbino.world\/da\/hygiene-and-limescale-prevention\/","title":{"rendered":"Hygiejne og kalk i brusere | Forebyggelse med ecoturbino er altid bedre"},"content":{"rendered":"<section class=\"section zindex1\" id=\"section_1003838769\">\n\t\t<div class=\"section-bg fill\" >\n\t\t\t\t\t\t\t\t\t\n\t\t\t\n\n\t\t<\/div>\n\n\t\t\n\n\t\t<div class=\"section-content relative\">\n\t\t\t\n<div class=\"row\"  id=\"row-676892873\">\n\n\t<div id=\"col-582462905\" class=\"col small-12 large-12\"  >\n\t\t\t\t<div class=\"col-inner\"  >\n\t\t\t\n\t\t\t\n\t<div id=\"text-4198495537\" class=\"text\">\n\t\t\n<h1 class=\"uppercase\">Hygiejne og kalkforebyggelse UB Brusebad med ecoturbino er altid bedre!<\/h1>\n<h3 class=\"thin-font\">I hjemmet, p\u00e5 hoteller, sportsanl\u00e6g, hospitaler osv.<\/h3>\n\t\t\n<style>\n#text-4198495537 {\n  text-align: center;\n}\n<\/style>\n\t<\/div>\n\t\n<div class=\"text-center\"><div class=\"is-divider divider clearfix\" style=\"max-width:50%;height:1px;\"><\/div><\/div>\n\t<div id=\"gap-1865869619\" class=\"gap-element clearfix\" style=\"display:block; height:auto;\">\n\t\t\n<style>\n#gap-1865869619 {\n  padding-top: 30px;\n}\n<\/style>\n\t<\/div>\n\t\n<div class=\"row\"  id=\"row-511336158\">\n\n\t<div id=\"col-1003965308\" class=\"col medium-8 small-12 large-8\"  >\n\t\t\t\t<div class=\"col-inner\"  >\n\t\t\t\n\t\t\t\n<p><strong>Brugen af kemikalier er effektiv<\/strong> i de fleste tilf\u00e6lde, men det er tidskr\u00e6vende,<strong> dyrt og skadeligt for milj\u00f8et.<\/strong> Desuden forv\u00e6rres problemet, n\u00e5r calciumophobningen \u00f8ges.<\/p>\n<p>For at f\u00e5 et helt legionellafrit vandsystem skal man s\u00f8rge for, at det er fri for b\u00e5de kalk (inklusive biofilm) og bakterier.<\/p>\n<p>Uanset om du behandler et koldt-, varmt- eller procesvandssystem, er det vigtigt at have en metode til at kontrollere kalkaflejringer.<\/p>\n<h3>Hygiejne - Hvordan kan man ellers afhj\u00e6lpe problemet i brusebadene?<\/h3>\n<p>Den <strong>patenteret ecoturbiono bruseadapter<\/strong> bruger en unik teknologi til <strong>T\u00f8mning af vand fra brusehoveder<\/strong> og kan helt sikkert hj\u00e6lpe <strong>Hold brusehoveder rene<\/strong>. Den installeres i din eksisterende bruser og sikrer, at den <strong>dr\u00e6ning af stillest\u00e5ende vand<\/strong> fra brusehovedet og for det meste fra <strong>slange<\/strong>.<\/p>\n<p>Desuden giver den <strong>fuldst\u00e6ndig og kontinuerlig forebyggelse<\/strong> samt en <strong>betydelig reduktion<\/strong>. Ecoturbiono-teknologien er vedligeholdelsesfri og fri for kemikalier. Det betyder, at det er en b\u00e6redygtig og milj\u00f8venlig l\u00f8sning.<\/p>\n<p>Ved at bruge denne teknologi, <strong>bakterier reduceres betydeligt i slangen<\/strong> og brusehoved. Derudover fratages dit brusehoved sin n\u00e6ringskilde, nemlig calcium.<\/p>\n\t\t<\/div>\n\t\t\t\t\t<\/div>\n\n\t\n\n\t<div id=\"col-486772823\" class=\"col medium-4 small-12 large-4\"  >\n\t\t\t\t<div class=\"col-inner\"  >\n\t\t\t\n\t\t\t\n\t<div class=\"img has-hover radius10 x md-x lg-x y md-y lg-y\" id=\"image_993296808\">\n\t\t\t\t\t\t\t\t<div class=\"img-inner dark\" >\n\t\t\t<img decoding=\"async\" width=\"600\" height=\"600\" src=\"https:\/\/ecoturbino.world\/wp-content\/uploads\/2024\/01\/legionellas-symbol_600.webp\" class=\"attachment-original size-original\" alt=\"Legionella-symbol\" srcset=\"https:\/\/ecoturbino.world\/wp-content\/uploads\/2024\/01\/legionellas-symbol_600.webp 600w, https:\/\/ecoturbino.world\/wp-content\/uploads\/2024\/01\/legionellas-symbol_600-500x500.webp 500w, https:\/\/ecoturbino.world\/wp-content\/uploads\/2024\/01\/legionellas-symbol_600-32x32.webp 32w, https:\/\/ecoturbino.world\/wp-content\/uploads\/2024\/01\/legionellas-symbol_600-48x48.webp 48w, https:\/\/ecoturbino.world\/wp-content\/uploads\/2024\/01\/legionellas-symbol_600-80x80.webp 80w, https:\/\/ecoturbino.world\/wp-content\/uploads\/2024\/01\/legionellas-symbol_600-180x180.webp 180w\" sizes=\"(max-width: 600px) 100vw, 600px\" \/>\t\t\t\t\t\t\n\t\t\t\t\t<\/div>\n\t\t\t\t\t\t\t\t\n<style>\n#image_993296808 {\n  width: 100%;\n}\n<\/style>\n\t<\/div>\n\t\n\t\t<\/div>\n\t\t\t\t\t<\/div>\n\n\t\n<\/div>\n<div class=\"row\"  id=\"row-1576240568\">\n\n\t<div id=\"col-1220947031\" class=\"col small-12 large-12\"  >\n\t\t\t\t<div class=\"col-inner\"  >\n\t\t\t\n\t\t\t\n\t<div class=\"img has-hover radius10 hide-for-small x md-x lg-x y md-y lg-y\" id=\"image_1579688871\">\n\t\t\t\t\t\t\t\t<div class=\"img-inner dark\" >\n\t\t\t<img decoding=\"async\" width=\"1280\" height=\"300\" src=\"https:\/\/ecoturbino.world\/wp-content\/uploads\/2024\/01\/under-shower-legs_1280.webp\" class=\"attachment-original size-original\" alt=\"\" srcset=\"https:\/\/ecoturbino.world\/wp-content\/uploads\/2024\/01\/under-shower-legs_1280.webp 1280w, https:\/\/ecoturbino.world\/wp-content\/uploads\/2024\/01\/under-shower-legs_1280-1000x234.webp 1000w, https:\/\/ecoturbino.world\/wp-content\/uploads\/2024\/01\/under-shower-legs_1280-768x180.webp 768w, https:\/\/ecoturbino.world\/wp-content\/uploads\/2024\/01\/under-shower-legs_1280-240x56.webp 240w\" sizes=\"(max-width: 1280px) 100vw, 1280px\" \/>\t\t\t\t\t\t\n\t\t\t\t\t<\/div>\n\t\t\t\t\t\t\t\t\n<style>\n#image_1579688871 {\n  width: 100%;\n}\n<\/style>\n\t<\/div>\n\t\n<h1>Kan man f\u00e5 legion\u00e6rsyge af at g\u00e5 i bad?<\/h1>\n<p>Ja, det er muligt at indg\u00e5 en kontrakt<strong> Legion\u00e6rsygdom fra brusebad<\/strong>. Det er usandsynligt, at det sker, n\u00e5r man tager brusebad i sit eget hjem p\u00e5 daglig basis.<\/p>\n<p>Men sandsynligheden for at blive smittet, mens man tager brusebad i en <strong>fitnesscenter, hotel, hospital eller kontor er h\u00f8jere<\/strong> - alle steder med et stort vandsystem. Vandet skiftes m\u00e5ske sj\u00e6ldnere, hvis disse steder ikke er i konstant brug.<\/p>\n\t<div id=\"gap-966679998\" class=\"gap-element clearfix\" style=\"display:block; height:auto;\">\n\t\t\n<style>\n#gap-966679998 {\n  padding-top: 30px;\n}\n<\/style>\n\t<\/div>\n\t\n<div class=\"row\"  id=\"row-938162539\">\n\n\t<div id=\"col-353435131\" class=\"col medium-8 small-12 large-8\"  >\n\t\t\t\t<div class=\"col-inner\"  >\n\t\t\t\n\t\t\t\n<h2>Symptomer p\u00e5 legion\u00e6rsyge<\/h2>\n<p>Infektion med disse <strong>Bakterier kan f\u00f8re til symptomer som kvalme og opkast.<\/strong> Feber er ogs\u00e5 et almindeligt symptom. Andre symptomer omfatter <strong>muskelsmerter og i ekstreme tilf\u00e6lde nyresvigt<\/strong> kan skyldes en infektion med legionellabakterier.<\/p>\n<p>Tegn p\u00e5, at<strong> Lungerne er p\u00e5virket<\/strong> kan omfatte t\u00f8r hoste, brystsmerter og hv\u00e6sende vejrtr\u00e6kning. I s\u00e5danne tilf\u00e6lde er det vigtigt at s\u00f8ge l\u00e6gehj\u00e6lp med det samme, da disse tegn kan v\u00e6re tegn p\u00e5 lungebet\u00e6ndelse.<\/p>\n<p>For at forhindre dette, <strong>\u00f8get opm\u00e6rksomhed p\u00e5 hygiejne praktiseres<\/strong> p\u00e5 steder som <a href=\"https:\/\/en.wikipedia.org\/wiki\/Hospital#:~:text=A%20hospital%20is%20a%20healthcare,healthcare%20staff%20and%20medical%20equipment.\" target=\"_blank\" rel=\"noopener sponsored\"><strong>Hospitaler<\/strong><\/a>. Drikkevandsforordningen har til form\u00e5l at hj\u00e6lpe med at forebygge legionella og regulerer tilstedev\u00e6relsen af legionella gennem regler, anbefalinger og forskellige love.<\/p>\n<p>Den<strong> formering af legionellabakterier<\/strong> f\u00f8lger et lignende m\u00f8nster som formeringen af fugt- eller vandb\u00e5rne bakterier generelt: De trives i ferskvand. De findes ikke i saltvand eller havvand. De kan findes i overfladevand s\u00e5vel som i jord.<\/p>\n<p>Herfra kan de komme ned i grundvandet. Man mener, at selv om de ikke kan formere sig yderligere i grundvandet, s\u00e5 kan de r<strong>De kan holde sig i live i op til flere \u00e5r.<\/strong><\/p>\n<p><strong>Legionella kan komme ind i vandsystemet gennem grundvandet.<\/strong> P\u00e5 denne m\u00e5de kan de v\u00e6re <strong>ind\u00e5ndes under aktiviteter som f.eks. brusebad og ender i lungerne.<\/strong> Da legionella kan for\u00e5rsage sygdomme som legion\u00e6rsyge hos personer med sv\u00e6kket immunforsvar, betragtes de som farlige bakterier under visse omst\u00e6ndigheder.<\/p>\n\t\t<\/div>\n\t\t\t\t\n<style>\n#col-353435131 > .col-inner {\n  margin: 0px 0px -15px 0px;\n}\n<\/style>\n\t<\/div>\n\n\t\n\n\t<div id=\"col-919875288\" class=\"col medium-4 small-12 large-4\"  >\n\t\t\t\t<div class=\"col-inner\"  >\n\t\t\t\n\t\t\t\n\t<div class=\"img has-hover radius10 x md-x lg-x y md-y lg-y\" id=\"image_283229152\">\n\t\t\t\t\t\t\t\t<div class=\"img-inner dark\" >\n\t\t\t<img decoding=\"async\" width=\"600\" height=\"600\" src=\"https:\/\/ecoturbino.world\/wp-content\/uploads\/2024\/01\/symptome-illness_600.webp\" class=\"attachment-original size-original\" alt=\"Symptomer sygdomssymbol\" srcset=\"https:\/\/ecoturbino.world\/wp-content\/uploads\/2024\/01\/symptome-illness_600.webp 600w, https:\/\/ecoturbino.world\/wp-content\/uploads\/2024\/01\/symptome-illness_600-500x500.webp 500w, https:\/\/ecoturbino.world\/wp-content\/uploads\/2024\/01\/symptome-illness_600-32x32.webp 32w, https:\/\/ecoturbino.world\/wp-content\/uploads\/2024\/01\/symptome-illness_600-48x48.webp 48w, https:\/\/ecoturbino.world\/wp-content\/uploads\/2024\/01\/symptome-illness_600-80x80.webp 80w, https:\/\/ecoturbino.world\/wp-content\/uploads\/2024\/01\/symptome-illness_600-180x180.webp 180w\" sizes=\"(max-width: 600px) 100vw, 600px\" \/>\t\t\t\t\t\t\n\t\t\t\t\t<\/div>\n\t\t\t\t\t\t\t\t\n<style>\n#image_283229152 {\n  width: 100%;\n}\n<\/style>\n\t<\/div>\n\t\n\t\t<\/div>\n\t\t\t\t\t<\/div>\n\n\t\n<\/div>\n\t\t<\/div>\n\t\t\t\t\t<\/div>\n\n\t\n<\/div>\n<div class=\"row\"  id=\"row-883252130\">\n\n\t<div id=\"col-1223250172\" class=\"col medium-8 small-12 large-8\"  >\n\t\t\t\t<div class=\"col-inner\"  >\n\t\t\t\n\t\t\t\n<h3>Hvordan kan man blive smittet med legion\u00e6rsyge, n\u00e5r man g\u00e5r i bad?<\/h3>\n<p>Under de rette forhold kan Legionella <strong>Bakterier kan vokse i ethvert vandsystem.<\/strong> Alt vand med en<strong> temperatur mellem 20 og 45 \u00b0C<\/strong> er i fare, fordi bakterierne kun kan trives i dette temperaturomr\u00e5de.<\/p>\n<blockquote>\n<p>N\u00e6ringsstoffer som rust, slam, kalk, aflejringer og alger bidrager ogs\u00e5 til v\u00e6ksten af disse bakterier. De bliver et s\u00e6rligt problem, n\u00e5r vandet i et system stagnerer (f.eks. n\u00e5r et brusebad eller en vandhane ikke bruges regelm\u00e6ssigt).<\/p>\n<\/blockquote>\n<p>N\u00e5r du t\u00e6nder for bruseren eller vandhanen, vil vanddr\u00e5ber, der er forurenet med L<strong>egionella spredes gennem t\u00e5gen<\/strong>som dannes i sm\u00e5 dr\u00e5ber, der kaldes aerosoler.<\/p>\n<p>Da disse <strong>aerosoler er sm\u00e5 nok<\/strong> for at blive ind\u00e5ndet, kommer de ned i lungerne gennem ind\u00e5nding. Lungerne bliver derefter inficeret med legionella, og personen bliver syg af legion\u00e6rsyge eller Pontiac-feber.<\/p>\n<p>Sygdommen kan ogs\u00e5 overf\u00f8res ved at drikke vand, der indeholder legionella. Mennesker med synkebesv\u00e6r har en \u00f8get risiko.<\/p>\n\t<div id=\"gap-136773390\" class=\"gap-element clearfix\" style=\"display:block; height:auto;\">\n\t\t\n<style>\n#gap-136773390 {\n  padding-top: 15px;\n}\n<\/style>\n\t<\/div>\n\t\n<div class=\"is-divider divider clearfix\" style=\"max-width:100%;height:1px;\"><\/div>\n<h3>Hvad er symptomerne p\u00e5 legion\u00e6rsyge?<\/h3>\n<p>Den<strong> indledende symptomer<\/strong> af <strong>Sygdommen viser sig typisk efter to til ti dage<\/strong> efter infektion. Det er dog ikke alle, der uds\u00e6ttes for bakterien, der udvikler symptomer; de mest udsatte er personer over 50 \u00e5r og personer med sv\u00e6kket immunforsvar.<\/p>\n<p>Generelt er de f\u00f8rste tegn p\u00e5 sygdommen <strong>ligner influenzalignende symptomer<\/strong> og kan omfatte:<\/p>\n<ul>\n<li>H\u00f8j feber, feberhed og kulderystelser<\/li>\n<li>T\u00f8r hoste<\/li>\n<li>\u00d8mhed og smerter i musklerne<\/li>\n<li>Svaghed (asteni)<\/li>\n<li>Hovedpine<\/li>\n<\/ul>\n<p>Hvis det ikke behandles, kan <strong>infektion kan forv\u00e6rres<\/strong> inden for den f\u00f8rste uge, og de smittede kan udvikle yderligere symptomer som hoste med gr\u00f8nt slim og<strong> \u00c5nden\u00f8d.<\/strong> De kan ogs\u00e5 opleve smerter i brystet, n\u00e5r de tr\u00e6kker vejret.<\/p>\n<p>Nogle patienter med legion\u00e6rsygdom lider af <strong>Kvalme, opkastning, diarr\u00e9 og mavesmerter.<\/strong> N\u00e6sten halvdelen af patienterne oplever forstyrrelser i nervesystemet som f.eks. <strong>forvirring, delirium, depression, desorientering og hallucinationer.<\/strong><\/p>\n<p>Hvis du har mistanke om, at du er blevet udsat for legionella, eller hvis du oplever symptomer som feber, hoste, kulderystelser eller muskelsmerter, er det vigtigt at s\u00f8ge l\u00e6gehj\u00e6lp s\u00e5 hurtigt som muligt.<\/p>\n<p>Det er ogs\u00e5 vigtigt at informere din l\u00e6ge om din seneste rejsehistorie, da du kan v\u00e6re kommet i kontakt med et kendt udbrud.<\/p>\n\t\t<\/div>\n\t\t\t\t\t<\/div>\n\n\t\n\n\t<div id=\"col-35711115\" class=\"col medium-4 small-12 large-4\"  >\n\t\t\t\t<div class=\"col-inner\"  >\n\t\t\t\n\t\t\t\n\t<div class=\"img has-hover radius10 hide-for-small x md-x lg-x y md-y lg-y\" id=\"image_1859357281\">\n\t\t\t\t\t\t\t\t<div class=\"img-inner dark\" >\n\t\t\t<img decoding=\"async\" width=\"600\" height=\"900\" src=\"https:\/\/ecoturbino.world\/wp-content\/uploads\/2024\/01\/water-vapour-shower_600.webp\" class=\"attachment-original size-original\" alt=\"Symbol for vanddamp p\u00e5 brusev\u00e6ggen\" srcset=\"https:\/\/ecoturbino.world\/wp-content\/uploads\/2024\/01\/water-vapour-shower_600.webp 600w, https:\/\/ecoturbino.world\/wp-content\/uploads\/2024\/01\/water-vapour-shower_600-120x180.webp 120w\" sizes=\"(max-width: 600px) 100vw, 600px\" \/>\t\t\t\t\t\t\n\t\t\t\t\t<\/div>\n\t\t\t\t\t\t\t\t\n<style>\n#image_1859357281 {\n  width: 100%;\n}\n<\/style>\n\t<\/div>\n\t\n\t\t<\/div>\n\t\t\t\t\t<\/div>\n\n\t\n<\/div>\n<div class=\"is-divider divider clearfix\" style=\"margin-top:1.5em;margin-bottom:1.5em;max-width:100%;height:1px;\"><\/div>\n<div class=\"row\"  id=\"row-1099428200\">\n\n\t<div id=\"col-1338531496\" class=\"col medium-4 small-12 large-4\"  >\n\t\t\t\t<div class=\"col-inner\"  >\n\t\t\t\n\t\t\t\n\t<div class=\"img has-hover radius10 x md-x lg-x y md-y lg-y\" id=\"image_1607642353\">\n\t\t\t\t\t\t\t\t<div class=\"img-inner dark\" >\n\t\t\t<img decoding=\"async\" width=\"600\" height=\"600\" src=\"https:\/\/ecoturbino.world\/wp-content\/uploads\/2024\/01\/temperature-meter2_600.webp\" class=\"attachment-original size-original\" alt=\"Symbol for temperaturm\u00e5ler\" srcset=\"https:\/\/ecoturbino.world\/wp-content\/uploads\/2024\/01\/temperature-meter2_600.webp 600w, https:\/\/ecoturbino.world\/wp-content\/uploads\/2024\/01\/temperature-meter2_600-500x500.webp 500w, https:\/\/ecoturbino.world\/wp-content\/uploads\/2024\/01\/temperature-meter2_600-32x32.webp 32w, https:\/\/ecoturbino.world\/wp-content\/uploads\/2024\/01\/temperature-meter2_600-48x48.webp 48w, https:\/\/ecoturbino.world\/wp-content\/uploads\/2024\/01\/temperature-meter2_600-80x80.webp 80w, https:\/\/ecoturbino.world\/wp-content\/uploads\/2024\/01\/temperature-meter2_600-180x180.webp 180w\" sizes=\"(max-width: 600px) 100vw, 600px\" \/>\t\t\t\t\t\t\n\t\t\t\t\t<\/div>\n\t\t\t\t\t\t\t\t\n<style>\n#image_1607642353 {\n  width: 100%;\n}\n<\/style>\n\t<\/div>\n\t\n\t\t<\/div>\n\t\t\t\t\t<\/div>\n\n\t\n\n\t<div id=\"col-264209209\" class=\"col medium-8 small-12 large-8\"  >\n\t\t\t\t<div class=\"col-inner\"  >\n\t\t\t\n\t\t\t\n<h3>Hvordan kan legion\u00e6rsyge forebygges i brusere?<\/h3>\n<p>Det f\u00f8rste sp\u00f8rgsm\u00e5l, man skal overveje, er, hvor <strong>brusevand kommer fra.<\/strong> Det kommer typisk fra en vandtank, som m\u00e5ske er opvarmet. Hvis det er tilf\u00e6ldet, hvilken temperatur er varmtvandsbeholderen s\u00e5 indstillet til? Legionella kan trives ved temperaturer mellem 20 og 45 \u00b0C.<\/p>\n<blockquote>\n<p>Derfor skal vand opbevares ved 60 \u00b0C og distribueres ved en temperatur over 50 \u00b0C for at forhindre bakterierne i at overleve.<\/p>\n<\/blockquote>\n<p>Hvis brusevandet kommer fra en <strong>Vandtank,<\/strong> Den skal ogs\u00e5 inspiceres regelm\u00e6ssigt og holdes ren. Det er tilr\u00e5deligt at udstyre tanken med et t\u00e6tsluttende l\u00e5g for at forhindre, at der tr\u00e6nger snavs ind, og at der dannes rust, biofilm og korrosion indeni.<\/p>\n<p>Legionella lever af disse bakterier, s\u00e5 det er et effektivt middel til at forhindre deres spredning at forstyrre deres f\u00f8devareforsyning.<\/p>\n<p>Den region, du bor i, er ogs\u00e5 en risikofaktor for legionella. Geologien p\u00e5virker vandets h\u00e5rdhed i et bestemt omr\u00e5de. Regn er bl\u00f8dt, men n\u00e5r det filtreres gennem klipperne, begynder mineraler som calcium og magnesium at opl\u00f8ses i vandet. <strong>Vand med et h\u00f8jt mineralindhold kaldes <a href=\"https:\/\/ecoturbino.world\/da\/hardt-vand-og-legionella\/\">h\u00e5rdt vand.<\/a><\/strong><\/p>\n<p>N\u00e5r vandforsyningsselskaber pumper h\u00e5rdt vand ind i husholdningerne, f\u00f8rer det til kalkaflejringer i r\u00f8r, vandhaner og brusehoveder. Kalken giver n\u00e6ring til legionella og fremmer deres v\u00e6kst.<\/p>\n<p>Derfor er omr\u00e5der med h\u00e5rdt vand s\u00e6rligt udsatte for v\u00e6kst af legionellabakterier, og <strong>brusehoveder og vandhaner skal afkalkes regelm\u00e6ssigt for at reducere kalkaflejringer<\/strong><\/p>\n\t\t<\/div>\n\t\t\t\t\t<\/div>\n\n\t\n<\/div>\n<div class=\"row\"  id=\"row-676937812\">\n\n\t<div id=\"col-136512049\" class=\"col small-12 large-12\"  >\n\t\t\t\t<div class=\"col-inner\"  >\n\t\t\t\n\t\t\t\n<div class=\"row row-large row-divided\"  id=\"row-419686334\">\n\n\t<div id=\"col-1097900479\" class=\"col medium-6 small-12 large-6\"  >\n\t\t\t\t<div class=\"col-inner\"  >\n\t\t\t\n\t\t\t\n<h3>Hvor ofte skal man g\u00e5 i bad for at forebygge legionella?<\/h3>\n<p>Legionella kan <strong>ophobes i enhver bruser, vandhane eller vandledning<\/strong> der ikke bruges regelm\u00e6ssigt, fordi vandet i systemet stagnerer.<\/p>\n<blockquote>\n<p>N\u00e5r der t\u00e6ndes for vandet, str\u00f8mmer bakterierne ud af systemet med vandet, og personer, der bruger bruseren, ind\u00e5nder aerosoler, der indeholder Legionella.<\/p>\n<\/blockquote>\n<p>Dette er et st\u00f8rre problem, for eksempel p\u00e5 hoteller og kontorer, hvor <strong>brusere og vandhaner ikke bruges i l\u00e6ngere perioder.<\/strong> Men selv i private husholdninger kan ethvert g\u00e6stebadev\u00e6relse v\u00e6re i fare.<\/p>\n<p>Det anbefales at lade sj\u00e6ldent brugte brusere eller vandhaner l\u00f8be i cirka <strong>to minutter hver uge, eller indtil det varme og kolde vand n\u00e5r op p\u00e5<\/strong> samme temperatur som i hyppigt anvendte udtag. S\u00f8rg for at forlade rummet for at undg\u00e5 at ind\u00e5nde aerosoler, der kan indeholde legionella.<\/p>\n\t\t<\/div>\n\t\t\t\t\t<\/div>\n\n\t\n\n\t<div id=\"col-439000947\" class=\"col medium-6 small-12 large-6\"  >\n\t\t\t\t<div class=\"col-inner\"  >\n\t\t\t\n\t\t\t\n<h3>S\u00e5dan desinficerer du brusehovedet for at forebygge legion\u00e6rsyge:<\/h3>\n<ol>\n<li>Fjern brusehovedet fra slangen.<\/li>\n<li>Skil brusehovedet ad.<\/li>\n<li>L\u00e6g delene af brusehovedet og slangen i vasken, og l\u00e6g dem i bl\u00f8d i varmt vand med et passende reng\u00f8ringsmiddel til brusehovedet.<\/li>\n<li>Brug en b\u00f8rste til at fjerne genstridige rester.<\/li>\n<li>Skyl alle dele med rent vand.<\/li>\n<li>Skyl vand over de rene dele for at fjerne desinfektionsmidlet til brusehovedet.<\/li>\n<li>T\u00f8r med et rent h\u00e5ndkl\u00e6de, og lad det luftt\u00f8rre.<\/li>\n<li>Saml brusehovedet igen, og s\u00e6t det p\u00e5 slangen.<\/li>\n<\/ol>\n<h3>Er der teknologiske fremskridt, der hj\u00e6lper med at dr\u00e6be legionella i brusere?<\/h3>\n<p>Der er mange enheder, der markedsf\u00f8res som <strong>automatiske skylleenheder<\/strong>. Disse produkter h\u00e6vder at skylle ubrugte udl\u00f8b, forhindre vandstagnation og reducere risikoen for ophobning af legionella.<\/p>\n\t\t<\/div>\n\t\t\t\t\t<\/div>\n\n\t\n<\/div>\n\t\t<\/div>\n\t\t\t\t\n<style>\n#col-136512049 > .col-inner {\n  padding: 25px 25px 25px 25px;\n  margin: 0px 0px -30px 0px;\n}\n<\/style>\n\t<\/div>\n\n\t\n\n<style>\n#row-676937812 > .col > .col-inner {\n  background-color: rgba(0, 0, 0, 0.15);\n  border-radius: 10px;\n}\n<\/style>\n<\/div>\n\t\t<\/div>\n\t\t\t\t\t<\/div>\n\n\t\n<\/div>\n<div class=\"row\"  id=\"row-458873412\">\n\n\t<div id=\"col-1532252817\" class=\"col small-12 large-12\"  >\n\t\t\t\t<div class=\"col-inner\" style=\"background-color:rgb(255,255,255);\" >\n\t\t\t\n\t<div class=\"is-border is-dashed\"\n\t\tstyle=\"border-color:rgba(85, 85, 85, 0.75);border-radius:10px;border-width:2px 2px 2px 2px;\">\n\t<\/div>\n\t\t\t\n<div class=\"row\"  id=\"row-2102293999\">\n\n\t<div id=\"col-236158357\" class=\"col medium-8 small-12 large-8\"  >\n\t\t\t\t<div class=\"col-inner\"  >\n\t\t\t\n\t\t\t\n<h3>Fire sikre metoder til at minimere legionella i brusebadet:<\/h3>\n<ul>\n<li>S\u00f8rg for, at bruseren bliver brugt ofte. Hvis ikke, kan du overveje at fjerne bruseren.<\/li>\n<li>Hvis en bruser, der bruges sj\u00e6ldent, ikke kan fjernes, skal du s\u00f8rge for, at den skylles regelm\u00e6ssigt, og f\u00f8re regnskab med det.<\/li>\n<li>Hold brusehovedet og slangen ren, og reng\u00f8r filtrene.<\/li>\n<li>Udf\u00f8r en legionellarisikovurdering, hvis du er ansvarlig for en bygning.<\/li>\n<\/ul>\n\t\t<\/div>\n\t\t\t\t\n<style>\n#col-236158357 > .col-inner {\n  margin: 0px 0px -20px 0px;\n}\n<\/style>\n\t<\/div>\n\n\t\n\n\t<div id=\"col-552458908\" class=\"col medium-4 small-12 large-4\"  >\n\t\t\t\t<div class=\"col-inner\"  >\n\t\t\t\n\t\t\t\n\t<div class=\"img has-hover radius10 x md-x lg-x y md-y lg-y\" id=\"image_80528025\">\n\t\t\t\t\t\t\t\t<div class=\"img-inner dark\" >\n\t\t\t<img decoding=\"async\" width=\"600\" height=\"600\" src=\"https:\/\/ecoturbino.world\/wp-content\/uploads\/2024\/01\/legionella-wikipedia_600.webp\" class=\"attachment-original size-original\" alt=\"Legionella, wikipedia\" srcset=\"https:\/\/ecoturbino.world\/wp-content\/uploads\/2024\/01\/legionella-wikipedia_600.webp 600w, https:\/\/ecoturbino.world\/wp-content\/uploads\/2024\/01\/legionella-wikipedia_600-500x500.webp 500w, https:\/\/ecoturbino.world\/wp-content\/uploads\/2024\/01\/legionella-wikipedia_600-32x32.webp 32w, https:\/\/ecoturbino.world\/wp-content\/uploads\/2024\/01\/legionella-wikipedia_600-48x48.webp 48w, https:\/\/ecoturbino.world\/wp-content\/uploads\/2024\/01\/legionella-wikipedia_600-80x80.webp 80w, https:\/\/ecoturbino.world\/wp-content\/uploads\/2024\/01\/legionella-wikipedia_600-180x180.webp 180w\" sizes=\"(max-width: 600px) 100vw, 600px\" \/>\t\t\t\t\t\t\n\t\t\t\t\t<\/div>\n\t\t\t\t\t\t\t\t\n<style>\n#image_80528025 {\n  width: 100%;\n}\n<\/style>\n\t<\/div>\n\t\n\t\t<\/div>\n\t\t\t\t\n<style>\n#col-552458908 > .col-inner {\n  margin: 5px 0px -20px 0px;\n}\n<\/style>\n\t<\/div>\n\n\t\n<\/div>\n\t\t<\/div>\n\t\t\t\t\n<style>\n#col-1532252817 > .col-inner {\n  padding: 15px 20px 10px 30px;\n  margin: 0px 0px -100px 0px;\n  border-radius: 10px;\n}\n@media (min-width:550px) {\n  #col-1532252817 > .col-inner {\n    margin: 0px 0px -120px 0px;\n  }\n}\n<\/style>\n\t<\/div>\n\n\t\n<\/div>\n\t\t<\/div>\n\n\t\t\n<style>\n#section_1003838769 {\n  padding-top: 30px;\n  padding-bottom: 30px;\n}\n<\/style>\n\t<\/section>\n\t\n\n\t<section class=\"section\" id=\"section_371706299\">\n\t\t<div class=\"section-bg fill\" >\n\t\t\t<img decoding=\"async\" width=\"1920\" height=\"683\" src=\"https:\/\/ecoturbino.world\/wp-content\/uploads\/2025\/12\/ecoturbino-function_1920-1.webp\" class=\"bg attachment- size-\" alt=\"ecoturbino funktion\" \/>\t\t\t\t\t\t<div class=\"section-bg-overlay absolute fill\"><\/div>\n\t\t\t\n\n\t\t<\/div>\n\n\t\t\t<div class=\"ux-shape-divider ux-shape-divider--top ux-shape-divider--style-waves-opacity\">\n\t\t<svg viewbox=\"0 0 1000 300\" xmlns=\"http:\/\/www.w3.org\/2000\/svg\" preserveaspectratio=\"none\">\n    <path class=\"ux-shape-fill\" d=\"M0 300L-1 69.71C216 57 299.47 198.86 403 226C506 253 577 196 660 197C740 198 790.09 234.07 874 267C935.23 291 982 282.61 1000 277.61V300H0Z\"\/>\n    <path class=\"ux-shape-fill\" opacity=\"0.5\" d=\"M1 265.094L0 50.5C217 37.79 300.47 186.36 404 213.5C507 240.5 578 196.5 661 197.5C741 198.5 787.59 239.57 871.5 272.5C932.73 296.5 980.5 284.5 998.5 279.5V298.5L1 265.094Z\"\/>\n    <path class=\"ux-shape-fill\" opacity=\"0.15\" d=\"M0.999878 244.094L-0.00012207 27C217 14.29 300.47 173.86 404 201C507 228 578 196 661 197C741 198 787.59 243.07 871.5 276C932.73 300 980.5 284.5 998.5 279.5V299L0.999878 244.094Z\"\/>\n<\/svg>\n\n\t<\/div>\n\n\n\t\t<div class=\"section-content relative\">\n\t\t\t\n\t\t<\/div>\n\n\t\t\n<style>\n#section_371706299 {\n  padding-top: 125px;\n  padding-bottom: 125px;\n}\n#section_371706299 .section-bg-overlay {\n  background-color: rgba(0, 0, 0, 0.25);\n}\n#section_371706299 .ux-shape-divider--top svg {\n  height: 80px;\n  --divider-top-width: 100%;\n}\n@media (min-width:550px) {\n  #section_371706299 {\n    padding-top: 220px;\n    padding-bottom: 220px;\n  }\n  #section_371706299 .ux-shape-divider--top svg {\n    height: 124px;\n  }\n}\n<\/style>\n\t<\/section>","protected":false},"excerpt":{"rendered":"","protected":false},"author":2,"featured_media":1876,"parent":0,"menu_order":0,"comment_status":"closed","ping_status":"closed","template":"page-blank.php","meta":{"inline_featured_image":false,"footnotes":""},"class_list":["post-1664","page","type-page","status-publish","has-post-thumbnail","hentry"],"_links":{"self":[{"href":"https:\/\/ecoturbino.world\/da\/wp-json\/wp\/v2\/pages\/1664","targetHints":{"allow":["GET"]}}],"collection":[{"href":"https:\/\/ecoturbino.world\/da\/wp-json\/wp\/v2\/pages"}],"about":[{"href":"https:\/\/ecoturbino.world\/da\/wp-json\/wp\/v2\/types\/page"}],"author":[{"embeddable":true,"href":"https:\/\/ecoturbino.world\/da\/wp-json\/wp\/v2\/users\/2"}],"replies":[{"embeddable":true,"href":"https:\/\/ecoturbino.world\/da\/wp-json\/wp\/v2\/comments?post=1664"}],"version-history":[{"count":0,"href":"https:\/\/ecoturbino.world\/da\/wp-json\/wp\/v2\/pages\/1664\/revisions"}],"wp:featuredmedia":[{"embeddable":true,"href":"https:\/\/ecoturbino.world\/da\/wp-json\/wp\/v2\/media\/1876"}],"wp:attachment":[{"href":"https:\/\/ecoturbino.world\/da\/wp-json\/wp\/v2\/media?parent=1664"}],"curies":[{"name":"wp","href":"https:\/\/api.w.org\/{rel}","templated":true}]}}