{"id":1652,"date":"2024-01-03T21:01:56","date_gmt":"2024-01-03T20:01:56","guid":{"rendered":"https:\/\/ecoturbino.eu\/?page_id=1652"},"modified":"2025-12-29T22:43:52","modified_gmt":"2025-12-29T21:43:52","slug":"hardt-vand-og-legionella","status":"publish","type":"page","link":"https:\/\/ecoturbino.world\/da\/hard-water-and-legionella\/","title":{"rendered":"H\u00e5rdt vand og legionella | Problemer med brusere i badev\u00e6relset"},"content":{"rendered":"<section class=\"section zindex1\" id=\"section_1664770885\">\n\t\t<div class=\"section-bg fill\" >\n\t\t\t\t\t\t\t\t\t\n\t\t\t\n\n\t\t<\/div>\n\n\t\t\n\n\t\t<div class=\"section-content relative\">\n\t\t\t\n<div class=\"row\"  id=\"row-1993376262\">\n\n\t<div id=\"col-52334525\" class=\"col small-12 large-12\"  >\n\t\t\t\t<div class=\"col-inner\"  >\n\t\t\t\n\t\t\t\n\t<div id=\"text-677128177\" class=\"text\">\n\t\t\n<h1 class=\"uppercase\">H\u00e5rdt vand og legionella | Det sande omfang af problemet!<\/h1>\n<h3 class=\"thin-font\">Selvom den generelle forbindelse mellem h\u00e5rdt vand og legionella er velkendt, bliver den ofte misforst\u00e5et.<\/h3>\n\t\t\n<style>\n#text-677128177 {\n  text-align: center;\n}\n<\/style>\n\t<\/div>\n\t\n<div class=\"text-center\"><div class=\"is-divider divider clearfix\" style=\"max-width:50%;height:1px;\"><\/div><\/div>\n\t<div id=\"gap-1716241797\" class=\"gap-element clearfix\" style=\"display:block; height:auto;\">\n\t\t\n<style>\n#gap-1716241797 {\n  padding-top: 30px;\n}\n<\/style>\n\t<\/div>\n\t\n<div class=\"row\"  id=\"row-387515597\">\n\n\t<div id=\"col-1944965514\" class=\"col medium-8 small-12 large-8\"  >\n\t\t\t\t<div class=\"col-inner\"  >\n\t\t\t\n\t\t\t\n<p>I dette indl\u00e6g fokuserer vi p\u00e5, hvordan vi kan <strong>F\u00e5 bedre kontrol over bakterieindholdet i vandet helt fra begyndelsen<\/strong>for at <strong>reducere<\/strong> brugen af <strong>aggressiv og <a href=\"https:\/\/ecoturbino.world\/da\/pavirkning-5\/\">milj\u00f8m\u00e6ssigt<\/a> skadelige kemikalier til fjernelse af bakterier.<\/strong><\/p>\n<p><strong>Klordioxid<\/strong> forts\u00e6tter med at v\u00e6re <strong>mest anvendte biocid til eliminering af bakterier i vand, herunder Legionella<\/strong>. Dets evne til at \u00f8del\u00e6gge biofilm er et meget vigtigt aspekt af dette kemikalie. Men klordioxid tjener udelukkende til kontrol og reduktion, ikke til forebyggelse.<\/p>\n<p>N\u00f8glen til dette sp\u00f8rgsm\u00e5l ligger i <strong>at forst\u00e5 sammenh\u00e6ngen mellem kalkaflejringer, biofilm og legionella.<\/strong> Denne tilgang giver mulighed for en<strong> reduktion i antallet af bakterier i dit vandsystem<\/strong>og dermed minimere tids- og kemikalieforbruget til systemvedligeholdelse.<\/p>\n<p>Og det er her, ecoturbino-bruseadapteren kommer ind i billedet,<strong> sikrer hygiejniske brusebade p\u00e5 hoteller, i fitnesscentre, i hjemmet osv.<\/strong><\/p>\n\t\t<\/div>\n\t\t\t\t\t<\/div>\n\n\t\n\n\t<div id=\"col-1183993869\" class=\"col medium-4 small-12 large-4\"  >\n\t\t\t\t<div class=\"col-inner\"  >\n\t\t\t\n\t\t\t\n\t<div class=\"img has-hover radius10 hide-for-small x md-x lg-x y md-y lg-y\" id=\"image_324675187\">\n\t\t\t\t\t\t\t\t<div class=\"img-inner dark\" >\n\t\t\t<img decoding=\"async\" width=\"600\" height=\"600\" src=\"https:\/\/ecoturbino.world\/wp-content\/uploads\/2024\/01\/water-drain2_600.webp\" class=\"attachment-original size-original\" alt=\"\" srcset=\"https:\/\/ecoturbino.world\/wp-content\/uploads\/2024\/01\/water-drain2_600.webp 600w, https:\/\/ecoturbino.world\/wp-content\/uploads\/2024\/01\/water-drain2_600-500x500.webp 500w, https:\/\/ecoturbino.world\/wp-content\/uploads\/2024\/01\/water-drain2_600-32x32.webp 32w, https:\/\/ecoturbino.world\/wp-content\/uploads\/2024\/01\/water-drain2_600-48x48.webp 48w, https:\/\/ecoturbino.world\/wp-content\/uploads\/2024\/01\/water-drain2_600-80x80.webp 80w, https:\/\/ecoturbino.world\/wp-content\/uploads\/2024\/01\/water-drain2_600-180x180.webp 180w\" sizes=\"(max-width: 600px) 100vw, 600px\" \/>\t\t\t\t\t\t\n\t\t\t\t\t<\/div>\n\t\t\t\t\t\t\t\t\n<style>\n#image_324675187 {\n  width: 100%;\n}\n<\/style>\n\t<\/div>\n\t\n\t\t<\/div>\n\t\t\t\t\t<\/div>\n\n\t\n<\/div>\n\t<div id=\"gap-1212389023\" class=\"gap-element clearfix\" style=\"display:block; height:auto;\">\n\t\t\n<style>\n#gap-1212389023 {\n  padding-top: 30px;\n}\n<\/style>\n\t<\/div>\n\t\n<div class=\"row\"  id=\"row-1642154522\">\n\n\t<div id=\"col-2096372953\" class=\"col medium-4 small-12 large-4\"  >\n\t\t\t\t<div class=\"col-inner\"  >\n\t\t\t\n\t\t\t\n\t<div class=\"img has-hover radius10 x md-x lg-x y md-y lg-y\" id=\"image_696685073\">\n\t\t\t\t\t\t\t\t<div class=\"img-inner dark\" >\n\t\t\t<img decoding=\"async\" width=\"600\" height=\"900\" src=\"https:\/\/ecoturbino.world\/wp-content\/uploads\/2024\/01\/shower-head-limescale_600.webp\" class=\"attachment-original size-original\" alt=\"Symbol for kalk i brusehoved\" srcset=\"https:\/\/ecoturbino.world\/wp-content\/uploads\/2024\/01\/shower-head-limescale_600.webp 600w, https:\/\/ecoturbino.world\/wp-content\/uploads\/2024\/01\/shower-head-limescale_600-120x180.webp 120w\" sizes=\"(max-width: 600px) 100vw, 600px\" \/>\t\t\t\t\t\t\n\t\t\t\t\t<\/div>\n\t\t\t\t\t\t\t\t\n<style>\n#image_696685073 {\n  width: 100%;\n}\n<\/style>\n\t<\/div>\n\t\n\t\t<\/div>\n\t\t\t\t\t<\/div>\n\n\t\n\n\t<div id=\"col-1962511771\" class=\"col medium-8 small-12 large-8\"  >\n\t\t\t\t<div class=\"col-inner\"  >\n\t\t\t\n\t\t\t\n<div class=\"flex-1 overflow-hidden\">\n<div class=\"react-scroll-to-bottom--css-tpvix-79elbk h-full\">\n<div class=\"react-scroll-to-bottom--css-tpvix-1n7m0yu\">\n<div class=\"flex flex-col pb-9 text-sm\">\n<div class=\"w-full text-token-text-primary\" data-testid=\"conversation-turn-13\">\n<div class=\"px-4 py-2 justify-center text-base md:gap-6 m-auto\">\n<div class=\"flex flex-1 text-base mx-auto gap-3 md:px-5 lg:px-1 xl:px-5 md:max-w-3xl lg:max-w-&#091;40rem&#093; xl:max-w-&#091;48rem&#093; group final-completion\">\n<div class=\"relative flex w-full flex-col lg:w-&#091;calc(100%-115px)&#093; agent-turn\">\n<div class=\"flex-col gap-1 md:gap-3\">\n<div class=\"flex flex-grow flex-col max-w-full\">\n<div class=\"min-h-&#091;20px&#093; text-message flex flex-col items-start gap-3 whitespace-pre-wrap break-words &#091;.text-message+&amp;&#093;:mt-5 overflow-x-auto\" data-message-author-role=\"assistant\" data-message-id=\"6402d42d-ba99-40ec-b57e-ac45c40c778e\">\n<div class=\"markdown prose w-full break-words dark:prose-invert light\">\n<h3>Hvad er kalkaflejringer?<\/h3>\n<p><strong>Kalkaflejringer er h\u00e5rde ophobninger<\/strong> prim\u00e6rt sammensat af <strong>calciumcarbonat (CaCO3)<\/strong> og ofte <strong>ophobes i varmtvandssystemer, r\u00f8rledninger og apparater.<\/strong><\/p>\n<p>De kan<strong> v\u00e6sentligt forringe ydeevnen<\/strong> af forskellige VVS- og varmekomponenter,<strong> hvilket f\u00f8rer til reduceret effektivitet<\/strong> og <strong>h\u00f8jere driftsomkostninger<\/strong> for dit vandrelaterede udstyr samt visuelt utiltalende resultater p\u00e5 badev\u00e6relset.<\/p>\n<blockquote>\n<p>Den <strong>graden af kalkdannelse<\/strong> bestemmes af vandets h\u00e5rdhed. Bestemmelse af vandets h\u00e5rdhed: Er mit vand bl\u00f8dt eller h\u00e5rdt?<\/p>\n<\/blockquote>\n<p>Vandets h\u00e5rdhed afh\u00e6nger af <strong>indhold af calcium- og magnesiumforbindelser<\/strong>dannes, n\u00e5r calcium og magnesium kombineres med den opl\u00f8ste kuldioxid i vand.<\/p>\n<ol>\n<li>Bl\u00f8dt vand: Mellem 0 og 7 grader tysk h\u00e5rdhed (dH) - H\u00e5rdhedskategori I (0 til 1,3 millimol calciumoxid pr. liter) betragtes som bl\u00f8dt vand.<\/li>\n<li>H\u00e5rdt vand: Mellem 14 og 21 grader dH - H\u00e5rdhedskategori III (2,5 til 3,8 millimol calciumoxid pr. liter) kategoriseres som h\u00e5rdt vand.<\/li>\n<\/ol>\n<\/div>\n<\/div>\n<\/div>\n<\/div>\n<\/div>\n<\/div>\n<\/div>\n<\/div>\n<\/div>\n<\/div>\n<\/div>\n<\/div>\n\t<div id=\"gap-915812283\" class=\"gap-element clearfix\" style=\"display:block; height:auto;\">\n\t\t\n<style>\n#gap-915812283 {\n  padding-top: 15px;\n}\n<\/style>\n\t<\/div>\n\t\n<div class=\"is-divider divider clearfix\" style=\"max-width:100%;height:1px;\"><\/div>\n<h3>Hvad er en biofilm?<\/h3>\n<p>A <strong><a href=\"https:\/\/en.wikipedia.org\/wiki\/Biofilm\" target=\"_blank\" rel=\"noopener sponsored\">biofilm<\/a> best\u00e5r af levende mikroorganismer<\/strong>som f.eks. bakterier, der sl\u00e5r sig ned og formerer sig i en koloni eller et samfund.<\/p>\n<p>Dannelsen af en biofilm sker, n\u00e5r <strong>visse mikroorganismer<\/strong>som nogle bakteriearter, <strong>kl\u00e6be til overfladen af et objekt<\/strong> i et fugtigt milj\u00f8 og begynder at sprede sig.<\/p>\n<p>Disse mikroorganismer s\u00e6tter sig fast p\u00e5 objektets overflade ved at <strong>udskiller en kl\u00e6brig, slimet substans.<\/strong><\/p>\n\t\t<\/div>\n\t\t\t\t\t<\/div>\n\n\t\n<\/div>\n<div class=\"row\"  id=\"row-1278346449\">\n\n\t<div id=\"col-2020943264\" class=\"col small-12 large-12\"  >\n\t\t\t\t<div class=\"col-inner\"  >\n\t\t\t\n\t\t\t\n<div class=\"row row-large row-divided\"  id=\"row-467597734\">\n\n\t<div id=\"col-1174732960\" class=\"col medium-6 small-12 large-6\"  >\n\t\t\t\t<div class=\"col-inner\"  >\n\t\t\t\n\t\t\t\n<h3>Hvad er legionella?<\/h3>\n<p><strong><a href=\"https:\/\/en.wikipedia.org\/wiki\/Legionella\" target=\"_blank\" rel=\"noopener sponsored\">Legionella<\/a> er bakterier<\/strong> der kan for\u00e5rsage legion\u00e6rsygdom, en alvorlig og <strong>potentielt livstruende form for lungebet\u00e6ndelse.<\/strong><\/p>\n<p>Overf\u00f8rsel af <strong>Legion\u00e6rsygdom hos mennesker<\/strong> opst\u00e5r ved ind\u00e5nding af bittesm\u00e5 vanddr\u00e5ber (aerosoler), der sv\u00e6ver i luften og indeholder legionellabakterier. Infektionen opst\u00e5r, n\u00e5r disse vanddr\u00e5ber kommer ned i lungerne.<\/p>\n<p>Legionella pneumophila var den f\u00f8rste af en stor og voksende gruppe af besl\u00e6gtede bakteriearter, kendt som Legionellae, der blev opdaget. I dag ved man, at der er <strong>48 arter og 70 undergrupper.<\/strong><\/p>\n<p>Der er forskellige rapporter om forekomsten af legionella, men de er <strong>generelt mere almindeligt forekommende i varmtvandssystemer<\/strong>. Man mener dog, at hyppigheden af legionella i varmtvandssystemer er faldet i de senere \u00e5r.<\/p>\n<p>Tallet forventes at forts\u00e6tte med at falde, efterh\u00e5nden som bevidstheden om problemet vokser, og der tr\u00e6ffes flere VVS-foranstaltninger. Det betyder, at de foranstaltninger, der er truffet, har vist sig at v\u00e6re effektive til at minimere forekomsten af bakterier i vandet, og at fors\u00f8mmelse af dem betragtes som uagtsomhed.<\/p>\n\t\t<\/div>\n\t\t\t\t\n<style>\n#col-1174732960 > .col-inner {\n  margin: 0px 0px -50px 0px;\n}\n<\/style>\n\t<\/div>\n\n\t\n\n\t<div id=\"col-1309045797\" class=\"col medium-6 small-12 large-6\"  >\n\t\t\t\t<div class=\"col-inner\"  >\n\t\t\t\n\t\t\t\n<p><strong>De optimale levevilk\u00e5r for Legionella er:<\/strong><\/p>\n<ul>\n<li>Genopfyldning af ferskvand.<\/li>\n<li>Forl\u00e6nget opholdstid.<\/li>\n<li>Temperaturomr\u00e5de p\u00e5 25 \u00b0C til 50 \u00b0C.<\/li>\n<\/ul>\n<p>Effekter af<strong> forskellige temperaturomr\u00e5der<\/strong> p\u00e5 spredningen af Legionella:<\/p>\n<div class=\"row\"  id=\"row-1518596660\">\n\n\t<div id=\"col-150545776\" class=\"col small-12 large-12\"  >\n\t\t\t\t<div class=\"col-inner\"  >\n\t\t\t\n\t\t\t\n<table style=\"border-collapse: collapse; width: 100%; height: 189px;\">\n<tbody>\n<tr style=\"height: 21px;\">\n<td style=\"width: 50%; height: 21px;\">Temperaturomr\u00e5de<\/td>\n<td style=\"width: 50%; height: 21px;\">Effekt p\u00e5 reproduktionshastigheden<\/td>\n<\/tr>\n<tr style=\"height: 21px;\">\n<td style=\"width: 50%; height: 21px;\">indtil 20 \u00b0C<\/td>\n<td style=\"width: 50%; height: 21px;\">meget langsom reproduktion<\/td>\n<\/tr>\n<tr style=\"height: 21px;\">\n<td style=\"width: 50%; height: 21px;\">fra 20 \u00b0C<\/td>\n<td style=\"width: 50%; height: 21px;\">Reproduktionshastigheden \u00f8ges<\/td>\n<\/tr>\n<tr style=\"height: 21px;\">\n<td style=\"width: 50%; height: 21px;\">30 \u00b0C bis 45 \u00b0C<\/td>\n<td style=\"width: 50%; height: 21px;\">Optimal formering, fordobling ved 36 \u00b0C p\u00e5 kun ca. 3 timer med god tilf\u00f8rsel af n\u00e6ringsstoffer, 22-72 timer med lav tilf\u00f8rsel af n\u00e6ringsstoffer.<\/td>\n<\/tr>\n<tr style=\"height: 21px;\">\n<td style=\"width: 50%; height: 21px;\">fra 50 \u00b0C<\/td>\n<td style=\"width: 50%; height: 21px;\">N\u00e6sten ingen reproduktion<\/td>\n<\/tr>\n<tr style=\"height: 21px;\">\n<td style=\"width: 50%; height: 21px;\">fra 55 \u00b0C<\/td>\n<td style=\"width: 50%; height: 21px;\">Ikke mere reproduktion mulig, dr\u00e6bt efter 6 timer<\/td>\n<\/tr>\n<tr style=\"height: 21px;\">\n<td style=\"width: 50%; height: 21px;\">fra 60 \u00b0C<\/td>\n<td style=\"width: 50%; height: 21px;\">\u00d8del\u00e6gger legionella inden for ca. 30 minutter<\/td>\n<\/tr>\n<tr style=\"height: 21px;\">\n<td style=\"width: 50%; height: 21px;\">fra 65 \u00b0C<\/td>\n<td style=\"width: 50%; height: 21px;\">Dr\u00e6bt inden for 2 minutter<\/td>\n<\/tr>\n<tr style=\"height: 21px;\">\n<td style=\"width: 50%; height: 21px;\">fra 70 \u00b0C<\/td>\n<td style=\"width: 50%; height: 21px;\">Dr\u00e6bt inden for f\u00e5 sekunder<\/td>\n<\/tr>\n<\/tbody>\n<\/table>\n\t\t<\/div>\n\t\t\t\t\n<style>\n#col-150545776 > .col-inner {\n  margin: 0px 0px -60px 0px;\n}\n<\/style>\n\t<\/div>\n\n\t\n<\/div>\n<p><span style=\"font-size: 90%;\">(Kilde: <a href=\"https:\/\/de.wikipedia.org\/wiki\/Legionellen\" target=\"_blank\" rel=\"noopener sponsored\">https:\/\/de.wikipedia.org\/wiki\/Legionellen<\/a>)<\/span><\/p>\n\t\t<\/div>\n\t\t\t\t\n<style>\n#col-1309045797 > .col-inner {\n  margin: 0px 0px -50px 0px;\n}\n<\/style>\n\t<\/div>\n\n\t\n<\/div>\n\t\t<\/div>\n\t\t\t\t\n<style>\n#col-2020943264 > .col-inner {\n  padding: 25px 25px 25px 25px;\n  margin: 0px 0px -30px 0px;\n}\n<\/style>\n\t<\/div>\n\n\t\n\n<style>\n#row-1278346449 > .col > .col-inner {\n  background-color: rgba(0, 0, 0, 0.15);\n  border-radius: 10px;\n}\n<\/style>\n<\/div>\n\t\t<\/div>\n\t\t\t\t\t<\/div>\n\n\t\n<\/div>\n<div class=\"row\"  id=\"row-1780934755\">\n\n\t<div id=\"col-2084719608\" class=\"col small-12 large-12\"  >\n\t\t\t\t<div class=\"col-inner\" style=\"background-color:rgb(255,255,255);\" >\n\t\t\t\n\t<div class=\"is-border is-dashed\"\n\t\tstyle=\"border-color:rgba(85, 85, 85, 0.75);border-radius:10px;border-width:2px 2px 2px 2px;\">\n\t<\/div>\n\t\t\t\n<div class=\"row\"  id=\"row-1884917298\">\n\n\t<div id=\"col-1075055039\" class=\"col medium-8 small-12 large-8\"  >\n\t\t\t\t<div class=\"col-inner\"  >\n\t\t\t\n\t\t\t\n<h3>Hvad er sammenh\u00e6ngen mellem kalkaflejringer, biofilm og legionella?<\/h3>\n<p>P\u00e5 steder, hvor<strong> Kalkaflejringer er dannet p\u00e5 grund af udf\u00e6ldning af mineraler<\/strong> i h\u00e5rdt vand og deres vedh\u00e6ftning til overflader, skabes der en optimal grobund for bakterier.<\/p>\n<p>De vigtigste faktorer, der is\u00e6r fremmer v\u00e6ksten af Legionella, er temperatur og tilg\u00e6ngeligheden af n\u00e6ringsstoffer. <strong>Legionella trives bedst ved temperaturer mellem 20 og 45 \u00b0C.<\/strong>og n\u00e5r vandet forbliver stillest\u00e5ende i dette temperaturomr\u00e5de, vil<strong> bakterier kan formere sig hurtigt.<\/strong><\/p>\n<p>I forbindelse med den mineralrige natur i <strong>nyt levested for bakterierne, nemlig kalken,<\/strong> som fungerer som en fremragende n\u00e6ringskilde, kan problemet sprede sig yderligere.<\/p>\n<p>N\u00e5r bakterierne er til stede og formerer sig, danner de en biofilm. I n\u00e6rv\u00e6r af kalk og biofilm, som nu befinder sig i et milj\u00f8, der giver dem <strong>ideelle forhold og tilstr\u00e6kkelig ern\u00e6ring,<\/strong> Legionella og andre bakterier kan formere sig og trives.<\/p>\n\t\t<\/div>\n\t\t\t\t\n<style>\n#col-1075055039 > .col-inner {\n  margin: 0px 0px -20px 0px;\n}\n<\/style>\n\t<\/div>\n\n\t\n\n\t<div id=\"col-1880947433\" class=\"col medium-4 small-12 large-4\"  >\n\t\t\t\t<div class=\"col-inner\"  >\n\t\t\t\n\t\t\t\n\t<div class=\"img has-hover radius10 x md-x lg-x y md-y lg-y\" id=\"image_1997596232\">\n\t\t\t\t\t\t\t\t<div class=\"img-inner dark\" >\n\t\t\t<img decoding=\"async\" width=\"600\" height=\"600\" src=\"https:\/\/ecoturbino.world\/wp-content\/uploads\/2024\/01\/legionella-wikipedia_600.webp\" class=\"attachment-original size-original\" alt=\"Legionella, wikipedia\" srcset=\"https:\/\/ecoturbino.world\/wp-content\/uploads\/2024\/01\/legionella-wikipedia_600.webp 600w, https:\/\/ecoturbino.world\/wp-content\/uploads\/2024\/01\/legionella-wikipedia_600-500x500.webp 500w, https:\/\/ecoturbino.world\/wp-content\/uploads\/2024\/01\/legionella-wikipedia_600-32x32.webp 32w, https:\/\/ecoturbino.world\/wp-content\/uploads\/2024\/01\/legionella-wikipedia_600-48x48.webp 48w, https:\/\/ecoturbino.world\/wp-content\/uploads\/2024\/01\/legionella-wikipedia_600-80x80.webp 80w, https:\/\/ecoturbino.world\/wp-content\/uploads\/2024\/01\/legionella-wikipedia_600-180x180.webp 180w\" sizes=\"(max-width: 600px) 100vw, 600px\" \/>\t\t\t\t\t\t\n\t\t\t\t\t<\/div>\n\t\t\t\t\t\t\t\t\n<style>\n#image_1997596232 {\n  width: 100%;\n}\n<\/style>\n\t<\/div>\n\t\n\t\t<\/div>\n\t\t\t\t\n<style>\n#col-1880947433 > .col-inner {\n  margin: 5px 0px -20px 0px;\n}\n<\/style>\n\t<\/div>\n\n\t\n<\/div>\n\t\t<\/div>\n\t\t\t\t\n<style>\n#col-2084719608 > .col-inner {\n  padding: 15px 20px 10px 30px;\n  margin: 0px 0px -100px 0px;\n  border-radius: 10px;\n}\n@media (min-width:550px) {\n  #col-2084719608 > .col-inner {\n    margin: 0px 0px -120px 0px;\n  }\n}\n<\/style>\n\t<\/div>\n\n\t\n<\/div>\n\t\t<\/div>\n\n\t\t\n<style>\n#section_1664770885 {\n  padding-top: 30px;\n  padding-bottom: 30px;\n}\n<\/style>\n\t<\/section>\n\t\n\n\t<section class=\"section\" id=\"section_179275847\">\n\t\t<div class=\"section-bg fill\" >\n\t\t\t<img decoding=\"async\" width=\"1920\" height=\"683\" src=\"https:\/\/ecoturbino.world\/wp-content\/uploads\/2025\/12\/ecoturbino-function_1920-1.webp\" class=\"bg attachment- size-\" alt=\"ecoturbino funktion\" \/>\t\t\t\t\t\t<div class=\"section-bg-overlay absolute fill\"><\/div>\n\t\t\t\n\n\t\t<\/div>\n\n\t\t\t<div class=\"ux-shape-divider ux-shape-divider--top ux-shape-divider--style-waves-opacity\">\n\t\t<svg viewbox=\"0 0 1000 300\" xmlns=\"http:\/\/www.w3.org\/2000\/svg\" preserveaspectratio=\"none\">\n    <path class=\"ux-shape-fill\" d=\"M0 300L-1 69.71C216 57 299.47 198.86 403 226C506 253 577 196 660 197C740 198 790.09 234.07 874 267C935.23 291 982 282.61 1000 277.61V300H0Z\"\/>\n    <path class=\"ux-shape-fill\" opacity=\"0.5\" d=\"M1 265.094L0 50.5C217 37.79 300.47 186.36 404 213.5C507 240.5 578 196.5 661 197.5C741 198.5 787.59 239.57 871.5 272.5C932.73 296.5 980.5 284.5 998.5 279.5V298.5L1 265.094Z\"\/>\n    <path class=\"ux-shape-fill\" opacity=\"0.15\" d=\"M0.999878 244.094L-0.00012207 27C217 14.29 300.47 173.86 404 201C507 228 578 196 661 197C741 198 787.59 243.07 871.5 276C932.73 300 980.5 284.5 998.5 279.5V299L0.999878 244.094Z\"\/>\n<\/svg>\n\n\t<\/div>\n\n\n\t\t<div class=\"section-content relative\">\n\t\t\t\n\t\t<\/div>\n\n\t\t\n<style>\n#section_179275847 {\n  padding-top: 125px;\n  padding-bottom: 125px;\n}\n#section_179275847 .section-bg-overlay {\n  background-color: rgba(0, 0, 0, 0.25);\n}\n#section_179275847 .ux-shape-divider--top svg {\n  height: 80px;\n  --divider-top-width: 100%;\n}\n@media (min-width:550px) {\n  #section_179275847 {\n    padding-top: 220px;\n    padding-bottom: 220px;\n  }\n  #section_179275847 .ux-shape-divider--top svg {\n    height: 124px;\n  }\n}\n<\/style>\n\t<\/section>","protected":false},"excerpt":{"rendered":"","protected":false},"author":2,"featured_media":1841,"parent":0,"menu_order":0,"comment_status":"closed","ping_status":"closed","template":"page-blank.php","meta":{"inline_featured_image":false,"footnotes":""},"class_list":["post-1652","page","type-page","status-publish","has-post-thumbnail","hentry"],"_links":{"self":[{"href":"https:\/\/ecoturbino.world\/da\/wp-json\/wp\/v2\/pages\/1652","targetHints":{"allow":["GET"]}}],"collection":[{"href":"https:\/\/ecoturbino.world\/da\/wp-json\/wp\/v2\/pages"}],"about":[{"href":"https:\/\/ecoturbino.world\/da\/wp-json\/wp\/v2\/types\/page"}],"author":[{"embeddable":true,"href":"https:\/\/ecoturbino.world\/da\/wp-json\/wp\/v2\/users\/2"}],"replies":[{"embeddable":true,"href":"https:\/\/ecoturbino.world\/da\/wp-json\/wp\/v2\/comments?post=1652"}],"version-history":[{"count":0,"href":"https:\/\/ecoturbino.world\/da\/wp-json\/wp\/v2\/pages\/1652\/revisions"}],"wp:featuredmedia":[{"embeddable":true,"href":"https:\/\/ecoturbino.world\/da\/wp-json\/wp\/v2\/media\/1841"}],"wp:attachment":[{"href":"https:\/\/ecoturbino.world\/da\/wp-json\/wp\/v2\/media?parent=1652"}],"curies":[{"name":"wp","href":"https:\/\/api.w.org\/{rel}","templated":true}]}}