{"id":1215,"date":"2024-01-01T12:07:15","date_gmt":"2024-01-01T11:07:15","guid":{"rendered":"https:\/\/ecoturbino.eu\/?page_id=1215"},"modified":"2025-12-29T22:45:35","modified_gmt":"2025-12-29T21:45:35","slug":"pavirkning-6","status":"publish","type":"page","link":"https:\/\/ecoturbino.world\/da\/impact-6\/","title":{"rendered":"Absolut vedligeholdelsesfrit og kan eftermonteres i alle brusere \u2013 kan installeres af alle"},"content":{"rendered":"<section class=\"section zindex1\" id=\"section_1394392383\">\n\t\t<div class=\"section-bg fill\" >\n\t\t\t\t\t\t\t\t\t\n\t\t\t\n\n\t\t<\/div>\n\n\t\t\n\n\t\t<div class=\"section-content relative\">\n\t\t\t\n<div class=\"row row-small\"  id=\"row-1595107844\">\n\n\t<div id=\"col-1437252794\" class=\"col medium-9 small-12 large-9\"  >\n\t\t\t\t<div class=\"col-inner\"  >\n\t\t\t\n\t\t\t\n<h2 class=\"uppercase\">Absolut vedligeholdelsesfri og kan eftermonteres i alle brusere - kan installeres af alle<\/h2>\n<h3 class=\"thin-font\">den sjette effekt af ecoturbino\u00ae vandbesparende milj\u00f8beskyttende system<\/h3>\n<div class=\"row\"  id=\"row-1137905564\">\n\n\t<div id=\"col-1967055909\" class=\"col medium-11 small-12 large-11\"  >\n\t\t\t\t<div class=\"col-inner\"  >\n\t\t\t\n\t\t\t\n\t<div id=\"stack-3686375206\" class=\"stack stack-row justify-start items-start\">\n\t\t\n\t<div class=\"img has-hover x md-x lg-x y md-y lg-y\" id=\"image_701776026\">\n\t\t<a class=\"\" href=\"\/da\/pavirkning-1\/\" >\t\t\t\t\t\t<div class=\"img-inner image-color dark\" >\n\t\t\t<img decoding=\"async\" width=\"100\" height=\"100\" src=\"https:\/\/ecoturbino.world\/wp-content\/uploads\/2024\/01\/impact1.svg\" class=\"attachment-original size-original\" alt=\"\" \/>\t\t\t\t\t\t\n\t\t\t\t\t<\/div>\n\t\t\t\t\t\t<\/a>\t\t\n<style>\n#image_701776026 {\n  width: 100%;\n}\n<\/style>\n\t<\/div>\n\t\n\t<div class=\"img has-hover x md-x lg-x y md-y lg-y\" id=\"image_1671513401\">\n\t\t<a class=\"\" href=\"\/da\/pavirkning-2\/\" >\t\t\t\t\t\t<div class=\"img-inner image-color dark\" >\n\t\t\t<img decoding=\"async\" width=\"100\" height=\"100\" src=\"https:\/\/ecoturbino.world\/wp-content\/uploads\/2024\/01\/impact2.svg\" class=\"attachment-original size-original\" alt=\"\" \/>\t\t\t\t\t\t\n\t\t\t\t\t<\/div>\n\t\t\t\t\t\t<\/a>\t\t\n<style>\n#image_1671513401 {\n  width: 100%;\n}\n<\/style>\n\t<\/div>\n\t\n\t<div class=\"img has-hover x md-x lg-x y md-y lg-y\" id=\"image_926008982\">\n\t\t<a class=\"\" href=\"\/da\/pavirkning-3\/\" >\t\t\t\t\t\t<div class=\"img-inner image-color dark\" >\n\t\t\t<img decoding=\"async\" width=\"100\" height=\"100\" src=\"https:\/\/ecoturbino.world\/wp-content\/uploads\/2024\/01\/impact3.svg\" class=\"attachment-original size-original\" alt=\"Effekt 3 af ecoturbino\" \/>\t\t\t\t\t\t\n\t\t\t\t\t<\/div>\n\t\t\t\t\t\t<\/a>\t\t\n<style>\n#image_926008982 {\n  width: 100%;\n}\n<\/style>\n\t<\/div>\n\t\n\t<div class=\"img has-hover x md-x lg-x y md-y lg-y\" id=\"image_708560373\">\n\t\t<a class=\"\" href=\"\/da\/pavirkning-4\/\" >\t\t\t\t\t\t<div class=\"img-inner image-color dark\" >\n\t\t\t<img decoding=\"async\" width=\"100\" height=\"100\" src=\"https:\/\/ecoturbino.world\/wp-content\/uploads\/2024\/01\/impact4.svg\" class=\"attachment-original size-original\" alt=\"Effekt 4 af ecoturbino\" \/>\t\t\t\t\t\t\n\t\t\t\t\t<\/div>\n\t\t\t\t\t\t<\/a>\t\t\n<style>\n#image_708560373 {\n  width: 100%;\n}\n<\/style>\n\t<\/div>\n\t\n\t<div class=\"img has-hover x md-x lg-x y md-y lg-y\" id=\"image_1647091199\">\n\t\t<a class=\"\" href=\"\/da\/pavirkning-5\/\" >\t\t\t\t\t\t<div class=\"img-inner image-color dark\" >\n\t\t\t<img decoding=\"async\" width=\"100\" height=\"100\" src=\"https:\/\/ecoturbino.world\/wp-content\/uploads\/2024\/01\/impact5.svg\" class=\"attachment-original size-original\" alt=\"\" \/>\t\t\t\t\t\t\n\t\t\t\t\t<\/div>\n\t\t\t\t\t\t<\/a>\t\t\n<style>\n#image_1647091199 {\n  width: 100%;\n}\n<\/style>\n\t<\/div>\n\t\n\t<div class=\"img has-hover x md-x lg-x y md-y lg-y\" id=\"image_1866305014\">\n\t\t\t\t\t\t\t\t<div class=\"img-inner dark\" >\n\t\t\t<img decoding=\"async\" width=\"100\" height=\"100\" src=\"https:\/\/ecoturbino.world\/wp-content\/uploads\/2024\/01\/impact6.svg\" class=\"attachment-original size-original\" alt=\"P\u00e5virkning 6 af ecoturbino\" \/>\t\t\t\t\t\t\n\t\t\t\t\t<\/div>\n\t\t\t\t\t\t\t\t\n<style>\n#image_1866305014 {\n  width: 100%;\n}\n<\/style>\n\t<\/div>\n\t\n\t<div class=\"img has-hover x md-x lg-x y md-y lg-y\" id=\"image_1957925701\">\n\t\t<a class=\"\" href=\"\/da\/pavirkning-7\/\" >\t\t\t\t\t\t<div class=\"img-inner image-color dark\" >\n\t\t\t<img decoding=\"async\" width=\"100\" height=\"100\" src=\"https:\/\/ecoturbino.world\/wp-content\/uploads\/2024\/01\/impact7.svg\" class=\"attachment-original size-original\" alt=\"P\u00e5virkning 7 af ecoturbino\" \/>\t\t\t\t\t\t\n\t\t\t\t\t<\/div>\n\t\t\t\t\t\t<\/a>\t\t\n<style>\n#image_1957925701 {\n  width: 100%;\n}\n<\/style>\n\t<\/div>\n\t\n\t\t\n<style>\n#stack-3686375206 > * {\n  --stack-gap: 0.5rem;\n}\n@media (min-width:550px) {\n  #stack-3686375206 > * {\n    --stack-gap: 1rem;\n  }\n}\n<\/style>\n\t<\/div>\n\t\n\t\t<\/div>\n\t\t\t\t\t<\/div>\n\n\t\n<\/div>\n\t\t<\/div>\n\t\t\t\t\t<\/div>\n\n\t\n\n\t<div id=\"col-184135520\" class=\"col medium-3 small-12 large-3\"  >\n\t\t\t\t<div class=\"col-inner\"  >\n\t\t\t\n\t\t\t\n\t<div class=\"img has-hover x md-x lg-x y md-y lg-y\" id=\"image_2066821506\">\n\t\t\t\t\t\t\t\t<div class=\"img-inner dark\" >\n\t\t\t<img decoding=\"async\" width=\"100\" height=\"100\" src=\"https:\/\/ecoturbino.world\/wp-content\/uploads\/2024\/01\/impact6.svg\" class=\"attachment-original size-original\" alt=\"P\u00e5virkning 6 af ecoturbino\" \/>\t\t\t\t\t\t\n\t\t\t\t\t<\/div>\n\t\t\t\t\t\t\t\t\n<style>\n#image_2066821506 {\n  width: 100%;\n}\n<\/style>\n\t<\/div>\n\t\n\t\t<\/div>\n\t\t\t\t\t<\/div>\n\n\t\n<\/div>\n<div class=\"row\"  id=\"row-302180667\">\n\n\t<div id=\"col-1687487639\" class=\"col small-12 large-12\"  >\n\t\t\t\t<div class=\"col-inner\"  >\n\t\t\t\n\t\t\t\n<div class=\"is-divider divider clearfix\" style=\"max-width:100%;height:1px;\"><\/div>\n<h3><span style=\"font-size: 120%;\">Energibesparelse gjort nemt <a href=\"https:\/\/en.ecoturbino.shop\/details\/\" target=\"_blank\" rel=\"noopener\">ecoturbino<\/a> - Let at installere og velegnet til alle<\/span><\/h3>\n<p>I en tid, hvor <strong>Energibesparelser og milj\u00f8beskyttelse bliver stadig vigtigere,<\/strong> Mange mennesker leder efter m\u00e5der at <strong>reducere deres energiforbrug<\/strong> og <strong>reducere deres \u00f8kologiske fodaftryk.<\/strong><\/p>\n<p>Men de st\u00f8der ofte p\u00e5 det problem, at mange <strong>Energibesparende produkter er komplicerede<\/strong> og kr\u00e6ver professionel installation. Men s\u00e5dan beh\u00f8ver det ikke at v\u00e6re. Med ecoturbino bliver det en leg at spare p\u00e5 energien.<\/p>\n<p>Denne <strong>innovativt \u00f8strigsk produkt<\/strong> kan v\u00e6re <strong>kan installeres af alle uden forudg\u00e5ende viden<\/strong> eller ekspertise, og den passer ind i enhver bruser. Den er klar til brug p\u00e5 bare tre minutter og kr\u00e6ver hverken v\u00e6rkt\u00f8j eller kompliceret installation.<\/p>\n<h3>Hvorfor er ecoturbino s\u00e5 nem at installere?<\/h3>\n<p>Ecoturbino blev designet til at g\u00f8re<strong> installation s\u00e5 enkel som muligt<\/strong>. Det kr\u00e6ver ikke kompliceret v\u00e6rkt\u00f8j eller specialviden. Grunden til dette er det \u00bd-tommers standardgevind, der findes i de fleste VVS-tilslutninger ved bruserens varmtvandsblander.<\/p>\n<p>Dette standardgevind giver mulighed for nem og sikker montering af ecoturbino uden behov for yderligere justeringer eller modifikationer.<\/p>\n\t<div id=\"gap-1321360118\" class=\"gap-element clearfix\" style=\"display:block; height:auto;\">\n\t\t\n<style>\n#gap-1321360118 {\n  padding-top: 30px;\n}\n<\/style>\n\t<\/div>\n\t\n<div class=\"row\"  id=\"row-1811123439\">\n\n\t<div id=\"col-125363859\" class=\"col medium-4 small-12 large-4\"  >\n\t\t\t\t<div class=\"col-inner\"  >\n\t\t\t\n\t\t\t\n\t<div class=\"img has-hover radius10 x md-x lg-x y md-y lg-y\" id=\"image_69106408\">\n\t\t\t\t\t\t\t\t<div class=\"img-inner dark\" >\n\t\t\t<img decoding=\"async\" width=\"600\" height=\"600\" src=\"https:\/\/ecoturbino.world\/wp-content\/uploads\/2024\/01\/tools-shower_600.webp\" class=\"attachment-original size-original\" alt=\"Symbol for brusev\u00e6rkt\u00f8j\" srcset=\"https:\/\/ecoturbino.world\/wp-content\/uploads\/2024\/01\/tools-shower_600.webp 600w, https:\/\/ecoturbino.world\/wp-content\/uploads\/2024\/01\/tools-shower_600-500x500.webp 500w, https:\/\/ecoturbino.world\/wp-content\/uploads\/2024\/01\/tools-shower_600-32x32.webp 32w, https:\/\/ecoturbino.world\/wp-content\/uploads\/2024\/01\/tools-shower_600-48x48.webp 48w, https:\/\/ecoturbino.world\/wp-content\/uploads\/2024\/01\/tools-shower_600-80x80.webp 80w, https:\/\/ecoturbino.world\/wp-content\/uploads\/2024\/01\/tools-shower_600-180x180.webp 180w\" sizes=\"(max-width: 600px) 100vw, 600px\" \/>\t\t\t\t\t\t\n\t\t\t\t\t<\/div>\n\t\t\t\t\t\t\t\t\n<style>\n#image_69106408 {\n  width: 100%;\n}\n<\/style>\n\t<\/div>\n\t\n\t\t<\/div>\n\t\t\t\t\t<\/div>\n\n\t\n\n\t<div id=\"col-24156969\" class=\"col medium-8 small-12 large-8\"  >\n\t\t\t\t<div class=\"col-inner\"  >\n\t\t\t\n\t\t\t\n<h3>Den enkle ecoturbino-installationsproces<\/h3>\n<p>Det kunne ikke v\u00e6re nemmere at installere ecoturbino. Her er trinene i detaljer:<\/p>\n<ol>\n<li><strong>Forberedelse:<\/strong> S\u00f8rg for, at din bruserslange har en <strong>\u00bd-tommers standardgevind<\/strong> (som er den verdensomsp\u00e6ndende standard). Det er tilf\u00e6ldet i de fleste brusere.<\/li>\n<li><strong>Fjern bruserslangen:<\/strong> Skru den af ved at dreje den med uret.<\/li>\n<li><strong>S\u00e6t ecoturbino p\u00e5:<\/strong> Du skal blot skrue ecoturbino p\u00e5 blanderens \u00bd-tommers standardgevind og dreje den med uret, indtil den sidder godt fast.<\/li>\n<li>S\u00e6t nu vandslangen p\u00e5 ecoturbinoen - f\u00e6rdig! Din ecoturbino er nu klar til brug. Der er ikke behov for yderligere trin.<\/li>\n<\/ol>\n\t\t<\/div>\n\t\t\t\t\t<\/div>\n\n\t\n<\/div>\n\t<div id=\"gap-1683650860\" class=\"gap-element clearfix\" style=\"display:block; height:auto;\">\n\t\t\n<style>\n#gap-1683650860 {\n  padding-top: 30px;\n}\n<\/style>\n\t<\/div>\n\t\n<div class=\"row\"  id=\"row-444503765\">\n\n\t<div id=\"col-405869084\" class=\"col medium-6 small-12 large-6\"  >\n\t\t\t\t<div class=\"col-inner\"  >\n\t\t\t\n\t\t\t\n<h3>Der kr\u00e6ves ingen forudg\u00e5ende viden eller ekspertise<\/h3>\n<p>Det bedste ved ecoturbino er, at det er <strong>velegnet til alle<\/strong>. Du beh\u00f8ver ingen forudg\u00e5ende viden eller ekspertise inden for VVS-installationer. Standardgevindet og den nemme fastg\u00f8relse g\u00f8r installationen til en leg.<\/p>\n<blockquote>\n<p>Det er en god m\u00e5de at spare energi og vand p\u00e5 uden at skulle bekymre sig om den komplicerede installation.<\/p>\n<\/blockquote>\n\t\t<\/div>\n\t\t\t\t\t<\/div>\n\n\t\n\n\t<div id=\"col-899947791\" class=\"col medium-6 small-12 large-6\"  >\n\t\t\t\t<div class=\"col-inner\" style=\"background-color:#c0d63d;\" >\n\t\t\t\n\t\t\t\n\t<div id=\"text-322024012\" class=\"text\">\n\t\t\n<h4 class=\"uppercase\">KONKLUSION<\/h4>\n\t\t\n<style>\n#text-322024012 {\n  font-size: 2rem;\n  text-align: right;\n  color: rgb(255,255,255);\n}\n#text-322024012 > * {\n  color: rgb(255,255,255);\n}\n@media (min-width:550px) {\n  #text-322024012 {\n    font-size: 3.5rem;\n  }\n}\n<\/style>\n\t<\/div>\n\t\n<h3>De store fordele ved ecoturbino<\/h3>\n<p>Ecoturbino tilbyder ikke kun nem installation, men ogs\u00e5 en r\u00e6kke fordele, som <strong>g\u00f8r det til en v\u00e6rdifuld investering<\/strong>:<\/p>\n<ul>\n<li><strong><a href=\"https:\/\/ecoturbino.world\/da\/eu-regulerer-ferskvand\/\">Vandbesparelser<\/a>:<\/strong> Ecoturbino reducerer vandforbruget under brusebad med 40 procent. Det sparer ikke kun vand, men s\u00e6nker ogs\u00e5 omkostningerne til produktion og bortskaffelse af vand.<\/li>\n<li><strong>Energibesparelser:<\/strong> Da mindre vand skal opvarmes for at give varmt brusevand, f\u00f8rer ecoturbino ogs\u00e5 til betydelige energibesparelser og lavere energiomkostninger.<\/li>\n<li><strong>Milj\u00f8venlig:<\/strong> Reduceret vand- og energiforbrug bidrager til milj\u00f8beskyttelse og et fald i CO2-udledningen.<\/li>\n<li><strong>Hurtig tilbagebetaling:<\/strong> Besparelserne p\u00e5 vand- og energiomkostninger g\u00f8r hurtigt investeringen i ecoturbino rentabel.<\/li>\n<li><strong>Forbedret brusekomfort:<\/strong> P\u00e5 trods af det reducerede vandforbrug giver ecoturbino stadig en st\u00e6rk og behagelig bruseoplevelse. Vandstr\u00f8mmen forbliver robust og behagelig.<\/li>\n<\/ul>\n<blockquote>\n<p>Alt i alt er ecoturbino en enkel og <strong>omkostningseffektiv m\u00e5de at spare energi og vand p\u00e5 uden at g\u00e5 p\u00e5 kompromis med brusekomforten.<\/strong> Alle kan installere det og drage fordel af de mange fordele, det giver. Det er en win-win-l\u00f8sning for din pengepung og for milj\u00f8et.<\/p>\n<\/blockquote>\n\t\t<\/div>\n\t\t\t\t\n<style>\n#col-899947791 > .col-inner {\n  padding: 10px 20px 1px 20px;\n  border-radius: 10px;\n}\n<\/style>\n\t<\/div>\n\n\t\n<\/div>\n\t\t<\/div>\n\t\t\t\t\n<style>\n#col-1687487639 > .col-inner {\n  margin: 0px 0px -125px 0px;\n}\n@media (min-width:550px) {\n  #col-1687487639 > .col-inner {\n    margin: 0px 0px -200px 0px;\n  }\n}\n<\/style>\n\t<\/div>\n\n\t\n<\/div>\n\t\t<\/div>\n\n\t\t\n<style>\n#section_1394392383 {\n  padding-top: 30px;\n  padding-bottom: 30px;\n}\n<\/style>\n\t<\/section>\n\t\n\n\t<section class=\"section\" id=\"section_1653947491\">\n\t\t<div class=\"section-bg fill\" >\n\t\t\t<img decoding=\"async\" width=\"1920\" height=\"683\" src=\"https:\/\/ecoturbino.world\/wp-content\/uploads\/2025\/12\/ecoturbino-function_1920-1.webp\" class=\"bg attachment- size-\" alt=\"ecoturbino funktion\" \/>\t\t\t\t\t\t<div class=\"section-bg-overlay absolute fill\"><\/div>\n\t\t\t\n\n\t\t<\/div>\n\n\t\t\t<div class=\"ux-shape-divider ux-shape-divider--top ux-shape-divider--style-waves-opacity\">\n\t\t<svg viewbox=\"0 0 1000 300\" xmlns=\"http:\/\/www.w3.org\/2000\/svg\" preserveaspectratio=\"none\">\n    <path class=\"ux-shape-fill\" d=\"M0 300L-1 69.71C216 57 299.47 198.86 403 226C506 253 577 196 660 197C740 198 790.09 234.07 874 267C935.23 291 982 282.61 1000 277.61V300H0Z\"\/>\n    <path class=\"ux-shape-fill\" opacity=\"0.5\" d=\"M1 265.094L0 50.5C217 37.79 300.47 186.36 404 213.5C507 240.5 578 196.5 661 197.5C741 198.5 787.59 239.57 871.5 272.5C932.73 296.5 980.5 284.5 998.5 279.5V298.5L1 265.094Z\"\/>\n    <path class=\"ux-shape-fill\" opacity=\"0.15\" d=\"M0.999878 244.094L-0.00012207 27C217 14.29 300.47 173.86 404 201C507 228 578 196 661 197C741 198 787.59 243.07 871.5 276C932.73 300 980.5 284.5 998.5 279.5V299L0.999878 244.094Z\"\/>\n<\/svg>\n\n\t<\/div>\n\n\n\t\t<div class=\"section-content relative\">\n\t\t\t\n\t\t<\/div>\n\n\t\t\n<style>\n#section_1653947491 {\n  padding-top: 125px;\n  padding-bottom: 125px;\n}\n#section_1653947491 .section-bg-overlay {\n  background-color: rgba(0, 0, 0, 0.25);\n}\n#section_1653947491 .ux-shape-divider--top svg {\n  height: 80px;\n  --divider-top-width: 100%;\n}\n@media (min-width:550px) {\n  #section_1653947491 {\n    padding-top: 200px;\n    padding-bottom: 200px;\n  }\n  #section_1653947491 .ux-shape-divider--top svg {\n    height: 124px;\n  }\n}\n<\/style>\n\t<\/section>","protected":false},"excerpt":{"rendered":"","protected":false},"author":2,"featured_media":1685,"parent":0,"menu_order":0,"comment_status":"closed","ping_status":"closed","template":"page-blank.php","meta":{"inline_featured_image":false,"footnotes":""},"class_list":["post-1215","page","type-page","status-publish","has-post-thumbnail","hentry"],"_links":{"self":[{"href":"https:\/\/ecoturbino.world\/da\/wp-json\/wp\/v2\/pages\/1215","targetHints":{"allow":["GET"]}}],"collection":[{"href":"https:\/\/ecoturbino.world\/da\/wp-json\/wp\/v2\/pages"}],"about":[{"href":"https:\/\/ecoturbino.world\/da\/wp-json\/wp\/v2\/types\/page"}],"author":[{"embeddable":true,"href":"https:\/\/ecoturbino.world\/da\/wp-json\/wp\/v2\/users\/2"}],"replies":[{"embeddable":true,"href":"https:\/\/ecoturbino.world\/da\/wp-json\/wp\/v2\/comments?post=1215"}],"version-history":[{"count":0,"href":"https:\/\/ecoturbino.world\/da\/wp-json\/wp\/v2\/pages\/1215\/revisions"}],"wp:featuredmedia":[{"embeddable":true,"href":"https:\/\/ecoturbino.world\/da\/wp-json\/wp\/v2\/media\/1685"}],"wp:attachment":[{"href":"https:\/\/ecoturbino.world\/da\/wp-json\/wp\/v2\/media?parent=1215"}],"curies":[{"name":"wp","href":"https:\/\/api.w.org\/{rel}","templated":true}]}}