{"id":1212,"date":"2024-01-01T12:02:37","date_gmt":"2024-01-01T11:02:37","guid":{"rendered":"https:\/\/ecoturbino.eu\/?page_id=1212"},"modified":"2025-12-29T22:45:10","modified_gmt":"2025-12-29T21:45:10","slug":"pavirkning-5","status":"publish","type":"page","link":"https:\/\/ecoturbino.world\/da\/impact-5\/","title":{"rendered":"Den ressourcebevarende brug af jorden"},"content":{"rendered":"<section class=\"section zindex1\" id=\"section_2005018127\">\n\t\t<div class=\"section-bg fill\" >\n\t\t\t\t\t\t\t\t\t\n\t\t\t\n\n\t\t<\/div>\n\n\t\t\n\n\t\t<div class=\"section-content relative\">\n\t\t\t\n<div class=\"row row-small\"  id=\"row-1009272629\">\n\n\t<div id=\"col-1235799575\" class=\"col medium-9 small-12 large-9\"  >\n\t\t\t\t<div class=\"col-inner\"  >\n\t\t\t\n\t\t\t\n<h1 class=\"uppercase\">Ressourcebevarende behandling af jorden<\/h1>\n<h3 class=\"thin-font\">den femte effekt af ecoturbino\u00ae vandbesparende milj\u00f8beskyttende system<\/h3>\n<div class=\"row\"  id=\"row-380577482\">\n\n\t<div id=\"col-1496422136\" class=\"col medium-11 small-12 large-11\"  >\n\t\t\t\t<div class=\"col-inner\"  >\n\t\t\t\n\t\t\t\n\t<div id=\"stack-915381871\" class=\"stack stack-row justify-start items-start\">\n\t\t\n\t<div class=\"img has-hover x md-x lg-x y md-y lg-y\" id=\"image_2005901581\">\n\t\t<a class=\"\" href=\"\/da\/pavirkning-1\/\" >\t\t\t\t\t\t<div class=\"img-inner image-color dark\" >\n\t\t\t<img decoding=\"async\" width=\"100\" height=\"100\" src=\"https:\/\/ecoturbino.world\/wp-content\/uploads\/2024\/01\/impact1.svg\" class=\"attachment-original size-original\" alt=\"\" \/>\t\t\t\t\t\t\n\t\t\t\t\t<\/div>\n\t\t\t\t\t\t<\/a>\t\t\n<style>\n#image_2005901581 {\n  width: 100%;\n}\n<\/style>\n\t<\/div>\n\t\n\t<div class=\"img has-hover x md-x lg-x y md-y lg-y\" id=\"image_1462180766\">\n\t\t<a class=\"\" href=\"\/da\/pavirkning-2\/\" >\t\t\t\t\t\t<div class=\"img-inner image-color dark\" >\n\t\t\t<img decoding=\"async\" width=\"100\" height=\"100\" src=\"https:\/\/ecoturbino.world\/wp-content\/uploads\/2024\/01\/impact2.svg\" class=\"attachment-original size-original\" alt=\"\" \/>\t\t\t\t\t\t\n\t\t\t\t\t<\/div>\n\t\t\t\t\t\t<\/a>\t\t\n<style>\n#image_1462180766 {\n  width: 100%;\n}\n<\/style>\n\t<\/div>\n\t\n\t<div class=\"img has-hover x md-x lg-x y md-y lg-y\" id=\"image_1552072729\">\n\t\t<a class=\"\" href=\"\/da\/pavirkning-3\/\" >\t\t\t\t\t\t<div class=\"img-inner image-color dark\" >\n\t\t\t<img decoding=\"async\" width=\"100\" height=\"100\" src=\"https:\/\/ecoturbino.world\/wp-content\/uploads\/2024\/01\/impact3.svg\" class=\"attachment-original size-original\" alt=\"Effekt 3 af ecoturbino\" \/>\t\t\t\t\t\t\n\t\t\t\t\t<\/div>\n\t\t\t\t\t\t<\/a>\t\t\n<style>\n#image_1552072729 {\n  width: 100%;\n}\n<\/style>\n\t<\/div>\n\t\n\t<div class=\"img has-hover x md-x lg-x y md-y lg-y\" id=\"image_1394574462\">\n\t\t<a class=\"\" href=\"\/da\/pavirkning-4\/\" >\t\t\t\t\t\t<div class=\"img-inner image-color dark\" >\n\t\t\t<img decoding=\"async\" width=\"100\" height=\"100\" src=\"https:\/\/ecoturbino.world\/wp-content\/uploads\/2024\/01\/impact4.svg\" class=\"attachment-original size-original\" alt=\"Effekt 4 af ecoturbino\" \/>\t\t\t\t\t\t\n\t\t\t\t\t<\/div>\n\t\t\t\t\t\t<\/a>\t\t\n<style>\n#image_1394574462 {\n  width: 100%;\n}\n<\/style>\n\t<\/div>\n\t\n\t<div class=\"img has-hover x md-x lg-x y md-y lg-y\" id=\"image_380112313\">\n\t\t\t\t\t\t\t\t<div class=\"img-inner dark\" >\n\t\t\t<img decoding=\"async\" width=\"100\" height=\"100\" src=\"https:\/\/ecoturbino.world\/wp-content\/uploads\/2024\/01\/impact5.svg\" class=\"attachment-original size-original\" alt=\"\" \/>\t\t\t\t\t\t\n\t\t\t\t\t<\/div>\n\t\t\t\t\t\t\t\t\n<style>\n#image_380112313 {\n  width: 100%;\n}\n<\/style>\n\t<\/div>\n\t\n\t<div class=\"img has-hover x md-x lg-x y md-y lg-y\" id=\"image_2025030922\">\n\t\t<a class=\"\" href=\"\/da\/pavirkning-6\/\" >\t\t\t\t\t\t<div class=\"img-inner image-color dark\" >\n\t\t\t<img decoding=\"async\" width=\"100\" height=\"100\" src=\"https:\/\/ecoturbino.world\/wp-content\/uploads\/2024\/01\/impact6.svg\" class=\"attachment-original size-original\" alt=\"P\u00e5virkning 6 af ecoturbino\" \/>\t\t\t\t\t\t\n\t\t\t\t\t<\/div>\n\t\t\t\t\t\t<\/a>\t\t\n<style>\n#image_2025030922 {\n  width: 100%;\n}\n<\/style>\n\t<\/div>\n\t\n\t<div class=\"img has-hover x md-x lg-x y md-y lg-y\" id=\"image_899350941\">\n\t\t<a class=\"\" href=\"\/da\/pavirkning-7\/\" >\t\t\t\t\t\t<div class=\"img-inner image-color dark\" >\n\t\t\t<img decoding=\"async\" width=\"100\" height=\"100\" src=\"https:\/\/ecoturbino.world\/wp-content\/uploads\/2024\/01\/impact7.svg\" class=\"attachment-original size-original\" alt=\"P\u00e5virkning 7 af ecoturbino\" \/>\t\t\t\t\t\t\n\t\t\t\t\t<\/div>\n\t\t\t\t\t\t<\/a>\t\t\n<style>\n#image_899350941 {\n  width: 100%;\n}\n<\/style>\n\t<\/div>\n\t\n\t\t\n<style>\n#stack-915381871 > * {\n  --stack-gap: 0.5rem;\n}\n@media (min-width:550px) {\n  #stack-915381871 > * {\n    --stack-gap: 1rem;\n  }\n}\n<\/style>\n\t<\/div>\n\t\n\t\t<\/div>\n\t\t\t\t\t<\/div>\n\n\t\n<\/div>\n\t\t<\/div>\n\t\t\t\t\t<\/div>\n\n\t\n\n\t<div id=\"col-464750373\" class=\"col medium-3 small-12 large-3\"  >\n\t\t\t\t<div class=\"col-inner\"  >\n\t\t\t\n\t\t\t\n\t<div class=\"img has-hover x md-x lg-x y md-y lg-y\" id=\"image_860789354\">\n\t\t\t\t\t\t\t\t<div class=\"img-inner dark\" >\n\t\t\t<img decoding=\"async\" width=\"100\" height=\"100\" src=\"https:\/\/ecoturbino.world\/wp-content\/uploads\/2024\/01\/impact5.svg\" class=\"attachment-original size-original\" alt=\"\" \/>\t\t\t\t\t\t\n\t\t\t\t\t<\/div>\n\t\t\t\t\t\t\t\t\n<style>\n#image_860789354 {\n  width: 100%;\n}\n<\/style>\n\t<\/div>\n\t\n\t\t<\/div>\n\t\t\t\t\t<\/div>\n\n\t\n<\/div>\n<div class=\"row\"  id=\"row-1132555329\">\n\n\t<div id=\"col-1908950878\" class=\"col small-12 large-12\"  >\n\t\t\t\t<div class=\"col-inner\"  >\n\t\t\t\n\t\t\t\n<div class=\"is-divider divider clearfix\" style=\"max-width:100%;height:1px;\"><\/div>\n<h2><span style=\"font-size: 120%;\">Sparer vand, energiomkostninger og spildevand for alle | Betydningen af ecoturbino\u00ae.<\/span><\/h2>\n<p>Her reducerer vi yderligere vandforbruget under brusebad i Europa! Data vil f\u00f8lge!<\/p>\n<p><strong>Vores verden bliver stadig mere t\u00f8r<\/strong>med <strong>Vand- og energipriserne stiger st\u00f8t<\/strong>og omkostningerne til spildevandsrensningsanl\u00e6g stiger ogs\u00e5. I lyset af disse udfordringer er det vigtigt at bruge ressourcerne mere effektivt og handle b\u00e6redygtigt.<\/p>\n<blockquote>\n<p>En af de tilsyneladende ubetydelige, men <strong>Ikke desto mindre er spild af tid at g\u00e5 i bad.<\/strong>. Vi nyder et kort m\u00f8de med varmt vand, men bagefter bliver dette vand til varmt spildevand, som blot skylles ud i afl\u00f8bet.<\/p>\n<\/blockquote>\n<p>Dette er en <strong><a href=\"https:\/\/ecoturbino.world\/da\/eu-regulerer-ferskvand\/\">meningsl\u00f8st spild af v\u00e6rdifuldt vand<\/a> og energi<\/strong> og er i modstrid med principperne om b\u00e6redygtighed og milj\u00f8beskyttelse. Det er her, at <strong>banebrydende teknologi fra ecoturbino<\/strong> kommer i spil og g\u00f8r det muligt for alle at<strong> Spar 40 procent af vandforbruget<\/strong> mens du er i bad, og reducerer straks omkostningerne.<\/p>\n<h3>Sp\u00f8rgsm\u00e5let om <strong>Vand- og energispild under brusebad<\/strong><\/h3>\n<p><strong>Brusebad<\/strong> er en af vores daglige vaner, hvor vi ofte ikke t\u00e6nker over, hvordan det p\u00e5virker vores milj\u00f8. Vi nyder det varme vand, der str\u00f8mmer over vores hud, og glemmer, at det er en begr\u00e6nset ressource.<\/p>\n<p>Problemet begynder, n\u00e5r <strong>Brugt brusevand ryger i kloakken som varmt spildevand.<\/strong> Opvarmning af vand kr\u00e6ver energi, ofte fra ikke-vedvarende kilder, hvilket medf\u00f8rer omkostninger.<\/p>\n<p>Desuden skal spildevandsrensningsanl\u00e6g <strong>behandle dette spildevand, hvilket giver ekstra omkostninger<\/strong>. Skyh\u00f8je omkostninger til spildevand.<\/p>\n\t<div id=\"gap-1617101716\" class=\"gap-element clearfix\" style=\"display:block; height:auto;\">\n\t\t\n<style>\n#gap-1617101716 {\n  padding-top: 30px;\n}\n<\/style>\n\t<\/div>\n\t\n<div class=\"row\"  id=\"row-514442753\">\n\n\t<div id=\"col-1892483829\" class=\"col medium-4 small-12 large-4\"  >\n\t\t\t\t<div class=\"col-inner\"  >\n\t\t\t\n\t\t\t\n\t<div class=\"img has-hover radius10 x md-x lg-x y md-y lg-y\" id=\"image_617818675\">\n\t\t\t\t\t\t\t\t<div class=\"img-inner dark\" >\n\t\t\t<img decoding=\"async\" width=\"600\" height=\"600\" src=\"https:\/\/ecoturbino.world\/wp-content\/uploads\/2024\/01\/water-saving-environment-costs_600.webp\" class=\"attachment-original size-original\" alt=\"Vandbesparende milj\u00f8beskyttelsessymbol\" srcset=\"https:\/\/ecoturbino.world\/wp-content\/uploads\/2024\/01\/water-saving-environment-costs_600.webp 600w, https:\/\/ecoturbino.world\/wp-content\/uploads\/2024\/01\/water-saving-environment-costs_600-500x500.webp 500w, https:\/\/ecoturbino.world\/wp-content\/uploads\/2024\/01\/water-saving-environment-costs_600-32x32.webp 32w, https:\/\/ecoturbino.world\/wp-content\/uploads\/2024\/01\/water-saving-environment-costs_600-48x48.webp 48w, https:\/\/ecoturbino.world\/wp-content\/uploads\/2024\/01\/water-saving-environment-costs_600-80x80.webp 80w, https:\/\/ecoturbino.world\/wp-content\/uploads\/2024\/01\/water-saving-environment-costs_600-180x180.webp 180w\" sizes=\"(max-width: 600px) 100vw, 600px\" \/>\t\t\t\t\t\t\n\t\t\t\t\t<\/div>\n\t\t\t\t\t\t\t\t\n<style>\n#image_617818675 {\n  width: 100%;\n}\n<\/style>\n\t<\/div>\n\t\n\t\t<\/div>\n\t\t\t\t\t<\/div>\n\n\t\n\n\t<div id=\"col-1000506975\" class=\"col medium-8 small-12 large-8\"  >\n\t\t\t\t<div class=\"col-inner\"  >\n\t\t\t\n\t\t\t\n<h3>L\u00f8sningen: ecoturbino<\/h3>\n<p>ecoturbino tilbyder en enkel og effektiv l\u00f8sning p\u00e5 dette problem. Teknologien blev udviklet til at reducere<strong> vandforbrug under brusebad med forbl\u00f8ffende 40 procent<\/strong> uden at brugerne beh\u00f8ver at g\u00e5 p\u00e5 kompromis med brusekomforten. Her er nogle af de fordele, som ecoturbino tilbyder alle:<\/p>\n<ul>\n<li><strong>Reduktion af omkostninger:<\/strong> ecoturbino g\u00f8r det muligt for alle at reducere deres vand- og energiomkostninger betydeligt. Ved at reducere vandforbruget skal der opvarmes mindre vand, hvilket f\u00f8rer til lavere energiomkostninger. Lavere vandomkostninger giver en yderligere \u00f8konomisk fordel.<\/li>\n<li><strong>Milj\u00f8venlig:<\/strong> Ved at reducere vandforbruget og spare energi bidrager ecoturbino til milj\u00f8beskyttelse. Den hj\u00e6lper med at reducere vandforbruget og mindske CO2-udledningen og bidrager dermed til milj\u00f8beskyttelse.<\/li>\n<li><strong>Kort tilbagebetalingstid:<\/strong> Anskaffelsesomkostningerne for ecoturbino er lave, og besparelserne i vand- og energiomkostninger betaler investeringen tilbage i l\u00f8bet af kort tid. Det er en \u00f8konomisk fornuftig beslutning for virksomheder, hoteller, familier, klubber, hospitaler, plejehjem og mange andre.<\/li>\n<li><strong>G\u00e5 ikke p\u00e5 kompromis med bruseforn\u00f8jelsen:<\/strong> P\u00e5 trods af det reducerede vandforbrug giver ecoturbino fortsat en behagelig og afslappende bruseoplevelse. Vandstr\u00f8mmen forbliver st\u00e6rk og behagelig uden at g\u00e5 p\u00e5 kompromis med brusekvaliteten.<\/li>\n<\/ul>\n\t\t<\/div>\n\t\t\t\t\t<\/div>\n\n\t\n<\/div>\n\t<div id=\"gap-925179074\" class=\"gap-element clearfix\" style=\"display:block; height:auto;\">\n\t\t\n<style>\n#gap-925179074 {\n  padding-top: 30px;\n}\n<\/style>\n\t<\/div>\n\t\n<div class=\"row\"  id=\"row-531822383\">\n\n\t<div id=\"col-92861420\" class=\"col medium-6 small-12 large-6\"  >\n\t\t\t\t<div class=\"col-inner\"  >\n\t\t\t\n\t\t\t\n<h3>Yderligere fordele ved ecoturbino<\/h3>\n<p>ecoturbino giver flere fordele end blot omkostningsbesparelser. Det hj\u00e6lper med at bevare vandforsyningen og <strong>reducere byrden p\u00e5 spildevandsrensningsanl\u00e6g<\/strong>. Det er is\u00e6r vigtigt i en tid, hvor vandknaphed og milj\u00f8p\u00e5virkninger bliver mere og mere udbredt.<\/p>\n\t\t<\/div>\n\t\t\t\t\t<\/div>\n\n\t\n\n\t<div id=\"col-234969872\" class=\"col medium-6 small-12 large-6\"  >\n\t\t\t\t<div class=\"col-inner\" style=\"background-color:#c0d63d;\" >\n\t\t\t\n\t\t\t\n\t<div id=\"text-3527479259\" class=\"text\">\n\t\t\n<h4 class=\"uppercase\">KONKLUSION<\/h4>\n\t\t\n<style>\n#text-3527479259 {\n  font-size: 2rem;\n  text-align: right;\n  color: rgb(255, 255, 255);\n}\n#text-3527479259 > * {\n  color: rgb(255, 255, 255);\n}\n@media (min-width:550px) {\n  #text-3527479259 {\n    font-size: 3.5rem;\n  }\n}\n<\/style>\n\t<\/div>\n\t\n<h3>ecoturbino - En gevinst for alle, <a href=\"https:\/\/www.google.com\/aclk?sa=l&amp;ai=DChcSEwizlIz2qdWDAxXtm1oFHdKnCJEYABAAGgJ2dQ&amp;ase=2&amp;gclid=Cj0KCQiAwP6sBhDAARIsAPfK_watGz1qAKakOF_2c21Sq6uC66UaUaL18vzWqCx2GV9fPAC4TGya1OQaAgj9EALw_wcB&amp;ei=1t2fZZTQN4yJ9u8PsZifyAM&amp;sig=AOD64_3tZ_HBVO8lhe659upTWIB85jM_VA&amp;q&amp;sqi=2&amp;nis=4&amp;adurl&amp;ved=2ahUKEwiUk4L2qdWDAxWMhP0HHTHMBzkQ0Qx6BAgIEAE\" target=\"_blank\" rel=\"noopener sponsored\">T\u00dcV-certificeret<\/a> Beregning af afskrivning<\/h3>\n<p><strong>ecoturbino er en innovativ l\u00f8sning til at spare vand, energiomkostninger og spildevand,<\/strong> alt sammen uden at g\u00e5 p\u00e5 kompromis med bruseforn\u00f8jelsen. Teknologien er velegnet til virksomheder, hoteller, familier, klubber, hospitaler, plejehjem og mange andre.<\/p>\n<blockquote>\n<p>Med ecoturbino kan vi alle bidrage til milj\u00f8beskyttelse, samtidig med at vi reducerer vores \u00f8konomiske byrde.<\/p>\n<\/blockquote>\n<p>Det er p\u00e5 tide at tage ansvar for vores ressourcer og tage et skridt i retning af b\u00e6redygtighed.<\/p>\n\t\t<\/div>\n\t\t\t\t\n<style>\n#col-234969872 > .col-inner {\n  padding: 10px 20px 1px 25px;\n  border-radius: 10px;\n}\n<\/style>\n\t<\/div>\n\n\t\n<\/div>\n\t\t<\/div>\n\t\t\t\t\n<style>\n#col-1908950878 > .col-inner {\n  margin: 0px 0px -125px 0px;\n}\n@media (min-width:550px) {\n  #col-1908950878 > .col-inner {\n    margin: 0px 0px -200px 0px;\n  }\n}\n<\/style>\n\t<\/div>\n\n\t\n<\/div>\n\t\t<\/div>\n\n\t\t\n<style>\n#section_2005018127 {\n  padding-top: 30px;\n  padding-bottom: 30px;\n}\n<\/style>\n\t<\/section>\n\t\n\n\t<section class=\"section\" id=\"section_152968256\">\n\t\t<div class=\"section-bg fill\" >\n\t\t\t<img decoding=\"async\" width=\"1920\" height=\"683\" src=\"https:\/\/ecoturbino.world\/wp-content\/uploads\/2025\/12\/ecoturbino-function_1920-1.webp\" class=\"bg attachment- size-\" alt=\"ecoturbino funktion\" \/>\t\t\t\t\t\t<div class=\"section-bg-overlay absolute fill\"><\/div>\n\t\t\t\n\n\t\t<\/div>\n\n\t\t\t<div class=\"ux-shape-divider ux-shape-divider--top ux-shape-divider--style-waves-opacity\">\n\t\t<svg viewbox=\"0 0 1000 300\" xmlns=\"http:\/\/www.w3.org\/2000\/svg\" preserveaspectratio=\"none\">\n    <path class=\"ux-shape-fill\" d=\"M0 300L-1 69.71C216 57 299.47 198.86 403 226C506 253 577 196 660 197C740 198 790.09 234.07 874 267C935.23 291 982 282.61 1000 277.61V300H0Z\"\/>\n    <path class=\"ux-shape-fill\" opacity=\"0.5\" d=\"M1 265.094L0 50.5C217 37.79 300.47 186.36 404 213.5C507 240.5 578 196.5 661 197.5C741 198.5 787.59 239.57 871.5 272.5C932.73 296.5 980.5 284.5 998.5 279.5V298.5L1 265.094Z\"\/>\n    <path class=\"ux-shape-fill\" opacity=\"0.15\" d=\"M0.999878 244.094L-0.00012207 27C217 14.29 300.47 173.86 404 201C507 228 578 196 661 197C741 198 787.59 243.07 871.5 276C932.73 300 980.5 284.5 998.5 279.5V299L0.999878 244.094Z\"\/>\n<\/svg>\n\n\t<\/div>\n\n\n\t\t<div class=\"section-content relative\">\n\t\t\t\n\t\t<\/div>\n\n\t\t\n<style>\n#section_152968256 {\n  padding-top: 125px;\n  padding-bottom: 125px;\n}\n#section_152968256 .section-bg-overlay {\n  background-color: rgba(0, 0, 0, 0.25);\n}\n#section_152968256 .ux-shape-divider--top svg {\n  height: 80px;\n  --divider-top-width: 100%;\n}\n@media (min-width:550px) {\n  #section_152968256 {\n    padding-top: 200px;\n    padding-bottom: 200px;\n  }\n  #section_152968256 .ux-shape-divider--top svg {\n    height: 124px;\n  }\n}\n<\/style>\n\t<\/section>","protected":false},"excerpt":{"rendered":"","protected":false},"author":2,"featured_media":1680,"parent":0,"menu_order":0,"comment_status":"closed","ping_status":"closed","template":"page-blank.php","meta":{"inline_featured_image":false,"footnotes":""},"class_list":["post-1212","page","type-page","status-publish","has-post-thumbnail","hentry"],"_links":{"self":[{"href":"https:\/\/ecoturbino.world\/da\/wp-json\/wp\/v2\/pages\/1212","targetHints":{"allow":["GET"]}}],"collection":[{"href":"https:\/\/ecoturbino.world\/da\/wp-json\/wp\/v2\/pages"}],"about":[{"href":"https:\/\/ecoturbino.world\/da\/wp-json\/wp\/v2\/types\/page"}],"author":[{"embeddable":true,"href":"https:\/\/ecoturbino.world\/da\/wp-json\/wp\/v2\/users\/2"}],"replies":[{"embeddable":true,"href":"https:\/\/ecoturbino.world\/da\/wp-json\/wp\/v2\/comments?post=1212"}],"version-history":[{"count":0,"href":"https:\/\/ecoturbino.world\/da\/wp-json\/wp\/v2\/pages\/1212\/revisions"}],"wp:featuredmedia":[{"embeddable":true,"href":"https:\/\/ecoturbino.world\/da\/wp-json\/wp\/v2\/media\/1680"}],"wp:attachment":[{"href":"https:\/\/ecoturbino.world\/da\/wp-json\/wp\/v2\/media?parent=1212"}],"curies":[{"name":"wp","href":"https:\/\/api.w.org\/{rel}","templated":true}]}}