{"id":1207,"date":"2024-01-01T11:58:41","date_gmt":"2024-01-01T10:58:41","guid":{"rendered":"https:\/\/ecoturbino.eu\/?page_id=1207"},"modified":"2025-12-29T22:44:51","modified_gmt":"2025-12-29T21:44:51","slug":"pavirkning-4","status":"publish","type":"page","link":"https:\/\/ecoturbino.world\/da\/impact-4\/","title":{"rendered":"Tilstr\u00e6kkeligt brusevandstryk til alle (ikke et problem i husholdninger)"},"content":{"rendered":"<section class=\"section zindex1\" id=\"section_1792924297\">\n\t\t<div class=\"section-bg fill\" >\n\t\t\t\t\t\t\t\t\t\n\t\t\t\n\n\t\t<\/div>\n\n\t\t\n\n\t\t<div class=\"section-content relative\">\n\t\t\t\n<div class=\"row row-small\"  id=\"row-964327795\">\n\n\t<div id=\"col-2085976758\" class=\"col medium-9 small-12 large-9\"  >\n\t\t\t\t<div class=\"col-inner\"  >\n\t\t\t\n\t\t\t\n<h1 class=\"uppercase\">Tilstr\u00e6kkeligt vandtryk til alle (kun til virksomheder)<\/h1>\n<h3 class=\"thin-font\">den fjerde effekt af ecoturbino\u00ae vandbesparende milj\u00f8beskyttende system<\/h3>\n<div class=\"row\"  id=\"row-139525555\">\n\n\t<div id=\"col-1236055595\" class=\"col medium-11 small-12 large-11\"  >\n\t\t\t\t<div class=\"col-inner\"  >\n\t\t\t\n\t\t\t\n\t<div id=\"stack-3253041155\" class=\"stack stack-row justify-start items-start\">\n\t\t\n\t<div class=\"img has-hover x md-x lg-x y md-y lg-y\" id=\"image_1504062619\">\n\t\t<a class=\"\" href=\"\/da\/pavirkning-1\/\" >\t\t\t\t\t\t<div class=\"img-inner image-color dark\" >\n\t\t\t<img decoding=\"async\" width=\"100\" height=\"100\" src=\"https:\/\/ecoturbino.world\/wp-content\/uploads\/2024\/01\/impact1.svg\" class=\"attachment-original size-original\" alt=\"\" \/>\t\t\t\t\t\t\n\t\t\t\t\t<\/div>\n\t\t\t\t\t\t<\/a>\t\t\n<style>\n#image_1504062619 {\n  width: 100%;\n}\n<\/style>\n\t<\/div>\n\t\n\t<div class=\"img has-hover x md-x lg-x y md-y lg-y\" id=\"image_304870561\">\n\t\t<a class=\"\" href=\"\/da\/pavirkning-2\/\" >\t\t\t\t\t\t<div class=\"img-inner image-color dark\" >\n\t\t\t<img decoding=\"async\" width=\"100\" height=\"100\" src=\"https:\/\/ecoturbino.world\/wp-content\/uploads\/2024\/01\/impact2.svg\" class=\"attachment-original size-original\" alt=\"\" \/>\t\t\t\t\t\t\n\t\t\t\t\t<\/div>\n\t\t\t\t\t\t<\/a>\t\t\n<style>\n#image_304870561 {\n  width: 100%;\n}\n<\/style>\n\t<\/div>\n\t\n\t<div class=\"img has-hover x md-x lg-x y md-y lg-y\" id=\"image_1893066052\">\n\t\t<a class=\"\" href=\"\/da\/pavirkning-3\/\" >\t\t\t\t\t\t<div class=\"img-inner image-color dark\" >\n\t\t\t<img decoding=\"async\" width=\"100\" height=\"100\" src=\"https:\/\/ecoturbino.world\/wp-content\/uploads\/2024\/01\/impact3.svg\" class=\"attachment-original size-original\" alt=\"Effekt 3 af ecoturbino\" \/>\t\t\t\t\t\t\n\t\t\t\t\t<\/div>\n\t\t\t\t\t\t<\/a>\t\t\n<style>\n#image_1893066052 {\n  width: 100%;\n}\n<\/style>\n\t<\/div>\n\t\n\t<div class=\"img has-hover x md-x lg-x y md-y lg-y\" id=\"image_530755169\">\n\t\t\t\t\t\t\t\t<div class=\"img-inner dark\" >\n\t\t\t<img decoding=\"async\" width=\"100\" height=\"100\" src=\"https:\/\/ecoturbino.world\/wp-content\/uploads\/2024\/01\/impact4.svg\" class=\"attachment-original size-original\" alt=\"Effekt 4 af ecoturbino\" \/>\t\t\t\t\t\t\n\t\t\t\t\t<\/div>\n\t\t\t\t\t\t\t\t\n<style>\n#image_530755169 {\n  width: 100%;\n}\n<\/style>\n\t<\/div>\n\t\n\t<div class=\"img has-hover x md-x lg-x y md-y lg-y\" id=\"image_2060730384\">\n\t\t<a class=\"\" href=\"\/da\/pavirkning-5\/\" >\t\t\t\t\t\t<div class=\"img-inner image-color dark\" >\n\t\t\t<img decoding=\"async\" width=\"100\" height=\"100\" src=\"https:\/\/ecoturbino.world\/wp-content\/uploads\/2024\/01\/impact5.svg\" class=\"attachment-original size-original\" alt=\"\" \/>\t\t\t\t\t\t\n\t\t\t\t\t<\/div>\n\t\t\t\t\t\t<\/a>\t\t\n<style>\n#image_2060730384 {\n  width: 100%;\n}\n<\/style>\n\t<\/div>\n\t\n\t<div class=\"img has-hover x md-x lg-x y md-y lg-y\" id=\"image_1593371881\">\n\t\t<a class=\"\" href=\"\/da\/pavirkning-6\/\" >\t\t\t\t\t\t<div class=\"img-inner image-color dark\" >\n\t\t\t<img decoding=\"async\" width=\"100\" height=\"100\" src=\"https:\/\/ecoturbino.world\/wp-content\/uploads\/2024\/01\/impact6.svg\" class=\"attachment-original size-original\" alt=\"P\u00e5virkning 6 af ecoturbino\" \/>\t\t\t\t\t\t\n\t\t\t\t\t<\/div>\n\t\t\t\t\t\t<\/a>\t\t\n<style>\n#image_1593371881 {\n  width: 100%;\n}\n<\/style>\n\t<\/div>\n\t\n\t<div class=\"img has-hover x md-x lg-x y md-y lg-y\" id=\"image_518110272\">\n\t\t<a class=\"\" href=\"\/da\/pavirkning-7\/\" >\t\t\t\t\t\t<div class=\"img-inner image-color dark\" >\n\t\t\t<img decoding=\"async\" width=\"100\" height=\"100\" src=\"https:\/\/ecoturbino.world\/wp-content\/uploads\/2024\/01\/impact7.svg\" class=\"attachment-original size-original\" alt=\"P\u00e5virkning 7 af ecoturbino\" \/>\t\t\t\t\t\t\n\t\t\t\t\t<\/div>\n\t\t\t\t\t\t<\/a>\t\t\n<style>\n#image_518110272 {\n  width: 100%;\n}\n<\/style>\n\t<\/div>\n\t\n\t\t\n<style>\n#stack-3253041155 > * {\n  --stack-gap: 0.5rem;\n}\n@media (min-width:550px) {\n  #stack-3253041155 > * {\n    --stack-gap: 1rem;\n  }\n}\n<\/style>\n\t<\/div>\n\t\n\t\t<\/div>\n\t\t\t\t\t<\/div>\n\n\t\n<\/div>\n\t\t<\/div>\n\t\t\t\t\t<\/div>\n\n\t\n\n\t<div id=\"col-2014191727\" class=\"col medium-3 small-12 large-3\"  >\n\t\t\t\t<div class=\"col-inner\"  >\n\t\t\t\n\t\t\t\n\t<div class=\"img has-hover x md-x lg-x y md-y lg-y\" id=\"image_533144130\">\n\t\t\t\t\t\t\t\t<div class=\"img-inner dark\" >\n\t\t\t<img decoding=\"async\" width=\"100\" height=\"100\" src=\"https:\/\/ecoturbino.world\/wp-content\/uploads\/2024\/01\/impact4.svg\" class=\"attachment-original size-original\" alt=\"Effekt 4 af ecoturbino\" \/>\t\t\t\t\t\t\n\t\t\t\t\t<\/div>\n\t\t\t\t\t\t\t\t\n<style>\n#image_533144130 {\n  width: 100%;\n}\n<\/style>\n\t<\/div>\n\t\n\t\t<\/div>\n\t\t\t\t\t<\/div>\n\n\t\n<\/div>\n<div class=\"row\"  id=\"row-339147671\">\n\n\t<div id=\"col-1957418940\" class=\"col small-12 large-12\"  >\n\t\t\t\t<div class=\"col-inner\"  >\n\t\t\t\n\t\t\t\n<div class=\"is-divider divider clearfix\" style=\"max-width:100%;height:1px;\"><\/div>\n<h3><span style=\"font-size: 120%;\">Effektive brusel\u00f8sninger til hoteller, <a href=\"https:\/\/ecoturbino.world\/da\/katalog-verden\/kategorier\/studenterboliger\/\" target=\"_blank\" rel=\"noopener\">Sovesale til studerende<\/a>Klubber og fitnesscentre: ecoturbino giver \u00f8get tilfredshed<\/span><\/h3>\n<p>I <strong>hoteller, klubber og fitnesscentre kan varmtvandsforsyningen ofte blive et reelt problem,<\/strong> is\u00e6r n\u00e5r alle g\u00e6ster eller medlemmer <strong>\u00f8nsker at tage bad p\u00e5 samme tid<\/strong>. Efter sport, skil\u00f8b eller f\u00f8r aftensmaden skynder folk sig i bad, og de...<a href=\"https:\/\/en.wikipedia.org\/wiki\/Plumbing#Water_pipes\" target=\"_blank\" rel=\"noopener sponsored\"> vandr\u00f8r<\/a> kan kun give<strong> begr\u00e6nset vandkapacitet.<\/strong><\/p>\n<blockquote>\n<p>N\u00e5r for mange mennesker g\u00e5r i bad samtidig, falder vandtrykket markant, og badeoplevelsen \u00f8del\u00e6gges. Det f\u00f8rer til utilfredse kunder eller g\u00e6ster og kan have en negativ indvirkning p\u00e5 institutionens omd\u00f8mme.<\/p>\n<\/blockquote>\n<p>Det er her, at <strong>innovative teknologi fra ecoturbino kommer i spil,<\/strong> reducere vandforbruget i brusebadet med 40 procent, opretholde vandtrykket og sikre tilfredse kunder og g\u00e6ster.<\/p>\n\t<div id=\"gap-1982952945\" class=\"gap-element clearfix\" style=\"display:block; height:auto;\">\n\t\t\n<style>\n#gap-1982952945 {\n  padding-top: 30px;\n}\n<\/style>\n\t<\/div>\n\t\n<div class=\"row\"  id=\"row-281036910\">\n\n\t<div id=\"col-14549544\" class=\"col medium-4 small-12 large-4\"  >\n\t\t\t\t<div class=\"col-inner\"  >\n\t\t\t\n\t\t\t\n\t<div class=\"img has-hover radius10 x md-x lg-x y md-y lg-y\" id=\"image_1695319118\">\n\t\t\t\t\t\t\t\t<div class=\"img-inner dark\" >\n\t\t\t<img decoding=\"async\" width=\"600\" height=\"600\" src=\"https:\/\/ecoturbino.world\/wp-content\/uploads\/2024\/01\/hotel-floor_600.webp\" class=\"attachment-original size-original\" alt=\"Symbol for hotelgulv\" srcset=\"https:\/\/ecoturbino.world\/wp-content\/uploads\/2024\/01\/hotel-floor_600.webp 600w, https:\/\/ecoturbino.world\/wp-content\/uploads\/2024\/01\/hotel-floor_600-500x500.webp 500w, https:\/\/ecoturbino.world\/wp-content\/uploads\/2024\/01\/hotel-floor_600-32x32.webp 32w, https:\/\/ecoturbino.world\/wp-content\/uploads\/2024\/01\/hotel-floor_600-48x48.webp 48w, https:\/\/ecoturbino.world\/wp-content\/uploads\/2024\/01\/hotel-floor_600-80x80.webp 80w, https:\/\/ecoturbino.world\/wp-content\/uploads\/2024\/01\/hotel-floor_600-180x180.webp 180w\" sizes=\"(max-width: 600px) 100vw, 600px\" \/>\t\t\t\t\t\t\n\t\t\t\t\t<\/div>\n\t\t\t\t\t\t\t\t\n<style>\n#image_1695319118 {\n  width: 100%;\n}\n<\/style>\n\t<\/div>\n\t\n\t\t<\/div>\n\t\t\t\t\t<\/div>\n\n\t\n\n\t<div id=\"col-906809225\" class=\"col medium-8 small-12 large-8\"  >\n\t\t\t\t<div class=\"col-inner\"  >\n\t\t\t\n\t\t\t\n<h3>Problemet med begr\u00e6nset vandkapacitet<\/h3>\n<p>Den begr\u00e6nsede vandkapacitet i r\u00f8r og varmtvandsforsyningssystemer p\u00e5 hoteller, i klubber og i fitnesscentre er et almindeligt problem. <strong>kan f\u00f8re til frustrerende situationer.<\/strong><\/p>\n<p>N\u00e5r alle \u00f8nsker at <strong>bruser p\u00e5 samme tid, kan vandtrykket falde<\/strong> s\u00e5 meget, at vandstr\u00f8mmen blot bliver en rislen. Gl\u00e6den ved at tage brusebad g\u00e5r tabt, og <strong>g\u00e6ster eller medlemmer er skuffede<\/strong>. Det kan p\u00e5virke kundetilfredsheden og skade stedets omd\u00f8mme.<\/p>\n<ul>\n<li><strong>Lange korridorer:<\/strong> Mange rum er ofte forbundet med et enkelt r\u00f8r, og \u00f8get vandforbrug n\u00e6r r\u00f8rets indgangspunkt resulterer ofte i <strong>underforsyning p\u00e5 fjerne forbrugssteder,<\/strong> et almindeligt problem i \u00e6ldre bygninger. Det er l\u00f8sningen: Eftermontering af ecoturbino-systemet sikrer en j\u00e6vn vandfordeling p\u00e5 alle forbrugssteder - det g\u00e6lder ogs\u00e5 i bygninger med flere etager!<\/li>\n<li>Den enkle l\u00f8sning: ecoturbino-systemet<\/li>\n<\/ul>\n\t\t<\/div>\n\t\t\t\t\t<\/div>\n\n\t\n<\/div>\n\t<div id=\"gap-266499119\" class=\"gap-element clearfix\" style=\"display:block; height:auto;\">\n\t\t\n<style>\n#gap-266499119 {\n  padding-top: 30px;\n}\n<\/style>\n\t<\/div>\n\t\n<div class=\"row\"  id=\"row-251740340\">\n\n\t<div id=\"col-959759672\" class=\"col medium-6 small-12 large-6\"  >\n\t\t\t\t<div class=\"col-inner\" style=\"background-color:rgb(255,255,255);\" >\n\t\t\t\n\t\t\t\n<p>ecoturbino er en effektiv l\u00f8sning p\u00e5 dette udbredte problem. Teknologien er udviklet til at reducere vandforbruget i brusebadet med imponerende 40 procent uden at p\u00e5virke vandtrykket. Her er nogle af de fordele, som ecoturbino tilbyder hoteller, klubber og fitnesscentre:<\/p>\n<ul>\n<li><strong>Bevarelse af vandtryk:<\/strong> ecoturbino sikrer, at vandtrykket opretholdes, selv n\u00e5r flere personer tager brusebad samtidig. Det betyder, at alle g\u00e6ster eller medlemmer kan nyde en st\u00e6rk og behagelig vandstr\u00f8m uden at skulle g\u00e5 p\u00e5 kompromis p\u00e5 grund af begr\u00e6nset vandtilg\u00e6ngelighed.<\/li>\n<li><strong>Tilfredse kunder og g\u00e6ster:<\/strong> ecoturbino garanterer tilfredse kunder og g\u00e6ster. De kan nyde deres bruseoplevelse fuldt ud uden at bekymre sig om vandtrykket. Dette f\u00f8rer til <strong>positiv mund-til-mund-metoden<\/strong> og styrker stedets omd\u00f8mme.<\/li>\n<li><strong>Vandbesparelser:<\/strong> Trods opretholdelse af vandtryk, <strong>ecoturbino reducerer vandforbruget betydeligt.<\/strong> Det bidrager til at spare p\u00e5 vandressourcerne og reducerer samtidig vandomkostningerne.<\/li>\n<li><strong>Energibesparelser:<\/strong> Da mindre vand skal opvarmes for at give varmt brusevand, reduceres energiomkostningerne ogs\u00e5. Det er ikke kun godt for milj\u00f8et, men ogs\u00e5 for institutionens budget.<\/li>\n<li><strong>Nem installation:<\/strong> ecoturbino kan nemt og omkostningseffektivt installeres uden behov for omfattende renoveringer. Investeringen betaler sig hurtigt gennem de opn\u00e5ede besparelser.<\/li>\n<\/ul>\n\t\t<\/div>\n\t\t\t\t\n<style>\n#col-959759672 > .col-inner {\n  padding: 15px 15px 15px 15px;\n  border-radius: 10px;\n}\n<\/style>\n\t<\/div>\n\n\t\n\n\t<div id=\"col-889245680\" class=\"col medium-6 small-12 large-6\"  >\n\t\t\t\t<div class=\"col-inner\" style=\"background-color:#c0d63d;\" >\n\t\t\t\n\t\t\t\n\t<div id=\"text-139260059\" class=\"text\">\n\t\t\n<h4 class=\"uppercase\">KONKLUSION<\/h4>\n\t\t\n<style>\n#text-139260059 {\n  font-size: 2rem;\n  text-align: right;\n  color: rgb(255, 255, 255);\n}\n#text-139260059 > * {\n  color: rgb(255, 255, 255);\n}\n@media (min-width:550px) {\n  #text-139260059 {\n    font-size: 3.5rem;\n    text-align: right;\n  }\n}\n<\/style>\n\t<\/div>\n\t\n<h3>Mere tilfredshed, lavere omkostninger<\/h3>\n<p>ecoturbino-teknologien er en<strong> Ideel l\u00f8sning til hoteller, klubber og fitnesscentre<\/strong>samt alle, der arbejder med begr\u00e6nset vandkapacitet. Det er ikke kun <strong>sikrer tilfredse kunder og g\u00e6ster<\/strong> men muligg\u00f8r ogs\u00e5 betydelige vandbesparelser og reducerede energiomkostninger.<\/p>\n<p>Med ecoturbino kan faciliteterne forbedre deres service og samtidig reducere omkostningerne - en win-win-situation for alle.<\/p>\n\t\t<\/div>\n\t\t\t\t\n<style>\n#col-889245680 > .col-inner {\n  padding: 10px 20px 1px 25px;\n  border-radius: 10px;\n}\n<\/style>\n\t<\/div>\n\n\t\n<\/div>\n\t\t<\/div>\n\t\t\t\t\n<style>\n#col-1957418940 > .col-inner {\n  margin: 0px 0px -125px 0px;\n}\n@media (min-width:550px) {\n  #col-1957418940 > .col-inner {\n    margin: 0px 0px -200px 0px;\n  }\n}\n<\/style>\n\t<\/div>\n\n\t\n<\/div>\n\t\t<\/div>\n\n\t\t\n<style>\n#section_1792924297 {\n  padding-top: 30px;\n  padding-bottom: 30px;\n}\n<\/style>\n\t<\/section>\n\t\n\n\t<section class=\"section\" id=\"section_1871693105\">\n\t\t<div class=\"section-bg fill\" >\n\t\t\t<img decoding=\"async\" width=\"1920\" height=\"683\" src=\"https:\/\/ecoturbino.world\/wp-content\/uploads\/2025\/12\/ecoturbino-function_1920-1.webp\" class=\"bg attachment- size-\" alt=\"ecoturbino funktion\" \/>\t\t\t\t\t\t<div class=\"section-bg-overlay absolute fill\"><\/div>\n\t\t\t\n\n\t\t<\/div>\n\n\t\t\t<div class=\"ux-shape-divider ux-shape-divider--top ux-shape-divider--style-waves-opacity\">\n\t\t<svg viewbox=\"0 0 1000 300\" xmlns=\"http:\/\/www.w3.org\/2000\/svg\" preserveaspectratio=\"none\">\n    <path class=\"ux-shape-fill\" d=\"M0 300L-1 69.71C216 57 299.47 198.86 403 226C506 253 577 196 660 197C740 198 790.09 234.07 874 267C935.23 291 982 282.61 1000 277.61V300H0Z\"\/>\n    <path class=\"ux-shape-fill\" opacity=\"0.5\" d=\"M1 265.094L0 50.5C217 37.79 300.47 186.36 404 213.5C507 240.5 578 196.5 661 197.5C741 198.5 787.59 239.57 871.5 272.5C932.73 296.5 980.5 284.5 998.5 279.5V298.5L1 265.094Z\"\/>\n    <path class=\"ux-shape-fill\" opacity=\"0.15\" d=\"M0.999878 244.094L-0.00012207 27C217 14.29 300.47 173.86 404 201C507 228 578 196 661 197C741 198 787.59 243.07 871.5 276C932.73 300 980.5 284.5 998.5 279.5V299L0.999878 244.094Z\"\/>\n<\/svg>\n\n\t<\/div>\n\n\n\t\t<div class=\"section-content relative\">\n\t\t\t\n\t\t<\/div>\n\n\t\t\n<style>\n#section_1871693105 {\n  padding-top: 125px;\n  padding-bottom: 125px;\n}\n#section_1871693105 .section-bg-overlay {\n  background-color: rgba(0, 0, 0, 0.25);\n}\n#section_1871693105 .ux-shape-divider--top svg {\n  height: 80px;\n  --divider-top-width: 100%;\n}\n@media (min-width:550px) {\n  #section_1871693105 {\n    padding-top: 300px;\n    padding-bottom: 300px;\n  }\n  #section_1871693105 .ux-shape-divider--top svg {\n    height: 124px;\n  }\n}\n<\/style>\n\t<\/section>","protected":false},"excerpt":{"rendered":"","protected":false},"author":2,"featured_media":1688,"parent":0,"menu_order":0,"comment_status":"closed","ping_status":"closed","template":"page-blank.php","meta":{"inline_featured_image":false,"footnotes":""},"class_list":["post-1207","page","type-page","status-publish","has-post-thumbnail","hentry"],"_links":{"self":[{"href":"https:\/\/ecoturbino.world\/da\/wp-json\/wp\/v2\/pages\/1207","targetHints":{"allow":["GET"]}}],"collection":[{"href":"https:\/\/ecoturbino.world\/da\/wp-json\/wp\/v2\/pages"}],"about":[{"href":"https:\/\/ecoturbino.world\/da\/wp-json\/wp\/v2\/types\/page"}],"author":[{"embeddable":true,"href":"https:\/\/ecoturbino.world\/da\/wp-json\/wp\/v2\/users\/2"}],"replies":[{"embeddable":true,"href":"https:\/\/ecoturbino.world\/da\/wp-json\/wp\/v2\/comments?post=1207"}],"version-history":[{"count":0,"href":"https:\/\/ecoturbino.world\/da\/wp-json\/wp\/v2\/pages\/1207\/revisions"}],"wp:featuredmedia":[{"embeddable":true,"href":"https:\/\/ecoturbino.world\/da\/wp-json\/wp\/v2\/media\/1688"}],"wp:attachment":[{"href":"https:\/\/ecoturbino.world\/da\/wp-json\/wp\/v2\/media?parent=1207"}],"curies":[{"name":"wp","href":"https:\/\/api.w.org\/{rel}","templated":true}]}}