{"id":1202,"date":"2024-01-01T11:52:19","date_gmt":"2024-01-01T10:52:19","guid":{"rendered":"https:\/\/ecoturbino.eu\/?page_id=1202"},"modified":"2025-12-29T22:44:32","modified_gmt":"2025-12-29T21:44:32","slug":"pavirkning-3","status":"publish","type":"page","link":"https:\/\/ecoturbino.world\/da\/impact-3\/","title":{"rendered":"Tilstr\u00e6kkeligt varmt vand til alle brusere p\u00e5 samme tid"},"content":{"rendered":"<section class=\"section zindex1\" id=\"section_1742191934\">\n\t\t<div class=\"section-bg fill\" >\n\t\t\t\t\t\t\t\t\t\n\t\t\t\n\n\t\t<\/div>\n\n\t\t\n\n\t\t<div class=\"section-content relative\">\n\t\t\t\n<div class=\"row row-small\"  id=\"row-1082948223\">\n\n\t<div id=\"col-915167551\" class=\"col medium-9 small-12 large-9\"  >\n\t\t\t\t<div class=\"col-inner\"  >\n\t\t\t\n\t\t\t\n<h1 class=\"uppercase\">Tilstr\u00e6kkelig varmtvandsforsyning til alle brusere<\/h1>\n<h3 class=\"thin-font\">den tredje effekt af ecoturbino\u00ae vandbesparende milj\u00f8beskyttende system<\/h3>\n<div class=\"row\"  id=\"row-1699986724\">\n\n\t<div id=\"col-1476047582\" class=\"col medium-11 small-12 large-11\"  >\n\t\t\t\t<div class=\"col-inner\"  >\n\t\t\t\n\t\t\t\n\t<div id=\"stack-489173553\" class=\"stack stack-row justify-start items-start\">\n\t\t\n\t<div class=\"img has-hover x md-x lg-x y md-y lg-y\" id=\"image_1237962663\">\n\t\t<a class=\"\" href=\"\/da\/pavirkning-1\/\" >\t\t\t\t\t\t<div class=\"img-inner image-color dark\" >\n\t\t\t<img decoding=\"async\" width=\"100\" height=\"100\" src=\"https:\/\/ecoturbino.world\/wp-content\/uploads\/2024\/01\/impact1.svg\" class=\"attachment-original size-original\" alt=\"\" \/>\t\t\t\t\t\t\n\t\t\t\t\t<\/div>\n\t\t\t\t\t\t<\/a>\t\t\n<style>\n#image_1237962663 {\n  width: 100%;\n}\n<\/style>\n\t<\/div>\n\t\n\t<div class=\"img has-hover x md-x lg-x y md-y lg-y\" id=\"image_1413571018\">\n\t\t<a class=\"\" href=\"\/da\/pavirkning-2\/\" >\t\t\t\t\t\t<div class=\"img-inner image-color dark\" >\n\t\t\t<img decoding=\"async\" width=\"100\" height=\"100\" src=\"https:\/\/ecoturbino.world\/wp-content\/uploads\/2024\/01\/impact2.svg\" class=\"attachment-original size-original\" alt=\"\" \/>\t\t\t\t\t\t\n\t\t\t\t\t<\/div>\n\t\t\t\t\t\t<\/a>\t\t\n<style>\n#image_1413571018 {\n  width: 100%;\n}\n<\/style>\n\t<\/div>\n\t\n\t<div class=\"img has-hover x md-x lg-x y md-y lg-y\" id=\"image_998184306\">\n\t\t\t\t\t\t\t\t<div class=\"img-inner dark\" >\n\t\t\t<img decoding=\"async\" width=\"100\" height=\"100\" src=\"https:\/\/ecoturbino.world\/wp-content\/uploads\/2024\/01\/impact3.svg\" class=\"attachment-original size-original\" alt=\"Effekt 3 af ecoturbino\" \/>\t\t\t\t\t\t\n\t\t\t\t\t<\/div>\n\t\t\t\t\t\t\t\t\n<style>\n#image_998184306 {\n  width: 100%;\n}\n<\/style>\n\t<\/div>\n\t\n\t<div class=\"img has-hover x md-x lg-x y md-y lg-y\" id=\"image_1564074324\">\n\t\t<a class=\"\" href=\"\/da\/pavirkning-4\/\" >\t\t\t\t\t\t<div class=\"img-inner image-color dark\" >\n\t\t\t<img decoding=\"async\" width=\"100\" height=\"100\" src=\"https:\/\/ecoturbino.world\/wp-content\/uploads\/2024\/01\/impact4.svg\" class=\"attachment-original size-original\" alt=\"Effekt 4 af ecoturbino\" \/>\t\t\t\t\t\t\n\t\t\t\t\t<\/div>\n\t\t\t\t\t\t<\/a>\t\t\n<style>\n#image_1564074324 {\n  width: 100%;\n}\n<\/style>\n\t<\/div>\n\t\n\t<div class=\"img has-hover x md-x lg-x y md-y lg-y\" id=\"image_1881538663\">\n\t\t<a class=\"\" href=\"\/da\/pavirkning-5\/\" >\t\t\t\t\t\t<div class=\"img-inner image-color dark\" >\n\t\t\t<img decoding=\"async\" width=\"100\" height=\"100\" src=\"https:\/\/ecoturbino.world\/wp-content\/uploads\/2024\/01\/impact5.svg\" class=\"attachment-original size-original\" alt=\"\" \/>\t\t\t\t\t\t\n\t\t\t\t\t<\/div>\n\t\t\t\t\t\t<\/a>\t\t\n<style>\n#image_1881538663 {\n  width: 100%;\n}\n<\/style>\n\t<\/div>\n\t\n\t<div class=\"img has-hover x md-x lg-x y md-y lg-y\" id=\"image_1898629662\">\n\t\t<a class=\"\" href=\"\/da\/pavirkning-6\/\" >\t\t\t\t\t\t<div class=\"img-inner image-color dark\" >\n\t\t\t<img decoding=\"async\" width=\"100\" height=\"100\" src=\"https:\/\/ecoturbino.world\/wp-content\/uploads\/2024\/01\/impact6.svg\" class=\"attachment-original size-original\" alt=\"P\u00e5virkning 6 af ecoturbino\" \/>\t\t\t\t\t\t\n\t\t\t\t\t<\/div>\n\t\t\t\t\t\t<\/a>\t\t\n<style>\n#image_1898629662 {\n  width: 100%;\n}\n<\/style>\n\t<\/div>\n\t\n\t<div class=\"img has-hover x md-x lg-x y md-y lg-y\" id=\"image_682158617\">\n\t\t<a class=\"\" href=\"\/da\/pavirkning-7\/\" >\t\t\t\t\t\t<div class=\"img-inner image-color dark\" >\n\t\t\t<img decoding=\"async\" width=\"100\" height=\"100\" src=\"https:\/\/ecoturbino.world\/wp-content\/uploads\/2024\/01\/impact7.svg\" class=\"attachment-original size-original\" alt=\"P\u00e5virkning 7 af ecoturbino\" \/>\t\t\t\t\t\t\n\t\t\t\t\t<\/div>\n\t\t\t\t\t\t<\/a>\t\t\n<style>\n#image_682158617 {\n  width: 100%;\n}\n<\/style>\n\t<\/div>\n\t\n\t\t\n<style>\n#stack-489173553 > * {\n  --stack-gap: 0.5rem;\n}\n@media (min-width:550px) {\n  #stack-489173553 > * {\n    --stack-gap: 1rem;\n  }\n}\n<\/style>\n\t<\/div>\n\t\n\t\t<\/div>\n\t\t\t\t\t<\/div>\n\n\t\n<\/div>\n\t\t<\/div>\n\t\t\t\t\t<\/div>\n\n\t\n\n\t<div id=\"col-1803717604\" class=\"col medium-3 small-12 large-3\"  >\n\t\t\t\t<div class=\"col-inner\"  >\n\t\t\t\n\t\t\t\n\t<div class=\"img has-hover x md-x lg-x y md-y lg-y\" id=\"image_800839623\">\n\t\t\t\t\t\t\t\t<div class=\"img-inner dark\" >\n\t\t\t<img decoding=\"async\" width=\"100\" height=\"100\" src=\"https:\/\/ecoturbino.world\/wp-content\/uploads\/2024\/01\/impact3.svg\" class=\"attachment-original size-original\" alt=\"Effekt 3 af ecoturbino\" \/>\t\t\t\t\t\t\n\t\t\t\t\t<\/div>\n\t\t\t\t\t\t\t\t\n<style>\n#image_800839623 {\n  width: 100%;\n}\n<\/style>\n\t<\/div>\n\t\n\t\t<\/div>\n\t\t\t\t\t<\/div>\n\n\t\n<\/div>\n<div class=\"row\"  id=\"row-1806600039\">\n\n\t<div id=\"col-709603512\" class=\"col small-12 large-12\"  >\n\t\t\t\t<div class=\"col-inner\"  >\n\t\t\t\n\t\t\t\n<div class=\"is-divider divider clearfix\" style=\"max-width:100%;height:1px;\"><\/div>\n<h3><span style=\"font-size: 120%;\">Sm\u00e5 kedler og varmtvandsforsyning til alle | Problem og l\u00f8sning med ecoturbino<\/span><\/h3>\n<p>Sp\u00f8rgsm\u00e5let om <strong>varmtvandsforsyning bliver ofte overset<\/strong> men er stadig et afg\u00f8rende element for komfort og livskvalitet i mange <strong>husholdninger, <a href=\"https:\/\/ecoturbino.world\/da\/katalog-verden\/kategorier\/sportscenter-2\/\" target=\"_blank\" rel=\"noopener\">Fitnesscentre<\/a>, kollegier for studerende,<\/strong> og andre f\u00e6lles faciliteter.<\/p>\n<p>Is\u00e6r i situationer, hvor <strong>sm\u00e5 kedler eller varmepumper er den eneste kilde til varmt vand,<\/strong> Der kan opst\u00e5 mangel p\u00e5 vand, n\u00e5r alle vil i bad p\u00e5 samme tid. Dette problem rammer prim\u00e6rt familier i enfamiliehuse, fitnesscentre og f\u00e6llesfaciliteter.<\/p>\n<p>Det er her, at <strong>ecoturbino's innovative teknologi kommer i spil<\/strong>ikke kun <strong>reducerer vandforbruget under brusebad med imponerende 40 procent<\/strong> men ogs\u00e5 generelt sikre en tilstr\u00e6kkelig forsyning af varmt vand til alle og tilbyde mange fordele.<\/p>\n<blockquote>\n<p>Varigheden af tilg\u00e6ngeligheden af varmt vand til brusebad forl\u00e6nges med 40%.<\/p>\n<\/blockquote>\n\t<div id=\"gap-1118021501\" class=\"gap-element clearfix\" style=\"display:block; height:auto;\">\n\t\t\n<style>\n#gap-1118021501 {\n  padding-top: 30px;\n}\n<\/style>\n\t<\/div>\n\t\n<div class=\"row\"  id=\"row-510480887\">\n\n\t<div id=\"col-1076950598\" class=\"col medium-4 small-12 large-4\"  >\n\t\t\t\t<div class=\"col-inner\"  >\n\t\t\t\n\t\t\t\n\t<div class=\"img has-hover radius10 x md-x lg-x y md-y lg-y\" id=\"image_1809973112\">\n\t\t\t\t\t\t\t\t<div class=\"img-inner dark\" >\n\t\t\t<img decoding=\"async\" width=\"600\" height=\"600\" src=\"https:\/\/ecoturbino.world\/wp-content\/uploads\/2024\/01\/setting-temp_600.webp\" class=\"attachment-original size-original\" alt=\"Symbol for indstilling af temperatur\" srcset=\"https:\/\/ecoturbino.world\/wp-content\/uploads\/2024\/01\/setting-temp_600.webp 600w, https:\/\/ecoturbino.world\/wp-content\/uploads\/2024\/01\/setting-temp_600-500x500.webp 500w, https:\/\/ecoturbino.world\/wp-content\/uploads\/2024\/01\/setting-temp_600-32x32.webp 32w, https:\/\/ecoturbino.world\/wp-content\/uploads\/2024\/01\/setting-temp_600-48x48.webp 48w, https:\/\/ecoturbino.world\/wp-content\/uploads\/2024\/01\/setting-temp_600-80x80.webp 80w, https:\/\/ecoturbino.world\/wp-content\/uploads\/2024\/01\/setting-temp_600-180x180.webp 180w\" sizes=\"(max-width: 600px) 100vw, 600px\" \/>\t\t\t\t\t\t\n\t\t\t\t\t<\/div>\n\t\t\t\t\t\t\t\t\n<style>\n#image_1809973112 {\n  width: 100%;\n}\n<\/style>\n\t<\/div>\n\t\n\t\t<\/div>\n\t\t\t\t\t<\/div>\n\n\t\n\n\t<div id=\"col-816238345\" class=\"col medium-8 small-12 large-8\"  >\n\t\t\t\t<div class=\"col-inner\"  >\n\t\t\t\n\t\t\t\n<h3>Problemet med sm\u00e5 kedler og <a href=\"https:\/\/en.wikipedia.org\/wiki\/Heat_pump\" target=\"_blank\" rel=\"noopener sponsored\">Varmepumper<\/a><\/h3>\n<p>I mange plejehjem og f\u00e6llesfaciliteter, <strong>varmtvandsforsyningssystemer er ofte underdimensionerede<\/strong> p\u00e5 grund af begr\u00e6nsede ressourcer eller pladsproblemer.<\/p>\n<p>Sm\u00e5 kedler eller varmepumper kan give problemer, <strong>is\u00e6r n\u00e5r mange mennesker vil i bad samtidig.<\/strong> Det f\u00f8rer ofte til ubehagelige situationer, hvor det varme vand bliver en mangelvare eller endda l\u00f8ber helt t\u00f8r.<\/p>\n<p>Familiemedlemmer m\u00e5 skynde sig under bruseren eller vente p\u00e5 mere varmt vand, <strong>Gymnastikkunder bliver frustrerede,<\/strong> og den samlede komfort bliver v\u00e6sentligt forringet.<\/p>\n\t\t<\/div>\n\t\t\t\t\t<\/div>\n\n\t\n<\/div>\n\t<div id=\"gap-1296473846\" class=\"gap-element clearfix\" style=\"display:block; height:auto;\">\n\t\t\n<style>\n#gap-1296473846 {\n  padding-top: 30px;\n}\n<\/style>\n\t<\/div>\n\t\n<div class=\"row\"  id=\"row-836443148\">\n\n\t<div id=\"col-1026446426\" class=\"col medium-6 small-12 large-6\"  >\n\t\t\t\t<div class=\"col-inner\" style=\"background-color:rgb(255,255,255);\" >\n\t\t\t\n\t\t\t\n<h3>L\u00f8sningen \"tilstr\u00e6kkeligt varmt vand til alle\" = ecoturbino<\/h3>\n<p>ecoturbino-teknologien tilbyder en<strong> effektiv l\u00f8sning p\u00e5 dette udbredte problem<\/strong>. Den er designet til at <strong>reducerer vandforbruget under brusebad drastisk<\/strong> uden at g\u00e5 p\u00e5 kompromis med brusekomforten. Her er nogle af de fordele, som ecoturbino giver alle:<\/p>\n<ul>\n<li><strong>Reduceret (HOT) - Vandforbrug:<\/strong> ecoturbino kan reducere vandforbruget med imponerende 40 procent. Det betyder, at der skal opvarmes mindre vand for at give varmt vand til brusebad, eller at den eksisterende m\u00e6ngde er tilstr\u00e6kkelig til mange flere brusebade. Det f\u00f8rer til betydelige besparelser p\u00e5 energi- og vandressourcer.<\/li>\n<\/ul>\n<blockquote>\n<p>Tilstr\u00e6kkeligt varmt vand til alle: Ved at reducere vandforbruget sikrer ecoturbino, at der er nok varmt vand til alle, selv n\u00e5r flere personer \u00f8nsker at tage bad p\u00e5 samme tid. Problemet med begr\u00e6nset kapacitet i sm\u00e5 kedler eller varmepumper er effektivt l\u00f8st.<\/p>\n<\/blockquote>\n<ul>\n<li><strong>Hurtig tilbagebetaling:<\/strong> Det er enkelt og omkostningseffektivt at installere ecoturbino. Besparelserne p\u00e5 energi- og vandomkostninger g\u00f8r investeringen rentabel p\u00e5 kort tid. For familier, fitnesscentre og andre faciliteter betaler ecoturbino sig hurtigt.<\/li>\n<li><strong>Milj\u00f8venlig:<\/strong> Ved at reducere vandforbruget bidrager ecoturbino til at bevare vandressourcerne og reducere CO2-udledningen. Det er ikke kun godt for din pengepung, men ogs\u00e5 for milj\u00f8et.<\/li>\n<li><strong>Forbedret brusekomfort:<\/strong> P\u00e5 trods af reduceret vandforbrug, <strong>ecoturbino giver stadig en u\u00e6ndret, behagelig og afslappende bruseoplevelse<\/strong>. Teknologien sikrer, at vandstr\u00f8mmen forbliver st\u00e6rk og behagelig uden at v\u00e6re spild af tid (trykforbedringsprincip uden ekstern energi).<\/li>\n<\/ul>\n\t\t<\/div>\n\t\t\t\t\n<style>\n#col-1026446426 > .col-inner {\n  padding: 5px 15px 15px 15px;\n  border-radius: 10px;\n}\n<\/style>\n\t<\/div>\n\n\t\n\n\t<div id=\"col-84998699\" class=\"col medium-6 small-12 large-6\"  >\n\t\t\t\t<div class=\"col-inner\" style=\"background-color:#c0d63d;\" >\n\t\t\t\n\t\t\t\n\t<div id=\"text-3685993735\" class=\"text\">\n\t\t\n<h4 class=\"uppercase\">KONKLUSION<\/h4>\n\t\t\n<style>\n#text-3685993735 {\n  font-size: 2rem;\n  text-align: right;\n  color: rgb(255,255,255);\n}\n#text-3685993735 > * {\n  color: rgb(255,255,255);\n}\n@media (min-width:850px) {\n  #text-3685993735 {\n    font-size: 3.5rem;\n  }\n}\n<\/style>\n\t<\/div>\n\t\n<h3>Fordele for alle takket v\u00e6re ecoturbino-systemet<\/h3>\n<p>ecoturbino-teknologien er en <strong>win-win-l\u00f8sning for alle<\/strong> h\u00e5ndtere begr\u00e6nsede varmtvandsressourcer. Den <strong>reducerer vandforbruget og sikrer tilstr\u00e6kkeligt varmt vand til alle,<\/strong> og giver mange fordele i form af omkostningsbesparelser, milj\u00f8venlighed og brusekomfort.<\/p>\n<blockquote>\n<p>Uanset om det er i familiehuse, fitnesscentre eller andre f\u00e6lles faciliteter, sikrer ecoturbino effektiv og tilfredsstillende varmtvandsforsyning til alle.<\/p>\n<\/blockquote>\n<p>Skulle en <strong>eksisterende afl\u00f8b v\u00e6re for lille,<\/strong> ecoturbino kan ogs\u00e5 hj\u00e6lpe med dette problem. I stedet for oversv\u00f8mmelse er brugen af vores produkter <strong>ofte tilstr\u00e6kkeligt til at forhindre et overl\u00f8b,<\/strong> s\u00e5 der kr\u00e6ves kun 60% af afl\u00f8bskapaciteten - overl\u00f8b kan ofte forhindres.<\/p>\n\t\t<\/div>\n\t\t\t\t\n<style>\n#col-84998699 > .col-inner {\n  padding: 10px 20px 1px 25px;\n  border-radius: 10px;\n}\n<\/style>\n\t<\/div>\n\n\t\n<\/div>\n\t\t<\/div>\n\t\t\t\t\n<style>\n#col-709603512 > .col-inner {\n  margin: 0px 0px -125px 0px;\n}\n@media (min-width:550px) {\n  #col-709603512 > .col-inner {\n    margin: 0px 0px -200px 0px;\n  }\n}\n<\/style>\n\t<\/div>\n\n\t\n<\/div>\n\t\t<\/div>\n\n\t\t\n<style>\n#section_1742191934 {\n  padding-top: 30px;\n  padding-bottom: 30px;\n}\n<\/style>\n\t<\/section>\n\t\n\n\t<section class=\"section\" id=\"section_1459296710\">\n\t\t<div class=\"section-bg fill\" >\n\t\t\t<img decoding=\"async\" width=\"1920\" height=\"683\" src=\"https:\/\/ecoturbino.world\/wp-content\/uploads\/2025\/12\/ecoturbino-function_1920-1.webp\" class=\"bg attachment- size-\" alt=\"ecoturbino funktion\" \/>\t\t\t\t\t\t<div class=\"section-bg-overlay absolute fill\"><\/div>\n\t\t\t\n\n\t\t<\/div>\n\n\t\t\t<div class=\"ux-shape-divider ux-shape-divider--top ux-shape-divider--style-waves-opacity\">\n\t\t<svg viewbox=\"0 0 1000 300\" xmlns=\"http:\/\/www.w3.org\/2000\/svg\" preserveaspectratio=\"none\">\n    <path class=\"ux-shape-fill\" d=\"M0 300L-1 69.71C216 57 299.47 198.86 403 226C506 253 577 196 660 197C740 198 790.09 234.07 874 267C935.23 291 982 282.61 1000 277.61V300H0Z\"\/>\n    <path class=\"ux-shape-fill\" opacity=\"0.5\" d=\"M1 265.094L0 50.5C217 37.79 300.47 186.36 404 213.5C507 240.5 578 196.5 661 197.5C741 198.5 787.59 239.57 871.5 272.5C932.73 296.5 980.5 284.5 998.5 279.5V298.5L1 265.094Z\"\/>\n    <path class=\"ux-shape-fill\" opacity=\"0.15\" d=\"M0.999878 244.094L-0.00012207 27C217 14.29 300.47 173.86 404 201C507 228 578 196 661 197C741 198 787.59 243.07 871.5 276C932.73 300 980.5 284.5 998.5 279.5V299L0.999878 244.094Z\"\/>\n<\/svg>\n\n\t<\/div>\n\n\n\t\t<div class=\"section-content relative\">\n\t\t\t\n\t\t<\/div>\n\n\t\t\n<style>\n#section_1459296710 {\n  padding-top: 125px;\n  padding-bottom: 125px;\n}\n#section_1459296710 .section-bg-overlay {\n  background-color: rgba(0, 0, 0, 0.25);\n}\n#section_1459296710 .ux-shape-divider--top svg {\n  height: 80px;\n  --divider-top-width: 100%;\n}\n@media (min-width:550px) {\n  #section_1459296710 {\n    padding-top: 250px;\n    padding-bottom: 250px;\n  }\n  #section_1459296710 .ux-shape-divider--top svg {\n    height: 124px;\n  }\n}\n<\/style>\n\t<\/section>","protected":false},"excerpt":{"rendered":"","protected":false},"author":2,"featured_media":1556,"parent":0,"menu_order":0,"comment_status":"closed","ping_status":"closed","template":"page-blank.php","meta":{"inline_featured_image":false,"footnotes":""},"class_list":["post-1202","page","type-page","status-publish","has-post-thumbnail","hentry"],"_links":{"self":[{"href":"https:\/\/ecoturbino.world\/da\/wp-json\/wp\/v2\/pages\/1202","targetHints":{"allow":["GET"]}}],"collection":[{"href":"https:\/\/ecoturbino.world\/da\/wp-json\/wp\/v2\/pages"}],"about":[{"href":"https:\/\/ecoturbino.world\/da\/wp-json\/wp\/v2\/types\/page"}],"author":[{"embeddable":true,"href":"https:\/\/ecoturbino.world\/da\/wp-json\/wp\/v2\/users\/2"}],"replies":[{"embeddable":true,"href":"https:\/\/ecoturbino.world\/da\/wp-json\/wp\/v2\/comments?post=1202"}],"version-history":[{"count":0,"href":"https:\/\/ecoturbino.world\/da\/wp-json\/wp\/v2\/pages\/1202\/revisions"}],"wp:featuredmedia":[{"embeddable":true,"href":"https:\/\/ecoturbino.world\/da\/wp-json\/wp\/v2\/media\/1556"}],"wp:attachment":[{"href":"https:\/\/ecoturbino.world\/da\/wp-json\/wp\/v2\/media?parent=1202"}],"curies":[{"name":"wp","href":"https:\/\/api.w.org\/{rel}","templated":true}]}}