{"id":1198,"date":"2024-01-01T11:46:22","date_gmt":"2024-01-01T10:46:22","guid":{"rendered":"https:\/\/ecoturbino.eu\/?page_id=1198"},"modified":"2024-01-16T00:49:38","modified_gmt":"2024-01-15T23:49:38","slug":"pavirkning-2","status":"publish","type":"page","link":"https:\/\/ecoturbino.world\/da\/impact-2\/","title":{"rendered":"Optimeret og synlig hygiejne i brusere og brusehoveder"},"content":{"rendered":"<section class=\"section zindex1\" id=\"section_1227627175\">\n\t\t<div class=\"section-bg fill\" >\n\t\t\t\t\t\t\t\t\t\n\t\t\t\n\n\t\t<\/div>\n\n\t\t\n\n\t\t<div class=\"section-content relative\">\n\t\t\t\n<div class=\"row row-small\"  id=\"row-1056647446\">\n\n\t<div id=\"col-1631919281\" class=\"col medium-9 small-12 large-9\"  >\n\t\t\t\t<div class=\"col-inner\"  >\n\t\t\t\n\t\t\t\n<h1 class=\"uppercase\">Optimeret og synlig hygiejne i brusebad og badekar<\/h1>\n<h3 class=\"thin-font\">den anden effekt af ecoturbino\u00ae vandbesparende milj\u00f8beskyttende system<\/h3>\n<div class=\"row\"  id=\"row-1782450260\">\n\n\t<div id=\"col-4342848\" class=\"col medium-11 small-12 large-11\"  >\n\t\t\t\t<div class=\"col-inner\"  >\n\t\t\t\n\t\t\t\n\t<div id=\"stack-3834092268\" class=\"stack stack-row justify-start items-start\">\n\t\t\n\t<div class=\"img has-hover x md-x lg-x y md-y lg-y\" id=\"image_497104939\">\n\t\t<a class=\"\" href=\"\/da\/pavirkning-1\/\" >\t\t\t\t\t\t<div class=\"img-inner image-color dark\" >\n\t\t\t<img decoding=\"async\" width=\"100\" height=\"100\" src=\"https:\/\/ecoturbino.world\/wp-content\/uploads\/2024\/01\/impact1.svg\" class=\"attachment-original size-original\" alt=\"\" \/>\t\t\t\t\t\t\n\t\t\t\t\t<\/div>\n\t\t\t\t\t\t<\/a>\t\t\n<style>\n#image_497104939 {\n  width: 100%;\n}\n<\/style>\n\t<\/div>\n\t\n\t<div class=\"img has-hover x md-x lg-x y md-y lg-y\" id=\"image_1428367607\">\n\t\t\t\t\t\t\t\t<div class=\"img-inner dark\" >\n\t\t\t<img decoding=\"async\" width=\"100\" height=\"100\" src=\"https:\/\/ecoturbino.world\/wp-content\/uploads\/2024\/01\/impact2.svg\" class=\"attachment-original size-original\" alt=\"\" \/>\t\t\t\t\t\t\n\t\t\t\t\t<\/div>\n\t\t\t\t\t\t\t\t\n<style>\n#image_1428367607 {\n  width: 100%;\n}\n<\/style>\n\t<\/div>\n\t\n\t<div class=\"img has-hover x md-x lg-x y md-y lg-y\" id=\"image_2109194156\">\n\t\t<a class=\"\" href=\"\/da\/pavirkning-3\/\" >\t\t\t\t\t\t<div class=\"img-inner image-color dark\" >\n\t\t\t<img decoding=\"async\" width=\"100\" height=\"100\" src=\"https:\/\/ecoturbino.world\/wp-content\/uploads\/2024\/01\/impact3.svg\" class=\"attachment-original size-original\" alt=\"Effekt 3 af ecoturbino\" \/>\t\t\t\t\t\t\n\t\t\t\t\t<\/div>\n\t\t\t\t\t\t<\/a>\t\t\n<style>\n#image_2109194156 {\n  width: 100%;\n}\n<\/style>\n\t<\/div>\n\t\n\t<div class=\"img has-hover x md-x lg-x y md-y lg-y\" id=\"image_1522305528\">\n\t\t<a class=\"\" href=\"\/da\/pavirkning-4\/\" >\t\t\t\t\t\t<div class=\"img-inner image-color dark\" >\n\t\t\t<img decoding=\"async\" width=\"100\" height=\"100\" src=\"https:\/\/ecoturbino.world\/wp-content\/uploads\/2024\/01\/impact4.svg\" class=\"attachment-original size-original\" alt=\"Effekt 4 af ecoturbino\" \/>\t\t\t\t\t\t\n\t\t\t\t\t<\/div>\n\t\t\t\t\t\t<\/a>\t\t\n<style>\n#image_1522305528 {\n  width: 100%;\n}\n<\/style>\n\t<\/div>\n\t\n\t<div class=\"img has-hover x md-x lg-x y md-y lg-y\" id=\"image_92820751\">\n\t\t<a class=\"\" href=\"\/da\/pavirkning-5\/\" >\t\t\t\t\t\t<div class=\"img-inner image-color dark\" >\n\t\t\t<img decoding=\"async\" width=\"100\" height=\"100\" src=\"https:\/\/ecoturbino.world\/wp-content\/uploads\/2024\/01\/impact5.svg\" class=\"attachment-original size-original\" alt=\"\" \/>\t\t\t\t\t\t\n\t\t\t\t\t<\/div>\n\t\t\t\t\t\t<\/a>\t\t\n<style>\n#image_92820751 {\n  width: 100%;\n}\n<\/style>\n\t<\/div>\n\t\n\t<div class=\"img has-hover x md-x lg-x y md-y lg-y\" id=\"image_805580710\">\n\t\t<a class=\"\" href=\"\/da\/pavirkning-6\/\" >\t\t\t\t\t\t<div class=\"img-inner image-color dark\" >\n\t\t\t<img decoding=\"async\" width=\"100\" height=\"100\" src=\"https:\/\/ecoturbino.world\/wp-content\/uploads\/2024\/01\/impact6.svg\" class=\"attachment-original size-original\" alt=\"P\u00e5virkning 6 af ecoturbino\" \/>\t\t\t\t\t\t\n\t\t\t\t\t<\/div>\n\t\t\t\t\t\t<\/a>\t\t\n<style>\n#image_805580710 {\n  width: 100%;\n}\n<\/style>\n\t<\/div>\n\t\n\t<div class=\"img has-hover x md-x lg-x y md-y lg-y\" id=\"image_417778556\">\n\t\t<a class=\"\" href=\"\/da\/pavirkning-7\/\" >\t\t\t\t\t\t<div class=\"img-inner image-color dark\" >\n\t\t\t<img decoding=\"async\" width=\"100\" height=\"100\" src=\"https:\/\/ecoturbino.world\/wp-content\/uploads\/2024\/01\/impact7.svg\" class=\"attachment-original size-original\" alt=\"P\u00e5virkning 7 af ecoturbino\" \/>\t\t\t\t\t\t\n\t\t\t\t\t<\/div>\n\t\t\t\t\t\t<\/a>\t\t\n<style>\n#image_417778556 {\n  width: 100%;\n}\n<\/style>\n\t<\/div>\n\t\n\t\t\n<style>\n#stack-3834092268 > * {\n  --stack-gap: 0.5rem;\n}\n@media (min-width:550px) {\n  #stack-3834092268 > * {\n    --stack-gap: 1rem;\n  }\n}\n<\/style>\n\t<\/div>\n\t\n\t\t<\/div>\n\t\t\t\t\t<\/div>\n\n\t\n<\/div>\n\t\t<\/div>\n\t\t\t\t\t<\/div>\n\n\t\n\n\t<div id=\"col-1783102868\" class=\"col medium-3 small-12 large-3\"  >\n\t\t\t\t<div class=\"col-inner\"  >\n\t\t\t\n\t\t\t\n\t<div class=\"img has-hover x md-x lg-x y md-y lg-y\" id=\"image_898360211\">\n\t\t\t\t\t\t\t\t<div class=\"img-inner dark\" >\n\t\t\t<img decoding=\"async\" width=\"100\" height=\"100\" src=\"https:\/\/ecoturbino.world\/wp-content\/uploads\/2024\/01\/impact2.svg\" class=\"attachment-original size-original\" alt=\"\" \/>\t\t\t\t\t\t\n\t\t\t\t\t<\/div>\n\t\t\t\t\t\t\t\t\n<style>\n#image_898360211 {\n  width: 100%;\n}\n<\/style>\n\t<\/div>\n\t\n\t\t<\/div>\n\t\t\t\t\t<\/div>\n\n\t\n<\/div>\n<div class=\"row\"  id=\"row-217077985\">\n\n\t<div id=\"col-1346519432\" class=\"col small-12 large-12\"  >\n\t\t\t\t<div class=\"col-inner\"  >\n\t\t\t\n\t\t\t\n<div class=\"is-divider divider clearfix\" style=\"max-width:100%;height:1px;\"><\/div>\n<h3><span style=\"font-size: 120%;\">Rene brusehoveder og slanger er et must for hygiejniske brusebade p\u00e5 hoteller, i hjemmet, p\u00e5 sportsanl\u00e6g osv.<\/span><\/h3>\n<p>Den <strong>oplevelse af brusebad<\/strong> spiller en central rolle for vores velbefindende, uanset om det er hjemme, p\u00e5 hoteller eller andre steder.<\/p>\n<p>Et afslappende brusebad om morgenen eller efter en lang dag kan g\u00f8re forskellen mellem en god og en fantastisk dag. Men hvad nu, hvis <strong>Brusehoveder og slanger<\/strong> vi bruger til at rense os med, er selv <strong>forurenet med bakterier<\/strong>?<\/p>\n<p>Dette problem kan ikke kun v\u00e6re <strong>uhygiejnisk<\/strong> men ogs\u00e5 <strong>udg\u00f8r en sundhedsrisiko (legionellaforurening).<\/strong> Det er her, den innovative teknologi fra ecoturbino kommer ind i billedet, ikke kun <strong>sikre hygiejnisk rene brusehoveder og slanger<\/strong> men ogs\u00e5 minimere reng\u00f8ringsindsatsen, reducere kalk og aflejringer og fremme sundheden, is\u00e6r med hensyn til legionellarisiko.<\/p>\n\t<div id=\"gap-1816809372\" class=\"gap-element clearfix\" style=\"display:block; height:auto;\">\n\t\t\n<style>\n#gap-1816809372 {\n  padding-top: 30px;\n}\n<\/style>\n\t<\/div>\n\t\n<div class=\"row\"  id=\"row-2065861295\">\n\n\t<div id=\"col-1907994879\" class=\"col medium-4 small-12 large-4\"  >\n\t\t\t\t<div class=\"col-inner\"  >\n\t\t\t\n\t\t\t\n\t<div class=\"img has-hover radius10 x md-x lg-x y md-y lg-y\" id=\"image_2028984686\">\n\t\t\t\t\t\t\t\t<div class=\"img-inner dark\" >\n\t\t\t<img decoding=\"async\" width=\"600\" height=\"600\" src=\"https:\/\/ecoturbino.world\/wp-content\/uploads\/2024\/01\/shower-head_600.webp\" class=\"attachment-original size-original\" alt=\"\" srcset=\"https:\/\/ecoturbino.world\/wp-content\/uploads\/2024\/01\/shower-head_600.webp 600w, https:\/\/ecoturbino.world\/wp-content\/uploads\/2024\/01\/shower-head_600-500x500.webp 500w, https:\/\/ecoturbino.world\/wp-content\/uploads\/2024\/01\/shower-head_600-32x32.webp 32w, https:\/\/ecoturbino.world\/wp-content\/uploads\/2024\/01\/shower-head_600-48x48.webp 48w, https:\/\/ecoturbino.world\/wp-content\/uploads\/2024\/01\/shower-head_600-80x80.webp 80w, https:\/\/ecoturbino.world\/wp-content\/uploads\/2024\/01\/shower-head_600-180x180.webp 180w\" sizes=\"(max-width: 600px) 100vw, 600px\" \/>\t\t\t\t\t\t\n\t\t\t\t\t<\/div>\n\t\t\t\t\t\t\t\t\n<style>\n#image_2028984686 {\n  width: 100%;\n}\n<\/style>\n\t<\/div>\n\t\n\t\t<\/div>\n\t\t\t\t\t<\/div>\n\n\t\n\n\t<div id=\"col-1826382234\" class=\"col medium-8 small-12 large-8\"  >\n\t\t\t\t<div class=\"col-inner\"  >\n\t\t\t\n\t\t\t\n<h3>Hvorfor bliver brusehoveder og slanger forurenet med bakterier?<\/h3>\n<p>Brusehoveder og slanger er modtagelige for bakterieforurening af flere grunde. Den vigtigste \u00e5rsag er <strong>Stillest\u00e5ende vand.<\/strong> N\u00e5r vand stagnerer i r\u00f8rene og brusehovedet, giver det en <strong>Ideel grobund for bakterier<\/strong> og andre mikroorganismer.<\/p>\n<p>N\u00e5r brusehoveder og bruseslanger ikke bruges, f.eks. n\u00e5r man tager p\u00e5 ferie, kan vandtemperaturen i <strong>systemer stiger naturligt til stuetemperatur, hvilket \u00f8ger forurening og v\u00e6kst af legionella<\/strong> af et multiplum - en optimal grobund for bakterier!<\/p>\n<p>Disse bakterier kan hurtigt formere sig i det varme og fugtige milj\u00f8 og kan<strong> for\u00e5rsage helbredsproblemer (som f.eks. <a href=\"https:\/\/en.wikipedia.org\/wiki\/Pneumonia\" target=\"_blank\" rel=\"noopener sponsored\">lungebet\u00e6ndelse<\/a><\/strong>). Et andet problem er<strong> dannelse af kalkaflejringer<\/strong> og andre aflejringer, som ikke kun ser grimme ud, men ogs\u00e5 <strong>p\u00e5virke brusehovedets ydeevne<\/strong> og kan f\u00f8re til uj\u00e6vn vandfordeling.<\/p>\n\t\t<\/div>\n\t\t\t\t\t<\/div>\n\n\t\n<\/div>\n<div class=\"row\"  id=\"row-867143321\">\n\n\t<div id=\"col-972041464\" class=\"col medium-6 small-12 large-6\"  >\n\t\t\t\t<div class=\"col-inner\"  >\n\t\t\t\n\t\t\t\n<h3>L\u00f8sningen til rene brusehoveder og slanger: ecoturbino\u00ae.<\/h3>\n<p>Ecoturbino-teknologien tilbyder en effektiv l\u00f8sning p\u00e5 disse problemer. Den er designet til kontinuerligt at dr\u00e6ne brusehoveder og slanger for at forhindre stillest\u00e5ende vand. Det har flere fordele:<\/p>\n<ul>\n<li><strong>Hygiejne:<\/strong> Kontinuerlig t\u00f8mning af brusehoveder og slanger efter brusebad reducerer risikoen for bakterieforurening betydeligt. N\u00e5r der ikke er stillest\u00e5ende vand i brusehovedet, har bakterier og mikroorganismer ingen grobund.<\/li>\n<li><strong>Reng\u00f8ringsindsats:<\/strong> Den kedelige opgave med regelm\u00e6ssigt at reng\u00f8re brusehoveder og slanger for at forhindre aflejringer og kalkaflejringer er stort set elimineret. Det sparer tid og kr\u00e6fter. Vedligeholdelsesindsatsen reduceres betydeligt!<\/li>\n<li><strong>Kalk og aflejringer:<\/strong> Ecoturbino-teknologien hj\u00e6lper ogs\u00e5 med at reducere kalk og aflejringer i brusehoveder og slanger. Det forbedrer ikke kun bruseudstyrets levetid, men sikrer ogs\u00e5 en ensartet vandgennemstr\u00f8mning og optimal ydeevne.<\/li>\n<li><strong>Sundhed:<\/strong> Det er s\u00e6rligt vigtigt at reducere risikoen for legionella. Legionella er bakterier, der formerer sig i stillest\u00e5ende vand og kan for\u00e5rsage alvorlige helbredsproblemer, n\u00e5r de ind\u00e5ndes gennem aerosoler. Ecoturbino hj\u00e6lper med at minimere denne risiko og beskytte brugernes sundhed.<\/li>\n<li><strong>Visuel renlighed:<\/strong> Brusehoveder, der kontinuerligt dr\u00e6nes med ecoturbino-teknologi, forbliver altid visuelt rene og tiltalende. Det bidrager til badev\u00e6relsets overordnede \u00e6stetik.<\/li>\n<\/ul>\n\t\t<\/div>\n\t\t\t\t\t<\/div>\n\n\t\n\n\t<div id=\"col-798632389\" class=\"col medium-6 small-12 large-6\"  >\n\t\t\t\t<div class=\"col-inner\" style=\"background-color:#c0d63d;\" >\n\t\t\t\n\t\t\t\n\t<div id=\"text-2295177787\" class=\"text\">\n\t\t\n<h4 class=\"uppercase\">KONKLUSION<\/h4>\n\t\t\n<style>\n#text-2295177787 {\n  font-size: 2rem;\n  text-align: right;\n  color: rgb(255, 255, 255);\n}\n#text-2295177787 > * {\n  color: rgb(255, 255, 255);\n}\n@media (min-width:850px) {\n  #text-2295177787 {\n    font-size: 3.5rem;\n  }\n}\n<\/style>\n\t<\/div>\n\t\n<h3>Perfekt badev\u00e6relseshygiejne og mere til takket v\u00e6re ecoturbino<\/h3>\n<p><strong>ecoturbino<\/strong> giver ikke kun <strong>hygiejnisk rene brusehoveder<\/strong> og slanger, men bidrager ogs\u00e5 til den generelle badev\u00e6relseshygiejne. N\u00e5r stillest\u00e5ende vand og de dermed forbundne bakterieproblemer reduceres, forbedres badev\u00e6relsets generelle hygiejne.<\/p>\n<p>Dette er is\u00e6r vigtigt i overnatningssteder som <strong>hoteller, plejehjem, <a href=\"https:\/\/ecoturbino.world\/da\/katalog-verden\/kategorier\/medicinsk\/\" target=\"_blank\" rel=\"noopener\">Klinikker<\/a>og g\u00e6stehuse<\/strong>samt s\u00e6sonbetonede operationer og sportsfaciliteter, hvor g\u00e6sternes og patienternes sikkerhed og komfort har h\u00f8jeste prioritet.<\/p>\n<p>Samlet set er ecoturbino en<strong> innovativ l\u00f8sning p\u00e5 en ofte overset<\/strong> problem. Rene brusehoveder og slanger er ikke kun <strong>\u00e6stetisk tiltalende<\/strong> men ogs\u00e5 afg\u00f8rende for brugernes sundhed og velbefindende.<\/p>\n<p>Med ecoturbino kan du h\u00e6ve niveauet af<strong> erfaring med brusebad p\u00e5 hoteller, i hjem<\/strong>og andre faciliteter til et nyt niveau, mens<strong> optimering af badev\u00e6relseshygiejne.<\/strong><\/p>\n\t\t<\/div>\n\t\t\t\t\n<style>\n#col-798632389 > .col-inner {\n  padding: 10px 20px 1px 25px;\n  border-radius: 10px;\n}\n<\/style>\n\t<\/div>\n\n\t\n<\/div>\n<div class=\"video video-fit mb\" style=\"padding-top:56.25%;\"><p><iframe title=\"Den nemmeste m\u00e5de at reng\u00f8re dit brusehoved p\u00e5\ud83d\udca5(UTROLIGT RESULTAT)!!!\" width=\"1020\" height=\"574\" src=\"https:\/\/www.youtube.com\/embed\/J7uwCSF8Ym0?feature=oembed\" frameborder=\"0\" allow=\"accelerometer; autoplay; clipboard-write; encrypted-media; gyroscope; picture-in-picture; web-share\" referrerpolicy=\"strict-origin-when-cross-origin\" allowfullscreen><\/iframe><\/p>\n<\/div>\n\t\t<\/div>\n\t\t\t\t\t<\/div>\n\n\t\n<\/div>\n\t\t<\/div>\n\n\t\t\n<style>\n#section_1227627175 {\n  padding-top: 30px;\n  padding-bottom: 30px;\n}\n<\/style>\n\t<\/section>","protected":false},"excerpt":{"rendered":"","protected":false},"author":2,"featured_media":1533,"parent":0,"menu_order":0,"comment_status":"closed","ping_status":"closed","template":"page-blank.php","meta":{"inline_featured_image":false,"footnotes":""},"class_list":["post-1198","page","type-page","status-publish","has-post-thumbnail","hentry"],"_links":{"self":[{"href":"https:\/\/ecoturbino.world\/da\/wp-json\/wp\/v2\/pages\/1198","targetHints":{"allow":["GET"]}}],"collection":[{"href":"https:\/\/ecoturbino.world\/da\/wp-json\/wp\/v2\/pages"}],"about":[{"href":"https:\/\/ecoturbino.world\/da\/wp-json\/wp\/v2\/types\/page"}],"author":[{"embeddable":true,"href":"https:\/\/ecoturbino.world\/da\/wp-json\/wp\/v2\/users\/2"}],"replies":[{"embeddable":true,"href":"https:\/\/ecoturbino.world\/da\/wp-json\/wp\/v2\/comments?post=1198"}],"version-history":[{"count":0,"href":"https:\/\/ecoturbino.world\/da\/wp-json\/wp\/v2\/pages\/1198\/revisions"}],"wp:featuredmedia":[{"embeddable":true,"href":"https:\/\/ecoturbino.world\/da\/wp-json\/wp\/v2\/media\/1533"}],"wp:attachment":[{"href":"https:\/\/ecoturbino.world\/da\/wp-json\/wp\/v2\/media?parent=1198"}],"curies":[{"name":"wp","href":"https:\/\/api.w.org\/{rel}","templated":true}]}}