{"id":1195,"date":"2024-01-01T11:44:09","date_gmt":"2024-01-01T10:44:09","guid":{"rendered":"https:\/\/ecoturbino.eu\/?page_id=1195"},"modified":"2024-01-20T12:37:42","modified_gmt":"2024-01-20T11:37:42","slug":"pavirkning-1","status":"publish","type":"page","link":"https:\/\/ecoturbino.world\/da\/impact-1\/","title":{"rendered":"Waterfall &#038; Rain Sound Shower Experience | ecoturbino"},"content":{"rendered":"<section class=\"section zindex1\" id=\"section_1386013131\">\n\t\t<div class=\"section-bg fill\" >\n\t\t\t\t\t\t\t\t\t\n\t\t\t\n\n\t\t<\/div>\n\n\t\t\n\n\t\t<div class=\"section-content relative\">\n\t\t\t\n<div class=\"row row-small\"  id=\"row-1451948847\">\n\n\t<div id=\"col-1834528444\" class=\"col medium-9 small-12 large-9\"  >\n\t\t\t\t<div class=\"col-inner\"  >\n\t\t\t\n\t\t\t\n<h1 class=\"uppercase\">Bruseoplevelse med vandfald og regnskyl | Ecoturbino\u00ae.<\/h1>\n<h3 class=\"thin-font\">Den f\u00f8rste effekt af ecoturbino\u00ae vandbesparende milj\u00f8beskyttelsessystem<\/h3>\n<div class=\"row\"  id=\"row-2044789885\">\n\n\t<div id=\"col-752075310\" class=\"col medium-11 small-12 large-11\"  >\n\t\t\t\t<div class=\"col-inner\"  >\n\t\t\t\n\t\t\t\n\t<div id=\"stack-2038340665\" class=\"stack stack-row justify-start items-start sm:stack-row\">\n\t\t\n\t<div class=\"img has-hover x md-x lg-x y md-y lg-y\" id=\"image_665998974\">\n\t\t\t\t\t\t\t\t<div class=\"img-inner dark\" >\n\t\t\t<img decoding=\"async\" width=\"100\" height=\"100\" src=\"https:\/\/ecoturbino.world\/wp-content\/uploads\/2024\/01\/impact1.svg\" class=\"attachment-original size-original\" alt=\"\" \/>\t\t\t\t\t\t\n\t\t\t\t\t<\/div>\n\t\t\t\t\t\t\t\t\n<style>\n#image_665998974 {\n  width: 100%;\n}\n<\/style>\n\t<\/div>\n\t\n\t<div class=\"img has-hover x md-x lg-x y md-y lg-y\" id=\"image_769109258\">\n\t\t<a class=\"\" href=\"\/da\/pavirkning-2\/\" >\t\t\t\t\t\t<div class=\"img-inner image-color dark\" >\n\t\t\t<img decoding=\"async\" width=\"100\" height=\"100\" src=\"https:\/\/ecoturbino.world\/wp-content\/uploads\/2024\/01\/impact2.svg\" class=\"attachment-original size-original\" alt=\"\" \/>\t\t\t\t\t\t\n\t\t\t\t\t<\/div>\n\t\t\t\t\t\t<\/a>\t\t\n<style>\n#image_769109258 {\n  width: 100%;\n}\n<\/style>\n\t<\/div>\n\t\n\t<div class=\"img has-hover x md-x lg-x y md-y lg-y\" id=\"image_1208675931\">\n\t\t<a class=\"\" href=\"\/da\/pavirkning-3\/\" >\t\t\t\t\t\t<div class=\"img-inner image-color dark\" >\n\t\t\t<img decoding=\"async\" width=\"100\" height=\"100\" src=\"https:\/\/ecoturbino.world\/wp-content\/uploads\/2024\/01\/impact3.svg\" class=\"attachment-original size-original\" alt=\"Effekt 3 af ecoturbino\" \/>\t\t\t\t\t\t\n\t\t\t\t\t<\/div>\n\t\t\t\t\t\t<\/a>\t\t\n<style>\n#image_1208675931 {\n  width: 100%;\n}\n<\/style>\n\t<\/div>\n\t\n\t<div class=\"img has-hover x md-x lg-x y md-y lg-y\" id=\"image_1221842923\">\n\t\t<a class=\"\" href=\"\/da\/pavirkning-4\/\" >\t\t\t\t\t\t<div class=\"img-inner image-color dark\" >\n\t\t\t<img decoding=\"async\" width=\"100\" height=\"100\" src=\"https:\/\/ecoturbino.world\/wp-content\/uploads\/2024\/01\/impact4.svg\" class=\"attachment-original size-original\" alt=\"Effekt 4 af ecoturbino\" \/>\t\t\t\t\t\t\n\t\t\t\t\t<\/div>\n\t\t\t\t\t\t<\/a>\t\t\n<style>\n#image_1221842923 {\n  width: 100%;\n}\n<\/style>\n\t<\/div>\n\t\n\t<div class=\"img has-hover x md-x lg-x y md-y lg-y\" id=\"image_2129867992\">\n\t\t<a class=\"\" href=\"\/da\/pavirkning-5\/\" >\t\t\t\t\t\t<div class=\"img-inner image-color dark\" >\n\t\t\t<img decoding=\"async\" width=\"100\" height=\"100\" src=\"https:\/\/ecoturbino.world\/wp-content\/uploads\/2024\/01\/impact5.svg\" class=\"attachment-original size-original\" alt=\"\" \/>\t\t\t\t\t\t\n\t\t\t\t\t<\/div>\n\t\t\t\t\t\t<\/a>\t\t\n<style>\n#image_2129867992 {\n  width: 100%;\n}\n<\/style>\n\t<\/div>\n\t\n\t<div class=\"img has-hover x md-x lg-x y md-y lg-y\" id=\"image_1802717770\">\n\t\t<a class=\"\" href=\"\/da\/pavirkning-6\/\" >\t\t\t\t\t\t<div class=\"img-inner image-color dark\" >\n\t\t\t<img decoding=\"async\" width=\"100\" height=\"100\" src=\"https:\/\/ecoturbino.world\/wp-content\/uploads\/2024\/01\/impact6.svg\" class=\"attachment-original size-original\" alt=\"P\u00e5virkning 6 af ecoturbino\" \/>\t\t\t\t\t\t\n\t\t\t\t\t<\/div>\n\t\t\t\t\t\t<\/a>\t\t\n<style>\n#image_1802717770 {\n  width: 100%;\n}\n<\/style>\n\t<\/div>\n\t\n\t<div class=\"img has-hover x md-x lg-x y md-y lg-y\" id=\"image_2072146892\">\n\t\t<a class=\"\" href=\"\/da\/pavirkning-7\/\" >\t\t\t\t\t\t<div class=\"img-inner image-color dark\" >\n\t\t\t<img decoding=\"async\" width=\"100\" height=\"100\" src=\"https:\/\/ecoturbino.world\/wp-content\/uploads\/2024\/01\/impact7.svg\" class=\"attachment-original size-original\" alt=\"P\u00e5virkning 7 af ecoturbino\" \/>\t\t\t\t\t\t\n\t\t\t\t\t<\/div>\n\t\t\t\t\t\t<\/a>\t\t\n<style>\n#image_2072146892 {\n  width: 100%;\n}\n<\/style>\n\t<\/div>\n\t\n\t\t\n<style>\n#stack-2038340665 > * {\n  --stack-gap: 0.5rem;\n}\n@media (min-width:550px) {\n  #stack-2038340665 > * {\n    --stack-gap: 1rem;\n  }\n}\n<\/style>\n\t<\/div>\n\t\n\t\t<\/div>\n\t\t\t\t\t<\/div>\n\n\t\n<\/div>\n\t\t<\/div>\n\t\t\t\t\t<\/div>\n\n\t\n\n\t<div id=\"col-1571928541\" class=\"col medium-3 small-12 large-3\"  >\n\t\t\t\t<div class=\"col-inner\"  >\n\t\t\t\n\t\t\t\n\t<div class=\"img has-hover x md-x lg-x y md-y lg-y\" id=\"image_359886672\">\n\t\t\t\t\t\t\t\t<div class=\"img-inner dark\" >\n\t\t\t<img decoding=\"async\" width=\"100\" height=\"100\" src=\"https:\/\/ecoturbino.world\/wp-content\/uploads\/2024\/01\/impact1.svg\" class=\"attachment-original size-original\" alt=\"\" \/>\t\t\t\t\t\t\n\t\t\t\t\t<\/div>\n\t\t\t\t\t\t\t\t\n<style>\n#image_359886672 {\n  width: 100%;\n}\n<\/style>\n\t<\/div>\n\t\n\t\t<\/div>\n\t\t\t\t\t<\/div>\n\n\t\n<\/div>\n<div class=\"row\"  id=\"row-1468909593\">\n\n\t<div id=\"col-969984194\" class=\"col small-12 large-12\"  >\n\t\t\t\t<div class=\"col-inner\"  >\n\t\t\t\n\t\t\t\n<div class=\"is-divider divider clearfix\" style=\"max-width:100%;height:1px;\"><\/div>\n<h2><span style=\"font-size: 120%;\">Bruseoplevelsen som udend\u00f8rs | en h\u00f8rbar regnbyge for komfort<\/span><\/h2>\n<p>For mange mennesker er hverdagen <strong>brusebad<\/strong> er mere end bare en n\u00f8dvendig hygiejneforanstaltning. Det er en <strong>et \u00f8jeblik af afslapning, velv\u00e6re og forfriskning.<\/strong><\/p>\n<p>I dagens hektiske verden, hvor stress og deadlines er allestedsn\u00e6rv\u00e6rende, er <strong>Et bad kan v\u00e6re en oase af ro<\/strong> og foryngelse.<\/p>\n<p>Og n\u00e5r du kan forbedre<strong> brusebadsoplevelse ved at f\u00f8le<\/strong> som om du st\u00e5r under en <strong>forfriskende udend\u00f8rs regnbruser eller ved siden af et vandfald,<\/strong> det \u00f8jeblik bliver noget helt s\u00e6rligt. Takket v\u00e6re ecoturbino er det nu muligt.<\/p>\n<h3>L\u00e6ngslen efter naturen p\u00e5 badev\u00e6relset<\/h3>\n<p>Den <strong>L\u00e6ngsel efter natur og udeliv<\/strong> er dybt forankret i os. Gennem hele historien, <strong>mennesker har s\u00f8gt en forbindelse med naturen<\/strong> og integreret det i vores dagligdag, hvad enten det er ved at g\u00f8re vores boligomr\u00e5der gr\u00f8nnere eller bruge naturlige materialer.<\/p>\n<p>S\u00e5 det er kun naturligt, at vi ogs\u00e5 gerne vil opleve naturen i vores badev\u00e6relser. Tanken om at st\u00e5 under en forfriskende regnbruser, komplet med <strong>udend\u00f8rs vandlyde<\/strong>mens den er varm <strong>vandet flyder blidt over vores kroppe<\/strong>er meget tiltalende for mange af os. Takket v\u00e6re ecoturbino er det nu muligt.<\/p>\n\t<div id=\"gap-544608301\" class=\"gap-element clearfix\" style=\"display:block; height:auto;\">\n\t\t\n<style>\n#gap-544608301 {\n  padding-top: 30px;\n}\n<\/style>\n\t<\/div>\n\t\n<div class=\"row\"  id=\"row-2143064907\">\n\n\t<div id=\"col-350091831\" class=\"col medium-4 small-12 large-4\"  >\n\t\t\t\t<div class=\"col-inner\"  >\n\t\t\t\n\t\t\t\n\t<div class=\"img has-hover radius10 x md-x lg-x y md-y lg-y\" id=\"image_207019107\">\n\t\t\t\t\t\t\t\t<div class=\"img-inner dark\" >\n\t\t\t<img decoding=\"async\" width=\"600\" height=\"600\" src=\"https:\/\/ecoturbino.world\/wp-content\/uploads\/2024\/01\/waterfall_600.webp\" class=\"attachment-original size-original\" alt=\"Vandfalds-symbol\" srcset=\"https:\/\/ecoturbino.world\/wp-content\/uploads\/2024\/01\/waterfall_600.webp 600w, https:\/\/ecoturbino.world\/wp-content\/uploads\/2024\/01\/waterfall_600-500x500.webp 500w, https:\/\/ecoturbino.world\/wp-content\/uploads\/2024\/01\/waterfall_600-32x32.webp 32w, https:\/\/ecoturbino.world\/wp-content\/uploads\/2024\/01\/waterfall_600-48x48.webp 48w, https:\/\/ecoturbino.world\/wp-content\/uploads\/2024\/01\/waterfall_600-80x80.webp 80w, https:\/\/ecoturbino.world\/wp-content\/uploads\/2024\/01\/waterfall_600-180x180.webp 180w\" sizes=\"(max-width: 600px) 100vw, 600px\" \/>\t\t\t\t\t\t\n\t\t\t\t\t<\/div>\n\t\t\t\t\t\t\t\t\n<style>\n#image_207019107 {\n  width: 100%;\n}\n<\/style>\n\t<\/div>\n\t\n\t\t<\/div>\n\t\t\t\t\t<\/div>\n\n\t\n\n\t<div id=\"col-1430322803\" class=\"col medium-8 small-12 large-8\"  >\n\t\t\t\t<div class=\"col-inner\"  >\n\t\t\t\n\t\t\t\n<h3>Lyden af vand og regn | en afslappende auditiv oplevelse<\/h3>\n<p>Men den <strong>Bruseoplevelse med regn og vandlyd<\/strong> i brusebadet er mere end f\u00f8lelsen af varm regn p\u00e5 huden. Det omfatter ogs\u00e5 den beroligende lyd af regn, der blidt rammer kroppen og derefter falder ned i kaskader. Denne blide rislen minder os om en forfriskende <strong>Udend\u00f8rs regnbruser<\/strong> og hj\u00e6lper med at ryste hverdagens stress af sig.<\/p>\n<blockquote>\n<p>De tryksatte luftbobler, som ecoturbino har integreret i vandstr\u00f8mmen, afvikles i bund og grund, n\u00e5r de forlader brusehovedets dyser. Det skaber en frisk lydfornemmelse, som bedst kan sammenlignes med en udend\u00f8rs regnbruser. En fantastisk oplevelse.<\/p>\n<\/blockquote>\n<p>Den <strong>lyden af <a href=\"https:\/\/en.wikipedia.org\/wiki\/Waterfall\" target=\"_blank\" rel=\"noopener sponsored\">vandfald<\/a><\/strong> kan have en beroligende effekt og lindre stress. Det skaber en <strong>afslappet atmosf\u00e6re, der g\u00f8r det lettere at give slip<\/strong> og fokusere p\u00e5 bruseoplevelsen. Vandets blide brusen kan berolige sindet og f\u00e5 kroppen til at slappe af, hvilket er s\u00e6rligt behageligt efter en lang dag.<\/p>\n\t\t<\/div>\n\t\t\t\t\t<\/div>\n\n\t\n<\/div>\n\t<div id=\"gap-1682958191\" class=\"gap-element clearfix\" style=\"display:block; height:auto;\">\n\t\t\n<style>\n#gap-1682958191 {\n  padding-top: 30px;\n}\n<\/style>\n\t<\/div>\n\t\n<div class=\"row\"  id=\"row-632799508\">\n\n\t<div id=\"col-785836696\" class=\"col medium-6 small-12 large-6\"  >\n\t\t\t\t<div class=\"col-inner\"  >\n\t\t\t\n\t\t\t\n<h3>Videnskaben bag bruseoplevelsen<\/h3>\n<blockquote>\n<p>Den afslappende effekt af vandlyde er videnskabeligt underbygget. Unders\u00f8gelser har vist, at det at lytte til vandlyde kan reducere stressniveauet.<\/p>\n<\/blockquote>\n<p>Den <strong>lyden af regn, b\u00f8lger eller str\u00f8mmende vand<\/strong> aktiverer visse dele af hjernen, der er forbundet med afslapning og velv\u00e6re.<\/p>\n<p>Det forklarer, hvorfor mange mennesker <strong>Overvej at tage et bad som en m\u00e5de at lindre stress og slappe af p\u00e5.<\/strong>. Takket v\u00e6re ecoturbino er det nu muligt.<\/p>\n\t\t<\/div>\n\t\t\t\t\t<\/div>\n\n\t\n\n\t<div id=\"col-1361229856\" class=\"col medium-6 small-12 large-6\"  >\n\t\t\t\t<div class=\"col-inner\" style=\"background-color:#c0d63d;\" >\n\t\t\t\n\t\t\t\n\t<div id=\"text-2404130958\" class=\"text\">\n\t\t\n<h4 class=\"uppercase\">KONKLUSION<\/h4>\n\t\t\n<style>\n#text-2404130958 {\n  font-size: 2rem;\n  text-align: right;\n  color: rgb(255, 255, 255);\n}\n#text-2404130958 > * {\n  color: rgb(255, 255, 255);\n}\n@media (min-width:850px) {\n  #text-2404130958 {\n    font-size: 3.5rem;\n  }\n}\n<\/style>\n\t<\/div>\n\t\n<h3>Nyd brusebadsoplevelsen som om du var udend\u00f8rs<\/h3>\n<p>At opleve brusebadet, som om det var en <strong>h\u00f8rbar regnbyge<\/strong> er mere end bare et simpelt brusebad. Det er en m\u00e5de at integrere naturen i vores hverdag, reducere stress og slappe af.<\/p>\n<p>Med en regnbyge og <strong>passende atmosf\u00e6riske elementer i <a href=\"https:\/\/ecoturbino.world\/da\/katalog-verden\/kategorier\/hotel\/\">Hotel<\/a> eller hjemmebadev\u00e6relse<\/strong>N\u00e5r du er i gang, kan alle opleve dette s\u00e6rlige \u00f8jeblik af afslapning.<\/p>\n<p>S\u00e5 fork\u00e6l dig selv med en pause under din egen lille regnsky fra tid til anden, og nyd f\u00f8lelsen, som om du stod under en varm udend\u00f8rs regnbyge. Din krop og dit sind vil takke dig.<\/p>\n\t\t<\/div>\n\t\t\t\t\n<style>\n#col-1361229856 > .col-inner {\n  padding: 10px 20px 1px 25px;\n  border-radius: 10px;\n}\n<\/style>\n\t<\/div>\n\n\t\n<\/div>\n<div class=\"video video-fit mb\" style=\"padding-top:56.25%;\"><p><iframe title=\"Vandfald flyder over klipper i skov 4k. Afslappende str\u00f8mmende vand, hvid st\u00f8j til s\u00f8vn, meditation\" width=\"1020\" height=\"574\" src=\"https:\/\/www.youtube.com\/embed\/sa2JCQ1Dils?feature=oembed\" frameborder=\"0\" allow=\"accelerometer; autoplay; clipboard-write; encrypted-media; gyroscope; picture-in-picture; web-share\" referrerpolicy=\"strict-origin-when-cross-origin\" allowfullscreen><\/iframe><\/p>\n<\/div>\n\t\t<\/div>\n\t\t\t\t\t<\/div>\n\n\t\n<\/div>\n\t\t<\/div>\n\n\t\t\n<style>\n#section_1386013131 {\n  padding-top: 30px;\n  padding-bottom: 30px;\n}\n<\/style>\n\t<\/section>","protected":false},"excerpt":{"rendered":"","protected":false},"author":2,"featured_media":1494,"parent":0,"menu_order":0,"comment_status":"closed","ping_status":"closed","template":"page-blank.php","meta":{"inline_featured_image":false,"footnotes":""},"class_list":["post-1195","page","type-page","status-publish","has-post-thumbnail","hentry"],"_links":{"self":[{"href":"https:\/\/ecoturbino.world\/da\/wp-json\/wp\/v2\/pages\/1195","targetHints":{"allow":["GET"]}}],"collection":[{"href":"https:\/\/ecoturbino.world\/da\/wp-json\/wp\/v2\/pages"}],"about":[{"href":"https:\/\/ecoturbino.world\/da\/wp-json\/wp\/v2\/types\/page"}],"author":[{"embeddable":true,"href":"https:\/\/ecoturbino.world\/da\/wp-json\/wp\/v2\/users\/2"}],"replies":[{"embeddable":true,"href":"https:\/\/ecoturbino.world\/da\/wp-json\/wp\/v2\/comments?post=1195"}],"version-history":[{"count":0,"href":"https:\/\/ecoturbino.world\/da\/wp-json\/wp\/v2\/pages\/1195\/revisions"}],"wp:featuredmedia":[{"embeddable":true,"href":"https:\/\/ecoturbino.world\/da\/wp-json\/wp\/v2\/media\/1494"}],"wp:attachment":[{"href":"https:\/\/ecoturbino.world\/da\/wp-json\/wp\/v2\/media?parent=1195"}],"curies":[{"name":"wp","href":"https:\/\/api.w.org\/{rel}","templated":true}]}}