{"id":2870,"date":"2024-01-18T01:59:26","date_gmt":"2024-01-18T00:59:26","guid":{"rendered":"https:\/\/ecoturbino.eu\/?page_id=2870"},"modified":"2024-01-18T02:07:39","modified_gmt":"2024-01-18T01:07:39","slug":"gtc","status":"publish","type":"page","link":"https:\/\/ecoturbino.world\/cs\/gtc\/","title":{"rendered":"Terms and Conditions"},"content":{"rendered":"<div class=\"banner has-hover\" id=\"banner-937322063\">\n          <div class=\"banner-inner fill\">\n        <div class=\"banner-bg fill\" >\n            <img decoding=\"async\" width=\"2000\" height=\"230\" src=\"https:\/\/ecoturbino.world\/wp-content\/uploads\/2024\/01\/wasser-faq-2000-sw.webp\" class=\"bg attachment-original size-original\" alt=\"Vodn\u00ed hlavice\" \/>                                    \n                    <\/div>\n\t\t\n        <div class=\"banner-layers container\">\n            <div class=\"fill banner-link\"><\/div>            \n   <div id=\"text-box-1325100176\" class=\"text-box banner-layer x50 md-x50 lg-x50 y50 md-y50 lg-y50 res-text\">\n                                <div class=\"text-box-content text dark\">\n              \n              <div class=\"text-inner text-center\">\n                  \n<h1>GTC<\/h1>\n              <\/div>\n           <\/div>\n                            \n<style>\n#text-box-1325100176 {\n  width: 100%;\n}\n#text-box-1325100176 .text-box-content {\n  font-size: 100%;\n}\n@media (min-width:550px) {\n  #text-box-1325100176 {\n    width: 71%;\n  }\n}\n@media (min-width:850px) {\n  #text-box-1325100176 {\n    width: 50%;\n  }\n}\n<\/style>\n    <\/div>\n \n        <\/div>\n      <\/div>\n\n            \n<style>\n#banner-937322063 {\n  padding-top: 110px;\n}\n@media (min-width:550px) {\n  #banner-937322063 {\n    padding-top: 170px;\n  }\n}\n@media (min-width:850px) {\n  #banner-937322063 {\n    padding-top: 190px;\n  }\n}\n<\/style>\n  <\/div>\n\n\n<div class=\"row\"  id=\"row-625980092\">\n\n\t<div id=\"col-1831403893\" class=\"col small-12 large-12\"  >\n\t\t\t\t<div class=\"col-inner\"  >\n\t\t\t\n\t\t\t\n<h2>V\u0161eobecn\u00e9 obchodn\u00ed podm\u00ednky pro ecoturbino\u00ae World<\/h2>\n<ol>\n<li><strong>Odpov\u011bdnost<\/strong><br \/>Nep\u0159eb\u00edr\u00e1me \u017e\u00e1dnou odpov\u011bdnost za chyby nebo technick\u00e9 probl\u00e9my, kter\u00e9 mohou vzniknout na internetu. Plat\u00ed rakousk\u00e9 pr\u00e1vo.<\/li>\n<li><strong>Odpov\u011bdnost za obsah<\/strong><br \/>Informace na t\u011bchto webov\u00fdch str\u00e1nk\u00e1ch slou\u017e\u00ed v\u00fdhradn\u011b k obecn\u00fdm informa\u010dn\u00edm \u00fa\u010del\u016fm a nejsou z\u00e1vazn\u00e9.<\/li>\n<li><strong>Z\u0159eknut\u00ed se odpov\u011bdnosti za obsah odkazovan\u00fdch str\u00e1nek<\/strong><br \/>Tyto webov\u00e9 str\u00e1nky obsahuj\u00ed r\u016fzn\u00e9 odkazy na str\u00e1nky jin\u00fdch v\u00fdrobc\u016f atd. na internetu. V\u00fdslovn\u011b zd\u016fraz\u0148ujeme, \u017ee nem\u00e1me \u017e\u00e1dn\u00fd vliv na obsah a podobu str\u00e1nek, na kter\u00e9 je odkazov\u00e1no. Proto nem\u016f\u017eeme zaru\u010dit aktu\u00e1lnost, p\u0159esnost ani \u00faplnost informac\u00ed na nich uveden\u00fdch. Od ve\u0161ker\u00e9ho obsahu t\u011bchto str\u00e1nek se v\u00fdslovn\u011b distancujeme. Toto prohl\u00e1\u0161en\u00ed se vztahuje na v\u0161echny odkazy na extern\u00ed str\u00e1nky obsa\u017een\u00e9 na na\u0161ich str\u00e1nk\u00e1ch a na ve\u0161ker\u00fd obsah t\u011bchto str\u00e1nek, na kter\u00e9 odkazy vedou.<\/li>\n<li><strong>Pr\u00e1va k obr\u00e1zk\u016fm<\/strong><br \/>Ve\u0161ker\u00e1 pr\u00e1va k obr\u00e1zk\u016fm v obchod\u011b vlastn\u00ed spole\u010dnosti Ressourcen Saving GmbH a Webdeals Shops GmbH. Pou\u017eit\u00ed bez na\u0161eho v\u00fdslovn\u00e9ho souhlasu nen\u00ed povoleno.<\/li>\n<li><strong>Z\u00e1sady ochrany soukrom\u00ed a d\u016fv\u011brnosti<\/strong><br \/>Pod\u00edvejte se pros\u00edm na na\u0161e <a href=\"\/cs\/soukromi-v-kokpitu\/ochrana-osobnich-udaju\/\">Dohoda o ochran\u011b osobn\u00edch \u00fadaj\u016f GDPR<\/a>.<\/li>\n<li><strong>Dolo\u017eka o odd\u011blitelnosti \/ R\u016fzn\u00e9<\/strong><br \/>Neplatnost jednotliv\u00fdch ustanoven\u00ed t\u011bchto v\u0161eobecn\u00fdch obchodn\u00edch podm\u00ednek nebo kupn\u00ed smlouvy nem\u00e1 vliv na platnost ostatn\u00edch ustanoven\u00ed. M\u00edsto neplatn\u00e9ho ustanoven\u00ed se pou\u017eije z\u00e1konn\u00e1 \u00faprava.<\/li>\n<\/ol>\n\t\t<\/div>\n\t\t\t\t\t<\/div>\n\n\t\n<\/div>\n\t<div id=\"gap-152693528\" class=\"gap-element clearfix\" style=\"display:block; height:auto;\">\n\t\t\n<style>\n#gap-152693528 {\n  padding-top: 30px;\n}\n<\/style>\n\t<\/div>","protected":false},"excerpt":{"rendered":"","protected":false},"author":1,"featured_media":0,"parent":0,"menu_order":0,"comment_status":"closed","ping_status":"closed","template":"page-blank.php","meta":{"inline_featured_image":false,"footnotes":""},"class_list":["post-2870","page","type-page","status-publish","hentry"],"_links":{"self":[{"href":"https:\/\/ecoturbino.world\/cs\/wp-json\/wp\/v2\/pages\/2870","targetHints":{"allow":["GET"]}}],"collection":[{"href":"https:\/\/ecoturbino.world\/cs\/wp-json\/wp\/v2\/pages"}],"about":[{"href":"https:\/\/ecoturbino.world\/cs\/wp-json\/wp\/v2\/types\/page"}],"author":[{"embeddable":true,"href":"https:\/\/ecoturbino.world\/cs\/wp-json\/wp\/v2\/users\/1"}],"replies":[{"embeddable":true,"href":"https:\/\/ecoturbino.world\/cs\/wp-json\/wp\/v2\/comments?post=2870"}],"version-history":[{"count":0,"href":"https:\/\/ecoturbino.world\/cs\/wp-json\/wp\/v2\/pages\/2870\/revisions"}],"wp:attachment":[{"href":"https:\/\/ecoturbino.world\/cs\/wp-json\/wp\/v2\/media?parent=2870"}],"curies":[{"name":"wp","href":"https:\/\/api.w.org\/{rel}","templated":true}]}}