{"id":1220,"date":"2024-01-01T12:13:14","date_gmt":"2024-01-01T11:13:14","guid":{"rendered":"https:\/\/ecoturbino.eu\/?page_id=1220"},"modified":"2025-12-29T22:45:57","modified_gmt":"2025-12-29T21:45:57","slug":"dopad-7","status":"publish","type":"page","link":"https:\/\/ecoturbino.world\/cs\/impact-7\/","title":{"rendered":"Turbulentn\u00ed voda - o\u017eivuje vodu"},"content":{"rendered":"<section class=\"section zindex1\" id=\"section_1332452234\">\n\t\t<div class=\"section-bg fill\" >\n\t\t\t\t\t\t\t\t\t\n\t\t\t\n\n\t\t<\/div>\n\n\t\t\n\n\t\t<div class=\"section-content relative\">\n\t\t\t\n<div class=\"row row-small\"  id=\"row-706326739\">\n\n\t<div id=\"col-201635444\" class=\"col medium-9 small-12 large-9\"  >\n\t\t\t\t<div class=\"col-inner\"  >\n\t\t\t\n\t\t\t\n<h1 class=\"uppercase\">Turbulentn\u00ed voda - dod\u00e1v\u00e1 vod\u011b energii<\/h1>\n<h3 class=\"thin-font\">sedm\u00fd dopad syst\u00e9mu ecoturbino\u00ae pro \u00fasporu vody a ochranu \u017eivotn\u00edho prost\u0159ed\u00ed<\/h3>\n<div class=\"row\"  id=\"row-1293708488\">\n\n\t<div id=\"col-42533914\" class=\"col medium-11 small-12 large-11\"  >\n\t\t\t\t<div class=\"col-inner\"  >\n\t\t\t\n\t\t\t\n\t<div id=\"stack-253700306\" class=\"stack stack-row justify-start items-start\">\n\t\t\n\t<div class=\"img has-hover x md-x lg-x y md-y lg-y\" id=\"image_551364170\">\n\t\t<a class=\"\" href=\"\/cs\/dopad-1\/\" >\t\t\t\t\t\t<div class=\"img-inner image-color dark\" >\n\t\t\t<img decoding=\"async\" width=\"100\" height=\"100\" src=\"https:\/\/ecoturbino.world\/wp-content\/uploads\/2024\/01\/impact1.svg\" class=\"attachment-original size-original\" alt=\"\" \/>\t\t\t\t\t\t\n\t\t\t\t\t<\/div>\n\t\t\t\t\t\t<\/a>\t\t\n<style>\n#image_551364170 {\n  width: 100%;\n}\n<\/style>\n\t<\/div>\n\t\n\t<div class=\"img has-hover x md-x lg-x y md-y lg-y\" id=\"image_1818786184\">\n\t\t<a class=\"\" href=\"\/cs\/dopad-2\/\" >\t\t\t\t\t\t<div class=\"img-inner image-color dark\" >\n\t\t\t<img decoding=\"async\" width=\"100\" height=\"100\" src=\"https:\/\/ecoturbino.world\/wp-content\/uploads\/2024\/01\/impact2.svg\" class=\"attachment-original size-original\" alt=\"\" \/>\t\t\t\t\t\t\n\t\t\t\t\t<\/div>\n\t\t\t\t\t\t<\/a>\t\t\n<style>\n#image_1818786184 {\n  width: 100%;\n}\n<\/style>\n\t<\/div>\n\t\n\t<div class=\"img has-hover x md-x lg-x y md-y lg-y\" id=\"image_1316976927\">\n\t\t<a class=\"\" href=\"\/cs\/dopad-3\/\" >\t\t\t\t\t\t<div class=\"img-inner image-color dark\" >\n\t\t\t<img decoding=\"async\" width=\"100\" height=\"100\" src=\"https:\/\/ecoturbino.world\/wp-content\/uploads\/2024\/01\/impact3.svg\" class=\"attachment-original size-original\" alt=\"Dopad 3 ecoturbino\" \/>\t\t\t\t\t\t\n\t\t\t\t\t<\/div>\n\t\t\t\t\t\t<\/a>\t\t\n<style>\n#image_1316976927 {\n  width: 100%;\n}\n<\/style>\n\t<\/div>\n\t\n\t<div class=\"img has-hover x md-x lg-x y md-y lg-y\" id=\"image_133265708\">\n\t\t<a class=\"\" href=\"\/cs\/dopad-4\/\" >\t\t\t\t\t\t<div class=\"img-inner image-color dark\" >\n\t\t\t<img decoding=\"async\" width=\"100\" height=\"100\" src=\"https:\/\/ecoturbino.world\/wp-content\/uploads\/2024\/01\/impact4.svg\" class=\"attachment-original size-original\" alt=\"Dopad 4 ecoturbino\" \/>\t\t\t\t\t\t\n\t\t\t\t\t<\/div>\n\t\t\t\t\t\t<\/a>\t\t\n<style>\n#image_133265708 {\n  width: 100%;\n}\n<\/style>\n\t<\/div>\n\t\n\t<div class=\"img has-hover x md-x lg-x y md-y lg-y\" id=\"image_899514639\">\n\t\t<a class=\"\" href=\"\/cs\/dopad-5\/\" >\t\t\t\t\t\t<div class=\"img-inner image-color dark\" >\n\t\t\t<img decoding=\"async\" width=\"100\" height=\"100\" src=\"https:\/\/ecoturbino.world\/wp-content\/uploads\/2024\/01\/impact5.svg\" class=\"attachment-original size-original\" alt=\"\" \/>\t\t\t\t\t\t\n\t\t\t\t\t<\/div>\n\t\t\t\t\t\t<\/a>\t\t\n<style>\n#image_899514639 {\n  width: 100%;\n}\n<\/style>\n\t<\/div>\n\t\n\t<div class=\"img has-hover x md-x lg-x y md-y lg-y\" id=\"image_375568391\">\n\t\t<a class=\"\" href=\"\/cs\/dopad-6\/\" >\t\t\t\t\t\t<div class=\"img-inner image-color dark\" >\n\t\t\t<img decoding=\"async\" width=\"100\" height=\"100\" src=\"https:\/\/ecoturbino.world\/wp-content\/uploads\/2024\/01\/impact6.svg\" class=\"attachment-original size-original\" alt=\"Dopad 6 ecoturbino\" \/>\t\t\t\t\t\t\n\t\t\t\t\t<\/div>\n\t\t\t\t\t\t<\/a>\t\t\n<style>\n#image_375568391 {\n  width: 100%;\n}\n<\/style>\n\t<\/div>\n\t\n\t<div class=\"img has-hover x md-x lg-x y md-y lg-y\" id=\"image_595783257\">\n\t\t\t\t\t\t\t\t<div class=\"img-inner dark\" >\n\t\t\t<img decoding=\"async\" width=\"100\" height=\"100\" src=\"https:\/\/ecoturbino.world\/wp-content\/uploads\/2024\/01\/impact7.svg\" class=\"attachment-original size-original\" alt=\"Dopad 7 ecoturbino\" \/>\t\t\t\t\t\t\n\t\t\t\t\t<\/div>\n\t\t\t\t\t\t\t\t\n<style>\n#image_595783257 {\n  width: 100%;\n}\n<\/style>\n\t<\/div>\n\t\n\t\t\n<style>\n#stack-253700306 > * {\n  --stack-gap: 0.5rem;\n}\n@media (min-width:550px) {\n  #stack-253700306 > * {\n    --stack-gap: 1rem;\n  }\n}\n<\/style>\n\t<\/div>\n\t\n\t\t<\/div>\n\t\t\t\t\t<\/div>\n\n\t\n<\/div>\n\t\t<\/div>\n\t\t\t\t\t<\/div>\n\n\t\n\n\t<div id=\"col-617769386\" class=\"col medium-3 small-12 large-3\"  >\n\t\t\t\t<div class=\"col-inner\"  >\n\t\t\t\n\t\t\t\n\t<div class=\"img has-hover x md-x lg-x y md-y lg-y\" id=\"image_575380679\">\n\t\t\t\t\t\t\t\t<div class=\"img-inner dark\" >\n\t\t\t<img decoding=\"async\" width=\"100\" height=\"100\" src=\"https:\/\/ecoturbino.world\/wp-content\/uploads\/2024\/01\/impact7.svg\" class=\"attachment-original size-original\" alt=\"Dopad 7 ecoturbino\" \/>\t\t\t\t\t\t\n\t\t\t\t\t<\/div>\n\t\t\t\t\t\t\t\t\n<style>\n#image_575380679 {\n  width: 100%;\n}\n<\/style>\n\t<\/div>\n\t\n\t\t<\/div>\n\t\t\t\t\t<\/div>\n\n\t\n<\/div>\n<div class=\"row\"  id=\"row-1831325963\">\n\n\t<div id=\"col-750377346\" class=\"col small-12 large-12\"  >\n\t\t\t\t<div class=\"col-inner\"  >\n\t\t\t\n\t\t\t\n<div class=\"is-divider divider clearfix\" style=\"max-width:100%;height:1px;\"><\/div>\n<h2><span style=\"font-size: 120%;\">Turbulentn\u00ed voda ve spr\u0161e d\u00edky ecoturbino | Jak vzduch o\u017eivuje proud vody<\/span><\/h2>\n<p>Na str\u00e1nk\u00e1ch <strong>rann\u00ed sprcha je kl\u00ed\u010dov\u00fdm okam\u017eikem<\/strong> pro mnoho lid\u00ed<strong> za\u010d\u00edt den sv\u011b\u017e\u00ed a pln\u00fd energie<\/strong>. Osv\u011b\u017euj\u00edc\u00ed proud vody dok\u00e1\u017ee z\u00e1zraky a probud\u00ed smysly.<\/p>\n<p>ecoturbino jde je\u0161t\u011b o krok d\u00e1l, aby tento z\u00e1\u017eitek ze sprchov\u00e1n\u00ed vylep\u0161ilo t\u00edm, \u017ee<strong> generov\u00e1n\u00ed <a href=\"https:\/\/en.wikipedia.org\/wiki\/Turbulence\" target=\"_blank\" rel=\"noopener sponsored\">turbulentn\u00ed<\/a> voda.<\/strong> Ale jak to vlastn\u011b funguje? Odpov\u011b\u010f se skr\u00fdv\u00e1 v chytr\u00e9m <strong>p\u0159iv\u00e1d\u011bn\u00ed vzduchu do proudu vody<\/strong>, co\u017e p\u0159in\u00e1\u0161\u00ed o\u017eivuj\u00edc\u00ed a \u00fa\u010dinn\u00fd z\u00e1\u017eitek ze sprchov\u00e1n\u00ed.<\/p>\n<h3>\u00daloha vzduchu ve spr\u0161e<\/h3>\n<p>Vzduch hraje p\u0159i sprchov\u00e1n\u00ed z\u00e1sadn\u00ed roli. Kdy\u017e je p\u0159iv\u00e1d\u011bn do proudu vody. <strong>vytv\u00e1\u0159\u00ed drobn\u00e9 vzduchov\u00e9 bublinky, kter\u00e9 vodu rozv\u00ed\u0159\u00ed a dodaj\u00ed j\u00ed v\u011bt\u0161\u00ed objem a strukturu.<\/strong> To vede k turbulentn\u00edmu proudu vody, kter\u00fd nab\u00edz\u00ed<strong> vy\u0161\u0161\u00ed \u00fa\u010dinnost a p\u0159\u00edjemn\u011bj\u0161\u00ed z\u00e1\u017eitek ze sprchov\u00e1n\u00ed.<\/strong><\/p>\n<h3>Inovativn\u00ed technologie ecoturbino<\/h3>\n<p>ecoturbino vyu\u017e\u00edv\u00e1 toto <strong>vzduchov\u00e9 technologie pro zlep\u0161en\u00ed proudu vody.<\/strong> Tato technologie je zalo\u017eena na speci\u00e1ln\u00edm z\u00fa\u017een\u00ed pr\u016f\u0159ezu, kter\u00e9 <strong>urychluje proud\u011bn\u00ed vody<\/strong> p\u0159i nas\u00e1v\u00e1n\u00ed vzduchu. Tento vzduch se pak m\u00eds\u00ed s vodou a vytv\u00e1\u0159\u00ed dynamick\u00fd a osv\u011b\u017euj\u00edc\u00ed proud.<\/p>\n\t<div id=\"gap-928466821\" class=\"gap-element clearfix\" style=\"display:block; height:auto;\">\n\t\t\n<style>\n#gap-928466821 {\n  padding-top: 30px;\n}\n<\/style>\n\t<\/div>\n\t\n<div class=\"row\"  id=\"row-581311594\">\n\n\t<div id=\"col-1556583902\" class=\"col medium-4 small-12 large-4\"  >\n\t\t\t\t<div class=\"col-inner\"  >\n\t\t\t\n\t\t\t\n\t<div class=\"img has-hover radius10 x md-x lg-x y md-y lg-y\" id=\"image_604985384\">\n\t\t\t\t\t\t\t\t<div class=\"img-inner dark\" >\n\t\t\t<img decoding=\"async\" width=\"600\" height=\"600\" src=\"https:\/\/ecoturbino.world\/wp-content\/uploads\/2024\/01\/air-water_600.webp\" class=\"attachment-original size-original\" alt=\"Symbol vzduchu a vody\" srcset=\"https:\/\/ecoturbino.world\/wp-content\/uploads\/2024\/01\/air-water_600.webp 600w, https:\/\/ecoturbino.world\/wp-content\/uploads\/2024\/01\/air-water_600-500x500.webp 500w, https:\/\/ecoturbino.world\/wp-content\/uploads\/2024\/01\/air-water_600-32x32.webp 32w, https:\/\/ecoturbino.world\/wp-content\/uploads\/2024\/01\/air-water_600-48x48.webp 48w, https:\/\/ecoturbino.world\/wp-content\/uploads\/2024\/01\/air-water_600-80x80.webp 80w, https:\/\/ecoturbino.world\/wp-content\/uploads\/2024\/01\/air-water_600-180x180.webp 180w\" sizes=\"(max-width: 600px) 100vw, 600px\" \/>\t\t\t\t\t\t\n\t\t\t\t\t<\/div>\n\t\t\t\t\t\t\t\t\n<style>\n#image_604985384 {\n  width: 100%;\n}\n<\/style>\n\t<\/div>\n\t\n\t\t<\/div>\n\t\t\t\t\t<\/div>\n\n\t\n\n\t<div id=\"col-1931790682\" class=\"col medium-8 small-12 large-8\"  >\n\t\t\t\t<div class=\"col-inner\"  >\n\t\t\t\n\t\t\t\n<h3>V\u00fdhody turbulentn\u00ed vody ve spr\u0161e<\/h3>\n<ul>\n<li><strong>\u00da\u010dinn\u011bj\u0161\u00ed \u010di\u0161t\u011bn\u00ed:<\/strong> Turbulentn\u00ed proud vody dok\u00e1\u017ee \u00fa\u010dinn\u011b odstranit ne\u010distoty a m\u00fddlo z poko\u017eky a vlas\u016f, co\u017e vede k d\u016fkladn\u011bj\u0161\u00edmu myt\u00ed a lep\u0161\u00edmu z\u00e1\u017eitku ze sprchov\u00e1n\u00ed.<\/li>\n<li><strong>\u00daspora vody:<\/strong> P\u0159id\u00e1n\u00edm vzduchu m\u016f\u017ee ecoturbino zv\u00fd\u0161it tlak vody, ani\u017e by spot\u0159ebovalo v\u00edce vody. To umo\u017e\u0148uje pohodln\u00e9 sprchov\u00e1n\u00ed p\u0159i ni\u017e\u0161\u00ed spot\u0159eb\u011b vody.<\/li>\n<li><strong>\u00daspory energie:<\/strong> Vzhledem k tomu, \u017ee pro oh\u0159ev tepl\u00e9 vody ve spr\u0161e je t\u0159eba oh\u0159\u00edvat m\u00e9n\u011b vody, vede syst\u00e9m ecoturbino tak\u00e9 k \u00faspor\u00e1m energie a ni\u017e\u0161\u00edm n\u00e1klad\u016fm na energie.<\/li>\n<li><strong>Zv\u00fd\u0161en\u00fd komfort p\u0159i sprchov\u00e1n\u00ed:<\/strong> Siln\u011bj\u0161\u00ed a p\u0159\u00edjemn\u011bj\u0161\u00ed proud vody z ecoturbina je siln\u011bj\u0161\u00ed a p\u0159\u00edjemn\u011bj\u0161\u00ed, co\u017e vede k lep\u0161\u00edmu komfortu p\u0159i sprchov\u00e1n\u00ed.<\/li>\n<li><strong><a href=\"https:\/\/ecoturbino.world\/cs\/dopad-5\/\">Ekologicky<\/a> p\u0159\u00e1telsk\u00e9:<\/strong> Sn\u00ed\u017een\u00ed spot\u0159eby vody a energie znamen\u00e1 men\u0161\u00ed z\u00e1t\u011b\u017e pro \u017eivotn\u00ed prost\u0159ed\u00ed a sn\u00ed\u017een\u00ed emis\u00ed CO2.<\/li>\n<\/ul>\n\t\t<\/div>\n\t\t\t\t\t<\/div>\n\n\t\n<\/div>\n\t<div id=\"gap-1535038125\" class=\"gap-element clearfix\" style=\"display:block; height:auto;\">\n\t\t\n<style>\n#gap-1535038125 {\n  padding-top: 30px;\n}\n<\/style>\n\t<\/div>\n\t\n<div class=\"row\"  id=\"row-125250727\">\n\n\t<div id=\"col-303416177\" class=\"col medium-6 small-12 large-6\"  >\n\t\t\t\t<div class=\"col-inner\"  >\n\t\t\t\n\t\t\t\n<h3>Instalace ecoturbino<\/h3>\n<p>Instalace syst\u00e9mu ecoturbino nem\u016f\u017ee b\u00fdt jednodu\u0161\u0161\u00ed. Obvykle se dod\u00e1v\u00e1 s \u00bdpalcov\u00fdm standardn\u00edm z\u00e1vitem, kter\u00fd je p\u0159\u00edtomen ve v\u011bt\u0161in\u011b sprchov\u00fdch kout\u016f.<\/p>\n<p>To umo\u017e\u0148uje <strong>rychl\u00e1 a nekomplikovan\u00e1 instalace bez nutnosti pou\u017eit\u00ed speci\u00e1ln\u00edho n\u00e1\u0159ad\u00ed.<\/strong> nebo odborn\u00e9 znalosti. B\u011bhem n\u011bkolika m\u00e1lo minut si m\u016f\u017ee ka\u017ed\u00fd u\u017e\u00edvat v\u00fdhod bou\u0159liv\u00e9ho vodn\u00edho proudu.<\/p>\n\t\t<\/div>\n\t\t\t\t\t<\/div>\n\n\t\n\n\t<div id=\"col-1205692762\" class=\"col medium-6 small-12 large-6\"  >\n\t\t\t\t<div class=\"col-inner\" style=\"background-color:#c0d63d;\" >\n\t\t\t\n\t\t\t\n\t<div id=\"text-2896342017\" class=\"text\">\n\t\t\n<h4 class=\"uppercase\">Z\u00c1V\u011aR<\/h4>\n\t\t\n<style>\n#text-2896342017 {\n  font-size: 2rem;\n  text-align: right;\n  color: rgb(255,255,255);\n}\n#text-2896342017 > * {\n  color: rgb(255,255,255);\n}\n@media (min-width:550px) {\n  #text-2896342017 {\n    font-size: 3.5rem;\n  }\n}\n<\/style>\n\t<\/div>\n\t\n<h3>Osv\u011b\u017euj\u00edc\u00ed z\u00e1\u017eitek ze sprchy d\u00edky ecoturbino<\/h3>\n<blockquote>\n<p>Ecoturbino p\u0159edstavuje inovativn\u00ed \u0159e\u0161en\u00ed, jak ve spr\u0161e vytv\u00e1\u0159et turbulentn\u00ed proud vody a u\u017e\u00edvat si v\u00fdhod osv\u011b\u017euj\u00edc\u00edho proudu vody.<\/p>\n<\/blockquote>\n<p>Zaveden\u00ed vzduchu do proudu vody umo\u017e\u0148uje. <strong>\u00fa\u010dinn\u011bj\u0161\u00ed sprchov\u00e1n\u00ed, \u00faspora vody a energie,<\/strong> a <strong>zv\u00fd\u0161it pohodl\u00ed p\u0159i sprchov\u00e1n\u00ed<\/strong>t.<\/p>\n<p>D\u00edky snadn\u00e9 instalaci m\u016f\u017ee ka\u017ed\u00fd vyu\u017e\u00edvat p\u0159ednost\u00ed syst\u00e9mu ecoturbino a pozvednout sv\u016fj z\u00e1\u017eitek z rann\u00ed sprchy na novou \u00farove\u0148.<\/p>\n\t\t<\/div>\n\t\t\t\t\n<style>\n#col-1205692762 > .col-inner {\n  padding: 10px 20px 1px 25px;\n  border-radius: 10px;\n}\n<\/style>\n\t<\/div>\n\n\t\n<\/div>\n\t\t<\/div>\n\t\t\t\t\n<style>\n#col-750377346 > .col-inner {\n  margin: 0px 0px -125px 0px;\n}\n@media (min-width:550px) {\n  #col-750377346 > .col-inner {\n    margin: 0px 0px -200px 0px;\n  }\n}\n<\/style>\n\t<\/div>\n\n\t\n<\/div>\n\t\t<\/div>\n\n\t\t\n<style>\n#section_1332452234 {\n  padding-top: 30px;\n  padding-bottom: 30px;\n}\n<\/style>\n\t<\/section>\n\t\n\n\t<section class=\"section\" id=\"section_624211065\">\n\t\t<div class=\"section-bg fill\" >\n\t\t\t<img decoding=\"async\" width=\"1920\" height=\"683\" src=\"https:\/\/ecoturbino.world\/wp-content\/uploads\/2025\/12\/ecoturbino-function_1920-1.webp\" class=\"bg attachment- size-\" alt=\"ecoturbino funktion\" \/>\t\t\t\t\t\t<div class=\"section-bg-overlay absolute fill\"><\/div>\n\t\t\t\n\n\t\t<\/div>\n\n\t\t\t<div class=\"ux-shape-divider ux-shape-divider--top ux-shape-divider--style-waves-opacity\">\n\t\t<svg viewbox=\"0 0 1000 300\" xmlns=\"http:\/\/www.w3.org\/2000\/svg\" preserveaspectratio=\"none\">\n    <path class=\"ux-shape-fill\" d=\"M0 300L-1 69.71C216 57 299.47 198.86 403 226C506 253 577 196 660 197C740 198 790.09 234.07 874 267C935.23 291 982 282.61 1000 277.61V300H0Z\"\/>\n    <path class=\"ux-shape-fill\" opacity=\"0.5\" d=\"M1 265.094L0 50.5C217 37.79 300.47 186.36 404 213.5C507 240.5 578 196.5 661 197.5C741 198.5 787.59 239.57 871.5 272.5C932.73 296.5 980.5 284.5 998.5 279.5V298.5L1 265.094Z\"\/>\n    <path class=\"ux-shape-fill\" opacity=\"0.15\" d=\"M0.999878 244.094L-0.00012207 27C217 14.29 300.47 173.86 404 201C507 228 578 196 661 197C741 198 787.59 243.07 871.5 276C932.73 300 980.5 284.5 998.5 279.5V299L0.999878 244.094Z\"\/>\n<\/svg>\n\n\t<\/div>\n\n\n\t\t<div class=\"section-content relative\">\n\t\t\t\n\t\t<\/div>\n\n\t\t\n<style>\n#section_624211065 {\n  padding-top: 125px;\n  padding-bottom: 125px;\n}\n#section_624211065 .section-bg-overlay {\n  background-color: rgba(0, 0, 0, 0.25);\n}\n#section_624211065 .ux-shape-divider--top svg {\n  height: 80px;\n  --divider-top-width: 100%;\n}\n@media (min-width:550px) {\n  #section_624211065 {\n    padding-top: 300px;\n    padding-bottom: 300px;\n  }\n  #section_624211065 .ux-shape-divider--top svg {\n    height: 124px;\n  }\n}\n<\/style>\n\t<\/section>","protected":false},"excerpt":{"rendered":"","protected":false},"author":2,"featured_media":1698,"parent":0,"menu_order":0,"comment_status":"closed","ping_status":"closed","template":"page-blank.php","meta":{"inline_featured_image":false,"footnotes":""},"class_list":["post-1220","page","type-page","status-publish","has-post-thumbnail","hentry"],"_links":{"self":[{"href":"https:\/\/ecoturbino.world\/cs\/wp-json\/wp\/v2\/pages\/1220","targetHints":{"allow":["GET"]}}],"collection":[{"href":"https:\/\/ecoturbino.world\/cs\/wp-json\/wp\/v2\/pages"}],"about":[{"href":"https:\/\/ecoturbino.world\/cs\/wp-json\/wp\/v2\/types\/page"}],"author":[{"embeddable":true,"href":"https:\/\/ecoturbino.world\/cs\/wp-json\/wp\/v2\/users\/2"}],"replies":[{"embeddable":true,"href":"https:\/\/ecoturbino.world\/cs\/wp-json\/wp\/v2\/comments?post=1220"}],"version-history":[{"count":0,"href":"https:\/\/ecoturbino.world\/cs\/wp-json\/wp\/v2\/pages\/1220\/revisions"}],"wp:featuredmedia":[{"embeddable":true,"href":"https:\/\/ecoturbino.world\/cs\/wp-json\/wp\/v2\/media\/1698"}],"wp:attachment":[{"href":"https:\/\/ecoturbino.world\/cs\/wp-json\/wp\/v2\/media?parent=1220"}],"curies":[{"name":"wp","href":"https:\/\/api.w.org\/{rel}","templated":true}]}}