{"id":1215,"date":"2024-01-01T12:07:15","date_gmt":"2024-01-01T11:07:15","guid":{"rendered":"https:\/\/ecoturbino.eu\/?page_id=1215"},"modified":"2025-12-29T22:45:35","modified_gmt":"2025-12-29T21:45:35","slug":"dopad-6","status":"publish","type":"page","link":"https:\/\/ecoturbino.world\/cs\/impact-6\/","title":{"rendered":"Absolutn\u011b bez\u00fadr\u017ebov\u00e9 a vhodn\u00e9 pro dodate\u010dnou instalaci ve v\u0161ech sprch\u00e1ch - m\u016f\u017ee je instalovat kdokoli."},"content":{"rendered":"<section class=\"section zindex1\" id=\"section_437124485\">\n\t\t<div class=\"section-bg fill\" >\n\t\t\t\t\t\t\t\t\t\n\t\t\t\n\n\t\t<\/div>\n\n\t\t\n\n\t\t<div class=\"section-content relative\">\n\t\t\t\n<div class=\"row row-small\"  id=\"row-2090270243\">\n\n\t<div id=\"col-1798111285\" class=\"col medium-9 small-12 large-9\"  >\n\t\t\t\t<div class=\"col-inner\"  >\n\t\t\t\n\t\t\t\n<h2 class=\"uppercase\">Absolutn\u011b bez\u00fadr\u017ebov\u00e9 a dodate\u010dn\u011b instalovateln\u00e9 do v\u0161ech sprch - instaluje ka\u017ed\u00fd<\/h2>\n<h3 class=\"thin-font\">\u0161est\u00fd dopad syst\u00e9mu ecoturbino\u00ae pro \u00fasporu vody a ochranu \u017eivotn\u00edho prost\u0159ed\u00ed<\/h3>\n<div class=\"row\"  id=\"row-164555483\">\n\n\t<div id=\"col-955014593\" class=\"col medium-11 small-12 large-11\"  >\n\t\t\t\t<div class=\"col-inner\"  >\n\t\t\t\n\t\t\t\n\t<div id=\"stack-426985036\" class=\"stack stack-row justify-start items-start\">\n\t\t\n\t<div class=\"img has-hover x md-x lg-x y md-y lg-y\" id=\"image_1113286921\" data-no-translation=\"\">\n\t\t<a class=\"\" href=\"\/impact-1\/\" >\t\t\t\t\t\t<div class=\"img-inner image-color dark\" >\n\t\t\t<img decoding=\"async\" width=\"100\" height=\"100\" src=\"https:\/\/ecoturbino.world\/wp-content\/uploads\/2024\/01\/impact1.svg\" class=\"attachment-original size-original\" alt=\"\" \/>\t\t\t\t\t\t\n\t\t\t\t\t<\/div>\n\t\t\t\t\t\t<\/a>\t\t\n<style>\n#image_1113286921 {\n  width: 100%;\n}\n<\/style>\n\t<\/div>\n\t\n\t<div class=\"img has-hover x md-x lg-x y md-y lg-y\" id=\"image_55258445\" data-no-translation=\"\">\n\t\t<a class=\"\" href=\"\/impact-2\/\" >\t\t\t\t\t\t<div class=\"img-inner image-color dark\" >\n\t\t\t<img decoding=\"async\" width=\"100\" height=\"100\" src=\"https:\/\/ecoturbino.world\/wp-content\/uploads\/2024\/01\/impact2.svg\" class=\"attachment-original size-original\" alt=\"\" \/>\t\t\t\t\t\t\n\t\t\t\t\t<\/div>\n\t\t\t\t\t\t<\/a>\t\t\n<style>\n#image_55258445 {\n  width: 100%;\n}\n<\/style>\n\t<\/div>\n\t\n\t<div class=\"img has-hover x md-x lg-x y md-y lg-y\" id=\"image_1633581131\" data-no-translation=\"\">\n\t\t<a class=\"\" href=\"\/impact-3\/\" >\t\t\t\t\t\t<div class=\"img-inner image-color dark\" >\n\t\t\t<img decoding=\"async\" width=\"100\" height=\"100\" src=\"https:\/\/ecoturbino.world\/wp-content\/uploads\/2024\/01\/impact3.svg\" class=\"attachment-original size-original\" alt=\"Impact 3 of ecoturbino\" \/>\t\t\t\t\t\t\n\t\t\t\t\t<\/div>\n\t\t\t\t\t\t<\/a>\t\t\n<style>\n#image_1633581131 {\n  width: 100%;\n}\n<\/style>\n\t<\/div>\n\t\n\t<div class=\"img has-hover x md-x lg-x y md-y lg-y\" id=\"image_636761180\" data-no-translation=\"\">\n\t\t<a class=\"\" href=\"\/impact-4\/\" >\t\t\t\t\t\t<div class=\"img-inner image-color dark\" >\n\t\t\t<img decoding=\"async\" width=\"100\" height=\"100\" src=\"https:\/\/ecoturbino.world\/wp-content\/uploads\/2024\/01\/impact4.svg\" class=\"attachment-original size-original\" alt=\"Impact 4 of ecoturbino\" \/>\t\t\t\t\t\t\n\t\t\t\t\t<\/div>\n\t\t\t\t\t\t<\/a>\t\t\n<style>\n#image_636761180 {\n  width: 100%;\n}\n<\/style>\n\t<\/div>\n\t\n\t<div class=\"img has-hover x md-x lg-x y md-y lg-y\" id=\"image_101470187\" data-no-translation=\"\">\n\t\t<a class=\"\" href=\"\/impact-5\/\" >\t\t\t\t\t\t<div class=\"img-inner image-color dark\" >\n\t\t\t<img decoding=\"async\" width=\"100\" height=\"100\" src=\"https:\/\/ecoturbino.world\/wp-content\/uploads\/2024\/01\/impact5.svg\" class=\"attachment-original size-original\" alt=\"\" \/>\t\t\t\t\t\t\n\t\t\t\t\t<\/div>\n\t\t\t\t\t\t<\/a>\t\t\n<style>\n#image_101470187 {\n  width: 100%;\n}\n<\/style>\n\t<\/div>\n\t\n\t<div class=\"img has-hover x md-x lg-x y md-y lg-y\" id=\"image_262224746\" data-no-translation=\"\">\n\t\t\t\t\t\t\t\t<div class=\"img-inner dark\" >\n\t\t\t<img decoding=\"async\" width=\"100\" height=\"100\" src=\"https:\/\/ecoturbino.world\/wp-content\/uploads\/2024\/01\/impact6.svg\" class=\"attachment-original size-original\" alt=\"Impact 6 of ecoturbino\" \/>\t\t\t\t\t\t\n\t\t\t\t\t<\/div>\n\t\t\t\t\t\t\t\t\n<style>\n#image_262224746 {\n  width: 100%;\n}\n<\/style>\n\t<\/div>\n\t\n\t<div class=\"img has-hover x md-x lg-x y md-y lg-y\" id=\"image_1412346968\" data-no-translation=\"\">\n\t\t<a class=\"\" href=\"\/impact-7\/\" >\t\t\t\t\t\t<div class=\"img-inner image-color dark\" >\n\t\t\t<img decoding=\"async\" width=\"100\" height=\"100\" src=\"https:\/\/ecoturbino.world\/wp-content\/uploads\/2024\/01\/impact7.svg\" class=\"attachment-original size-original\" alt=\"Impact 7 of ecoturbino\" \/>\t\t\t\t\t\t\n\t\t\t\t\t<\/div>\n\t\t\t\t\t\t<\/a>\t\t\n<style>\n#image_1412346968 {\n  width: 100%;\n}\n<\/style>\n\t<\/div>\n\t\n\t\t\n<style>\n#stack-426985036 > * {\n  --stack-gap: 0.5rem;\n}\n@media (min-width:550px) {\n  #stack-426985036 > * {\n    --stack-gap: 1rem;\n  }\n}\n<\/style>\n\t<\/div>\n\t\n\t\t<\/div>\n\t\t\t\t\t<\/div>\n\n\t\n<\/div>\n\t\t<\/div>\n\t\t\t\t\t<\/div>\n\n\t\n\n\t<div id=\"col-1115388146\" class=\"col medium-3 small-12 large-3\"  >\n\t\t\t\t<div class=\"col-inner\"  >\n\t\t\t\n\t\t\t\n\t<div class=\"img has-hover x md-x lg-x y md-y lg-y\" id=\"image_2077807300\" data-no-translation=\"\">\n\t\t\t\t\t\t\t\t<div class=\"img-inner dark\" >\n\t\t\t<img decoding=\"async\" width=\"100\" height=\"100\" src=\"https:\/\/ecoturbino.world\/wp-content\/uploads\/2024\/01\/impact6.svg\" class=\"attachment-original size-original\" alt=\"Impact 6 of ecoturbino\" \/>\t\t\t\t\t\t\n\t\t\t\t\t<\/div>\n\t\t\t\t\t\t\t\t\n<style>\n#image_2077807300 {\n  width: 100%;\n}\n<\/style>\n\t<\/div>\n\t\n\t\t<\/div>\n\t\t\t\t\t<\/div>\n\n\t\n<\/div>\n<div class=\"row\"  id=\"row-111636800\">\n\n\t<div id=\"col-1105632616\" class=\"col small-12 large-12\"  >\n\t\t\t\t<div class=\"col-inner\"  >\n\t\t\t\n\t\t\t\n<div class=\"is-divider divider clearfix\" style=\"max-width:100%;height:1px;\"><\/div>\n<h3><span style=\"font-size: 120%;\">Snadn\u00e1 \u00faspora energie | <a href=\"https:\/\/en.ecoturbino.shop\/details\/\" target=\"_blank\" rel=\"noopener\">ecoturbino<\/a> - Snadn\u00e1 instalace a vhodn\u00e9 pro ka\u017ed\u00e9ho<\/span><\/h3>\n<p>V dob\u011b, kdy <strong>\u00faspory energie a ochrana \u017eivotn\u00edho prost\u0159ed\u00ed nab\u00fdvaj\u00ed na v\u00fdznamu,<\/strong> mnoho lid\u00ed hled\u00e1 zp\u016fsoby, jak <strong>sn\u00ed\u017eit spot\u0159ebu energie.<\/strong> a <strong>sn\u00ed\u017eit jejich ekologickou stopu.<\/strong><\/p>\n<p>\u010casto se v\u0161ak setk\u00e1vaj\u00ed s probl\u00e9mem, \u017ee mnoho z nich <strong>energeticky \u00fasporn\u00e9 v\u00fdrobky jsou komplikovan\u00e9<\/strong> a vy\u017eaduj\u00ed odbornou instalaci. Ale nemus\u00ed to tak b\u00fdt. S ecoturbino se \u00faspory energie stanou hra\u010dkou.<\/p>\n<p>Tento <strong>inovativn\u00ed rakousk\u00fd v\u00fdrobek<\/strong> m\u016f\u017ee b\u00fdt <strong>instalovat kdokoli bez p\u0159edchoz\u00ed znalosti<\/strong> nebo odborn\u00e9 znalosti a hod\u00ed se do ka\u017ed\u00e9 sprchy. Je p\u0159ipraven k pou\u017eit\u00ed b\u011bhem pouh\u00fdch t\u0159\u00ed minut a nevy\u017eaduje \u017e\u00e1dn\u00e9 n\u00e1\u0159ad\u00ed ani slo\u017eitou instalaci.<\/p>\n<h3>Pro\u010d je instalace ecoturbina tak snadn\u00e1?<\/h3>\n<p>Ecoturbino bylo navr\u017eeno tak, aby<strong> co nejjednodu\u0161\u0161\u00ed instalace<\/strong>. Nevy\u017eaduje slo\u017eit\u00e9 n\u00e1stroje ani odborn\u00e9 znalosti. D\u016fvodem je \u00bdpalcov\u00fd standardn\u00ed z\u00e1vit, kter\u00fd je p\u0159\u00edtomen ve v\u011bt\u0161in\u011b instalat\u00e9rsk\u00fdch p\u0159\u00edpojek u sm\u011b\u0161ova\u010de tepl\u00e9 vody ve spr\u0161e.<\/p>\n<p>Tento standardn\u00ed z\u00e1vit umo\u017e\u0148uje snadn\u00e9 a bezpe\u010dn\u00e9 upevn\u011bn\u00ed ecoturbina bez nutnosti dal\u0161\u00edch \u00faprav nebo modifikac\u00ed.<\/p>\n\t<div id=\"gap-771376401\" class=\"gap-element clearfix\" style=\"display:block; height:auto;\">\n\t\t\n<style>\n#gap-771376401 {\n  padding-top: 30px;\n}\n<\/style>\n\t<\/div>\n\t\n<div class=\"row\"  id=\"row-2120252899\">\n\n\t<div id=\"col-755671053\" class=\"col medium-4 small-12 large-4\"  >\n\t\t\t\t<div class=\"col-inner\"  >\n\t\t\t\n\t\t\t\n\t<div class=\"img has-hover radius10 x md-x lg-x y md-y lg-y\" id=\"image_979836623\" data-no-translation=\"\">\n\t\t\t\t\t\t\t\t<div class=\"img-inner dark\" >\n\t\t\t<img decoding=\"async\" width=\"600\" height=\"600\" src=\"https:\/\/ecoturbino.world\/wp-content\/uploads\/2024\/01\/tools-shower_600.webp\" class=\"attachment-original size-original\" alt=\"Shower tools symbol\" srcset=\"https:\/\/ecoturbino.world\/wp-content\/uploads\/2024\/01\/tools-shower_600.webp 600w, https:\/\/ecoturbino.world\/wp-content\/uploads\/2024\/01\/tools-shower_600-500x500.webp 500w, https:\/\/ecoturbino.world\/wp-content\/uploads\/2024\/01\/tools-shower_600-32x32.webp 32w, https:\/\/ecoturbino.world\/wp-content\/uploads\/2024\/01\/tools-shower_600-48x48.webp 48w, https:\/\/ecoturbino.world\/wp-content\/uploads\/2024\/01\/tools-shower_600-80x80.webp 80w, https:\/\/ecoturbino.world\/wp-content\/uploads\/2024\/01\/tools-shower_600-180x180.webp 180w\" sizes=\"(max-width: 600px) 100vw, 600px\" \/>\t\t\t\t\t\t\n\t\t\t\t\t<\/div>\n\t\t\t\t\t\t\t\t\n<style>\n#image_979836623 {\n  width: 100%;\n}\n<\/style>\n\t<\/div>\n\t\n\t\t<\/div>\n\t\t\t\t\t<\/div>\n\n\t\n\n\t<div id=\"col-338817616\" class=\"col medium-8 small-12 large-8\"  >\n\t\t\t\t<div class=\"col-inner\"  >\n\t\t\t\n\t\t\t\n<h3>Jednoduch\u00fd postup instalace ecoturbina<\/h3>\n<p>Instalace syst\u00e9mu ecoturbino nem\u016f\u017ee b\u00fdt jednodu\u0161\u0161\u00ed. Zde jsou podrobn\u011b pops\u00e1ny jednotliv\u00e9 kroky:<\/p>\n<ol>\n<li><strong>P\u0159\u00edprava:<\/strong> Ujist\u011bte se, \u017ee va\u0161e sprchov\u00e1 hadice m\u00e1 <strong>\u00bdpalcov\u00fd standardn\u00ed z\u00e1vit<\/strong> (co\u017e je celosv\u011btov\u00fd standard). Tak je tomu ve v\u011bt\u0161in\u011b sprch.<\/li>\n<li><strong>Odstra\u0148te sprchovou hadici:<\/strong> Od\u0161roubujte jej ot\u00e1\u010den\u00edm ve sm\u011bru hodinov\u00fdch ru\u010di\u010dek.<\/li>\n<li><strong>P\u0159ipojte ekoturbino:<\/strong> Jednodu\u0161e na\u0161roubujte ecoturbino na \u00bdpalcov\u00fd standardn\u00ed z\u00e1vit na sm\u011b\u0161ova\u010di a ot\u00e1\u010dejte j\u00edm ve sm\u011bru hodinov\u00fdch ru\u010di\u010dek, dokud nebude bezpe\u010dn\u011b p\u0159ipevn\u011bn.<\/li>\n<li>Nyn\u00ed p\u0159ipojte vodn\u00ed hadici k ecoturbinu - Hotovo! Va\u0161e ecoturbino je nyn\u00ed p\u0159ipraveno k pou\u017eit\u00ed. \u017d\u00e1dn\u00e9 dal\u0161\u00ed kroky ji\u017e nejsou nutn\u00e9.<\/li>\n<\/ol>\n\t\t<\/div>\n\t\t\t\t\t<\/div>\n\n\t\n<\/div>\n\t<div id=\"gap-1901855984\" class=\"gap-element clearfix\" style=\"display:block; height:auto;\">\n\t\t\n<style>\n#gap-1901855984 {\n  padding-top: 30px;\n}\n<\/style>\n\t<\/div>\n\t\n<div class=\"row\"  id=\"row-168307139\">\n\n\t<div id=\"col-1414643768\" class=\"col medium-6 small-12 large-6\"  >\n\t\t\t\t<div class=\"col-inner\"  >\n\t\t\t\n\t\t\t\n<h3>Nevy\u017eaduj\u00ed se \u017e\u00e1dn\u00e9 p\u0159edchoz\u00ed znalosti ani zku\u0161enosti<\/h3>\n<p>Nejlep\u0161\u00ed na ecoturbinu je, \u017ee je to <strong>vhodn\u00e9 pro ka\u017ed\u00e9ho<\/strong>. Nepot\u0159ebujete \u017e\u00e1dn\u00e9 p\u0159edchoz\u00ed znalosti ani zku\u0161enosti s instalat\u00e9rsk\u00fdmi pracemi. D\u00edky standardn\u00edmu z\u00e1vitu a snadn\u00e9mu upevn\u011bn\u00ed je instalace hra\u010dkou.<\/p>\n<blockquote>\n<p>Je to skv\u011bl\u00fd zp\u016fsob, jak u\u0161et\u0159it energii a vodu, ani\u017e byste se museli starat o slo\u017eitou instalaci.<\/p>\n<\/blockquote>\n\t\t<\/div>\n\t\t\t\t\t<\/div>\n\n\t\n\n\t<div id=\"col-1869809434\" class=\"col medium-6 small-12 large-6\"  >\n\t\t\t\t<div class=\"col-inner\" style=\"background-color:#c0d63d;\" >\n\t\t\t\n\t\t\t\n\t<div id=\"text-2251372592\" class=\"text\">\n\t\t\n<h4 class=\"uppercase\">Z\u00c1V\u011aR<\/h4>\n\t\t\n<style>\n#text-2251372592 {\n  font-size: 2rem;\n  text-align: right;\n  color: rgb(255,255,255);\n}\n#text-2251372592 > * {\n  color: rgb(255,255,255);\n}\n@media (min-width:550px) {\n  #text-2251372592 {\n    font-size: 3.5rem;\n  }\n}\n<\/style>\n\t<\/div>\n\t\n<h3>Velk\u00e9 v\u00fdhody ecoturbino<\/h3>\n<p>Ecoturbino nab\u00edz\u00ed nejen snadnou instalaci, ale tak\u00e9 \u0159adu v\u00fdhod, kter\u00e9 spo\u010d\u00edvaj\u00ed v tom, \u017ee <strong>aby se vyplatilo investovat<\/strong>:<\/p>\n<ul>\n<li><strong><a href=\"https:\/\/ecoturbino.world\/cs\/pravidla-eu-pro-sladkou-vodu\/\">\u00daspora vody<\/a>:<\/strong> Ecoturbino sni\u017euje spot\u0159ebu vody p\u0159i sprchov\u00e1n\u00ed o 40 procent. To nejen \u0161et\u0159\u00ed vodu, ale tak\u00e9 sni\u017euje n\u00e1klady na jej\u00ed v\u00fdrobu a likvidaci.<\/li>\n<li><strong>\u00daspory energie:<\/strong> Vzhledem k tomu, \u017ee pro oh\u0159ev tepl\u00e9 vody ve spr\u0161e je t\u0159eba oh\u0159\u00edvat m\u00e9n\u011b vody, vede syst\u00e9m ecoturbino tak\u00e9 k v\u00fdrazn\u00fdm \u00faspor\u00e1m energie a ni\u017e\u0161\u00edm n\u00e1klad\u016fm na energie.<\/li>\n<li><strong>\u0160etrn\u00e9 k \u017eivotn\u00edmu prost\u0159ed\u00ed:<\/strong> Sn\u00ed\u017een\u00ed spot\u0159eby vody a energie p\u0159isp\u00edv\u00e1 k ochran\u011b \u017eivotn\u00edho prost\u0159ed\u00ed a sn\u00ed\u017een\u00ed emis\u00ed CO2.<\/li>\n<li><strong>Rychl\u00e1 odplata:<\/strong> D\u00edky \u00faspor\u00e1m n\u00e1klad\u016f na vodu a energii se investice do ecoturbina rychle vyplat\u00ed.<\/li>\n<li><strong>Zv\u00fd\u0161en\u00fd komfort p\u0159i sprchov\u00e1n\u00ed:<\/strong> I p\u0159es sn\u00ed\u017een\u00ed spot\u0159eby vody poskytuje ecoturbino st\u00e1le siln\u00fd a p\u0159\u00edjemn\u00fd z\u00e1\u017eitek ze sprchov\u00e1n\u00ed. Proud vody z\u016fst\u00e1v\u00e1 siln\u00fd a p\u0159\u00edjemn\u00fd.<\/li>\n<\/ul>\n<blockquote>\n<p>Celkov\u011b lze \u0159\u00edci, \u017ee ecoturbino je jednoduch\u00fd a <strong>n\u00e1kladov\u011b efektivn\u00ed zp\u016fsob, jak u\u0161et\u0159it energii a vodu, ani\u017e byste museli ob\u011btovat pohodl\u00ed p\u0159i sprchov\u00e1n\u00ed.<\/strong> Ka\u017ed\u00fd si ji m\u016f\u017ee nainstalovat a vyu\u017e\u00edvat \u010detn\u00e9 v\u00fdhody, kter\u00e9 nab\u00edz\u00ed. Je to oboustrann\u011b v\u00fdhodn\u00e9 \u0159e\u0161en\u00ed pro va\u0161i pen\u011b\u017eenku i \u017eivotn\u00ed prost\u0159ed\u00ed.<\/p>\n<\/blockquote>\n\t\t<\/div>\n\t\t\t\t\n<style>\n#col-1869809434 > .col-inner {\n  padding: 10px 20px 1px 20px;\n  border-radius: 10px;\n}\n<\/style>\n\t<\/div>\n\n\t\n<\/div>\n\t\t<\/div>\n\t\t\t\t\n<style>\n#col-1105632616 > .col-inner {\n  margin: 0px 0px -125px 0px;\n}\n@media (min-width:550px) {\n  #col-1105632616 > .col-inner {\n    margin: 0px 0px -200px 0px;\n  }\n}\n<\/style>\n\t<\/div>\n\n\t\n<\/div>\n\t\t<\/div>\n\n\t\t\n<style>\n#section_437124485 {\n  padding-top: 30px;\n  padding-bottom: 30px;\n}\n<\/style>\n\t<\/section>\n\t\n\n\t<section class=\"section\" id=\"section_832901014\">\n\t\t<div class=\"section-bg fill\" >\n\t\t\t<img decoding=\"async\" width=\"1920\" height=\"683\" src=\"https:\/\/ecoturbino.world\/wp-content\/uploads\/2025\/12\/ecoturbino-function_1920-1.webp\" class=\"bg attachment- size-\" alt=\"ecoturbino funktion\" \/>\t\t\t\t\t\t<div class=\"section-bg-overlay absolute fill\"><\/div>\n\t\t\t\n\n\t\t<\/div>\n\n\t\t\t<div class=\"ux-shape-divider ux-shape-divider--top ux-shape-divider--style-waves-opacity\">\n\t\t<svg viewbox=\"0 0 1000 300\" xmlns=\"http:\/\/www.w3.org\/2000\/svg\" preserveaspectratio=\"none\">\n    <path class=\"ux-shape-fill\" d=\"M0 300L-1 69.71C216 57 299.47 198.86 403 226C506 253 577 196 660 197C740 198 790.09 234.07 874 267C935.23 291 982 282.61 1000 277.61V300H0Z\"\/>\n    <path class=\"ux-shape-fill\" opacity=\"0.5\" d=\"M1 265.094L0 50.5C217 37.79 300.47 186.36 404 213.5C507 240.5 578 196.5 661 197.5C741 198.5 787.59 239.57 871.5 272.5C932.73 296.5 980.5 284.5 998.5 279.5V298.5L1 265.094Z\"\/>\n    <path class=\"ux-shape-fill\" opacity=\"0.15\" d=\"M0.999878 244.094L-0.00012207 27C217 14.29 300.47 173.86 404 201C507 228 578 196 661 197C741 198 787.59 243.07 871.5 276C932.73 300 980.5 284.5 998.5 279.5V299L0.999878 244.094Z\"\/>\n<\/svg>\n\n\t<\/div>\n\n\n\t\t<div class=\"section-content relative\">\n\t\t\t\n\t\t<\/div>\n\n\t\t\n<style>\n#section_832901014 {\n  padding-top: 125px;\n  padding-bottom: 125px;\n}\n#section_832901014 .section-bg-overlay {\n  background-color: rgba(0, 0, 0, 0.25);\n}\n#section_832901014 .ux-shape-divider--top svg {\n  height: 80px;\n  --divider-top-width: 100%;\n}\n@media (min-width:550px) {\n  #section_832901014 {\n    padding-top: 200px;\n    padding-bottom: 200px;\n  }\n  #section_832901014 .ux-shape-divider--top svg {\n    height: 124px;\n  }\n}\n<\/style>\n\t<\/section>","protected":false},"excerpt":{"rendered":"","protected":false},"author":2,"featured_media":1685,"parent":0,"menu_order":0,"comment_status":"closed","ping_status":"closed","template":"page-blank.php","meta":{"inline_featured_image":false,"footnotes":""},"class_list":["post-1215","page","type-page","status-publish","has-post-thumbnail","hentry"],"_links":{"self":[{"href":"https:\/\/ecoturbino.world\/cs\/wp-json\/wp\/v2\/pages\/1215","targetHints":{"allow":["GET"]}}],"collection":[{"href":"https:\/\/ecoturbino.world\/cs\/wp-json\/wp\/v2\/pages"}],"about":[{"href":"https:\/\/ecoturbino.world\/cs\/wp-json\/wp\/v2\/types\/page"}],"author":[{"embeddable":true,"href":"https:\/\/ecoturbino.world\/cs\/wp-json\/wp\/v2\/users\/2"}],"replies":[{"embeddable":true,"href":"https:\/\/ecoturbino.world\/cs\/wp-json\/wp\/v2\/comments?post=1215"}],"version-history":[{"count":0,"href":"https:\/\/ecoturbino.world\/cs\/wp-json\/wp\/v2\/pages\/1215\/revisions"}],"wp:featuredmedia":[{"embeddable":true,"href":"https:\/\/ecoturbino.world\/cs\/wp-json\/wp\/v2\/media\/1685"}],"wp:attachment":[{"href":"https:\/\/ecoturbino.world\/cs\/wp-json\/wp\/v2\/media?parent=1215"}],"curies":[{"name":"wp","href":"https:\/\/api.w.org\/{rel}","templated":true}]}}