{"id":1212,"date":"2024-01-01T12:02:37","date_gmt":"2024-01-01T11:02:37","guid":{"rendered":"https:\/\/ecoturbino.eu\/?page_id=1212"},"modified":"2025-12-29T22:45:10","modified_gmt":"2025-12-29T21:45:10","slug":"dopad-5","status":"publish","type":"page","link":"https:\/\/ecoturbino.world\/cs\/impact-5\/","title":{"rendered":"Vyu\u017eit\u00ed zem\u011b \u0161et\u0159\u00edc\u00ed zdroje"},"content":{"rendered":"<section class=\"section zindex1\" id=\"section_1716460139\">\n\t\t<div class=\"section-bg fill\" >\n\t\t\t\t\t\t\t\t\t\n\t\t\t\n\n\t\t<\/div>\n\n\t\t\n\n\t\t<div class=\"section-content relative\">\n\t\t\t\n<div class=\"row row-small\"  id=\"row-2010905205\">\n\n\t<div id=\"col-322122334\" class=\"col medium-9 small-12 large-9\"  >\n\t\t\t\t<div class=\"col-inner\"  >\n\t\t\t\n\t\t\t\n<h1 class=\"uppercase\">Zach\u00e1zen\u00ed se Zem\u00ed \u0161etrn\u00e9 ke zdroj\u016fm<\/h1>\n<h3 class=\"thin-font\">p\u00e1t\u00fd dopad syst\u00e9mu ecoturbino\u00ae pro \u00fasporu vody a ochranu \u017eivotn\u00edho prost\u0159ed\u00ed<\/h3>\n<div class=\"row\"  id=\"row-1917322514\">\n\n\t<div id=\"col-363328009\" class=\"col medium-11 small-12 large-11\"  >\n\t\t\t\t<div class=\"col-inner\"  >\n\t\t\t\n\t\t\t\n\t<div id=\"stack-355813523\" class=\"stack stack-row justify-start items-start\">\n\t\t\n\t<div class=\"img has-hover x md-x lg-x y md-y lg-y\" id=\"image_1323150264\">\n\t\t<a class=\"\" href=\"\/cs\/dopad-1\/\" >\t\t\t\t\t\t<div class=\"img-inner image-color dark\" >\n\t\t\t<img decoding=\"async\" width=\"100\" height=\"100\" src=\"https:\/\/ecoturbino.world\/wp-content\/uploads\/2024\/01\/impact1.svg\" class=\"attachment-original size-original\" alt=\"\" \/>\t\t\t\t\t\t\n\t\t\t\t\t<\/div>\n\t\t\t\t\t\t<\/a>\t\t\n<style>\n#image_1323150264 {\n  width: 100%;\n}\n<\/style>\n\t<\/div>\n\t\n\t<div class=\"img has-hover x md-x lg-x y md-y lg-y\" id=\"image_1849421571\">\n\t\t<a class=\"\" href=\"\/cs\/dopad-2\/\" >\t\t\t\t\t\t<div class=\"img-inner image-color dark\" >\n\t\t\t<img decoding=\"async\" width=\"100\" height=\"100\" src=\"https:\/\/ecoturbino.world\/wp-content\/uploads\/2024\/01\/impact2.svg\" class=\"attachment-original size-original\" alt=\"\" \/>\t\t\t\t\t\t\n\t\t\t\t\t<\/div>\n\t\t\t\t\t\t<\/a>\t\t\n<style>\n#image_1849421571 {\n  width: 100%;\n}\n<\/style>\n\t<\/div>\n\t\n\t<div class=\"img has-hover x md-x lg-x y md-y lg-y\" id=\"image_385768892\">\n\t\t<a class=\"\" href=\"\/cs\/dopad-3\/\" >\t\t\t\t\t\t<div class=\"img-inner image-color dark\" >\n\t\t\t<img decoding=\"async\" width=\"100\" height=\"100\" src=\"https:\/\/ecoturbino.world\/wp-content\/uploads\/2024\/01\/impact3.svg\" class=\"attachment-original size-original\" alt=\"Dopad 3 ecoturbino\" \/>\t\t\t\t\t\t\n\t\t\t\t\t<\/div>\n\t\t\t\t\t\t<\/a>\t\t\n<style>\n#image_385768892 {\n  width: 100%;\n}\n<\/style>\n\t<\/div>\n\t\n\t<div class=\"img has-hover x md-x lg-x y md-y lg-y\" id=\"image_1118055368\">\n\t\t<a class=\"\" href=\"\/cs\/dopad-4\/\" >\t\t\t\t\t\t<div class=\"img-inner image-color dark\" >\n\t\t\t<img decoding=\"async\" width=\"100\" height=\"100\" src=\"https:\/\/ecoturbino.world\/wp-content\/uploads\/2024\/01\/impact4.svg\" class=\"attachment-original size-original\" alt=\"Dopad 4 ecoturbino\" \/>\t\t\t\t\t\t\n\t\t\t\t\t<\/div>\n\t\t\t\t\t\t<\/a>\t\t\n<style>\n#image_1118055368 {\n  width: 100%;\n}\n<\/style>\n\t<\/div>\n\t\n\t<div class=\"img has-hover x md-x lg-x y md-y lg-y\" id=\"image_2021720412\">\n\t\t\t\t\t\t\t\t<div class=\"img-inner dark\" >\n\t\t\t<img decoding=\"async\" width=\"100\" height=\"100\" src=\"https:\/\/ecoturbino.world\/wp-content\/uploads\/2024\/01\/impact5.svg\" class=\"attachment-original size-original\" alt=\"\" \/>\t\t\t\t\t\t\n\t\t\t\t\t<\/div>\n\t\t\t\t\t\t\t\t\n<style>\n#image_2021720412 {\n  width: 100%;\n}\n<\/style>\n\t<\/div>\n\t\n\t<div class=\"img has-hover x md-x lg-x y md-y lg-y\" id=\"image_1948377741\">\n\t\t<a class=\"\" href=\"\/cs\/dopad-6\/\" >\t\t\t\t\t\t<div class=\"img-inner image-color dark\" >\n\t\t\t<img decoding=\"async\" width=\"100\" height=\"100\" src=\"https:\/\/ecoturbino.world\/wp-content\/uploads\/2024\/01\/impact6.svg\" class=\"attachment-original size-original\" alt=\"Dopad 6 ecoturbino\" \/>\t\t\t\t\t\t\n\t\t\t\t\t<\/div>\n\t\t\t\t\t\t<\/a>\t\t\n<style>\n#image_1948377741 {\n  width: 100%;\n}\n<\/style>\n\t<\/div>\n\t\n\t<div class=\"img has-hover x md-x lg-x y md-y lg-y\" id=\"image_2094139458\">\n\t\t<a class=\"\" href=\"\/cs\/dopad-7\/\" >\t\t\t\t\t\t<div class=\"img-inner image-color dark\" >\n\t\t\t<img decoding=\"async\" width=\"100\" height=\"100\" src=\"https:\/\/ecoturbino.world\/wp-content\/uploads\/2024\/01\/impact7.svg\" class=\"attachment-original size-original\" alt=\"Dopad 7 ecoturbino\" \/>\t\t\t\t\t\t\n\t\t\t\t\t<\/div>\n\t\t\t\t\t\t<\/a>\t\t\n<style>\n#image_2094139458 {\n  width: 100%;\n}\n<\/style>\n\t<\/div>\n\t\n\t\t\n<style>\n#stack-355813523 > * {\n  --stack-gap: 0.5rem;\n}\n@media (min-width:550px) {\n  #stack-355813523 > * {\n    --stack-gap: 1rem;\n  }\n}\n<\/style>\n\t<\/div>\n\t\n\t\t<\/div>\n\t\t\t\t\t<\/div>\n\n\t\n<\/div>\n\t\t<\/div>\n\t\t\t\t\t<\/div>\n\n\t\n\n\t<div id=\"col-1461964848\" class=\"col medium-3 small-12 large-3\"  >\n\t\t\t\t<div class=\"col-inner\"  >\n\t\t\t\n\t\t\t\n\t<div class=\"img has-hover x md-x lg-x y md-y lg-y\" id=\"image_105185603\">\n\t\t\t\t\t\t\t\t<div class=\"img-inner dark\" >\n\t\t\t<img decoding=\"async\" width=\"100\" height=\"100\" src=\"https:\/\/ecoturbino.world\/wp-content\/uploads\/2024\/01\/impact5.svg\" class=\"attachment-original size-original\" alt=\"\" \/>\t\t\t\t\t\t\n\t\t\t\t\t<\/div>\n\t\t\t\t\t\t\t\t\n<style>\n#image_105185603 {\n  width: 100%;\n}\n<\/style>\n\t<\/div>\n\t\n\t\t<\/div>\n\t\t\t\t\t<\/div>\n\n\t\n<\/div>\n<div class=\"row\"  id=\"row-2146115497\">\n\n\t<div id=\"col-1014393475\" class=\"col small-12 large-12\"  >\n\t\t\t\t<div class=\"col-inner\"  >\n\t\t\t\n\t\t\t\n<div class=\"is-divider divider clearfix\" style=\"max-width:100%;height:1px;\"><\/div>\n<h2><span style=\"font-size: 120%;\">\u00daspora vody, n\u00e1klad\u016f na energii a odpadn\u00edch vod pro v\u0161echny | V\u00fdznam ecoturbino\u00ae<\/span><\/h2>\n<p>Zde d\u00e1le sni\u017eujeme spot\u0159ebu vody p\u0159i sprchov\u00e1n\u00ed v Evrop\u011b! \u00dadaje budou n\u00e1sledovat!<\/p>\n<p><strong>N\u00e1\u0161 sv\u011bt je st\u00e1le v\u00edce such\u00fd<\/strong>, s <strong>ceny vody a energi\u00ed neust\u00e1le rostou<\/strong>, a rostou tak\u00e9 n\u00e1klady na za\u0159\u00edzen\u00ed na \u010di\u0161t\u011bn\u00ed odpadn\u00edch vod. Tv\u00e1\u0159\u00ed v tv\u00e1\u0159 t\u011bmto v\u00fdzv\u00e1m je nezbytn\u00e9 vyu\u017e\u00edvat zdroje efektivn\u011bji a jednat udr\u017eiteln\u011b.<\/p>\n<blockquote>\n<p>Jedn\u00edm ze zd\u00e1nliv\u011b bezv\u00fdznamn\u00fdch, ale <strong>nicm\u00e9n\u011b pl\u00fdtv\u00e1n\u00ed je sprchov\u00e1n\u00ed.<\/strong>. U\u017eijeme si kr\u00e1tk\u00e9 setk\u00e1n\u00ed s teplou vodou, ale pot\u00e9 se z n\u00ed stane tepl\u00e1 odpadn\u00ed voda, kterou jednodu\u0161e spl\u00e1chneme do kanalizace.<\/p>\n<\/blockquote>\n<p>Jedn\u00e1 se o <strong><a href=\"https:\/\/ecoturbino.world\/cs\/pravidla-eu-pro-sladkou-vodu\/\">nesmysln\u00e9 pl\u00fdtv\u00e1n\u00ed cennou vodou<\/a> a energie<\/strong> a je v rozporu se z\u00e1sadami udr\u017eitelnosti a ochrany \u017eivotn\u00edho prost\u0159ed\u00ed. V tomto p\u0159\u00edpad\u011b se jedn\u00e1 o <strong>p\u0159evratn\u00e1 technologie ecoturbino<\/strong> a umo\u017e\u0148uje ka\u017ed\u00e9mu<strong> u\u0161et\u0159it 40 procent spot\u0159eby vody<\/strong> p\u0159i sprchov\u00e1n\u00ed a okam\u017eit\u011b sn\u00ed\u017eit n\u00e1klady.<\/p>\n<h3>Ot\u00e1zka <strong>pl\u00fdtv\u00e1n\u00ed vodou a energi\u00ed p\u0159i sprchov\u00e1n\u00ed<\/strong><\/h3>\n<p><strong>Sprchov\u00e1n\u00ed<\/strong> je jedn\u00edm z na\u0161ich ka\u017edodenn\u00edch n\u00e1vyk\u016f, u kter\u00e9ho se \u010dasto m\u00e1lo zam\u00fd\u0161l\u00edme nad jeho dopadem na \u017eivotn\u00ed prost\u0159ed\u00ed. U\u017e\u00edv\u00e1me si teplou vodu, kter\u00e1 n\u00e1m st\u00e9k\u00e1 po k\u016f\u017ei, a zapom\u00edn\u00e1me, \u017ee je to omezen\u00fd zdroj.<\/p>\n<p>Probl\u00e9m za\u010d\u00edn\u00e1, kdy\u017e <strong>pou\u017eit\u00e1 voda ze sprchy odch\u00e1z\u00ed do kanalizace jako tepl\u00e1 odpadn\u00ed voda.<\/strong> Oh\u0159ev vody vy\u017eaduje energii, \u010dasto z neobnoviteln\u00fdch zdroj\u016f, co\u017e p\u0159in\u00e1\u0161\u00ed n\u00e1klady.<\/p>\n<p>Krom\u011b toho mus\u00ed \u010dist\u00edrny odpadn\u00edch vod <strong>zpracov\u00e1vat tyto odpadn\u00ed vody, co\u017e zvy\u0161uje n\u00e1klady<\/strong>. Neust\u00e1le rostouc\u00ed n\u00e1klady na odpadn\u00ed vodu.<\/p>\n\t<div id=\"gap-1537692148\" class=\"gap-element clearfix\" style=\"display:block; height:auto;\">\n\t\t\n<style>\n#gap-1537692148 {\n  padding-top: 30px;\n}\n<\/style>\n\t<\/div>\n\t\n<div class=\"row\"  id=\"row-870936735\">\n\n\t<div id=\"col-1441099208\" class=\"col medium-4 small-12 large-4\"  >\n\t\t\t\t<div class=\"col-inner\"  >\n\t\t\t\n\t\t\t\n\t<div class=\"img has-hover radius10 x md-x lg-x y md-y lg-y\" id=\"image_1937421942\">\n\t\t\t\t\t\t\t\t<div class=\"img-inner dark\" >\n\t\t\t<img decoding=\"async\" width=\"600\" height=\"600\" src=\"https:\/\/ecoturbino.world\/wp-content\/uploads\/2024\/01\/water-saving-environment-costs_600.webp\" class=\"attachment-original size-original\" alt=\"Symbol ochrany \u017eivotn\u00edho prost\u0159ed\u00ed pro \u00fasporu vody\" srcset=\"https:\/\/ecoturbino.world\/wp-content\/uploads\/2024\/01\/water-saving-environment-costs_600.webp 600w, https:\/\/ecoturbino.world\/wp-content\/uploads\/2024\/01\/water-saving-environment-costs_600-500x500.webp 500w, https:\/\/ecoturbino.world\/wp-content\/uploads\/2024\/01\/water-saving-environment-costs_600-32x32.webp 32w, https:\/\/ecoturbino.world\/wp-content\/uploads\/2024\/01\/water-saving-environment-costs_600-48x48.webp 48w, https:\/\/ecoturbino.world\/wp-content\/uploads\/2024\/01\/water-saving-environment-costs_600-80x80.webp 80w, https:\/\/ecoturbino.world\/wp-content\/uploads\/2024\/01\/water-saving-environment-costs_600-180x180.webp 180w\" sizes=\"(max-width: 600px) 100vw, 600px\" \/>\t\t\t\t\t\t\n\t\t\t\t\t<\/div>\n\t\t\t\t\t\t\t\t\n<style>\n#image_1937421942 {\n  width: 100%;\n}\n<\/style>\n\t<\/div>\n\t\n\t\t<\/div>\n\t\t\t\t\t<\/div>\n\n\t\n\n\t<div id=\"col-51044215\" class=\"col medium-8 small-12 large-8\"  >\n\t\t\t\t<div class=\"col-inner\"  >\n\t\t\t\n\t\t\t\n<h3>\u0158e\u0161en\u00ed: ecoturbino<\/h3>\n<p>ecoturbino nab\u00edz\u00ed jednoduch\u00e9 a efektivn\u00ed \u0159e\u0161en\u00ed tohoto probl\u00e9mu. Technologie byla vyvinuta s c\u00edlem sn\u00ed\u017eit<strong> spot\u0159ebu vody p\u0159i sprchov\u00e1n\u00ed o neuv\u011b\u0159iteln\u00fdch 40 procent.<\/strong> ani\u017e by u\u017eivatel\u00e9 museli ob\u011btovat pohodl\u00ed p\u0159i sprchov\u00e1n\u00ed. Zde jsou n\u011bkter\u00e9 z v\u00fdhod, kter\u00e9 ecoturbino nab\u00edz\u00ed v\u0161em:<\/p>\n<ul>\n<li><strong>Sn\u00ed\u017een\u00ed n\u00e1klad\u016f:<\/strong> ecoturbino umo\u017e\u0148uje ka\u017ed\u00e9mu v\u00fdrazn\u011b sn\u00ed\u017eit n\u00e1klady na vodu a energii. Sn\u00ed\u017een\u00edm spot\u0159eby vody je t\u0159eba oh\u0159\u00edvat m\u00e9n\u011b vody, co\u017e vede ke sn\u00ed\u017een\u00ed n\u00e1klad\u016f na energii. Ni\u017e\u0161\u00ed n\u00e1klady na vodu p\u0159edstavuj\u00ed dal\u0161\u00ed finan\u010dn\u00ed v\u00fdhodu.<\/li>\n<li><strong>\u0160etrn\u00e9 k \u017eivotn\u00edmu prost\u0159ed\u00ed:<\/strong> Sn\u00ed\u017een\u00edm spot\u0159eby vody a \u00fasporou energie p\u0159isp\u00edv\u00e1 ecoturbino k ochran\u011b \u017eivotn\u00edho prost\u0159ed\u00ed. Pom\u00e1h\u00e1 sni\u017eovat spot\u0159ebu vody a emise CO2, \u010d\u00edm\u017e p\u0159isp\u00edv\u00e1 k ochran\u011b \u017eivotn\u00edho prost\u0159ed\u00ed.<\/li>\n<li><strong>Kr\u00e1tk\u00e1 doba n\u00e1vratnosti:<\/strong> Po\u0159izovac\u00ed n\u00e1klady na ecoturbino jsou n\u00edzk\u00e9 a \u00faspory n\u00e1klad\u016f na vodu a energii vr\u00e1t\u00ed investici v kr\u00e1tk\u00e9 dob\u011b. Je to ekonomicky rozumn\u00e9 rozhodnut\u00ed pro podniky, hotely, rodiny, kluby, nemocnice, domovy d\u016fchodc\u016f a mnoho dal\u0161\u00edch.<\/li>\n<li><strong>\u017d\u00e1dn\u00e9 kompromisy p\u0159i sprchov\u00e1n\u00ed:<\/strong> Navzdory sn\u00ed\u017een\u00ed spot\u0159eby vody poskytuje ecoturbino i nad\u00e1le p\u0159\u00edjemn\u00fd a relaxa\u010dn\u00ed z\u00e1\u017eitek ze sprchov\u00e1n\u00ed. Proud vody z\u016fst\u00e1v\u00e1 siln\u00fd a p\u0159\u00edjemn\u00fd, ani\u017e by to bylo na \u00fakor kvality sprchov\u00e1n\u00ed.<\/li>\n<\/ul>\n\t\t<\/div>\n\t\t\t\t\t<\/div>\n\n\t\n<\/div>\n\t<div id=\"gap-611561107\" class=\"gap-element clearfix\" style=\"display:block; height:auto;\">\n\t\t\n<style>\n#gap-611561107 {\n  padding-top: 30px;\n}\n<\/style>\n\t<\/div>\n\t\n<div class=\"row\"  id=\"row-73132645\">\n\n\t<div id=\"col-670524246\" class=\"col medium-6 small-12 large-6\"  >\n\t\t\t\t<div class=\"col-inner\"  >\n\t\t\t\n\t\t\t\n<h3>Dal\u0161\u00ed v\u00fdhody ecoturbina<\/h3>\n<p>ecoturbino nab\u00edz\u00ed dal\u0161\u00ed v\u00fdhody nad r\u00e1mec \u00faspory n\u00e1klad\u016f. Pom\u00e1h\u00e1 \u0161et\u0159it z\u00e1soby vody a <strong>sn\u00ed\u017eit zat\u00ed\u017een\u00ed \u010dist\u00edren odpadn\u00edch vod<\/strong>. To je d\u016fle\u017eit\u00e9 zejm\u00e9na v dob\u011b, kdy se st\u00e1le v\u00edce projevuje nedostatek vody a dopady na \u017eivotn\u00ed prost\u0159ed\u00ed.<\/p>\n\t\t<\/div>\n\t\t\t\t\t<\/div>\n\n\t\n\n\t<div id=\"col-1777393072\" class=\"col medium-6 small-12 large-6\"  >\n\t\t\t\t<div class=\"col-inner\" style=\"background-color:#c0d63d;\" >\n\t\t\t\n\t\t\t\n\t<div id=\"text-600377451\" class=\"text\">\n\t\t\n<h4 class=\"uppercase\">Z\u00c1V\u011aR<\/h4>\n\t\t\n<style>\n#text-600377451 {\n  font-size: 2rem;\n  text-align: right;\n  color: rgb(255, 255, 255);\n}\n#text-600377451 > * {\n  color: rgb(255, 255, 255);\n}\n@media (min-width:550px) {\n  #text-600377451 {\n    font-size: 3.5rem;\n  }\n}\n<\/style>\n\t<\/div>\n\t\n<h3>ecoturbino - V\u00fdhra pro v\u0161echny, <a href=\"https:\/\/www.google.com\/aclk?sa=l&amp;ai=DChcSEwizlIz2qdWDAxXtm1oFHdKnCJEYABAAGgJ2dQ&amp;ase=2&amp;gclid=Cj0KCQiAwP6sBhDAARIsAPfK_watGz1qAKakOF_2c21Sq6uC66UaUaL18vzWqCx2GV9fPAC4TGya1OQaAgj9EALw_wcB&amp;ei=1t2fZZTQN4yJ9u8PsZifyAM&amp;sig=AOD64_3tZ_HBVO8lhe659upTWIB85jM_VA&amp;q&amp;sqi=2&amp;nis=4&amp;adurl&amp;ved=2ahUKEwiUk4L2qdWDAxWMhP0HHTHMBzkQ0Qx6BAgIEAE\" target=\"_blank\" rel=\"noopener sponsored\">Certifik\u00e1t T\u00dcV<\/a> v\u00fdpo\u010det amortizace<\/h3>\n<p><strong>ecoturbino je inovativn\u00ed \u0159e\u0161en\u00ed pro \u00fasporu vody, n\u00e1klad\u016f na energii a odpadn\u00edch vod,<\/strong> a to v\u0161e bez omezen\u00ed po\u017eitku ze sprchov\u00e1n\u00ed. Tato technologie je vhodn\u00e1 pro podniky, hotely, rodiny, kluby, nemocnice, domovy d\u016fchodc\u016f a mnoho dal\u0161\u00edch.<\/p>\n<blockquote>\n<p>S ecoturbino m\u016f\u017eeme v\u0161ichni p\u0159isp\u011bt k ochran\u011b \u017eivotn\u00edho prost\u0159ed\u00ed a z\u00e1rove\u0148 sn\u00ed\u017eit svou finan\u010dn\u00ed z\u00e1t\u011b\u017e.<\/p>\n<\/blockquote>\n<p>Je \u010das p\u0159evz\u00edt odpov\u011bdnost za na\u0161e zdroje a u\u010dinit krok sm\u011brem k udr\u017eitelnosti.<\/p>\n\t\t<\/div>\n\t\t\t\t\n<style>\n#col-1777393072 > .col-inner {\n  padding: 10px 20px 1px 25px;\n  border-radius: 10px;\n}\n<\/style>\n\t<\/div>\n\n\t\n<\/div>\n\t\t<\/div>\n\t\t\t\t\n<style>\n#col-1014393475 > .col-inner {\n  margin: 0px 0px -125px 0px;\n}\n@media (min-width:550px) {\n  #col-1014393475 > .col-inner {\n    margin: 0px 0px -200px 0px;\n  }\n}\n<\/style>\n\t<\/div>\n\n\t\n<\/div>\n\t\t<\/div>\n\n\t\t\n<style>\n#section_1716460139 {\n  padding-top: 30px;\n  padding-bottom: 30px;\n}\n<\/style>\n\t<\/section>\n\t\n\n\t<section class=\"section\" id=\"section_467605951\">\n\t\t<div class=\"section-bg fill\" >\n\t\t\t<img decoding=\"async\" width=\"1920\" height=\"683\" src=\"https:\/\/ecoturbino.world\/wp-content\/uploads\/2025\/12\/ecoturbino-function_1920-1.webp\" class=\"bg attachment- size-\" alt=\"ecoturbino funktion\" \/>\t\t\t\t\t\t<div class=\"section-bg-overlay absolute fill\"><\/div>\n\t\t\t\n\n\t\t<\/div>\n\n\t\t\t<div class=\"ux-shape-divider ux-shape-divider--top ux-shape-divider--style-waves-opacity\">\n\t\t<svg viewbox=\"0 0 1000 300\" xmlns=\"http:\/\/www.w3.org\/2000\/svg\" preserveaspectratio=\"none\">\n    <path class=\"ux-shape-fill\" d=\"M0 300L-1 69.71C216 57 299.47 198.86 403 226C506 253 577 196 660 197C740 198 790.09 234.07 874 267C935.23 291 982 282.61 1000 277.61V300H0Z\"\/>\n    <path class=\"ux-shape-fill\" opacity=\"0.5\" d=\"M1 265.094L0 50.5C217 37.79 300.47 186.36 404 213.5C507 240.5 578 196.5 661 197.5C741 198.5 787.59 239.57 871.5 272.5C932.73 296.5 980.5 284.5 998.5 279.5V298.5L1 265.094Z\"\/>\n    <path class=\"ux-shape-fill\" opacity=\"0.15\" d=\"M0.999878 244.094L-0.00012207 27C217 14.29 300.47 173.86 404 201C507 228 578 196 661 197C741 198 787.59 243.07 871.5 276C932.73 300 980.5 284.5 998.5 279.5V299L0.999878 244.094Z\"\/>\n<\/svg>\n\n\t<\/div>\n\n\n\t\t<div class=\"section-content relative\">\n\t\t\t\n\t\t<\/div>\n\n\t\t\n<style>\n#section_467605951 {\n  padding-top: 125px;\n  padding-bottom: 125px;\n}\n#section_467605951 .section-bg-overlay {\n  background-color: rgba(0, 0, 0, 0.25);\n}\n#section_467605951 .ux-shape-divider--top svg {\n  height: 80px;\n  --divider-top-width: 100%;\n}\n@media (min-width:550px) {\n  #section_467605951 {\n    padding-top: 200px;\n    padding-bottom: 200px;\n  }\n  #section_467605951 .ux-shape-divider--top svg {\n    height: 124px;\n  }\n}\n<\/style>\n\t<\/section>","protected":false},"excerpt":{"rendered":"","protected":false},"author":2,"featured_media":1680,"parent":0,"menu_order":0,"comment_status":"closed","ping_status":"closed","template":"page-blank.php","meta":{"inline_featured_image":false,"footnotes":""},"class_list":["post-1212","page","type-page","status-publish","has-post-thumbnail","hentry"],"_links":{"self":[{"href":"https:\/\/ecoturbino.world\/cs\/wp-json\/wp\/v2\/pages\/1212","targetHints":{"allow":["GET"]}}],"collection":[{"href":"https:\/\/ecoturbino.world\/cs\/wp-json\/wp\/v2\/pages"}],"about":[{"href":"https:\/\/ecoturbino.world\/cs\/wp-json\/wp\/v2\/types\/page"}],"author":[{"embeddable":true,"href":"https:\/\/ecoturbino.world\/cs\/wp-json\/wp\/v2\/users\/2"}],"replies":[{"embeddable":true,"href":"https:\/\/ecoturbino.world\/cs\/wp-json\/wp\/v2\/comments?post=1212"}],"version-history":[{"count":0,"href":"https:\/\/ecoturbino.world\/cs\/wp-json\/wp\/v2\/pages\/1212\/revisions"}],"wp:featuredmedia":[{"embeddable":true,"href":"https:\/\/ecoturbino.world\/cs\/wp-json\/wp\/v2\/media\/1680"}],"wp:attachment":[{"href":"https:\/\/ecoturbino.world\/cs\/wp-json\/wp\/v2\/media?parent=1212"}],"curies":[{"name":"wp","href":"https:\/\/api.w.org\/{rel}","templated":true}]}}