{"id":1207,"date":"2024-01-01T11:58:41","date_gmt":"2024-01-01T10:58:41","guid":{"rendered":"https:\/\/ecoturbino.eu\/?page_id=1207"},"modified":"2025-12-29T22:44:51","modified_gmt":"2025-12-29T21:44:51","slug":"dopad-4","status":"publish","type":"page","link":"https:\/\/ecoturbino.world\/cs\/impact-4\/","title":{"rendered":"dostate\u010dn\u00fd tlak vody ve spr\u0161e pro v\u0161echny (v dom\u00e1cnostech nen\u00ed probl\u00e9m)"},"content":{"rendered":"<section class=\"section zindex1\" id=\"section_1405874350\">\n\t\t<div class=\"section-bg fill\" >\n\t\t\t\t\t\t\t\t\t\n\t\t\t\n\n\t\t<\/div>\n\n\t\t\n\n\t\t<div class=\"section-content relative\">\n\t\t\t\n<div class=\"row row-small\"  id=\"row-281231799\">\n\n\t<div id=\"col-334015730\" class=\"col medium-9 small-12 large-9\"  >\n\t\t\t\t<div class=\"col-inner\"  >\n\t\t\t\n\t\t\t\n<h1 class=\"uppercase\">Dostate\u010dn\u00fd tlak vody pro ka\u017ed\u00e9ho (pouze pro podniky)<\/h1>\n<h3 class=\"thin-font\">\u010dtvrt\u00fd dopad syst\u00e9mu ecoturbino\u00ae pro \u00fasporu vody a ochranu \u017eivotn\u00edho prost\u0159ed\u00ed<\/h3>\n<div class=\"row\"  id=\"row-1318288563\">\n\n\t<div id=\"col-904772048\" class=\"col medium-11 small-12 large-11\"  >\n\t\t\t\t<div class=\"col-inner\"  >\n\t\t\t\n\t\t\t\n\t<div id=\"stack-4078679406\" class=\"stack stack-row justify-start items-start\">\n\t\t\n\t<div class=\"img has-hover x md-x lg-x y md-y lg-y\" id=\"image_517404249\">\n\t\t<a class=\"\" href=\"\/cs\/dopad-1\/\" >\t\t\t\t\t\t<div class=\"img-inner image-color dark\" >\n\t\t\t<img decoding=\"async\" width=\"100\" height=\"100\" src=\"https:\/\/ecoturbino.world\/wp-content\/uploads\/2024\/01\/impact1.svg\" class=\"attachment-original size-original\" alt=\"\" \/>\t\t\t\t\t\t\n\t\t\t\t\t<\/div>\n\t\t\t\t\t\t<\/a>\t\t\n<style>\n#image_517404249 {\n  width: 100%;\n}\n<\/style>\n\t<\/div>\n\t\n\t<div class=\"img has-hover x md-x lg-x y md-y lg-y\" id=\"image_639449960\">\n\t\t<a class=\"\" href=\"\/cs\/dopad-2\/\" >\t\t\t\t\t\t<div class=\"img-inner image-color dark\" >\n\t\t\t<img decoding=\"async\" width=\"100\" height=\"100\" src=\"https:\/\/ecoturbino.world\/wp-content\/uploads\/2024\/01\/impact2.svg\" class=\"attachment-original size-original\" alt=\"\" \/>\t\t\t\t\t\t\n\t\t\t\t\t<\/div>\n\t\t\t\t\t\t<\/a>\t\t\n<style>\n#image_639449960 {\n  width: 100%;\n}\n<\/style>\n\t<\/div>\n\t\n\t<div class=\"img has-hover x md-x lg-x y md-y lg-y\" id=\"image_1726065132\">\n\t\t<a class=\"\" href=\"\/cs\/dopad-3\/\" >\t\t\t\t\t\t<div class=\"img-inner image-color dark\" >\n\t\t\t<img decoding=\"async\" width=\"100\" height=\"100\" src=\"https:\/\/ecoturbino.world\/wp-content\/uploads\/2024\/01\/impact3.svg\" class=\"attachment-original size-original\" alt=\"Dopad 3 ecoturbino\" \/>\t\t\t\t\t\t\n\t\t\t\t\t<\/div>\n\t\t\t\t\t\t<\/a>\t\t\n<style>\n#image_1726065132 {\n  width: 100%;\n}\n<\/style>\n\t<\/div>\n\t\n\t<div class=\"img has-hover x md-x lg-x y md-y lg-y\" id=\"image_639501543\">\n\t\t\t\t\t\t\t\t<div class=\"img-inner dark\" >\n\t\t\t<img decoding=\"async\" width=\"100\" height=\"100\" src=\"https:\/\/ecoturbino.world\/wp-content\/uploads\/2024\/01\/impact4.svg\" class=\"attachment-original size-original\" alt=\"Dopad 4 ecoturbino\" \/>\t\t\t\t\t\t\n\t\t\t\t\t<\/div>\n\t\t\t\t\t\t\t\t\n<style>\n#image_639501543 {\n  width: 100%;\n}\n<\/style>\n\t<\/div>\n\t\n\t<div class=\"img has-hover x md-x lg-x y md-y lg-y\" id=\"image_2142112370\">\n\t\t<a class=\"\" href=\"\/cs\/dopad-5\/\" >\t\t\t\t\t\t<div class=\"img-inner image-color dark\" >\n\t\t\t<img decoding=\"async\" width=\"100\" height=\"100\" src=\"https:\/\/ecoturbino.world\/wp-content\/uploads\/2024\/01\/impact5.svg\" class=\"attachment-original size-original\" alt=\"\" \/>\t\t\t\t\t\t\n\t\t\t\t\t<\/div>\n\t\t\t\t\t\t<\/a>\t\t\n<style>\n#image_2142112370 {\n  width: 100%;\n}\n<\/style>\n\t<\/div>\n\t\n\t<div class=\"img has-hover x md-x lg-x y md-y lg-y\" id=\"image_453847073\">\n\t\t<a class=\"\" href=\"\/cs\/dopad-6\/\" >\t\t\t\t\t\t<div class=\"img-inner image-color dark\" >\n\t\t\t<img decoding=\"async\" width=\"100\" height=\"100\" src=\"https:\/\/ecoturbino.world\/wp-content\/uploads\/2024\/01\/impact6.svg\" class=\"attachment-original size-original\" alt=\"Dopad 6 ecoturbino\" \/>\t\t\t\t\t\t\n\t\t\t\t\t<\/div>\n\t\t\t\t\t\t<\/a>\t\t\n<style>\n#image_453847073 {\n  width: 100%;\n}\n<\/style>\n\t<\/div>\n\t\n\t<div class=\"img has-hover x md-x lg-x y md-y lg-y\" id=\"image_1403979660\">\n\t\t<a class=\"\" href=\"\/cs\/dopad-7\/\" >\t\t\t\t\t\t<div class=\"img-inner image-color dark\" >\n\t\t\t<img decoding=\"async\" width=\"100\" height=\"100\" src=\"https:\/\/ecoturbino.world\/wp-content\/uploads\/2024\/01\/impact7.svg\" class=\"attachment-original size-original\" alt=\"Dopad 7 ecoturbino\" \/>\t\t\t\t\t\t\n\t\t\t\t\t<\/div>\n\t\t\t\t\t\t<\/a>\t\t\n<style>\n#image_1403979660 {\n  width: 100%;\n}\n<\/style>\n\t<\/div>\n\t\n\t\t\n<style>\n#stack-4078679406 > * {\n  --stack-gap: 0.5rem;\n}\n@media (min-width:550px) {\n  #stack-4078679406 > * {\n    --stack-gap: 1rem;\n  }\n}\n<\/style>\n\t<\/div>\n\t\n\t\t<\/div>\n\t\t\t\t\t<\/div>\n\n\t\n<\/div>\n\t\t<\/div>\n\t\t\t\t\t<\/div>\n\n\t\n\n\t<div id=\"col-925220843\" class=\"col medium-3 small-12 large-3\"  >\n\t\t\t\t<div class=\"col-inner\"  >\n\t\t\t\n\t\t\t\n\t<div class=\"img has-hover x md-x lg-x y md-y lg-y\" id=\"image_1420792483\">\n\t\t\t\t\t\t\t\t<div class=\"img-inner dark\" >\n\t\t\t<img decoding=\"async\" width=\"100\" height=\"100\" src=\"https:\/\/ecoturbino.world\/wp-content\/uploads\/2024\/01\/impact4.svg\" class=\"attachment-original size-original\" alt=\"Dopad 4 ecoturbino\" \/>\t\t\t\t\t\t\n\t\t\t\t\t<\/div>\n\t\t\t\t\t\t\t\t\n<style>\n#image_1420792483 {\n  width: 100%;\n}\n<\/style>\n\t<\/div>\n\t\n\t\t<\/div>\n\t\t\t\t\t<\/div>\n\n\t\n<\/div>\n<div class=\"row\"  id=\"row-1182052874\">\n\n\t<div id=\"col-1127299728\" class=\"col small-12 large-12\"  >\n\t\t\t\t<div class=\"col-inner\"  >\n\t\t\t\n\t\t\t\n<div class=\"is-divider divider clearfix\" style=\"max-width:100%;height:1px;\"><\/div>\n<h3><span style=\"font-size: 120%;\">Efektivn\u00ed \u0159e\u0161en\u00ed sprchov\u00e1n\u00ed v hotelech, <a href=\"https:\/\/ecoturbino.world\/cs\/adresar-svet\/kategorie\/studentske-koleje\/\" target=\"_blank\" rel=\"noopener\">Studentsk\u00e9 koleje<\/a>, kluby a fitness centra: ecoturbino pro v\u011bt\u0161\u00ed spokojenost<\/span><\/h3>\n<p>Na adrese <strong>v hotelech, klubech a fitness centrech m\u016f\u017ee b\u00fdt z\u00e1sobov\u00e1n\u00ed teplou vodou \u010dasto skute\u010dn\u00fdm probl\u00e9mem,<\/strong> zejm\u00e9na kdy\u017e v\u0161ichni host\u00e9 nebo \u010dlenov\u00e9 <strong>cht\u00edt se sprchovat ve stejnou dobu<\/strong>. Po sportu, ly\u017eov\u00e1n\u00ed nebo p\u0159ed ve\u010de\u0159\u00ed lid\u00e9 sp\u011bchaj\u00ed do sprch a<a href=\"https:\/\/en.wikipedia.org\/wiki\/Plumbing#Water_pipes\" target=\"_blank\" rel=\"noopener sponsored\"> vodovodn\u00ed potrub\u00ed<\/a> m\u016f\u017ee poskytnout pouze<strong> omezen\u00e1 kapacita vody.<\/strong><\/p>\n<blockquote>\n<p>Kdy\u017e se sprchuje p\u0159\u00edli\u0161 mnoho lid\u00ed najednou, tlak vody v\u00fdrazn\u011b kles\u00e1 a z\u00e1\u017eitek ze sprchov\u00e1n\u00ed je v h\u00e1ji. To vede k nespokojenosti z\u00e1kazn\u00edk\u016f nebo host\u016f a m\u016f\u017ee m\u00edt negativn\u00ed dopad na pov\u011bst za\u0159\u00edzen\u00ed.<\/p>\n<\/blockquote>\n<p>Zde se nach\u00e1z\u00ed <strong>p\u0159ich\u00e1z\u00ed na \u0159adu inovativn\u00ed technologie ecoturbino,<\/strong> sn\u00ed\u017een\u00ed spot\u0159eby vody ve sprch\u00e1ch o 40 procent, udr\u017een\u00ed tlaku vody a zaji\u0161t\u011bn\u00ed spokojenosti z\u00e1kazn\u00edk\u016f a host\u016f.<\/p>\n\t<div id=\"gap-35161791\" class=\"gap-element clearfix\" style=\"display:block; height:auto;\">\n\t\t\n<style>\n#gap-35161791 {\n  padding-top: 30px;\n}\n<\/style>\n\t<\/div>\n\t\n<div class=\"row\"  id=\"row-1103181897\">\n\n\t<div id=\"col-569836850\" class=\"col medium-4 small-12 large-4\"  >\n\t\t\t\t<div class=\"col-inner\"  >\n\t\t\t\n\t\t\t\n\t<div class=\"img has-hover radius10 x md-x lg-x y md-y lg-y\" id=\"image_2035171428\">\n\t\t\t\t\t\t\t\t<div class=\"img-inner dark\" >\n\t\t\t<img decoding=\"async\" width=\"600\" height=\"600\" src=\"https:\/\/ecoturbino.world\/wp-content\/uploads\/2024\/01\/hotel-floor_600.webp\" class=\"attachment-original size-original\" alt=\"Symbol podlahy hotelu\" srcset=\"https:\/\/ecoturbino.world\/wp-content\/uploads\/2024\/01\/hotel-floor_600.webp 600w, https:\/\/ecoturbino.world\/wp-content\/uploads\/2024\/01\/hotel-floor_600-500x500.webp 500w, https:\/\/ecoturbino.world\/wp-content\/uploads\/2024\/01\/hotel-floor_600-32x32.webp 32w, https:\/\/ecoturbino.world\/wp-content\/uploads\/2024\/01\/hotel-floor_600-48x48.webp 48w, https:\/\/ecoturbino.world\/wp-content\/uploads\/2024\/01\/hotel-floor_600-80x80.webp 80w, https:\/\/ecoturbino.world\/wp-content\/uploads\/2024\/01\/hotel-floor_600-180x180.webp 180w\" sizes=\"(max-width: 600px) 100vw, 600px\" \/>\t\t\t\t\t\t\n\t\t\t\t\t<\/div>\n\t\t\t\t\t\t\t\t\n<style>\n#image_2035171428 {\n  width: 100%;\n}\n<\/style>\n\t<\/div>\n\t\n\t\t<\/div>\n\t\t\t\t\t<\/div>\n\n\t\n\n\t<div id=\"col-1176572104\" class=\"col medium-8 small-12 large-8\"  >\n\t\t\t\t<div class=\"col-inner\"  >\n\t\t\t\n\t\t\t\n<h3>Probl\u00e9m omezen\u00e9 vodn\u00ed kapacity<\/h3>\n<p>Omezen\u00e1 kapacita vodovodn\u00edch potrub\u00ed a rozvod\u016f tepl\u00e9 vody v hotelech, klubech a fitness centrech je \u010dast\u00fdm probl\u00e9mem, kter\u00fd se projevuje <strong>m\u016f\u017ee v\u00e9st k frustruj\u00edc\u00edm situac\u00edm.<\/strong><\/p>\n<p>Kdy\u017e v\u0161ichni cht\u011bj\u00ed <strong>sprchov\u00e1n\u00ed, m\u016f\u017ee doj\u00edt k poklesu tlaku vody.<\/strong> natolik, \u017ee se proud vody st\u00e1v\u00e1 pouh\u00fdm pram\u00ednkem. Radost ze sprchov\u00e1n\u00ed se vytr\u00e1c\u00ed a <strong>host\u00e9 nebo \u010dlenov\u00e9 jsou zklam\u00e1ni<\/strong>. To m\u016f\u017ee ovlivnit spokojenost z\u00e1kazn\u00edk\u016f a po\u0161kodit pov\u011bst za\u0159\u00edzen\u00ed.<\/p>\n<ul>\n<li><strong>Dlouh\u00e9 chodby:<\/strong> K jednomu potrub\u00ed je \u010dasto p\u0159ipojeno mnoho m\u00edstnost\u00ed a zv\u00fd\u0161en\u00e1 spot\u0159eba vody v bl\u00edzkosti vstupu do potrub\u00ed \u010dasto vede k tomu. <strong>nedostate\u010dn\u00e1 nab\u00eddka ve vzd\u00e1len\u00fdch m\u00edstech spot\u0159eby,<\/strong> b\u011b\u017en\u00fd probl\u00e9m ve star\u0161\u00edch budov\u00e1ch. \u0158e\u0161en\u00ed: To plat\u00ed i pro v\u00edcepodla\u017en\u00ed budovy!<\/li>\n<li>Jednoduch\u00e9 \u0159e\u0161en\u00ed: syst\u00e9m ecoturbino<\/li>\n<\/ul>\n\t\t<\/div>\n\t\t\t\t\t<\/div>\n\n\t\n<\/div>\n\t<div id=\"gap-1615727157\" class=\"gap-element clearfix\" style=\"display:block; height:auto;\">\n\t\t\n<style>\n#gap-1615727157 {\n  padding-top: 30px;\n}\n<\/style>\n\t<\/div>\n\t\n<div class=\"row\"  id=\"row-1387681780\">\n\n\t<div id=\"col-26655055\" class=\"col medium-6 small-12 large-6\"  >\n\t\t\t\t<div class=\"col-inner\" style=\"background-color:rgb(255,255,255);\" >\n\t\t\t\n\t\t\t\n<p>ecoturbino je \u00fa\u010dinn\u00fdm \u0159e\u0161en\u00edm tohoto roz\u0161\u00ed\u0159en\u00e9ho probl\u00e9mu. Technologie byla vyvinuta tak, aby sn\u00ed\u017eila spot\u0159ebu vody p\u0159i sprchov\u00e1n\u00ed o p\u016fsobiv\u00fdch 40 %, ani\u017e by to m\u011blo vliv na tlak vody. Zde jsou n\u011bkter\u00e9 z v\u00fdhod, kter\u00e9 ecoturbino nab\u00edz\u00ed hotel\u016fm, klub\u016fm a fitness centr\u016fm:<\/p>\n<ul>\n<li><strong>Zachov\u00e1n\u00ed tlaku vody:<\/strong> ecoturbino zaji\u0161\u0165uje udr\u017een\u00ed tlaku vody i p\u0159i sprchov\u00e1n\u00ed v\u00edce osob sou\u010dasn\u011b. To znamen\u00e1, \u017ee v\u0161ichni host\u00e9 nebo \u010dlenov\u00e9 si mohou u\u017e\u00edvat siln\u00fd a p\u0159\u00edjemn\u00fd proud vody, ani\u017e by museli d\u011blat kompromisy kv\u016fli omezen\u00e9 dostupnosti vody.<\/li>\n<li><strong>Spokojen\u00ed z\u00e1kazn\u00edci a host\u00e9:<\/strong> ecoturbino je z\u00e1rukou spokojen\u00fdch z\u00e1kazn\u00edk\u016f a host\u016f. Ti si mohou pln\u011b vychutnat z\u00e1\u017eitek ze sprchov\u00e1n\u00ed bez obav o tlak vody. To vede k <strong>pozitivn\u00ed \u00fastn\u00ed projevy<\/strong> a posiluje pov\u011bst za\u0159\u00edzen\u00ed.<\/li>\n<li><strong>\u00daspora vody:<\/strong> I p\u0159es udr\u017eov\u00e1n\u00ed tlaku vody, <strong>ecoturbino v\u00fdrazn\u011b sni\u017euje spot\u0159ebu vody.<\/strong> To p\u0159isp\u00edv\u00e1 k \u0161et\u0159en\u00ed vodn\u00edch zdroj\u016f a z\u00e1rove\u0148 sni\u017euje n\u00e1klady na vodu.<\/li>\n<li><strong>\u00daspory energie:<\/strong> Vzhledem k tomu, \u017ee k oh\u0159evu tepl\u00e9 vody ve spr\u0161e je t\u0159eba oh\u0159\u00edvat m\u00e9n\u011b vody, sni\u017euj\u00ed se tak\u00e9 n\u00e1klady na energii. To je v\u00fdhodn\u00e9 nejen pro \u017eivotn\u00ed prost\u0159ed\u00ed, ale tak\u00e9 pro rozpo\u010det za\u0159\u00edzen\u00ed.<\/li>\n<li><strong>Snadn\u00e1 instalace:<\/strong> ecoturbino lze snadno a \u00fasporn\u011b instalovat bez nutnosti rozs\u00e1hl\u00fdch rekonstrukc\u00ed. Investice se rychle vr\u00e1t\u00ed d\u00edky dosa\u017een\u00fdm \u00faspor\u00e1m.<\/li>\n<\/ul>\n\t\t<\/div>\n\t\t\t\t\n<style>\n#col-26655055 > .col-inner {\n  padding: 15px 15px 15px 15px;\n  border-radius: 10px;\n}\n<\/style>\n\t<\/div>\n\n\t\n\n\t<div id=\"col-1537302056\" class=\"col medium-6 small-12 large-6\"  >\n\t\t\t\t<div class=\"col-inner\" style=\"background-color:#c0d63d;\" >\n\t\t\t\n\t\t\t\n\t<div id=\"text-1171899696\" class=\"text\">\n\t\t\n<h4 class=\"uppercase\">Z\u00c1V\u011aR<\/h4>\n\t\t\n<style>\n#text-1171899696 {\n  font-size: 2rem;\n  text-align: right;\n  color: rgb(255, 255, 255);\n}\n#text-1171899696 > * {\n  color: rgb(255, 255, 255);\n}\n@media (min-width:550px) {\n  #text-1171899696 {\n    font-size: 3.5rem;\n    text-align: right;\n  }\n}\n<\/style>\n\t<\/div>\n\t\n<h3>V\u011bt\u0161\u00ed spokojenost, ni\u017e\u0161\u00ed n\u00e1klady<\/h3>\n<p>technologie ecoturbino je<strong> ide\u00e1ln\u00ed \u0159e\u0161en\u00ed pro hotely, kluby a fitness centra<\/strong>, stejn\u011b jako pro v\u0161echny, kte\u0159\u00ed se pot\u00fdkaj\u00ed s omezenou kapacitou vody. Je to nejen <strong>zaji\u0161\u0165uje spokojen\u00e9 z\u00e1kazn\u00edky a hosty<\/strong> ale tak\u00e9 umo\u017e\u0148uje v\u00fdznamnou \u00fasporu vody a sn\u00ed\u017een\u00ed n\u00e1klad\u016f na energii.<\/p>\n<p>D\u00edky syst\u00e9mu ecoturbino mohou za\u0159\u00edzen\u00ed zlep\u0161it sv\u00e9 slu\u017eby a z\u00e1rove\u0148 sn\u00ed\u017eit n\u00e1klady - co\u017e je v\u00fdhodn\u00e9 pro v\u0161echny.<\/p>\n\t\t<\/div>\n\t\t\t\t\n<style>\n#col-1537302056 > .col-inner {\n  padding: 10px 20px 1px 25px;\n  border-radius: 10px;\n}\n<\/style>\n\t<\/div>\n\n\t\n<\/div>\n\t\t<\/div>\n\t\t\t\t\n<style>\n#col-1127299728 > .col-inner {\n  margin: 0px 0px -125px 0px;\n}\n@media (min-width:550px) {\n  #col-1127299728 > .col-inner {\n    margin: 0px 0px -200px 0px;\n  }\n}\n<\/style>\n\t<\/div>\n\n\t\n<\/div>\n\t\t<\/div>\n\n\t\t\n<style>\n#section_1405874350 {\n  padding-top: 30px;\n  padding-bottom: 30px;\n}\n<\/style>\n\t<\/section>\n\t\n\n\t<section class=\"section\" id=\"section_1817830619\">\n\t\t<div class=\"section-bg fill\" >\n\t\t\t<img decoding=\"async\" width=\"1920\" height=\"683\" src=\"https:\/\/ecoturbino.world\/wp-content\/uploads\/2025\/12\/ecoturbino-function_1920-1.webp\" class=\"bg attachment- size-\" alt=\"ecoturbino funktion\" \/>\t\t\t\t\t\t<div class=\"section-bg-overlay absolute fill\"><\/div>\n\t\t\t\n\n\t\t<\/div>\n\n\t\t\t<div class=\"ux-shape-divider ux-shape-divider--top ux-shape-divider--style-waves-opacity\">\n\t\t<svg viewbox=\"0 0 1000 300\" xmlns=\"http:\/\/www.w3.org\/2000\/svg\" preserveaspectratio=\"none\">\n    <path class=\"ux-shape-fill\" d=\"M0 300L-1 69.71C216 57 299.47 198.86 403 226C506 253 577 196 660 197C740 198 790.09 234.07 874 267C935.23 291 982 282.61 1000 277.61V300H0Z\"\/>\n    <path class=\"ux-shape-fill\" opacity=\"0.5\" d=\"M1 265.094L0 50.5C217 37.79 300.47 186.36 404 213.5C507 240.5 578 196.5 661 197.5C741 198.5 787.59 239.57 871.5 272.5C932.73 296.5 980.5 284.5 998.5 279.5V298.5L1 265.094Z\"\/>\n    <path class=\"ux-shape-fill\" opacity=\"0.15\" d=\"M0.999878 244.094L-0.00012207 27C217 14.29 300.47 173.86 404 201C507 228 578 196 661 197C741 198 787.59 243.07 871.5 276C932.73 300 980.5 284.5 998.5 279.5V299L0.999878 244.094Z\"\/>\n<\/svg>\n\n\t<\/div>\n\n\n\t\t<div class=\"section-content relative\">\n\t\t\t\n\t\t<\/div>\n\n\t\t\n<style>\n#section_1817830619 {\n  padding-top: 125px;\n  padding-bottom: 125px;\n}\n#section_1817830619 .section-bg-overlay {\n  background-color: rgba(0, 0, 0, 0.25);\n}\n#section_1817830619 .ux-shape-divider--top svg {\n  height: 80px;\n  --divider-top-width: 100%;\n}\n@media (min-width:550px) {\n  #section_1817830619 {\n    padding-top: 300px;\n    padding-bottom: 300px;\n  }\n  #section_1817830619 .ux-shape-divider--top svg {\n    height: 124px;\n  }\n}\n<\/style>\n\t<\/section>","protected":false},"excerpt":{"rendered":"","protected":false},"author":2,"featured_media":1688,"parent":0,"menu_order":0,"comment_status":"closed","ping_status":"closed","template":"page-blank.php","meta":{"inline_featured_image":false,"footnotes":""},"class_list":["post-1207","page","type-page","status-publish","has-post-thumbnail","hentry"],"_links":{"self":[{"href":"https:\/\/ecoturbino.world\/cs\/wp-json\/wp\/v2\/pages\/1207","targetHints":{"allow":["GET"]}}],"collection":[{"href":"https:\/\/ecoturbino.world\/cs\/wp-json\/wp\/v2\/pages"}],"about":[{"href":"https:\/\/ecoturbino.world\/cs\/wp-json\/wp\/v2\/types\/page"}],"author":[{"embeddable":true,"href":"https:\/\/ecoturbino.world\/cs\/wp-json\/wp\/v2\/users\/2"}],"replies":[{"embeddable":true,"href":"https:\/\/ecoturbino.world\/cs\/wp-json\/wp\/v2\/comments?post=1207"}],"version-history":[{"count":0,"href":"https:\/\/ecoturbino.world\/cs\/wp-json\/wp\/v2\/pages\/1207\/revisions"}],"wp:featuredmedia":[{"embeddable":true,"href":"https:\/\/ecoturbino.world\/cs\/wp-json\/wp\/v2\/media\/1688"}],"wp:attachment":[{"href":"https:\/\/ecoturbino.world\/cs\/wp-json\/wp\/v2\/media?parent=1207"}],"curies":[{"name":"wp","href":"https:\/\/api.w.org\/{rel}","templated":true}]}}