{"id":1202,"date":"2024-01-01T11:52:19","date_gmt":"2024-01-01T10:52:19","guid":{"rendered":"https:\/\/ecoturbino.eu\/?page_id=1202"},"modified":"2025-12-29T22:44:32","modified_gmt":"2025-12-29T21:44:32","slug":"dopad-3","status":"publish","type":"page","link":"https:\/\/ecoturbino.world\/cs\/impact-3\/","title":{"rendered":"Dostatek tepl\u00e9 vody pro v\u0161echny sprchy najednou"},"content":{"rendered":"<section class=\"section zindex1\" id=\"section_300982114\">\n\t\t<div class=\"section-bg fill\" >\n\t\t\t\t\t\t\t\t\t\n\t\t\t\n\n\t\t<\/div>\n\n\t\t\n\n\t\t<div class=\"section-content relative\">\n\t\t\t\n<div class=\"row row-small\"  id=\"row-1492849347\">\n\n\t<div id=\"col-272695120\" class=\"col medium-9 small-12 large-9\"  >\n\t\t\t\t<div class=\"col-inner\"  >\n\t\t\t\n\t\t\t\n<h1 class=\"uppercase\">Dostate\u010dn\u00fd p\u0159\u00edvod tepl\u00e9 vody pro v\u0161echny sprchy<\/h1>\n<h3 class=\"thin-font\">t\u0159et\u00ed dopad syst\u00e9mu ecoturbino\u00ae pro \u00fasporu vody a ochranu \u017eivotn\u00edho prost\u0159ed\u00ed<\/h3>\n<div class=\"row\"  id=\"row-2112189223\">\n\n\t<div id=\"col-1691592429\" class=\"col medium-11 small-12 large-11\"  >\n\t\t\t\t<div class=\"col-inner\"  >\n\t\t\t\n\t\t\t\n\t<div id=\"stack-2582832285\" class=\"stack stack-row justify-start items-start\">\n\t\t\n\t<div class=\"img has-hover x md-x lg-x y md-y lg-y\" id=\"image_926460919\">\n\t\t<a class=\"\" href=\"\/cs\/dopad-1\/\" >\t\t\t\t\t\t<div class=\"img-inner image-color dark\" >\n\t\t\t<img decoding=\"async\" width=\"100\" height=\"100\" src=\"https:\/\/ecoturbino.world\/wp-content\/uploads\/2024\/01\/impact1.svg\" class=\"attachment-original size-original\" alt=\"\" \/>\t\t\t\t\t\t\n\t\t\t\t\t<\/div>\n\t\t\t\t\t\t<\/a>\t\t\n<style>\n#image_926460919 {\n  width: 100%;\n}\n<\/style>\n\t<\/div>\n\t\n\t<div class=\"img has-hover x md-x lg-x y md-y lg-y\" id=\"image_1120290750\">\n\t\t<a class=\"\" href=\"\/cs\/dopad-2\/\" >\t\t\t\t\t\t<div class=\"img-inner image-color dark\" >\n\t\t\t<img decoding=\"async\" width=\"100\" height=\"100\" src=\"https:\/\/ecoturbino.world\/wp-content\/uploads\/2024\/01\/impact2.svg\" class=\"attachment-original size-original\" alt=\"\" \/>\t\t\t\t\t\t\n\t\t\t\t\t<\/div>\n\t\t\t\t\t\t<\/a>\t\t\n<style>\n#image_1120290750 {\n  width: 100%;\n}\n<\/style>\n\t<\/div>\n\t\n\t<div class=\"img has-hover x md-x lg-x y md-y lg-y\" id=\"image_1574528246\">\n\t\t\t\t\t\t\t\t<div class=\"img-inner dark\" >\n\t\t\t<img decoding=\"async\" width=\"100\" height=\"100\" src=\"https:\/\/ecoturbino.world\/wp-content\/uploads\/2024\/01\/impact3.svg\" class=\"attachment-original size-original\" alt=\"Dopad 3 ecoturbino\" \/>\t\t\t\t\t\t\n\t\t\t\t\t<\/div>\n\t\t\t\t\t\t\t\t\n<style>\n#image_1574528246 {\n  width: 100%;\n}\n<\/style>\n\t<\/div>\n\t\n\t<div class=\"img has-hover x md-x lg-x y md-y lg-y\" id=\"image_1398712322\">\n\t\t<a class=\"\" href=\"\/cs\/dopad-4\/\" >\t\t\t\t\t\t<div class=\"img-inner image-color dark\" >\n\t\t\t<img decoding=\"async\" width=\"100\" height=\"100\" src=\"https:\/\/ecoturbino.world\/wp-content\/uploads\/2024\/01\/impact4.svg\" class=\"attachment-original size-original\" alt=\"Dopad 4 ecoturbino\" \/>\t\t\t\t\t\t\n\t\t\t\t\t<\/div>\n\t\t\t\t\t\t<\/a>\t\t\n<style>\n#image_1398712322 {\n  width: 100%;\n}\n<\/style>\n\t<\/div>\n\t\n\t<div class=\"img has-hover x md-x lg-x y md-y lg-y\" id=\"image_1417791945\">\n\t\t<a class=\"\" href=\"\/cs\/dopad-5\/\" >\t\t\t\t\t\t<div class=\"img-inner image-color dark\" >\n\t\t\t<img decoding=\"async\" width=\"100\" height=\"100\" src=\"https:\/\/ecoturbino.world\/wp-content\/uploads\/2024\/01\/impact5.svg\" class=\"attachment-original size-original\" alt=\"\" \/>\t\t\t\t\t\t\n\t\t\t\t\t<\/div>\n\t\t\t\t\t\t<\/a>\t\t\n<style>\n#image_1417791945 {\n  width: 100%;\n}\n<\/style>\n\t<\/div>\n\t\n\t<div class=\"img has-hover x md-x lg-x y md-y lg-y\" id=\"image_978627728\">\n\t\t<a class=\"\" href=\"\/cs\/dopad-6\/\" >\t\t\t\t\t\t<div class=\"img-inner image-color dark\" >\n\t\t\t<img decoding=\"async\" width=\"100\" height=\"100\" src=\"https:\/\/ecoturbino.world\/wp-content\/uploads\/2024\/01\/impact6.svg\" class=\"attachment-original size-original\" alt=\"Dopad 6 ecoturbino\" \/>\t\t\t\t\t\t\n\t\t\t\t\t<\/div>\n\t\t\t\t\t\t<\/a>\t\t\n<style>\n#image_978627728 {\n  width: 100%;\n}\n<\/style>\n\t<\/div>\n\t\n\t<div class=\"img has-hover x md-x lg-x y md-y lg-y\" id=\"image_27803601\">\n\t\t<a class=\"\" href=\"\/cs\/dopad-7\/\" >\t\t\t\t\t\t<div class=\"img-inner image-color dark\" >\n\t\t\t<img decoding=\"async\" width=\"100\" height=\"100\" src=\"https:\/\/ecoturbino.world\/wp-content\/uploads\/2024\/01\/impact7.svg\" class=\"attachment-original size-original\" alt=\"Dopad 7 ecoturbino\" \/>\t\t\t\t\t\t\n\t\t\t\t\t<\/div>\n\t\t\t\t\t\t<\/a>\t\t\n<style>\n#image_27803601 {\n  width: 100%;\n}\n<\/style>\n\t<\/div>\n\t\n\t\t\n<style>\n#stack-2582832285 > * {\n  --stack-gap: 0.5rem;\n}\n@media (min-width:550px) {\n  #stack-2582832285 > * {\n    --stack-gap: 1rem;\n  }\n}\n<\/style>\n\t<\/div>\n\t\n\t\t<\/div>\n\t\t\t\t\t<\/div>\n\n\t\n<\/div>\n\t\t<\/div>\n\t\t\t\t\t<\/div>\n\n\t\n\n\t<div id=\"col-1699961010\" class=\"col medium-3 small-12 large-3\"  >\n\t\t\t\t<div class=\"col-inner\"  >\n\t\t\t\n\t\t\t\n\t<div class=\"img has-hover x md-x lg-x y md-y lg-y\" id=\"image_1671806057\">\n\t\t\t\t\t\t\t\t<div class=\"img-inner dark\" >\n\t\t\t<img decoding=\"async\" width=\"100\" height=\"100\" src=\"https:\/\/ecoturbino.world\/wp-content\/uploads\/2024\/01\/impact3.svg\" class=\"attachment-original size-original\" alt=\"Dopad 3 ecoturbino\" \/>\t\t\t\t\t\t\n\t\t\t\t\t<\/div>\n\t\t\t\t\t\t\t\t\n<style>\n#image_1671806057 {\n  width: 100%;\n}\n<\/style>\n\t<\/div>\n\t\n\t\t<\/div>\n\t\t\t\t\t<\/div>\n\n\t\n<\/div>\n<div class=\"row\"  id=\"row-868078150\">\n\n\t<div id=\"col-1612791560\" class=\"col small-12 large-12\"  >\n\t\t\t\t<div class=\"col-inner\"  >\n\t\t\t\n\t\t\t\n<div class=\"is-divider divider clearfix\" style=\"max-width:100%;height:1px;\"><\/div>\n<h3><span style=\"font-size: 120%;\">Mal\u00e9 kotle a z\u00e1sobov\u00e1n\u00ed teplou vodou pro ka\u017ed\u00e9ho | Probl\u00e9m a \u0159e\u0161en\u00ed s ecoturbino<\/span><\/h3>\n<p>Ot\u00e1zka <strong>z\u00e1sobov\u00e1n\u00ed teplou vodou je \u010dasto opom\u00edjeno<\/strong> ale z\u016fst\u00e1v\u00e1 kl\u00ed\u010dov\u00fdm prvkem pro pohodl\u00ed a kvalitu \u017eivota v mnoha zem\u00edch. <strong>dom\u00e1cnosti, <a href=\"https:\/\/ecoturbino.world\/cs\/adresar-svet\/kategorie\/sportovni-centrum\/\" target=\"_blank\" rel=\"noopener\">t\u011blocvi\u010dny<\/a>, studentsk\u00e9 koleje,<\/strong> a dal\u0161\u00ed spole\u010dn\u00e1 za\u0159\u00edzen\u00ed.<\/p>\n<p>Zejm\u00e9na v situac\u00edch, kdy <strong>jedin\u00fdm zdrojem tepl\u00e9 vody jsou mal\u00e9 kotle nebo tepeln\u00e1 \u010derpadla,<\/strong> nedostatek m\u016f\u017ee nastat, kdy\u017e se v\u0161ichni cht\u011bj\u00ed sprchovat ve stejnou dobu. Tento probl\u00e9m se t\u00fdk\u00e1 p\u0159edev\u0161\u00edm rodin v rodinn\u00fdch domech, t\u011blocvi\u010dn\u00e1ch a spole\u010dn\u00fdch za\u0159\u00edzen\u00edch.<\/p>\n<p>Zde se nach\u00e1z\u00ed <strong>inovativn\u00ed technologie ecoturbino vstupuje do hry<\/strong>, a to nejen <strong>sn\u00ed\u017een\u00ed spot\u0159eby vody p\u0159i sprchov\u00e1n\u00ed o \u00factyhodn\u00fdch 40 procent.<\/strong> ale tak\u00e9 obecn\u011b zaji\u0161\u0165uje dostate\u010dn\u00e9 z\u00e1sobov\u00e1n\u00ed teplou vodou pro v\u0161echny a nab\u00edz\u00ed \u0159adu v\u00fdhod.<\/p>\n<blockquote>\n<p>Doba dostupnosti tepl\u00e9 vody pro sprchov\u00e1n\u00ed je prodlou\u017eena o 40%.<\/p>\n<\/blockquote>\n\t<div id=\"gap-1561867837\" class=\"gap-element clearfix\" style=\"display:block; height:auto;\">\n\t\t\n<style>\n#gap-1561867837 {\n  padding-top: 30px;\n}\n<\/style>\n\t<\/div>\n\t\n<div class=\"row\"  id=\"row-1138574716\">\n\n\t<div id=\"col-58079877\" class=\"col medium-4 small-12 large-4\"  >\n\t\t\t\t<div class=\"col-inner\"  >\n\t\t\t\n\t\t\t\n\t<div class=\"img has-hover radius10 x md-x lg-x y md-y lg-y\" id=\"image_1273191744\">\n\t\t\t\t\t\t\t\t<div class=\"img-inner dark\" >\n\t\t\t<img decoding=\"async\" width=\"600\" height=\"600\" src=\"https:\/\/ecoturbino.world\/wp-content\/uploads\/2024\/01\/setting-temp_600.webp\" class=\"attachment-original size-original\" alt=\"Nastaven\u00ed symbolu teploty\" srcset=\"https:\/\/ecoturbino.world\/wp-content\/uploads\/2024\/01\/setting-temp_600.webp 600w, https:\/\/ecoturbino.world\/wp-content\/uploads\/2024\/01\/setting-temp_600-500x500.webp 500w, https:\/\/ecoturbino.world\/wp-content\/uploads\/2024\/01\/setting-temp_600-32x32.webp 32w, https:\/\/ecoturbino.world\/wp-content\/uploads\/2024\/01\/setting-temp_600-48x48.webp 48w, https:\/\/ecoturbino.world\/wp-content\/uploads\/2024\/01\/setting-temp_600-80x80.webp 80w, https:\/\/ecoturbino.world\/wp-content\/uploads\/2024\/01\/setting-temp_600-180x180.webp 180w\" sizes=\"(max-width: 600px) 100vw, 600px\" \/>\t\t\t\t\t\t\n\t\t\t\t\t<\/div>\n\t\t\t\t\t\t\t\t\n<style>\n#image_1273191744 {\n  width: 100%;\n}\n<\/style>\n\t<\/div>\n\t\n\t\t<\/div>\n\t\t\t\t\t<\/div>\n\n\t\n\n\t<div id=\"col-867620576\" class=\"col medium-8 small-12 large-8\"  >\n\t\t\t\t<div class=\"col-inner\"  >\n\t\t\t\n\t\t\t\n<h3>Probl\u00e9m s mal\u00fdmi kotli a <a href=\"https:\/\/en.wikipedia.org\/wiki\/Heat_pump\" target=\"_blank\" rel=\"noopener sponsored\">Tepeln\u00e1 \u010derpadla<\/a><\/h3>\n<p>V mnoha obytn\u00fdch domech a komun\u00e1ln\u00edch za\u0159\u00edzen\u00edch, <strong>rozvody tepl\u00e9 vody jsou \u010dasto poddimenzovan\u00e9<\/strong> z d\u016fvodu omezen\u00fdch zdroj\u016f nebo nedostatku m\u00edsta.<\/p>\n<p>Mal\u00e9 kotle nebo tepeln\u00e1 \u010derpadla mohou p\u016fsobit pot\u00ed\u017ee, <strong>zejm\u00e9na kdy\u017e se chce sprchovat v\u00edce lid\u00ed sou\u010dasn\u011b.<\/strong> To \u010dasto vede k nep\u0159\u00edjemn\u00fdm situac\u00edm, kdy je tepl\u00e9 vody m\u00e1lo, nebo dokonce zcela dojde.<\/p>\n<p>\u010clenov\u00e9 rodiny mus\u00ed p\u0159i sprchov\u00e1n\u00ed sp\u011bchat nebo \u010dekat na dal\u0161\u00ed teplou vodu, <strong>z\u00e1kazn\u00edci posiloven jsou frustrovan\u00ed,<\/strong> a celkov\u00e9 pohodl\u00ed je v\u00fdrazn\u011b zhor\u0161eno.<\/p>\n\t\t<\/div>\n\t\t\t\t\t<\/div>\n\n\t\n<\/div>\n\t<div id=\"gap-54754905\" class=\"gap-element clearfix\" style=\"display:block; height:auto;\">\n\t\t\n<style>\n#gap-54754905 {\n  padding-top: 30px;\n}\n<\/style>\n\t<\/div>\n\t\n<div class=\"row\"  id=\"row-455740901\">\n\n\t<div id=\"col-1269278831\" class=\"col medium-6 small-12 large-6\"  >\n\t\t\t\t<div class=\"col-inner\" style=\"background-color:rgb(255,255,255);\" >\n\t\t\t\n\t\t\t\n<h3>\u0158e\u0161en\u00ed \"dostatku tepl\u00e9 vody pro v\u0161echny\" = ecoturbino<\/h3>\n<p>technologie ecoturbino nab\u00edz\u00ed<strong> \u00fa\u010dinn\u00e9 \u0159e\u0161en\u00ed tohoto roz\u0161\u00ed\u0159en\u00e9ho probl\u00e9mu<\/strong>. Je navr\u017een tak, aby <strong>v\u00fdrazn\u011b sn\u00ed\u017eit spot\u0159ebu vody p\u0159i sprchov\u00e1n\u00ed<\/strong> bez omezen\u00ed komfortu p\u0159i sprchov\u00e1n\u00ed. Zde jsou n\u011bkter\u00e9 z v\u00fdhod, kter\u00e9 ecoturbino poskytuje ka\u017ed\u00e9mu:<\/p>\n<ul>\n<li><strong>Sn\u00ed\u017een\u00e1 (HOT) - Spot\u0159eba vody:<\/strong> ecoturbino dok\u00e1\u017ee sn\u00ed\u017eit spot\u0159ebu vody o p\u016fsobiv\u00fdch 40 procent. To znamen\u00e1, \u017ee k zaji\u0161t\u011bn\u00ed tepl\u00e9 vody pro sprchov\u00e1n\u00ed je t\u0159eba oh\u0159\u00edvat m\u00e9n\u011b vody nebo \u017ee st\u00e1vaj\u00edc\u00ed mno\u017estv\u00ed vody vysta\u010d\u00ed na mnohem v\u00edce sprchov\u00e1n\u00ed. To vede k v\u00fdrazn\u00fdm \u00faspor\u00e1m energie a vodn\u00edch zdroj\u016f.<\/li>\n<\/ul>\n<blockquote>\n<p>Dostatek tepl\u00e9 vody pro v\u0161echny: Sn\u00ed\u017een\u00edm spot\u0159eby vody zaji\u0161\u0165uje ecoturbino dostatek tepl\u00e9 vody pro v\u0161echny, i kdy\u017e se chce sprchovat v\u00edce lid\u00ed najednou. Probl\u00e9m omezen\u00e9 kapacity mal\u00fdch kotl\u016f nebo tepeln\u00fdch \u010derpadel je efektivn\u011b vy\u0159e\u0161en.<\/p>\n<\/blockquote>\n<ul>\n<li><strong>Rychl\u00e1 odplata:<\/strong> Instalace syst\u00e9mu ecoturbino je jednoduch\u00e1 a cenov\u011b v\u00fdhodn\u00e1. D\u00edky \u00faspor\u00e1m n\u00e1klad\u016f na energii a vodu se investice v kr\u00e1tk\u00e9 dob\u011b vyplat\u00ed. Rodin\u00e1m, t\u011blocvi\u010dn\u00e1m a dal\u0161\u00edm za\u0159\u00edzen\u00edm se ecoturbino rychle vyplat\u00ed.<\/li>\n<li><strong>\u0160etrn\u00e9 k \u017eivotn\u00edmu prost\u0159ed\u00ed:<\/strong> Sn\u00ed\u017een\u00edm spot\u0159eby vody p\u0159isp\u00edv\u00e1 ecoturbino k ochran\u011b vodn\u00edch zdroj\u016f a ke sn\u00ed\u017een\u00ed emis\u00ed CO2. To je v\u00fdhodn\u00e9 nejen pro va\u0161i pen\u011b\u017eenku, ale tak\u00e9 pro \u017eivotn\u00ed prost\u0159ed\u00ed.<\/li>\n<li><strong>Zv\u00fd\u0161en\u00fd komfort p\u0159i sprchov\u00e1n\u00ed:<\/strong> Navzdory sn\u00ed\u017een\u00ed spot\u0159eby vody, <strong>ecoturbino st\u00e1le poskytuje nezm\u011bn\u011bn\u00fd, p\u0159\u00edjemn\u00fd a relaxa\u010dn\u00ed z\u00e1\u017eitek ze sprchov\u00e1n\u00ed.<\/strong>. Tato technologie zaji\u0161\u0165uje, \u017ee proud vody z\u016fst\u00e1v\u00e1 siln\u00fd a p\u0159\u00edjemn\u00fd, ani\u017e by byl zbyte\u010dn\u00fd (princip zvy\u0161ov\u00e1n\u00ed tlaku bez extern\u00ed energie).<\/li>\n<\/ul>\n\t\t<\/div>\n\t\t\t\t\n<style>\n#col-1269278831 > .col-inner {\n  padding: 5px 15px 15px 15px;\n  border-radius: 10px;\n}\n<\/style>\n\t<\/div>\n\n\t\n\n\t<div id=\"col-1181228669\" class=\"col medium-6 small-12 large-6\"  >\n\t\t\t\t<div class=\"col-inner\" style=\"background-color:#c0d63d;\" >\n\t\t\t\n\t\t\t\n\t<div id=\"text-184796693\" class=\"text\">\n\t\t\n<h4 class=\"uppercase\">Z\u00c1V\u011aR<\/h4>\n\t\t\n<style>\n#text-184796693 {\n  font-size: 2rem;\n  text-align: right;\n  color: rgb(255,255,255);\n}\n#text-184796693 > * {\n  color: rgb(255,255,255);\n}\n@media (min-width:850px) {\n  #text-184796693 {\n    font-size: 3.5rem;\n  }\n}\n<\/style>\n\t<\/div>\n\t\n<h3>V\u00fdhody pro ka\u017ed\u00e9ho d\u00edky syst\u00e9mu ecoturbino<\/h3>\n<p>technologie ecoturbino je <strong>\u0159e\u0161en\u00ed v\u00fdhodn\u00e9 pro v\u0161echny<\/strong> \u0159e\u0161en\u00ed omezen\u00fdch zdroj\u016f tepl\u00e9 vody. Je to <strong>sni\u017euje spot\u0159ebu vody, zaji\u0161\u0165uje dostatek tepl\u00e9 vody pro v\u0161echny,<\/strong> a nab\u00edz\u00ed \u0159adu v\u00fdhod z hlediska \u00faspory n\u00e1klad\u016f, \u0161etrnosti k \u017eivotn\u00edmu prost\u0159ed\u00ed a pohodl\u00ed p\u0159i sprchov\u00e1n\u00ed.<\/p>\n<blockquote>\n<p>A\u0165 u\u017e v rodinn\u00fdch domech, t\u011blocvi\u010dn\u00e1ch nebo jin\u00fdch spole\u010dn\u00fdch za\u0159\u00edzen\u00edch, ecoturbino zaji\u0161\u0165uje efektivn\u00ed a uspokojiv\u00e9 z\u00e1sobov\u00e1n\u00ed teplou vodou pro v\u0161echny.<\/p>\n<\/blockquote>\n<p>Pokud by <strong>st\u00e1vaj\u00edc\u00ed odtok je p\u0159\u00edli\u0161 mal\u00fd,<\/strong> S t\u00edmto probl\u00e9mem m\u016f\u017ee pomoci tak\u00e9 ecoturbino. M\u00edsto zaplaven\u00ed je pou\u017eit\u00ed na\u0161ich v\u00fdrobk\u016f <strong>\u010dasto sta\u010d\u00ed k tomu, aby se zabr\u00e1nilo p\u0159ete\u010den\u00ed,<\/strong> tak\u017ee je zapot\u0159eb\u00ed pouze 60% kapacity odtoku - \u010dasto lze zabr\u00e1nit p\u0159ete\u010den\u00ed.<\/p>\n\t\t<\/div>\n\t\t\t\t\n<style>\n#col-1181228669 > .col-inner {\n  padding: 10px 20px 1px 25px;\n  border-radius: 10px;\n}\n<\/style>\n\t<\/div>\n\n\t\n<\/div>\n\t\t<\/div>\n\t\t\t\t\n<style>\n#col-1612791560 > .col-inner {\n  margin: 0px 0px -125px 0px;\n}\n@media (min-width:550px) {\n  #col-1612791560 > .col-inner {\n    margin: 0px 0px -200px 0px;\n  }\n}\n<\/style>\n\t<\/div>\n\n\t\n<\/div>\n\t\t<\/div>\n\n\t\t\n<style>\n#section_300982114 {\n  padding-top: 30px;\n  padding-bottom: 30px;\n}\n<\/style>\n\t<\/section>\n\t\n\n\t<section class=\"section\" id=\"section_2103771815\">\n\t\t<div class=\"section-bg fill\" >\n\t\t\t<img decoding=\"async\" width=\"1920\" height=\"683\" src=\"https:\/\/ecoturbino.world\/wp-content\/uploads\/2025\/12\/ecoturbino-function_1920-1.webp\" class=\"bg attachment- size-\" alt=\"ecoturbino funktion\" \/>\t\t\t\t\t\t<div class=\"section-bg-overlay absolute fill\"><\/div>\n\t\t\t\n\n\t\t<\/div>\n\n\t\t\t<div class=\"ux-shape-divider ux-shape-divider--top ux-shape-divider--style-waves-opacity\">\n\t\t<svg viewbox=\"0 0 1000 300\" xmlns=\"http:\/\/www.w3.org\/2000\/svg\" preserveaspectratio=\"none\">\n    <path class=\"ux-shape-fill\" d=\"M0 300L-1 69.71C216 57 299.47 198.86 403 226C506 253 577 196 660 197C740 198 790.09 234.07 874 267C935.23 291 982 282.61 1000 277.61V300H0Z\"\/>\n    <path class=\"ux-shape-fill\" opacity=\"0.5\" d=\"M1 265.094L0 50.5C217 37.79 300.47 186.36 404 213.5C507 240.5 578 196.5 661 197.5C741 198.5 787.59 239.57 871.5 272.5C932.73 296.5 980.5 284.5 998.5 279.5V298.5L1 265.094Z\"\/>\n    <path class=\"ux-shape-fill\" opacity=\"0.15\" d=\"M0.999878 244.094L-0.00012207 27C217 14.29 300.47 173.86 404 201C507 228 578 196 661 197C741 198 787.59 243.07 871.5 276C932.73 300 980.5 284.5 998.5 279.5V299L0.999878 244.094Z\"\/>\n<\/svg>\n\n\t<\/div>\n\n\n\t\t<div class=\"section-content relative\">\n\t\t\t\n\t\t<\/div>\n\n\t\t\n<style>\n#section_2103771815 {\n  padding-top: 125px;\n  padding-bottom: 125px;\n}\n#section_2103771815 .section-bg-overlay {\n  background-color: rgba(0, 0, 0, 0.25);\n}\n#section_2103771815 .ux-shape-divider--top svg {\n  height: 80px;\n  --divider-top-width: 100%;\n}\n@media (min-width:550px) {\n  #section_2103771815 {\n    padding-top: 250px;\n    padding-bottom: 250px;\n  }\n  #section_2103771815 .ux-shape-divider--top svg {\n    height: 124px;\n  }\n}\n<\/style>\n\t<\/section>","protected":false},"excerpt":{"rendered":"","protected":false},"author":2,"featured_media":1556,"parent":0,"menu_order":0,"comment_status":"closed","ping_status":"closed","template":"page-blank.php","meta":{"inline_featured_image":false,"footnotes":""},"class_list":["post-1202","page","type-page","status-publish","has-post-thumbnail","hentry"],"_links":{"self":[{"href":"https:\/\/ecoturbino.world\/cs\/wp-json\/wp\/v2\/pages\/1202","targetHints":{"allow":["GET"]}}],"collection":[{"href":"https:\/\/ecoturbino.world\/cs\/wp-json\/wp\/v2\/pages"}],"about":[{"href":"https:\/\/ecoturbino.world\/cs\/wp-json\/wp\/v2\/types\/page"}],"author":[{"embeddable":true,"href":"https:\/\/ecoturbino.world\/cs\/wp-json\/wp\/v2\/users\/2"}],"replies":[{"embeddable":true,"href":"https:\/\/ecoturbino.world\/cs\/wp-json\/wp\/v2\/comments?post=1202"}],"version-history":[{"count":0,"href":"https:\/\/ecoturbino.world\/cs\/wp-json\/wp\/v2\/pages\/1202\/revisions"}],"wp:featuredmedia":[{"embeddable":true,"href":"https:\/\/ecoturbino.world\/cs\/wp-json\/wp\/v2\/media\/1556"}],"wp:attachment":[{"href":"https:\/\/ecoturbino.world\/cs\/wp-json\/wp\/v2\/media?parent=1202"}],"curies":[{"name":"wp","href":"https:\/\/api.w.org\/{rel}","templated":true}]}}