{"id":1198,"date":"2024-01-01T11:46:22","date_gmt":"2024-01-01T10:46:22","guid":{"rendered":"https:\/\/ecoturbino.eu\/?page_id=1198"},"modified":"2024-01-16T00:49:38","modified_gmt":"2024-01-15T23:49:38","slug":"dopad-2","status":"publish","type":"page","link":"https:\/\/ecoturbino.world\/cs\/impact-2\/","title":{"rendered":"Optimalizovan\u00e1 a viditeln\u00e1 hygiena ve sprch\u00e1ch | sprchov\u00e9 hlavice"},"content":{"rendered":"<section class=\"section zindex1\" id=\"section_47424414\">\n\t\t<div class=\"section-bg fill\" >\n\t\t\t\t\t\t\t\t\t\n\t\t\t\n\n\t\t<\/div>\n\n\t\t\n\n\t\t<div class=\"section-content relative\">\n\t\t\t\n<div class=\"row row-small\"  id=\"row-1376504649\">\n\n\t<div id=\"col-2016833794\" class=\"col medium-9 small-12 large-9\"  >\n\t\t\t\t<div class=\"col-inner\"  >\n\t\t\t\n\t\t\t\n<h1 class=\"uppercase\">Optimalizovan\u00e1 a viditeln\u00e1 hygiena ve sprch\u00e1ch a van\u00e1ch<\/h1>\n<h3 class=\"thin-font\">druh\u00fd dopad syst\u00e9mu ecoturbino\u00ae na ochranu \u017eivotn\u00edho prost\u0159ed\u00ed, kter\u00fd \u0161et\u0159\u00ed vodu<\/h3>\n<div class=\"row\"  id=\"row-1378645637\">\n\n\t<div id=\"col-544194523\" class=\"col medium-11 small-12 large-11\"  >\n\t\t\t\t<div class=\"col-inner\"  >\n\t\t\t\n\t\t\t\n\t<div id=\"stack-3478166091\" class=\"stack stack-row justify-start items-start\">\n\t\t\n\t<div class=\"img has-hover x md-x lg-x y md-y lg-y\" id=\"image_2044683472\" data-no-translation=\"\">\n\t\t<a class=\"\" href=\"\/impact-1\/\" >\t\t\t\t\t\t<div class=\"img-inner image-color dark\" >\n\t\t\t<img decoding=\"async\" width=\"100\" height=\"100\" src=\"https:\/\/ecoturbino.world\/wp-content\/uploads\/2024\/01\/impact1.svg\" class=\"attachment-original size-original\" alt=\"\" \/>\t\t\t\t\t\t\n\t\t\t\t\t<\/div>\n\t\t\t\t\t\t<\/a>\t\t\n<style>\n#image_2044683472 {\n  width: 100%;\n}\n<\/style>\n\t<\/div>\n\t\n\t<div class=\"img has-hover x md-x lg-x y md-y lg-y\" id=\"image_1060174115\" data-no-translation=\"\">\n\t\t\t\t\t\t\t\t<div class=\"img-inner dark\" >\n\t\t\t<img decoding=\"async\" width=\"100\" height=\"100\" src=\"https:\/\/ecoturbino.world\/wp-content\/uploads\/2024\/01\/impact2.svg\" class=\"attachment-original size-original\" alt=\"\" \/>\t\t\t\t\t\t\n\t\t\t\t\t<\/div>\n\t\t\t\t\t\t\t\t\n<style>\n#image_1060174115 {\n  width: 100%;\n}\n<\/style>\n\t<\/div>\n\t\n\t<div class=\"img has-hover x md-x lg-x y md-y lg-y\" id=\"image_396640168\" data-no-translation=\"\">\n\t\t<a class=\"\" href=\"\/impact-3\/\" >\t\t\t\t\t\t<div class=\"img-inner image-color dark\" >\n\t\t\t<img decoding=\"async\" width=\"100\" height=\"100\" src=\"https:\/\/ecoturbino.world\/wp-content\/uploads\/2024\/01\/impact3.svg\" class=\"attachment-original size-original\" alt=\"Impact 3 of ecoturbino\" \/>\t\t\t\t\t\t\n\t\t\t\t\t<\/div>\n\t\t\t\t\t\t<\/a>\t\t\n<style>\n#image_396640168 {\n  width: 100%;\n}\n<\/style>\n\t<\/div>\n\t\n\t<div class=\"img has-hover x md-x lg-x y md-y lg-y\" id=\"image_688446016\" data-no-translation=\"\">\n\t\t<a class=\"\" href=\"\/impact-4\/\" >\t\t\t\t\t\t<div class=\"img-inner image-color dark\" >\n\t\t\t<img decoding=\"async\" width=\"100\" height=\"100\" src=\"https:\/\/ecoturbino.world\/wp-content\/uploads\/2024\/01\/impact4.svg\" class=\"attachment-original size-original\" alt=\"Impact 4 of ecoturbino\" \/>\t\t\t\t\t\t\n\t\t\t\t\t<\/div>\n\t\t\t\t\t\t<\/a>\t\t\n<style>\n#image_688446016 {\n  width: 100%;\n}\n<\/style>\n\t<\/div>\n\t\n\t<div class=\"img has-hover x md-x lg-x y md-y lg-y\" id=\"image_524009344\" data-no-translation=\"\">\n\t\t<a class=\"\" href=\"\/impact-5\/\" >\t\t\t\t\t\t<div class=\"img-inner image-color dark\" >\n\t\t\t<img decoding=\"async\" width=\"100\" height=\"100\" src=\"https:\/\/ecoturbino.world\/wp-content\/uploads\/2024\/01\/impact5.svg\" class=\"attachment-original size-original\" alt=\"\" \/>\t\t\t\t\t\t\n\t\t\t\t\t<\/div>\n\t\t\t\t\t\t<\/a>\t\t\n<style>\n#image_524009344 {\n  width: 100%;\n}\n<\/style>\n\t<\/div>\n\t\n\t<div class=\"img has-hover x md-x lg-x y md-y lg-y\" id=\"image_2141522274\" data-no-translation=\"\">\n\t\t<a class=\"\" href=\"\/impact-6\/\" >\t\t\t\t\t\t<div class=\"img-inner image-color dark\" >\n\t\t\t<img decoding=\"async\" width=\"100\" height=\"100\" src=\"https:\/\/ecoturbino.world\/wp-content\/uploads\/2024\/01\/impact6.svg\" class=\"attachment-original size-original\" alt=\"Impact 6 of ecoturbino\" \/>\t\t\t\t\t\t\n\t\t\t\t\t<\/div>\n\t\t\t\t\t\t<\/a>\t\t\n<style>\n#image_2141522274 {\n  width: 100%;\n}\n<\/style>\n\t<\/div>\n\t\n\t<div class=\"img has-hover x md-x lg-x y md-y lg-y\" id=\"image_692020398\" data-no-translation=\"\">\n\t\t<a class=\"\" href=\"\/impact-7\/\" >\t\t\t\t\t\t<div class=\"img-inner image-color dark\" >\n\t\t\t<img decoding=\"async\" width=\"100\" height=\"100\" src=\"https:\/\/ecoturbino.world\/wp-content\/uploads\/2024\/01\/impact7.svg\" class=\"attachment-original size-original\" alt=\"Impact 7 of ecoturbino\" \/>\t\t\t\t\t\t\n\t\t\t\t\t<\/div>\n\t\t\t\t\t\t<\/a>\t\t\n<style>\n#image_692020398 {\n  width: 100%;\n}\n<\/style>\n\t<\/div>\n\t\n\t\t\n<style>\n#stack-3478166091 > * {\n  --stack-gap: 0.5rem;\n}\n@media (min-width:550px) {\n  #stack-3478166091 > * {\n    --stack-gap: 1rem;\n  }\n}\n<\/style>\n\t<\/div>\n\t\n\t\t<\/div>\n\t\t\t\t\t<\/div>\n\n\t\n<\/div>\n\t\t<\/div>\n\t\t\t\t\t<\/div>\n\n\t\n\n\t<div id=\"col-1920026403\" class=\"col medium-3 small-12 large-3\"  >\n\t\t\t\t<div class=\"col-inner\"  >\n\t\t\t\n\t\t\t\n\t<div class=\"img has-hover x md-x lg-x y md-y lg-y\" id=\"image_345647817\" data-no-translation=\"\">\n\t\t\t\t\t\t\t\t<div class=\"img-inner dark\" >\n\t\t\t<img decoding=\"async\" width=\"100\" height=\"100\" src=\"https:\/\/ecoturbino.world\/wp-content\/uploads\/2024\/01\/impact2.svg\" class=\"attachment-original size-original\" alt=\"\" \/>\t\t\t\t\t\t\n\t\t\t\t\t<\/div>\n\t\t\t\t\t\t\t\t\n<style>\n#image_345647817 {\n  width: 100%;\n}\n<\/style>\n\t<\/div>\n\t\n\t\t<\/div>\n\t\t\t\t\t<\/div>\n\n\t\n<\/div>\n<div class=\"row\"  id=\"row-637702488\">\n\n\t<div id=\"col-310669273\" class=\"col small-12 large-12\"  >\n\t\t\t\t<div class=\"col-inner\"  >\n\t\t\t\n\t\t\t\n<div class=\"is-divider divider clearfix\" style=\"max-width:100%;height:1px;\"><\/div>\n<h3><span style=\"font-size: 120%;\">\u010cist\u00e9 sprchov\u00e9 hlavice a hadice | nezbytnost pro hygienick\u00e9 sprchov\u00e1n\u00ed v hotelech, dom\u00e1cnostech, sportovn\u00edch za\u0159\u00edzen\u00edch atd.<\/span><\/h3>\n<p>Na str\u00e1nk\u00e1ch <strong>zku\u0161enosti se sprchov\u00e1n\u00edm<\/strong> hraje z\u00e1sadn\u00ed roli pro na\u0161i pohodu, a\u0165 u\u017e doma, v hotelu nebo v jin\u00e9m ubytovac\u00edm za\u0159\u00edzen\u00ed.<\/p>\n<p>Relaxa\u010dn\u00ed sprcha r\u00e1no nebo po dlouh\u00e9m dni m\u016f\u017ee znamenat rozd\u00edl mezi dobr\u00fdm a skv\u011bl\u00fdm dnem. Ale co kdy\u017e <strong>sprchov\u00e9 hlavice a hadice<\/strong> kter\u00e9 pou\u017e\u00edv\u00e1me k \u010di\u0161t\u011bn\u00ed, jsou samy o sob\u011b <strong>kontaminovan\u00e9 bakteriemi<\/strong>?<\/p>\n<p>Tento probl\u00e9m m\u016f\u017ee b\u00fdt nejen <strong>nehygienick\u00e9<\/strong> ale tak\u00e9 <strong>p\u0159edstavuj\u00ed zdravotn\u00ed rizika (kontaminace bakteri\u00ed Legionella).<\/strong> Zde p\u0159ich\u00e1z\u00ed ke slovu inovativn\u00ed technologie ecoturbino, kter\u00e1 nejen\u017ee umo\u017e\u0148uje <strong>zaji\u0161t\u011bn\u00ed hygienicky \u010dist\u00fdch sprchov\u00fdch hlavic a hadic.<\/strong> ale tak\u00e9 minimalizuje n\u00e1roky na \u010di\u0161t\u011bn\u00ed, sni\u017euje mno\u017estv\u00ed vodn\u00edho kamene a usazenin a podporuje zdrav\u00ed, zejm\u00e9na z hlediska rizika v\u00fdskytu bakterie Legionella.<\/p>\n\t<div id=\"gap-540032724\" class=\"gap-element clearfix\" style=\"display:block; height:auto;\">\n\t\t\n<style>\n#gap-540032724 {\n  padding-top: 30px;\n}\n<\/style>\n\t<\/div>\n\t\n<div class=\"row\"  id=\"row-134419483\">\n\n\t<div id=\"col-1940808164\" class=\"col medium-4 small-12 large-4\"  >\n\t\t\t\t<div class=\"col-inner\"  >\n\t\t\t\n\t\t\t\n\t<div class=\"img has-hover radius10 x md-x lg-x y md-y lg-y\" id=\"image_659227966\" data-no-translation=\"\">\n\t\t\t\t\t\t\t\t<div class=\"img-inner dark\" >\n\t\t\t<img decoding=\"async\" width=\"600\" height=\"600\" src=\"https:\/\/ecoturbino.world\/wp-content\/uploads\/2024\/01\/shower-head_600.webp\" class=\"attachment-original size-original\" alt=\"\" srcset=\"https:\/\/ecoturbino.world\/wp-content\/uploads\/2024\/01\/shower-head_600.webp 600w, https:\/\/ecoturbino.world\/wp-content\/uploads\/2024\/01\/shower-head_600-500x500.webp 500w, https:\/\/ecoturbino.world\/wp-content\/uploads\/2024\/01\/shower-head_600-32x32.webp 32w, https:\/\/ecoturbino.world\/wp-content\/uploads\/2024\/01\/shower-head_600-48x48.webp 48w, https:\/\/ecoturbino.world\/wp-content\/uploads\/2024\/01\/shower-head_600-80x80.webp 80w, https:\/\/ecoturbino.world\/wp-content\/uploads\/2024\/01\/shower-head_600-180x180.webp 180w\" sizes=\"(max-width: 600px) 100vw, 600px\" \/>\t\t\t\t\t\t\n\t\t\t\t\t<\/div>\n\t\t\t\t\t\t\t\t\n<style>\n#image_659227966 {\n  width: 100%;\n}\n<\/style>\n\t<\/div>\n\t\n\t\t<\/div>\n\t\t\t\t\t<\/div>\n\n\t\n\n\t<div id=\"col-59666052\" class=\"col medium-8 small-12 large-8\"  >\n\t\t\t\t<div class=\"col-inner\"  >\n\t\t\t\n\t\t\t\n<h3>Pro\u010d jsou sprchov\u00e9 hlavice a hadice kontaminov\u00e1ny bakteriemi?<\/h3>\n<p>Sprchov\u00e9 hlavice a hadice jsou n\u00e1chyln\u00e9 k bakteri\u00e1ln\u00ed kontaminaci z n\u011bkolika d\u016fvod\u016f. Hlavn\u00edm d\u016fvodem je <strong>stojat\u00e9 vody.<\/strong> Kdy\u017e voda v potrub\u00ed a sprchov\u00e9 hlavici stagnuje, vytv\u00e1\u0159\u00ed se v n\u00ed <strong>ide\u00e1ln\u00ed prost\u0159ed\u00ed pro mno\u017een\u00ed bakteri\u00ed<\/strong> a dal\u0161\u00ed mikroorganismy.<\/p>\n<p>Pokud se sprchov\u00e9 hlavice a sprchov\u00e9 hadice nepou\u017e\u00edvaj\u00ed, nap\u0159\u00edklad p\u0159i odjezdu na dovolenou, teplota vody v koupeln\u011b se m\u016f\u017ee <strong>p\u0159irozen\u011b stoup\u00e1 na pokojovou teplotu, co\u017e zvy\u0161uje kontaminaci a r\u016fst bakteri\u00ed Legionella.<\/strong> n\u00e1sobn\u011b - optim\u00e1ln\u00ed prost\u0159ed\u00ed pro mno\u017een\u00ed bakteri\u00ed!<\/p>\n<p>Tyto bakterie se mohou v tepl\u00e9m a vlhk\u00e9m prost\u0159ed\u00ed rychle mno\u017eit a mohou<strong> zp\u016fsobuj\u00ed zdravotn\u00ed probl\u00e9my (nap\u0159. <a href=\"https:\/\/en.wikipedia.org\/wiki\/Pneumonia\" target=\"_blank\" rel=\"noopener sponsored\">z\u00e1pal plic<\/a><\/strong>). Dal\u0161\u00edm probl\u00e9mem je<strong> tvorba vodn\u00edho kamene<\/strong> a dal\u0161\u00ed usazeniny, kter\u00e9 nejen\u017ee vypadaj\u00ed nevzhledn\u011b, ale tak\u00e9 <strong>ovliv\u0148uj\u00ed v\u00fdkon sprchov\u00e9 hlavice<\/strong> a m\u016f\u017ee v\u00e9st k nerovnom\u011brn\u00e9 distribuci vody.<\/p>\n\t\t<\/div>\n\t\t\t\t\t<\/div>\n\n\t\n<\/div>\n<div class=\"row\"  id=\"row-79088003\">\n\n\t<div id=\"col-2100148535\" class=\"col medium-6 small-12 large-6\"  >\n\t\t\t\t<div class=\"col-inner\"  >\n\t\t\t\n\t\t\t\n<h3>\u0158e\u0161en\u00ed pro \u010dist\u00e9 sprchov\u00e9 hlavice a hadice: ecoturbino\u00ae<\/h3>\n<p>Technologie Ecoturbino nab\u00edz\u00ed \u00fa\u010dinn\u00e9 \u0159e\u0161en\u00ed t\u011bchto probl\u00e9m\u016f. Je navr\u017eena tak, aby pr\u016fb\u011b\u017en\u011b vypou\u0161t\u011bla vodu ze sprchov\u00fdch hlavic a hadic a zabr\u00e1nila tak stagnaci vody. To m\u00e1 n\u011bkolik v\u00fdhod:<\/p>\n<ul>\n<li><strong>Hygiena:<\/strong> Pr\u016fb\u011b\u017en\u00e9 vypou\u0161t\u011bn\u00ed sprchov\u00fdch hlavic a hadic po sprchov\u00e1n\u00ed v\u00fdrazn\u011b sni\u017euje riziko bakteri\u00e1ln\u00ed kontaminace. Bez stagnuj\u00edc\u00ed vody ve sprchov\u00e9 hlavici nemaj\u00ed bakterie a mikroorganismy \u017e\u00e1dnou \u017eivnou p\u016fdu.<\/li>\n<li><strong>\u00daklidov\u00e9 \u00fasil\u00ed:<\/strong> Odpad\u00e1 tak zdlouhav\u00e9 pravideln\u00e9 \u010di\u0161t\u011bn\u00ed sprchov\u00fdch hlavic a hadic, aby se zabr\u00e1nilo usazov\u00e1n\u00ed vodn\u00edho kamene. To \u0161et\u0159\u00ed \u010das a n\u00e1mahu. N\u00e1ro\u010dnost \u00fadr\u017eby se v\u00fdrazn\u011b sni\u017euje!<\/li>\n<li><strong>Vodn\u00ed k\u00e1men a usazeniny:<\/strong> Technologie Ecoturbino tak\u00e9 pom\u00e1h\u00e1 redukovat vodn\u00ed k\u00e1men a usazeniny ve sprchov\u00fdch hlavic\u00edch a hadic\u00edch. To nejen zvy\u0161uje \u017eivotnost sprchov\u00e9ho za\u0159\u00edzen\u00ed, ale tak\u00e9 zaji\u0161\u0165uje st\u00e1l\u00fd pr\u016ftok vody a optim\u00e1ln\u00ed v\u00fdkon.<\/li>\n<li><strong>Zdrav\u00ed:<\/strong> Sn\u00ed\u017een\u00ed rizika v\u00fdskytu bakterie Legionella je obzvl\u00e1\u0161t\u011b d\u016fle\u017eit\u00e9. Legionella jsou bakterie, kter\u00e9 se mno\u017e\u00ed ve stojat\u00e9 vod\u011b a p\u0159i vdechov\u00e1n\u00ed aerosol\u016f mohou zp\u016fsobit v\u00e1\u017en\u00e9 zdravotn\u00ed probl\u00e9my. Ecoturbino pom\u00e1h\u00e1 toto riziko minimalizovat a chr\u00e1nit zdrav\u00ed u\u017eivatel\u016f.<\/li>\n<li><strong>Vizu\u00e1ln\u00ed \u010distota:<\/strong> Sprchov\u00e9 hlavice, kter\u00e9 jsou pr\u016fb\u011b\u017en\u011b vypou\u0161t\u011bny technologi\u00ed ecoturbino, z\u016fst\u00e1vaj\u00ed v\u017edy vizu\u00e1ln\u011b \u010dist\u00e9 a atraktivn\u00ed. To p\u0159isp\u00edv\u00e1 k celkov\u00e9 estetice koupelny.<\/li>\n<\/ul>\n\t\t<\/div>\n\t\t\t\t\t<\/div>\n\n\t\n\n\t<div id=\"col-2125482941\" class=\"col medium-6 small-12 large-6\"  >\n\t\t\t\t<div class=\"col-inner\" style=\"background-color:#c0d63d;\" >\n\t\t\t\n\t\t\t\n\t<div id=\"text-236577509\" class=\"text\">\n\t\t\n<h4 class=\"uppercase\">Z\u00c1V\u011aR<\/h4>\n\t\t\n<style>\n#text-236577509 {\n  font-size: 2rem;\n  text-align: right;\n  color: rgb(255, 255, 255);\n}\n#text-236577509 > * {\n  color: rgb(255, 255, 255);\n}\n@media (min-width:850px) {\n  #text-236577509 {\n    font-size: 3.5rem;\n  }\n}\n<\/style>\n\t<\/div>\n\t\n<h3>Dokonal\u00e1 hygiena v koupeln\u011b i mimo ni d\u00edky ecoturbino<\/h3>\n<p><strong>ecoturbino<\/strong> poskytuje nejen <strong>hygienicky \u010dist\u00e9 sprchov\u00e9 hlavice<\/strong> a hadic, ale tak\u00e9 p\u0159isp\u00edv\u00e1 k celkov\u00e9 hygien\u011b koupelny. Sn\u00ed\u017een\u00edm mno\u017estv\u00ed stagnuj\u00edc\u00ed vody a s t\u00edm spojen\u00fdch bakteri\u00ed se zlep\u0161\u00ed celkov\u00e1 hygiena koupelny.<\/p>\n<p>To je d\u016fle\u017eit\u00e9 zejm\u00e9na v ubytovac\u00edch za\u0159\u00edzen\u00edch, jako jsou <strong>hotely, domovy d\u016fchodc\u016f, <a href=\"https:\/\/ecoturbino.world\/cs\/adresar-svet\/kategorie\/lekarske\/\" target=\"_blank\" rel=\"noopener\">kliniky<\/a>, a penziony<\/strong>, stejn\u011b jako sez\u00f3nn\u00ed provozy a sportovn\u00ed za\u0159\u00edzen\u00ed, kde jsou bezpe\u010dnost a pohodl\u00ed host\u016f a pacient\u016f na prvn\u00edm m\u00edst\u011b.<\/p>\n<p>Celkov\u011b je ecoturbino<strong> inovativn\u00ed \u0159e\u0161en\u00ed \u010dasto p\u0159ehl\u00ed\u017een\u00e9ho<\/strong> probl\u00e9m. \u010cist\u00e9 sprchov\u00e9 hlavice a hadice jsou nejenom <strong>estetick\u00fd vzhled<\/strong> ale tak\u00e9 z\u00e1sadn\u00ed pro zdrav\u00ed a pohodu u\u017eivatel\u016f.<\/p>\n<p>S ecoturbino m\u016f\u017eete pozvednout<strong> zku\u0161enosti se sprchov\u00e1n\u00edm v hotelech, dom\u00e1cnostech<\/strong>, a dal\u0161\u00ed ubytov\u00e1n\u00ed na novou \u00farove\u0148 a z\u00e1rove\u0148<strong> optimalizace hygieny v koupeln\u011b.<\/strong><\/p>\n\t\t<\/div>\n\t\t\t\t\n<style>\n#col-2125482941 > .col-inner {\n  padding: 10px 20px 1px 25px;\n  border-radius: 10px;\n}\n<\/style>\n\t<\/div>\n\n\t\n<\/div>\n<div class=\"video video-fit mb\" style=\"padding-top:56.25%;\"><p><iframe title=\"Nejjednodu\u0161\u0161\u00ed zp\u016fsob \u010di\u0161t\u011bn\u00ed sprchov\u00e9 hlavice\ud83d\udca5(NEUV\u011a\u0158ITELN\u00dd V\u00ddSLEDEK)!!\" width=\"1020\" height=\"574\" src=\"https:\/\/www.youtube.com\/embed\/J7uwCSF8Ym0?feature=oembed\" frameborder=\"0\" allow=\"accelerometer; autoplay; clipboard-write; encrypted-media; gyroscope; picture-in-picture; web-share\" referrerpolicy=\"strict-origin-when-cross-origin\" allowfullscreen><\/iframe><\/p>\n<\/div>\n\t\t<\/div>\n\t\t\t\t\t<\/div>\n\n\t\n<\/div>\n\t\t<\/div>\n\n\t\t\n<style>\n#section_47424414 {\n  padding-top: 30px;\n  padding-bottom: 30px;\n}\n<\/style>\n\t<\/section>","protected":false},"excerpt":{"rendered":"","protected":false},"author":2,"featured_media":1533,"parent":0,"menu_order":0,"comment_status":"closed","ping_status":"closed","template":"page-blank.php","meta":{"inline_featured_image":false,"footnotes":""},"class_list":["post-1198","page","type-page","status-publish","has-post-thumbnail","hentry"],"_links":{"self":[{"href":"https:\/\/ecoturbino.world\/cs\/wp-json\/wp\/v2\/pages\/1198","targetHints":{"allow":["GET"]}}],"collection":[{"href":"https:\/\/ecoturbino.world\/cs\/wp-json\/wp\/v2\/pages"}],"about":[{"href":"https:\/\/ecoturbino.world\/cs\/wp-json\/wp\/v2\/types\/page"}],"author":[{"embeddable":true,"href":"https:\/\/ecoturbino.world\/cs\/wp-json\/wp\/v2\/users\/2"}],"replies":[{"embeddable":true,"href":"https:\/\/ecoturbino.world\/cs\/wp-json\/wp\/v2\/comments?post=1198"}],"version-history":[{"count":0,"href":"https:\/\/ecoturbino.world\/cs\/wp-json\/wp\/v2\/pages\/1198\/revisions"}],"wp:featuredmedia":[{"embeddable":true,"href":"https:\/\/ecoturbino.world\/cs\/wp-json\/wp\/v2\/media\/1533"}],"wp:attachment":[{"href":"https:\/\/ecoturbino.world\/cs\/wp-json\/wp\/v2\/media?parent=1198"}],"curies":[{"name":"wp","href":"https:\/\/api.w.org\/{rel}","templated":true}]}}