{"id":1195,"date":"2024-01-01T11:44:09","date_gmt":"2024-01-01T10:44:09","guid":{"rendered":"https:\/\/ecoturbino.eu\/?page_id=1195"},"modified":"2024-01-20T12:37:42","modified_gmt":"2024-01-20T11:37:42","slug":"dopad-1","status":"publish","type":"page","link":"https:\/\/ecoturbino.world\/cs\/impact-1\/","title":{"rendered":"Z\u00e1\u017eitek ze zvukov\u00e9 sprchy s vodop\u00e1dem a de\u0161t\u011bm | ecoturbino"},"content":{"rendered":"<section class=\"section zindex1\" id=\"section_900861871\">\n\t\t<div class=\"section-bg fill\" >\n\t\t\t\t\t\t\t\t\t\n\t\t\t\n\n\t\t<\/div>\n\n\t\t\n\n\t\t<div class=\"section-content relative\">\n\t\t\t\n<div class=\"row row-small\"  id=\"row-912926757\">\n\n\t<div id=\"col-653129724\" class=\"col medium-9 small-12 large-9\"  >\n\t\t\t\t<div class=\"col-inner\"  >\n\t\t\t\n\t\t\t\n<h1 class=\"uppercase\">Z\u00e1\u017eitek ze sprchov\u00e1n\u00ed s vodop\u00e1dem a de\u0161t\u011bm | Ecoturbino\u00ae<\/h1>\n<h3 class=\"thin-font\">prvn\u00ed dopad syst\u00e9mu ecoturbino\u00ae \u0161et\u0159\u00edc\u00edho vodu na ochranu \u017eivotn\u00edho prost\u0159ed\u00ed<\/h3>\n<div class=\"row\"  id=\"row-939367845\">\n\n\t<div id=\"col-1939693838\" class=\"col medium-11 small-12 large-11\"  >\n\t\t\t\t<div class=\"col-inner\"  >\n\t\t\t\n\t\t\t\n\t<div id=\"stack-2630375497\" class=\"stack stack-row justify-start items-start sm:stack-row\">\n\t\t\n\t<div class=\"img has-hover x md-x lg-x y md-y lg-y\" id=\"image_1393296572\" data-no-translation=\"\">\n\t\t\t\t\t\t\t\t<div class=\"img-inner dark\" >\n\t\t\t<img decoding=\"async\" width=\"100\" height=\"100\" src=\"https:\/\/ecoturbino.world\/wp-content\/uploads\/2024\/01\/impact1.svg\" class=\"attachment-original size-original\" alt=\"\" \/>\t\t\t\t\t\t\n\t\t\t\t\t<\/div>\n\t\t\t\t\t\t\t\t\n<style>\n#image_1393296572 {\n  width: 100%;\n}\n<\/style>\n\t<\/div>\n\t\n\t<div class=\"img has-hover x md-x lg-x y md-y lg-y\" id=\"image_440315242\" data-no-translation=\"\">\n\t\t<a class=\"\" href=\"\/impact-2\/\" >\t\t\t\t\t\t<div class=\"img-inner image-color dark\" >\n\t\t\t<img decoding=\"async\" width=\"100\" height=\"100\" src=\"https:\/\/ecoturbino.world\/wp-content\/uploads\/2024\/01\/impact2.svg\" class=\"attachment-original size-original\" alt=\"\" \/>\t\t\t\t\t\t\n\t\t\t\t\t<\/div>\n\t\t\t\t\t\t<\/a>\t\t\n<style>\n#image_440315242 {\n  width: 100%;\n}\n<\/style>\n\t<\/div>\n\t\n\t<div class=\"img has-hover x md-x lg-x y md-y lg-y\" id=\"image_1702583707\" data-no-translation=\"\">\n\t\t<a class=\"\" href=\"\/impact-3\/\" >\t\t\t\t\t\t<div class=\"img-inner image-color dark\" >\n\t\t\t<img decoding=\"async\" width=\"100\" height=\"100\" src=\"https:\/\/ecoturbino.world\/wp-content\/uploads\/2024\/01\/impact3.svg\" class=\"attachment-original size-original\" alt=\"Impact 3 of ecoturbino\" \/>\t\t\t\t\t\t\n\t\t\t\t\t<\/div>\n\t\t\t\t\t\t<\/a>\t\t\n<style>\n#image_1702583707 {\n  width: 100%;\n}\n<\/style>\n\t<\/div>\n\t\n\t<div class=\"img has-hover x md-x lg-x y md-y lg-y\" id=\"image_695163839\" data-no-translation=\"\">\n\t\t<a class=\"\" href=\"\/impact-4\/\" >\t\t\t\t\t\t<div class=\"img-inner image-color dark\" >\n\t\t\t<img decoding=\"async\" width=\"100\" height=\"100\" src=\"https:\/\/ecoturbino.world\/wp-content\/uploads\/2024\/01\/impact4.svg\" class=\"attachment-original size-original\" alt=\"Impact 4 of ecoturbino\" \/>\t\t\t\t\t\t\n\t\t\t\t\t<\/div>\n\t\t\t\t\t\t<\/a>\t\t\n<style>\n#image_695163839 {\n  width: 100%;\n}\n<\/style>\n\t<\/div>\n\t\n\t<div class=\"img has-hover x md-x lg-x y md-y lg-y\" id=\"image_903836690\" data-no-translation=\"\">\n\t\t<a class=\"\" href=\"\/impact-5\/\" >\t\t\t\t\t\t<div class=\"img-inner image-color dark\" >\n\t\t\t<img decoding=\"async\" width=\"100\" height=\"100\" src=\"https:\/\/ecoturbino.world\/wp-content\/uploads\/2024\/01\/impact5.svg\" class=\"attachment-original size-original\" alt=\"\" \/>\t\t\t\t\t\t\n\t\t\t\t\t<\/div>\n\t\t\t\t\t\t<\/a>\t\t\n<style>\n#image_903836690 {\n  width: 100%;\n}\n<\/style>\n\t<\/div>\n\t\n\t<div class=\"img has-hover x md-x lg-x y md-y lg-y\" id=\"image_199204611\" data-no-translation=\"\">\n\t\t<a class=\"\" href=\"\/impact-6\/\" >\t\t\t\t\t\t<div class=\"img-inner image-color dark\" >\n\t\t\t<img decoding=\"async\" width=\"100\" height=\"100\" src=\"https:\/\/ecoturbino.world\/wp-content\/uploads\/2024\/01\/impact6.svg\" class=\"attachment-original size-original\" alt=\"Impact 6 of ecoturbino\" \/>\t\t\t\t\t\t\n\t\t\t\t\t<\/div>\n\t\t\t\t\t\t<\/a>\t\t\n<style>\n#image_199204611 {\n  width: 100%;\n}\n<\/style>\n\t<\/div>\n\t\n\t<div class=\"img has-hover x md-x lg-x y md-y lg-y\" id=\"image_1557023047\" data-no-translation=\"\">\n\t\t<a class=\"\" href=\"\/impact-7\/\" >\t\t\t\t\t\t<div class=\"img-inner image-color dark\" >\n\t\t\t<img decoding=\"async\" width=\"100\" height=\"100\" src=\"https:\/\/ecoturbino.world\/wp-content\/uploads\/2024\/01\/impact7.svg\" class=\"attachment-original size-original\" alt=\"Impact 7 of ecoturbino\" \/>\t\t\t\t\t\t\n\t\t\t\t\t<\/div>\n\t\t\t\t\t\t<\/a>\t\t\n<style>\n#image_1557023047 {\n  width: 100%;\n}\n<\/style>\n\t<\/div>\n\t\n\t\t\n<style>\n#stack-2630375497 > * {\n  --stack-gap: 0.5rem;\n}\n@media (min-width:550px) {\n  #stack-2630375497 > * {\n    --stack-gap: 1rem;\n  }\n}\n<\/style>\n\t<\/div>\n\t\n\t\t<\/div>\n\t\t\t\t\t<\/div>\n\n\t\n<\/div>\n\t\t<\/div>\n\t\t\t\t\t<\/div>\n\n\t\n\n\t<div id=\"col-1482560744\" class=\"col medium-3 small-12 large-3\"  >\n\t\t\t\t<div class=\"col-inner\"  >\n\t\t\t\n\t\t\t\n\t<div class=\"img has-hover x md-x lg-x y md-y lg-y\" id=\"image_1635698649\" data-no-translation=\"\">\n\t\t\t\t\t\t\t\t<div class=\"img-inner dark\" >\n\t\t\t<img decoding=\"async\" width=\"100\" height=\"100\" src=\"https:\/\/ecoturbino.world\/wp-content\/uploads\/2024\/01\/impact1.svg\" class=\"attachment-original size-original\" alt=\"\" \/>\t\t\t\t\t\t\n\t\t\t\t\t<\/div>\n\t\t\t\t\t\t\t\t\n<style>\n#image_1635698649 {\n  width: 100%;\n}\n<\/style>\n\t<\/div>\n\t\n\t\t<\/div>\n\t\t\t\t\t<\/div>\n\n\t\n<\/div>\n<div class=\"row\"  id=\"row-1241570657\">\n\n\t<div id=\"col-1353431907\" class=\"col small-12 large-12\"  >\n\t\t\t\t<div class=\"col-inner\"  >\n\t\t\t\n\t\t\t\n<div class=\"is-divider divider clearfix\" style=\"max-width:100%;height:1px;\"><\/div>\n<h2><span style=\"font-size: 120%;\">Z\u00e1\u017eitek ze sprchov\u00e1n\u00ed jako venku | sly\u0161iteln\u00e1 de\u0161\u0165ov\u00e1 sprcha pro v\u011bt\u0161\u00ed pohodl\u00ed<\/span><\/h2>\n<p>Pro mnoho lid\u00ed je ka\u017edodenn\u00ed <strong>sprchov\u00e1n\u00ed<\/strong> je v\u00edce ne\u017e jen nezbytn\u00e9 hygienick\u00e9 opat\u0159en\u00ed. Je to <strong>chv\u00edle odpo\u010dinku, pohody a osv\u011b\u017een\u00ed.<\/strong><\/p>\n<p>V dne\u0161n\u00edm usp\u011bchan\u00e9m sv\u011bt\u011b, kde jsou stres a term\u00edny v\u0161udyp\u0159\u00edtomn\u00e9, je nutn\u00e9 <strong>sprcha m\u016f\u017ee b\u00fdt o\u00e1zou klidu<\/strong> a omlazen\u00ed.<\/p>\n<p>A kdy\u017e m\u016f\u017eete vylep\u0161it<strong> z\u00e1\u017eitek ze sprchy podle pocitu<\/strong> jako byste st\u00e1li pod <strong>osv\u011b\u017euj\u00edc\u00ed venkovn\u00ed de\u0161\u0165ovou sprchu nebo u vodop\u00e1du,<\/strong> se tento okam\u017eik stane n\u011b\u010d\u00edm opravdu v\u00fdjime\u010dn\u00fdm. D\u00edky ecoturbino je to nyn\u00ed mo\u017en\u00e9.<\/p>\n<h3>Touha po p\u0159\u00edrod\u011b v koupeln\u011b<\/h3>\n<p>Na str\u00e1nk\u00e1ch <strong>touha po p\u0159\u00edrod\u011b a pobytu venku<\/strong> je v n\u00e1s hluboce zako\u0159en\u011bna. V pr\u016fb\u011bhu historie, <strong>lid\u00e9 hledali spojen\u00ed s p\u0159\u00edrodou<\/strong> a za\u010dlenili ji do na\u0161eho ka\u017edodenn\u00edho \u017eivota, a\u0165 u\u017e ekologizac\u00ed na\u0161ich obytn\u00fdch prostor nebo pou\u017e\u00edv\u00e1n\u00edm p\u0159\u00edrodn\u00edch materi\u00e1l\u016f.<\/p>\n<p>Je tedy p\u0159irozen\u00e9, \u017ee chceme za\u017e\u00edt p\u0159\u00edrodu i v na\u0161ich koupeln\u00e1ch. P\u0159edstava, \u017ee stoj\u00edte pod osv\u011b\u017euj\u00edc\u00ed de\u0161\u0165ovou sprchou, dopln\u011bnou o <strong>venkovn\u00ed zvuky vody<\/strong>, zat\u00edmco je teplo <strong>voda jemn\u011b te\u010de po na\u0161ich t\u011blech<\/strong>, je pro mnoh\u00e9 z n\u00e1s velmi atraktivn\u00ed. D\u00edky ecoturbino je to nyn\u00ed mo\u017en\u00e9.<\/p>\n\t<div id=\"gap-1309892829\" class=\"gap-element clearfix\" style=\"display:block; height:auto;\">\n\t\t\n<style>\n#gap-1309892829 {\n  padding-top: 30px;\n}\n<\/style>\n\t<\/div>\n\t\n<div class=\"row\"  id=\"row-2072761173\">\n\n\t<div id=\"col-1233904492\" class=\"col medium-4 small-12 large-4\"  >\n\t\t\t\t<div class=\"col-inner\"  >\n\t\t\t\n\t\t\t\n\t<div class=\"img has-hover radius10 x md-x lg-x y md-y lg-y\" id=\"image_1967854363\" data-no-translation=\"\">\n\t\t\t\t\t\t\t\t<div class=\"img-inner dark\" >\n\t\t\t<img decoding=\"async\" width=\"600\" height=\"600\" src=\"https:\/\/ecoturbino.world\/wp-content\/uploads\/2024\/01\/waterfall_600.webp\" class=\"attachment-original size-original\" alt=\"Waterfall symbol\" srcset=\"https:\/\/ecoturbino.world\/wp-content\/uploads\/2024\/01\/waterfall_600.webp 600w, https:\/\/ecoturbino.world\/wp-content\/uploads\/2024\/01\/waterfall_600-500x500.webp 500w, https:\/\/ecoturbino.world\/wp-content\/uploads\/2024\/01\/waterfall_600-32x32.webp 32w, https:\/\/ecoturbino.world\/wp-content\/uploads\/2024\/01\/waterfall_600-48x48.webp 48w, https:\/\/ecoturbino.world\/wp-content\/uploads\/2024\/01\/waterfall_600-80x80.webp 80w, https:\/\/ecoturbino.world\/wp-content\/uploads\/2024\/01\/waterfall_600-180x180.webp 180w\" sizes=\"(max-width: 600px) 100vw, 600px\" \/>\t\t\t\t\t\t\n\t\t\t\t\t<\/div>\n\t\t\t\t\t\t\t\t\n<style>\n#image_1967854363 {\n  width: 100%;\n}\n<\/style>\n\t<\/div>\n\t\n\t\t<\/div>\n\t\t\t\t\t<\/div>\n\n\t\n\n\t<div id=\"col-1723040209\" class=\"col medium-8 small-12 large-8\"  >\n\t\t\t\t<div class=\"col-inner\"  >\n\t\t\t\n\t\t\t\n<h3>Zvuk vody a de\u0161t\u011b | relaxa\u010dn\u00ed sluchov\u00fd z\u00e1\u017eitek<\/h3>\n<p>Ale <strong>Z\u00e1\u017eitek z de\u0161t\u011b a zvukov\u00e9 sprchy<\/strong> ve spr\u0161e p\u0159esahuje pocit tepl\u00e9ho de\u0161t\u011b na k\u016f\u017ei. Zahrnuje tak\u00e9 uklid\u0148uj\u00edc\u00ed zvuk de\u0161t\u011b, kter\u00fd jemn\u011b dopad\u00e1 na t\u011blo a pak kask\u00e1dovit\u011b st\u00e9k\u00e1 dol\u016f. Toto jemn\u00e9 \u0161plouch\u00e1n\u00ed n\u00e1m p\u0159ipom\u00edn\u00e1 osv\u011b\u017euj\u00edc\u00ed <strong>venkovn\u00ed de\u0161\u0165ov\u00e1 sprcha<\/strong> a pom\u00e1h\u00e1 se zbavit stresu ka\u017edodenn\u00edho \u017eivota.<\/p>\n<blockquote>\n<p>Bublinky stla\u010den\u00e9ho vzduchu, kter\u00e9 ecoturbino integruje do proudu vody, se p\u0159i v\u00fdstupu z trysek sprchov\u00e9 hlavice v podstat\u011b odv\u00edjej\u00ed. To vytv\u00e1\u0159\u00ed sv\u011b\u017e\u00ed zvukov\u00fd vjem, kter\u00fd lze nejl\u00e9pe p\u0159irovnat k venkovn\u00ed de\u0161\u0165ov\u00e9 spr\u0161e. Fantastick\u00fd z\u00e1\u017eitek.<\/p>\n<\/blockquote>\n<p>Na str\u00e1nk\u00e1ch <strong>zvuk <a href=\"https:\/\/en.wikipedia.org\/wiki\/Waterfall\" target=\"_blank\" rel=\"noopener sponsored\">vodop\u00e1d<\/a><\/strong> m\u016f\u017ee m\u00edt uklid\u0148uj\u00edc\u00ed \u00fa\u010dinek a zm\u00edrnit stres. Vytv\u00e1\u0159\u00ed <strong>uvoln\u011bn\u00e1 atmosf\u00e9ra, kter\u00e1 usnad\u0148uje uvoln\u011bn\u00ed.<\/strong> a zam\u011b\u0159te se na z\u00e1\u017eitek ze sprchov\u00e1n\u00ed. Jemn\u00e9 \u0161um\u011bn\u00ed vody dok\u00e1\u017ee zklidnit mysl a uvolnit t\u011blo, co\u017e je obzvl\u00e1\u0161\u0165 uklid\u0148uj\u00edc\u00ed po dlouh\u00e9m dni.<\/p>\n\t\t<\/div>\n\t\t\t\t\t<\/div>\n\n\t\n<\/div>\n\t<div id=\"gap-680947525\" class=\"gap-element clearfix\" style=\"display:block; height:auto;\">\n\t\t\n<style>\n#gap-680947525 {\n  padding-top: 30px;\n}\n<\/style>\n\t<\/div>\n\t\n<div class=\"row\"  id=\"row-1965082720\">\n\n\t<div id=\"col-1566032340\" class=\"col medium-6 small-12 large-6\"  >\n\t\t\t\t<div class=\"col-inner\"  >\n\t\t\t\n\t\t\t\n<h3>V\u011bdeck\u00e9 poznatky o sprchov\u00e1n\u00ed<\/h3>\n<blockquote>\n<p>Relaxa\u010dn\u00ed \u00fa\u010dinek zvuk\u016f vody je v\u011bdecky podlo\u017een. Studie prok\u00e1zaly, \u017ee poslech zvuk\u016f vody m\u016f\u017ee sn\u00ed\u017eit hladinu stresu.<\/p>\n<\/blockquote>\n<p>Na str\u00e1nk\u00e1ch <strong>zvuk de\u0161t\u011b, vln nebo tekouc\u00ed vody.<\/strong> aktivuje ur\u010dit\u00e9 \u010d\u00e1sti mozku spojen\u00e9 s relaxac\u00ed a pohodou.<\/p>\n<p>To vysv\u011btluje, pro\u010d mnoho lid\u00ed <strong>zva\u017ete sprchov\u00e1n\u00ed jako zp\u016fsob, jak se zbavit stresu a uvolnit se.<\/strong>. D\u00edky ecoturbino je to nyn\u00ed mo\u017en\u00e9.<\/p>\n\t\t<\/div>\n\t\t\t\t\t<\/div>\n\n\t\n\n\t<div id=\"col-812383435\" class=\"col medium-6 small-12 large-6\"  >\n\t\t\t\t<div class=\"col-inner\" style=\"background-color:#c0d63d;\" >\n\t\t\t\n\t\t\t\n\t<div id=\"text-3624470924\" class=\"text\">\n\t\t\n<h4 class=\"uppercase\">Z\u00c1V\u011aR<\/h4>\n\t\t\n<style>\n#text-3624470924 {\n  font-size: 2rem;\n  text-align: right;\n  color: rgb(255, 255, 255);\n}\n#text-3624470924 > * {\n  color: rgb(255, 255, 255);\n}\n@media (min-width:850px) {\n  #text-3624470924 {\n    font-size: 3.5rem;\n  }\n}\n<\/style>\n\t<\/div>\n\t\n<h3>U\u017e\u00edvejte si sprchov\u00e1n\u00ed jako ve venkovn\u00edm prost\u0159ed\u00ed<\/h3>\n<p>Pro\u017e\u00edv\u00e1n\u00ed sprchy jako by bylo... <strong>sly\u0161iteln\u00e1 de\u0161\u0165ov\u00e1 sprcha<\/strong> je v\u00edc ne\u017e jen oby\u010dejn\u00e1 sprcha. Je to zp\u016fsob, jak za\u010dlenit p\u0159\u00edrodu do na\u0161eho ka\u017edodenn\u00edho \u017eivota, sn\u00ed\u017eit stres a relaxovat.<\/p>\n<p>S de\u0161\u0165ovou p\u0159eh\u00e1\u0148kou a <strong>vhodn\u00e9 atmosf\u00e9rick\u00e9 prvky v <a href=\"https:\/\/ecoturbino.world\/cs\/adresar-svet\/kategorie\/hotel\/\">hotel<\/a> nebo dom\u00e1c\u00ed koupelny<\/strong>, m\u016f\u017ee tuto v\u00fdjime\u010dnou chv\u00edli relaxace za\u017e\u00edt ka\u017ed\u00fd.<\/p>\n<p>Dop\u0159ejte si proto \u010das od \u010dasu p\u0159est\u00e1vku pod vlastn\u00edm de\u0161\u0165ov\u00fdm mrakem a vychutnejte si pocit, jako byste st\u00e1li pod teplou venkovn\u00ed de\u0161\u0165ovou sprchou. Va\u0161e t\u011blo i mysl v\u00e1m pod\u011bkuj\u00ed.<\/p>\n\t\t<\/div>\n\t\t\t\t\n<style>\n#col-812383435 > .col-inner {\n  padding: 10px 20px 1px 25px;\n  border-radius: 10px;\n}\n<\/style>\n\t<\/div>\n\n\t\n<\/div>\n<div class=\"video video-fit mb\" style=\"padding-top:56.25%;\"><p><iframe title=\"Vodop\u00e1d tekouc\u00ed p\u0159es sk\u00e1ly v lese 4k. Relaxa\u010dn\u00ed tekouc\u00ed voda, b\u00edl\u00fd \u0161um pro sp\u00e1nek, meditace\" width=\"1020\" height=\"574\" src=\"https:\/\/www.youtube.com\/embed\/sa2JCQ1Dils?feature=oembed\" frameborder=\"0\" allow=\"accelerometer; autoplay; clipboard-write; encrypted-media; gyroscope; picture-in-picture; web-share\" referrerpolicy=\"strict-origin-when-cross-origin\" allowfullscreen><\/iframe><\/p>\n<\/div>\n\t\t<\/div>\n\t\t\t\t\t<\/div>\n\n\t\n<\/div>\n\t\t<\/div>\n\n\t\t\n<style>\n#section_900861871 {\n  padding-top: 30px;\n  padding-bottom: 30px;\n}\n<\/style>\n\t<\/section>","protected":false},"excerpt":{"rendered":"","protected":false},"author":2,"featured_media":1494,"parent":0,"menu_order":0,"comment_status":"closed","ping_status":"closed","template":"page-blank.php","meta":{"inline_featured_image":false,"footnotes":""},"class_list":["post-1195","page","type-page","status-publish","has-post-thumbnail","hentry"],"_links":{"self":[{"href":"https:\/\/ecoturbino.world\/cs\/wp-json\/wp\/v2\/pages\/1195","targetHints":{"allow":["GET"]}}],"collection":[{"href":"https:\/\/ecoturbino.world\/cs\/wp-json\/wp\/v2\/pages"}],"about":[{"href":"https:\/\/ecoturbino.world\/cs\/wp-json\/wp\/v2\/types\/page"}],"author":[{"embeddable":true,"href":"https:\/\/ecoturbino.world\/cs\/wp-json\/wp\/v2\/users\/2"}],"replies":[{"embeddable":true,"href":"https:\/\/ecoturbino.world\/cs\/wp-json\/wp\/v2\/comments?post=1195"}],"version-history":[{"count":0,"href":"https:\/\/ecoturbino.world\/cs\/wp-json\/wp\/v2\/pages\/1195\/revisions"}],"wp:featuredmedia":[{"embeddable":true,"href":"https:\/\/ecoturbino.world\/cs\/wp-json\/wp\/v2\/media\/1494"}],"wp:attachment":[{"href":"https:\/\/ecoturbino.world\/cs\/wp-json\/wp\/v2\/media?parent=1195"}],"curies":[{"name":"wp","href":"https:\/\/api.w.org\/{rel}","templated":true}]}}